{"id":29906,"date":"2024-11-17T22:52:02","date_gmt":"2024-11-17T21:52:02","guid":{"rendered":"https:\/\/cryptsec.se\/product\/mission-darkness-dry-shield-eclipse-faraday-bag-for-solpaneler\/"},"modified":"2024-11-17T22:52:02","modified_gmt":"2024-11-17T21:52:02","slug":"mission-darkness-dry-shield-eclipse-faraday-bag-for-solpaneler","status":"publish","type":"product","link":"https:\/\/cryptsec.se\/sv\/product\/mission-darkness-dry-shield-eclipse-faraday-bag-for-solpaneler\/","title":{"rendered":"Mission Darkness\u2122 Dry Shield Eclipse Faraday Bag f\u00f6r solpaneler"},"content":{"rendered":"<p><img fetchpriority=\"high\" decoding=\"async\" class=\"aligncenter wp-image-28707 size-full\" src=\"https:\/\/cryptsec.se\/wp-content\/uploads\/2024\/11\/Skarmavbild-2024-11-17-kl.-22.52.43.png\" alt=\"\" width=\"2646\" height=\"1046\" srcset=\"https:\/\/cryptsec.se\/wp-content\/uploads\/2024\/11\/Skarmavbild-2024-11-17-kl.-22.52.43.png 2560w, https:\/\/cryptsec.se\/wp-content\/uploads\/2024\/11\/Skarmavbild-2024-11-17-kl.-22.52.43-300x119.png 300w, https:\/\/cryptsec.se\/wp-content\/uploads\/2024\/11\/Skarmavbild-2024-11-17-kl.-22.52.43-1024x405.png 1024w, https:\/\/cryptsec.se\/wp-content\/uploads\/2024\/11\/Skarmavbild-2024-11-17-kl.-22.52.43-768x304.png 768w, https:\/\/cryptsec.se\/wp-content\/uploads\/2024\/11\/Skarmavbild-2024-11-17-kl.-22.52.43-1536x607.png 1536w, https:\/\/cryptsec.se\/wp-content\/uploads\/2024\/11\/Skarmavbild-2024-11-17-kl.-22.52.43-2048x810.png 2048w, https:\/\/cryptsec.se\/wp-content\/uploads\/2024\/11\/Skarmavbild-2024-11-17-kl.-22.52.43-680x269.png 680w\" sizes=\"(max-width: 2646px) 100vw, 2646px\" \/><\/p>\n<div id=\"s-cc8c4867-f5a6-4444-8d48-a83e74ad49f1\" class=\"shg-c \">\n<div class=\"shg-rich-text shg-theme-text-content\">\n<h2><span data-fontfamily=\"Coda\"><strong>Robust, vattent\u00e4t EMP- och RF-sk\u00e4rm f\u00f6r solpaneler och \u00f6verdimensionerade enheter<\/strong><\/span><\/h2>\n<\/div>\n<\/div>\n<div id=\"s-cb79aaf0-c0b0-4da9-a4fe-e834ee0bde34\" class=\"shg-c \">\n<div class=\"shg-rich-text shg-theme-text-content\">\n<p>Mission Darkness\u2122 Dry Shield Eclipse Faraday Bag f\u00f6r solpaneler skyddar b\u00e4rbara solpaneler fr\u00e5n de skadliga effekterna av en elektromagnetisk puls (EMP) eller koronal massutkastning (CME). V\u00e4skan \u00e4r tillverkad av slitstark och vattent\u00e4t 500D PVC med svetsade s\u00f6mmar f\u00f6r att s\u00e4kerst\u00e4lla att enheter och faradayfodral f\u00f6rblir skyddade. Inv\u00e4ndigt finns tre lager av h\u00f6gavsk\u00e4rmande <a href=\"https:\/\/mosequipment.com\/collections\/faraday-supplies\/products\/titanrf-faraday-fabric\" target=\"_blank\" rel=\"noopener\">TitanRF\u2122 Faraday Fabric<\/a> p\u00e5 alla sidor med dubbla parade s\u00f6mmar. Detta material har laboratorietestats och certifierats som &#8220;kompatibelt&#8221; f\u00f6r <a href=\"https:\/\/mosequipment.com\/pages\/compliance-testing\" target=\"_blank\" rel=\"noopener\">MIL-STD-188-125<\/a>, elektromagnetiskt skydd p\u00e5 h\u00f6g h\u00f6jd f\u00f6r markbaserade C4I-anl\u00e4ggningar. Resultaten s\u00e4kerst\u00e4ller att materialet \u00f6vertr\u00e4ffar milit\u00e4ra sk\u00e4rmningskrav f\u00f6r att hantera naturliga eller konstgjorda EMP. I h\u00e4ndelse av en EMP eller CME kan allt fr\u00e5n elektrisk infrastruktur p\u00e5 nationell niv\u00e5 till personlig elektronik f\u00f6rst\u00f6ras, vilket \u00e4r anledningen till att det \u00e4r absolut n\u00f6dv\u00e4ndigt att skydda \u00f6verlevnadselektronik. V\u00e4skans h\u00f6ga avsk\u00e4rmningsegenskaper leder bort skadliga elektromagnetiska f\u00e4lt fr\u00e5n mycket k\u00e4nsliga elektriska komponenter och skyddar d\u00e4rmed deras fungerande struktur. V\u00e4skans stora och unika storlek g\u00f6r att den rymmer de flesta b\u00e4rbara solpaneler, inklusive Goal Zeros b\u00e4rbara solpaneler (Boulder- och Nomad-serien), Renogy (monokristallina solpaneler\/v\u00e4skor), HQST (monokristallina solv\u00e4skor), plus medf\u00f6ljande tillbeh\u00f6r som laddningsregulatorer och kablar. V\u00e4skan \u00e4r byggd med en avtagbar bottenplatta av polypropylenplast som \u00e4r f\u00e4st i ett blixtl\u00e5sfack i botten f\u00f6r att ge gott om st\u00f6d f\u00f6r stora f\u00f6rem\u00e5l. Gummerade handtag med lastb\u00e4rande band st\u00f6der vikten av tunga f\u00f6rem\u00e5l under transport. P\u00e5 v\u00e4skans framsida finns ett djupt oskyddat blixtl\u00e5sfack och en stor genomskinlig ficka f\u00f6r att h\u00e5lla tillbeh\u00f6ren \u00e5tkomliga utan att \u00e4ventyra skyddet av de elektroniska f\u00f6rem\u00e5len i huvudfacket. MOLLE-band p\u00e5 fram- och baksidan g\u00f6r det m\u00f6jligt att f\u00e4sta kompatibel utrustning och tillbeh\u00f6r p\u00e5 ett s\u00e4kert s\u00e4tt. N\u00e4r solpanelerna eller elektroniken \u00e4r ordentligt inneslutna i v\u00e4skan blir de isolerade fr\u00e5n tr\u00e5dl\u00f6sa signaler utifr\u00e5n. Skadeverkningar fr\u00e5n en EMP eller liknande h\u00e4ndelser kan inte tr\u00e4nga igenom v\u00e4skan och f\u00f6rst\u00f6ra de elektriska komponenterna inuti. V\u00e4skan blockerar WiFi (2,4 &amp; 5 GHz), Bluetooth, mobilsignaler inklusive 5G-n\u00e4tverk, GPS, RFID, NFC och radiosignaler fr\u00e5n l\u00e5ga MHz till 40 GHz. V\u00e4skans enorma storlek kan ocks\u00e5 anv\u00e4ndas f\u00f6r att skydda stor elektronik och \u00f6verlevnadsutrustning. Den fullst\u00e4ndiga signalavst\u00e4ngningen g\u00f6r att du kan g\u00e5 off-grid och h\u00e5lla elektroniska enheter osp\u00e5rbara. Detta \u00e4r den ultimata s\u00e4kerhetsv\u00e4skan f\u00f6r att skydda solpaneler och \u00f6verlevnadselektronik fr\u00e5n en naturlig eller konstgjord katastroff\u00f6reteelse som en EMP eller CME. * F\u00f6r att skydda medf\u00f6ljande elektronik, s\u00e5som generatorer eller kraftverk, inkluderar alternativen <a href=\"https:\/\/mosequipment.com\/products\/mission-darkness-dry-shield-rapture-faraday-bag\" target=\"_blank\" rel=\"noopener\">Dry Shield Rapture Faraday Bag<\/a>, <a href=\"https:\/\/mosequipment.com\/products\/mission-darkness-revelation-emp-shield-for-generators\" target=\"_blank\" rel=\"noopener\">Revelation EMP Shield<\/a> och <a href=\"https:\/\/mosequipment.com\/products\/mission-darkness-t10-faraday-bag-for-towers\" target=\"_blank\" rel=\"noopener\">T10 Faraday Bag<\/a>.      <\/p>\n<\/div>\n<\/div>\n","protected":false},"excerpt":{"rendered":"<p>Mission Darkness\u2122 Dry Shield Eclipse Faraday Bag f\u00f6r solpaneler skyddar b\u00e4rbara solpaneler fr\u00e5n de skadliga effekterna av en elektromagnetisk puls (EMP) eller koronal massutkastning (CME). V\u00e4skan \u00e4r tillverkad av slitstark och vattent\u00e4t 500D PVC med svetsade s\u00f6mmar f\u00f6r att s\u00e4kerst\u00e4lla att enheter och faradayfodral f\u00f6rblir skyddade. Inv\u00e4ndigt finns tre lager av h\u00f6gavsk\u00e4rmande <a href=\"https:\/\/mosequipment.com\/collections\/faraday-supplies\/products\/titanrf-faraday-fabric\">TitanRF\u2122 Faraday Fabric<\/a> p\u00e5 alla sidor med dubbla parade s\u00f6mmar. Detta material har laboratorietestats och certifierats som &#8220;kompatibelt&#8221; f\u00f6r <a href=\"https:\/\/mosequipment.com\/pages\/compliance-testing\" target=\"_blank\" rel=\"noopener\">MIL-STD-188-125<\/a>, elektromagnetiskt skydd p\u00e5 h\u00f6g h\u00f6jd f\u00f6r markbaserade C4I-anl\u00e4ggningar. Resultaten s\u00e4kerst\u00e4ller att materialet \u00f6vertr\u00e4ffar milit\u00e4ra sk\u00e4rmningskrav f\u00f6r att hantera naturliga eller konstgjorda EMP. I h\u00e4ndelse av en EMP eller CME kan allt fr\u00e5n elektrisk infrastruktur p\u00e5 nationell niv\u00e5 till personlig elektronik f\u00f6rst\u00f6ras, vilket \u00e4r anledningen till att det \u00e4r absolut n\u00f6dv\u00e4ndigt att skydda \u00f6verlevnadselektronik. V\u00e4skans h\u00f6ga avsk\u00e4rmningsegenskaper leder bort skadliga elektromagnetiska f\u00e4lt fr\u00e5n mycket k\u00e4nsliga elektriska komponenter och skyddar p\u00e5 s\u00e5 s\u00e4tt deras fungerande struktur.      <\/p>\n","protected":false},"featured_media":28710,"template":"","meta":[],"product_brand":[],"product_cat":[830,1077],"product_tag":[1117,998,831,833,884,885],"berocket_brand":[],"class_list":{"0":"post-29906","1":"product","2":"type-product","3":"status-publish","4":"has-post-thumbnail","6":"product_cat-faraday-mission-darkness","7":"product_cat-storre-faraday-vaskor","8":"product_tag-faraday-sv","9":"product_tag-faraday-bag-sv","10":"product_tag-faraday-skold","11":"product_tag-faraday-skydd","12":"product_tag-faraday-vaska-sv","13":"product_tag-sakerhetsfodral-sv","15":"first","16":"instock","17":"taxable","18":"shipping-taxable","19":"purchasable","20":"product-type-simple"},"_links":{"self":[{"href":"https:\/\/cryptsec.se\/sv\/wp-json\/wp\/v2\/product\/29906","targetHints":{"allow":["GET"]}}],"collection":[{"href":"https:\/\/cryptsec.se\/sv\/wp-json\/wp\/v2\/product"}],"about":[{"href":"https:\/\/cryptsec.se\/sv\/wp-json\/wp\/v2\/types\/product"}],"wp:featuredmedia":[{"embeddable":true,"href":"https:\/\/cryptsec.se\/sv\/wp-json\/wp\/v2\/media\/28710"}],"wp:attachment":[{"href":"https:\/\/cryptsec.se\/sv\/wp-json\/wp\/v2\/media?parent=29906"}],"wp:term":[{"taxonomy":"product_brand","embeddable":true,"href":"https:\/\/cryptsec.se\/sv\/wp-json\/wp\/v2\/product_brand?post=29906"},{"taxonomy":"product_cat","embeddable":true,"href":"https:\/\/cryptsec.se\/sv\/wp-json\/wp\/v2\/product_cat?post=29906"},{"taxonomy":"product_tag","embeddable":true,"href":"https:\/\/cryptsec.se\/sv\/wp-json\/wp\/v2\/product_tag?post=29906"},{"taxonomy":"berocket_brand","embeddable":true,"href":"https:\/\/cryptsec.se\/sv\/wp-json\/wp\/v2\/berocket_brand?post=29906"}],"curies":[{"name":"wp","href":"https:\/\/api.w.org\/{rel}","templated":true}]}}