{"id":29907,"date":"2024-11-17T22:55:31","date_gmt":"2024-11-17T21:55:31","guid":{"rendered":"https:\/\/cryptsec.se\/product\/mission-darkness-dry-shield-revelation-emp-pansar-for-generatorer\/"},"modified":"2024-11-17T22:55:31","modified_gmt":"2024-11-17T21:55:31","slug":"mission-darkness-dry-shield-revelation-emp-pansar-for-generatorer","status":"publish","type":"product","link":"https:\/\/cryptsec.se\/sv\/product\/mission-darkness-dry-shield-revelation-emp-pansar-for-generatorer\/","title":{"rendered":"Mission Darkness\u2122 Dry Shield Revelation EMP-pansar f\u00f6r generatorer"},"content":{"rendered":"<p><img fetchpriority=\"high\" decoding=\"async\" class=\"aligncenter wp-image-28726 size-full\" src=\"https:\/\/cryptsec.se\/wp-content\/uploads\/2024\/11\/nedladdning-18.jpeg\" alt=\"\" width=\"1500\" height=\"928\" srcset=\"https:\/\/cryptsec.se\/wp-content\/uploads\/2024\/11\/nedladdning-18.jpeg 1500w, https:\/\/cryptsec.se\/wp-content\/uploads\/2024\/11\/nedladdning-18-300x186.jpeg 300w, https:\/\/cryptsec.se\/wp-content\/uploads\/2024\/11\/nedladdning-18-1024x634.jpeg 1024w, https:\/\/cryptsec.se\/wp-content\/uploads\/2024\/11\/nedladdning-18-768x475.jpeg 768w, https:\/\/cryptsec.se\/wp-content\/uploads\/2024\/11\/nedladdning-18-680x421.jpeg 680w\" sizes=\"(max-width: 1500px) 100vw, 1500px\" \/><\/p>\n<div id=\"s-3d176b86-b38f-4873-b8e0-8d22c6d4f921\" class=\"shg-c shg-align-left\">\n<div class=\"shogun-heading-component\">\n<h1><b>H\u00e5ll generatorer och extra stor elektronik avsk\u00e4rmad<\/b><\/h1>\n<\/div>\n<\/div>\n<div id=\"s-c29babb8-e2e4-49b4-9f13-c93af5cd2470\" class=\"shg-c shg-align-left\">\n<div class=\"shogun-heading-component\">\n<p>Mission Darkness\u2122 Dry Shield Revelation EMP Armor \u00e4r en extremt stor vattent\u00e4t faradayp\u00e5se som \u00e4r utformad f\u00f6r att skydda generatorer, stor elektronik och \u00f6verlevnadsutrustning fr\u00e5n de skadliga effekterna av en elektromagnetisk puls (EMP) eller koronal massutkastning (CME). V\u00e4skan har laboratorietestats och certifierats som &#8220;kompatibel&#8221; f\u00f6r <a href=\"https:\/\/mosequipment.com\/pages\/compliance-testing\" target=\"_blank\" rel=\"noopener\">MIL-STD-188-125<\/a>, High-Altitude Electromagnetic Protection for Ground Based C4I Facilities. Resultaten s\u00e4kerst\u00e4ller att produkten \u00f6vertr\u00e4ffar milit\u00e4ra sk\u00e4rmningskrav f\u00f6r att hantera naturliga eller konstgjorda EMP. I h\u00e4ndelse av en EMP eller CME kan allt fr\u00e5n elektrisk infrastruktur p\u00e5 nationell niv\u00e5 till personlig elektronik f\u00f6rst\u00f6ras, vilket \u00e4r anledningen till att det \u00e4r absolut n\u00f6dv\u00e4ndigt att skydda \u00f6verlevnadselektronik. Faradaylinerns h\u00f6ga avsk\u00e4rmningsegenskaper leder bort skadliga elektromagnetiska f\u00e4lt fr\u00e5n mycket k\u00e4nsliga elektriska komponenter och skyddar p\u00e5 s\u00e5 s\u00e4tt deras arbetsstruktur. Den extremt stora storleken och volymen g\u00f6r att den rymmer de flesta kompakta b\u00e4rbara elektriska (sol-) eller gasdrivna generatorer, inklusive Goal Zero Yeti-serien, Patriot Power 1500 och Honda EU2000, plus tillh\u00f6rande tillbeh\u00f6r som n\u00e4tsladdar och solpaneler. V\u00e4skan \u00e4r byggd med en avtagbar bottenplatta i polypropylenplast som \u00e4r f\u00e4st i ett blixtl\u00e5sfack i botten f\u00f6r att ge gott om st\u00f6d f\u00f6r \u00f6verdimensionerade f\u00f6rem\u00e5l. Vadderade handtag med lastb\u00e4rande v\u00e4vband l\u00f6per runt sidorna och botten f\u00f6r att st\u00f6dja vikten av tunga f\u00f6rem\u00e5l under transport. P\u00e5 v\u00e4skans framsida finns ett djupt oskyddat blixtl\u00e5sfack och en stor genomskinlig ficka f\u00f6r att h\u00e5lla tillbeh\u00f6ren \u00e5tkomliga utan att \u00e4ventyra avsk\u00e4rmningen av de elektroniska f\u00f6rem\u00e5len i huvudfacket. V\u00e4skan \u00e4r konstruerad med ett slitstarkt 500D TPU-material som \u00e4r r    <\/p>\n<p><span class=\"a-list-item\">Skyddar mot vind, sn\u00f6, sand, smuts och f\u00f6roreningar. Den \u00e4r tillverkad f\u00f6r att klara tuff terr\u00e4ng och hindra fukt fr\u00e5n att n\u00e5 f\u00f6rem\u00e5l som \u00e4r inneslutna i den. Det finns  <\/span>  MOLLE-band l\u00e4ngs hela fram- och baksidan f\u00f6r att enkelt f\u00e4sta MOLLE-kompatibla tillbeh\u00f6r och ryggs\u00e4ckar, som <a href=\"https:\/\/mosequipment.com\/products\/mission-darkness-dry-shield-molle-faraday-pouch\" target=\"_blank\" rel=\"noopener\">Mission Darkness Dry Shield MOLLE Faraday Pouch<\/a>. Inv\u00e4ndigt finns tre lager av h\u00f6gavsk\u00e4rmande <a href=\"https:\/\/mosequipment.com\/collections\/faraday-supplies\/products\/titanrf-faraday-fabric\" target=\"_blank\" rel=\"noopener\">TitanRF\u2122 Faraday Fabric<\/a> p\u00e5 alla sidor med dubbla s\u00f6mmar. N\u00e4r generatorer och elektronik \u00e4r inneslutna i v\u00e4skan blir de isolerade fr\u00e5n tr\u00e5dl\u00f6sa signaler utifr\u00e5n. Skadeverkningar fr\u00e5n en EMP eller liknande h\u00e4ndelser kan inte tr\u00e4nga igenom v\u00e4skan och f\u00f6rst\u00f6ra de elektriska komponenterna inuti. V\u00e4skan blockerar WiFi (2,4 &amp; 5 GHz), Bluetooth, mobilsignaler inklusive 5G-n\u00e4tverk, GPS, RFID, NFC och radiosignaler fr\u00e5n l\u00e5ga MHz till 40 GHz. Den fullst\u00e4ndiga signalavst\u00e4ngningen g\u00f6r det ocks\u00e5 m\u00f6jligt f\u00f6r dig att g\u00e5 off-grid och h\u00e5lla elektroniska enheter osp\u00e5rbara. Detta \u00e4r den ultimata s\u00e4kerhetsv\u00e4skan f\u00f6r att skydda stor \u00f6verlevnadselektronik fr\u00e5n en naturlig eller konstgjord katastroff\u00f6reteelse som en EMP eller CME.      <\/p>\n<\/div>\n<\/div>\n","protected":false},"excerpt":{"rendered":"<p>Mission Darkness\u2122 Dry Shield Revelation EMP Armor \u00e4r en extremt stor vattent\u00e4t faradayp\u00e5se som \u00e4r utformad f\u00f6r att skydda generatorer, stor elektronik och \u00f6verlevnadsutrustning fr\u00e5n de skadliga effekterna av en elektromagnetisk puls (EMP) eller koronal massutkastning (CME). V\u00e4skan har laboratorietestats och certifierats som &#8220;kompatibel&#8221; f\u00f6r <a href=\"https:\/\/mosequipment.com\/pages\/compliance-testing\" target=\"_blank\" rel=\"noopener\">MIL-STD-188-125<\/a>, High-Altitude Electromagnetic Protection for Ground Based C4I Facilities. Resultaten s\u00e4kerst\u00e4ller att produkten \u00f6vertr\u00e4ffar milit\u00e4ra sk\u00e4rmningskrav f\u00f6r att hantera naturliga eller konstgjorda EMP. I h\u00e4ndelse av en EMP eller CME kan allt fr\u00e5n elektrisk infrastruktur p\u00e5 nationell niv\u00e5 till personlig elektronik f\u00f6rst\u00f6ras, vilket \u00e4r anledningen till att det \u00e4r absolut n\u00f6dv\u00e4ndigt att skydda \u00f6verlevnadselektronik. Faradaylinerns h\u00f6ga avsk\u00e4rmningsegenskaper leder bort skadliga elektromagnetiska f\u00e4lt fr\u00e5n mycket k\u00e4nsliga elektriska komponenter och skyddar d\u00e4rmed deras fungerande struktur.    <\/p>\n","protected":false},"featured_media":28719,"template":"","meta":[],"product_brand":[],"product_cat":[830,1077],"product_tag":[1117,998,831,833,884,885],"berocket_brand":[],"class_list":{"0":"post-29907","1":"product","2":"type-product","3":"status-publish","4":"has-post-thumbnail","6":"product_cat-faraday-mission-darkness","7":"product_cat-storre-faraday-vaskor","8":"product_tag-faraday-sv","9":"product_tag-faraday-bag-sv","10":"product_tag-faraday-skold","11":"product_tag-faraday-skydd","12":"product_tag-faraday-vaska-sv","13":"product_tag-sakerhetsfodral-sv","15":"first","16":"instock","17":"taxable","18":"shipping-taxable","19":"purchasable","20":"product-type-simple"},"_links":{"self":[{"href":"https:\/\/cryptsec.se\/sv\/wp-json\/wp\/v2\/product\/29907","targetHints":{"allow":["GET"]}}],"collection":[{"href":"https:\/\/cryptsec.se\/sv\/wp-json\/wp\/v2\/product"}],"about":[{"href":"https:\/\/cryptsec.se\/sv\/wp-json\/wp\/v2\/types\/product"}],"wp:featuredmedia":[{"embeddable":true,"href":"https:\/\/cryptsec.se\/sv\/wp-json\/wp\/v2\/media\/28719"}],"wp:attachment":[{"href":"https:\/\/cryptsec.se\/sv\/wp-json\/wp\/v2\/media?parent=29907"}],"wp:term":[{"taxonomy":"product_brand","embeddable":true,"href":"https:\/\/cryptsec.se\/sv\/wp-json\/wp\/v2\/product_brand?post=29907"},{"taxonomy":"product_cat","embeddable":true,"href":"https:\/\/cryptsec.se\/sv\/wp-json\/wp\/v2\/product_cat?post=29907"},{"taxonomy":"product_tag","embeddable":true,"href":"https:\/\/cryptsec.se\/sv\/wp-json\/wp\/v2\/product_tag?post=29907"},{"taxonomy":"berocket_brand","embeddable":true,"href":"https:\/\/cryptsec.se\/sv\/wp-json\/wp\/v2\/berocket_brand?post=29907"}],"curies":[{"name":"wp","href":"https:\/\/api.w.org\/{rel}","templated":true}]}}