{"id":29908,"date":"2024-11-18T10:38:13","date_gmt":"2024-11-18T09:38:13","guid":{"rendered":"https:\/\/cryptsec.se\/product\/mission-darkness-dry-shield-faraday-fodral-for-surfplatta\/"},"modified":"2024-11-18T10:38:13","modified_gmt":"2024-11-18T09:38:13","slug":"mission-darkness-dry-shield-faraday-fodral-for-surfplatta","status":"publish","type":"product","link":"https:\/\/cryptsec.se\/sv\/product\/mission-darkness-dry-shield-faraday-fodral-for-surfplatta\/","title":{"rendered":"Mission Darkness\u2122 Dry Shield Faraday fodral f\u00f6r surfplatta"},"content":{"rendered":"<h1><b>DRY SHIELD FARADAY TABLET <i>SLEEVEVE &#8211; V\u00e4derbest\u00e4ndig, vattent\u00e4t, signals\u00e4ker<\/i><\/b><\/h1>\n<p><img fetchpriority=\"high\" decoding=\"async\" class=\"aligncenter wp-image-28745 size-full\" src=\"https:\/\/cryptsec.se\/wp-content\/uploads\/2024\/11\/nedladdning-3.avif\" alt=\"\" width=\"1000\" height=\"306\" srcset=\"https:\/\/cryptsec.se\/wp-content\/uploads\/2024\/11\/nedladdning-3.avif 1000w, https:\/\/cryptsec.se\/wp-content\/uploads\/2024\/11\/nedladdning-3-300x92.jpg 300w, https:\/\/cryptsec.se\/wp-content\/uploads\/2024\/11\/nedladdning-3-768x235.jpg 768w, https:\/\/cryptsec.se\/wp-content\/uploads\/2024\/11\/nedladdning-3-680x208.jpg 680w\" sizes=\"(max-width: 1000px) 100vw, 1000px\" \/><\/p>\n<div id=\"s-93a28ca5-c3d8-4f1d-af05-3bd24e14b849\" class=\"shg-c \">\n<div class=\"shg-rich-text shg-theme-text-content\">\n<p>Mission Darkness\u2122 Dry Shield Faraday Tablet Sleeve blockerar helt alla tr\u00e5dl\u00f6sa signaler och h\u00e5ller medelstora elektroniska enheter skyddade f\u00f6r att f\u00f6rhindra hackning, sp\u00e5rning, spionage och korruption i v\u00e5rdkedjan. N\u00e4r en surfplatta eller mobil enhet \u00e4r ordentligt innesluten i v\u00e4skan kan inga appar eller skadlig kod fj\u00e4rrutl\u00f6sas eller raderas, ingen kommunikation kan tr\u00e4nga igenom och ingen kan komma \u00e5t mikrofonen, kameran, GPS-positionen eller data.  De prim\u00e4ra anv\u00e4ndningsomr\u00e5dena \u00e4r polis och milit\u00e4r f\u00f6r insamling av kriminaltekniska bevis, f\u00f6rsvar mot datast\u00f6ld, personlig s\u00e4kerhet, EMP-skydd, minskning av EMF-str\u00e5lning och f\u00f6r att f\u00f6rb\u00e4ttra den digitala integriteten.<\/p>\n<p class=\"a-spacing-base\">V\u00e4skan \u00e4r byggd med extremt slitstarka och vattent\u00e4ta 600D TPU och 420D TPU yttermaterial f\u00f6r att s\u00e4kerst\u00e4lla att enheten\/erna och faradayfodret h\u00e5lls torra och skyddade. Inredningen best\u00e5r av tv\u00e5 lager h\u00f6gsk\u00e4rmande <a href=\"https:\/\/mosequipment.com\/collections\/faraday-supplies\/products\/titanrf-faraday-fabric\" target=\"_blank\" rel=\"noopener\">TitanRF\u2122 Faraday Fabric<\/a> p\u00e5 alla sidor med dubbla parade s\u00f6mmar. V\u00e4skan blockerar alla tr\u00e5dl\u00f6sa signaler, inklusive WiFi (2,4 och 5 GHz), Bluetooth, mobilsignaler inklusive 5G-n\u00e4tverk, GPS, RFID, NFC och radiosignaler fr\u00e5n l\u00e5ga MHz till 40 GHz. V\u00e4skan \u00f6ppnas och st\u00e4ngs enkelt med hj\u00e4lp av NeoLok\u2122-st\u00e4ngningen, som best\u00e5r av en dubbel rulle och en magnetisk t\u00e4tning av neodymium. Enheter som \u00e4r inneslutna i v\u00e4skan f\u00f6rblir garanterat torra och offline p\u00e5 alla vattenomgivna platser. <\/p>\n<\/div>\n<\/div>\n<div id=\"s-75729686-b95d-4461-a1f4-9340d7484085\" class=\"shg-c \">\n<div class=\"shg-hr-wrapper\"><\/div>\n<\/div>\n","protected":false},"excerpt":{"rendered":"<p>Mission Darkness\u2122 Dry Shield Faraday Tablet Sleeve blockerar helt alla tr\u00e5dl\u00f6sa signaler och h\u00e5ller medelstora elektroniska enheter skyddade f\u00f6r att f\u00f6rhindra hackning, sp\u00e5rning, spionage och korruption i v\u00e5rdkedjan. N\u00e4r en surfplatta eller mobil enhet \u00e4r ordentligt innesluten i v\u00e4skan kan inga appar eller skadlig kod fj\u00e4rrutl\u00f6sas eller raderas, ingen kommunikation kan tr\u00e4nga igenom och ingen kan komma \u00e5t mikrofonen, kameran, GPS-positionen eller data.  De prim\u00e4ra anv\u00e4ndningsomr\u00e5dena \u00e4r polis och milit\u00e4r f\u00f6r insamling av kriminaltekniska bevis, f\u00f6rsvar mot datast\u00f6ld, personlig s\u00e4kerhet, EMP-skydd, minskning av EMF-str\u00e5lning och f\u00f6r att f\u00f6rb\u00e4ttra den digitala integriteten.<\/p>\n","protected":false},"featured_media":29491,"template":"","meta":[],"product_brand":[],"product_cat":[830,1078],"product_tag":[1117,998,831,833,884,885],"berocket_brand":[],"class_list":{"0":"post-29908","1":"product","2":"type-product","3":"status-publish","4":"has-post-thumbnail","6":"product_cat-faraday-mission-darkness","7":"product_cat-faradayvaskor-ipad-datorer","8":"product_tag-faraday-sv","9":"product_tag-faraday-bag-sv","10":"product_tag-faraday-skold","11":"product_tag-faraday-skydd","12":"product_tag-faraday-vaska-sv","13":"product_tag-sakerhetsfodral-sv","15":"first","16":"instock","17":"taxable","18":"shipping-taxable","19":"purchasable","20":"product-type-simple"},"_links":{"self":[{"href":"https:\/\/cryptsec.se\/sv\/wp-json\/wp\/v2\/product\/29908","targetHints":{"allow":["GET"]}}],"collection":[{"href":"https:\/\/cryptsec.se\/sv\/wp-json\/wp\/v2\/product"}],"about":[{"href":"https:\/\/cryptsec.se\/sv\/wp-json\/wp\/v2\/types\/product"}],"wp:featuredmedia":[{"embeddable":true,"href":"https:\/\/cryptsec.se\/sv\/wp-json\/wp\/v2\/media\/29491"}],"wp:attachment":[{"href":"https:\/\/cryptsec.se\/sv\/wp-json\/wp\/v2\/media?parent=29908"}],"wp:term":[{"taxonomy":"product_brand","embeddable":true,"href":"https:\/\/cryptsec.se\/sv\/wp-json\/wp\/v2\/product_brand?post=29908"},{"taxonomy":"product_cat","embeddable":true,"href":"https:\/\/cryptsec.se\/sv\/wp-json\/wp\/v2\/product_cat?post=29908"},{"taxonomy":"product_tag","embeddable":true,"href":"https:\/\/cryptsec.se\/sv\/wp-json\/wp\/v2\/product_tag?post=29908"},{"taxonomy":"berocket_brand","embeddable":true,"href":"https:\/\/cryptsec.se\/sv\/wp-json\/wp\/v2\/berocket_brand?post=29908"}],"curies":[{"name":"wp","href":"https:\/\/api.w.org\/{rel}","templated":true}]}}