{"id":29909,"date":"2024-11-18T10:46:39","date_gmt":"2024-11-18T09:46:39","guid":{"rendered":"https:\/\/cryptsec.se\/product\/mission-darkness-generation-faraday-max-lock\/"},"modified":"2024-11-18T10:46:39","modified_gmt":"2024-11-18T09:46:39","slug":"mission-darkness-generation-faraday-max-lock","status":"publish","type":"product","link":"https:\/\/cryptsec.se\/sv\/product\/mission-darkness-generation-faraday-max-lock\/","title":{"rendered":"Mission Darkness\u2122 Generation Faraday Max-Lock"},"content":{"rendered":"<div id=\"s-bedd1a5d-b3c5-4004-9e58-0f2dbaa2c59d\" class=\"shg-c \">\n<div class=\"shg-rich-text shg-theme-text-content\">\n<p><span data-fontfamily=\"Montserrat\"><strong>\u00c5terta fokus med Mission Darkness\u2122 Generation Faraday-v\u00e4skor<\/strong><\/span><\/p>\n<\/div>\n<\/div>\n<div id=\"s-83c43a23-80ac-4d15-b41e-dde8e5fbf68a\" class=\"shg-c shg-align-center\">\n<div class=\"shogun-heading-component\">\n<h1>Den ultimata l\u00f6sningen f\u00f6r att bek\u00e4mpa distraktioner fr\u00e5n mobiltelefoner i skolor<\/h1>\n<\/div>\n<\/div>\n","protected":false},"excerpt":{"rendered":"<p>Mission Darkness Generation Faraday Max-Lock \u00e4r den ultimata l\u00f6sningen f\u00f6r skolor som vill s\u00e4kra sina smartphones och skapa distraktionsfria klassrum. Denna premiumv\u00e4ska kombinerar avancerad signalblockeringsteknik med den extra s\u00e4kerheten hos en l\u00e5smekanism, vilket f\u00f6rhindrar obeh\u00f6rig \u00e5tkomst till de inneslutna enheterna. V\u00e4skan \u00e4r tillverkad av slitstarka, vattent\u00e4ta material och har en magnetisk f\u00f6rslutning med dubbla rullar, vilket s\u00e4kerst\u00e4ller att elevernas smartphones f\u00f6rblir b\u00e5de offline och skyddade under hela skoldagen. V\u00e4skan \u00e4r utformad f\u00f6r att h\u00e5lla i 2-4 l\u00e4s\u00e5r och ger skolor en l\u00e5ngsiktig l\u00f6sning f\u00f6r att hantera smartphone-anv\u00e4ndning, samtidigt som den erbjuder \u00f6kad s\u00e4kerhet med sin integrerade l\u00e5sfunktion.   <\/p>\n","protected":false},"featured_media":28755,"template":"","meta":[],"product_brand":[],"product_cat":[1076],"product_tag":[1117,998,831,833,884,885],"berocket_brand":[],"class_list":{"0":"post-29909","1":"product","2":"type-product","3":"status-publish","4":"has-post-thumbnail","6":"product_cat-faraday-nyckelring-telefonvaskor","7":"product_tag-faraday-sv","8":"product_tag-faraday-bag-sv","9":"product_tag-faraday-skold","10":"product_tag-faraday-skydd","11":"product_tag-faraday-vaska-sv","12":"product_tag-sakerhetsfodral-sv","14":"first","15":"instock","16":"taxable","17":"shipping-taxable","18":"product-type-variable"},"_links":{"self":[{"href":"https:\/\/cryptsec.se\/sv\/wp-json\/wp\/v2\/product\/29909","targetHints":{"allow":["GET"]}}],"collection":[{"href":"https:\/\/cryptsec.se\/sv\/wp-json\/wp\/v2\/product"}],"about":[{"href":"https:\/\/cryptsec.se\/sv\/wp-json\/wp\/v2\/types\/product"}],"wp:featuredmedia":[{"embeddable":true,"href":"https:\/\/cryptsec.se\/sv\/wp-json\/wp\/v2\/media\/28755"}],"wp:attachment":[{"href":"https:\/\/cryptsec.se\/sv\/wp-json\/wp\/v2\/media?parent=29909"}],"wp:term":[{"taxonomy":"product_brand","embeddable":true,"href":"https:\/\/cryptsec.se\/sv\/wp-json\/wp\/v2\/product_brand?post=29909"},{"taxonomy":"product_cat","embeddable":true,"href":"https:\/\/cryptsec.se\/sv\/wp-json\/wp\/v2\/product_cat?post=29909"},{"taxonomy":"product_tag","embeddable":true,"href":"https:\/\/cryptsec.se\/sv\/wp-json\/wp\/v2\/product_tag?post=29909"},{"taxonomy":"berocket_brand","embeddable":true,"href":"https:\/\/cryptsec.se\/sv\/wp-json\/wp\/v2\/berocket_brand?post=29909"}],"curies":[{"name":"wp","href":"https:\/\/api.w.org\/{rel}","templated":true}]}}