{"id":29912,"date":"2024-11-18T11:35:38","date_gmt":"2024-11-18T10:35:38","guid":{"rendered":"https:\/\/cryptsec.se\/product\/mission-darkness-blocker-locker-7\/"},"modified":"2024-11-18T11:35:38","modified_gmt":"2024-11-18T10:35:38","slug":"mission-darkness-blocker-locker-7","status":"publish","type":"product","link":"https:\/\/cryptsec.se\/sv\/product\/mission-darkness-blocker-locker-7\/","title":{"rendered":"Mission Darkness\u2122 Blocker Locker 7"},"content":{"rendered":"<p><img fetchpriority=\"high\" decoding=\"async\" class=\"aligncenter wp-image-28765 size-full\" src=\"https:\/\/cryptsec.se\/wp-content\/uploads\/2024\/11\/nedladdning-21.jpeg\" alt=\"\" width=\"1500\" height=\"1419\" srcset=\"https:\/\/cryptsec.se\/wp-content\/uploads\/2024\/11\/nedladdning-21.jpeg 1500w, https:\/\/cryptsec.se\/wp-content\/uploads\/2024\/11\/nedladdning-21-300x284.jpeg 300w, https:\/\/cryptsec.se\/wp-content\/uploads\/2024\/11\/nedladdning-21-1024x969.jpeg 1024w, https:\/\/cryptsec.se\/wp-content\/uploads\/2024\/11\/nedladdning-21-768x727.jpeg 768w, https:\/\/cryptsec.se\/wp-content\/uploads\/2024\/11\/nedladdning-21-680x643.jpeg 680w\" sizes=\"(max-width: 1500px) 100vw, 1500px\" \/><\/p>\n<div id=\"s-642ac8eb-b4be-47fe-ab3a-245b34cb541a\" class=\"shg-c shg-align-center\">\n<div class=\"shogun-heading-component\">\n<h1><b>H\u00c5LL ENHETERNA STR\u00d6MF\u00d6RANDE OCH SKYDDADE<\/b><\/h1>\n<\/div>\n<\/div>\n<div id=\"s-40aee370-da98-48c9-99f8-19370ab9ae6a\" class=\"shg-c shg-align-center\">\n<div class=\"shogun-heading-component\">\n<h2><b>Fr\u00e5n beslag till lagring av bevismaterial till datautvinning<\/b><\/h2>\n<\/div>\n<\/div>\n<div id=\"s-95d8e798-c7d7-4f19-894f-e7bf352cf121\" class=\"shg-c \">\n<div class=\"shg-rich-text shg-theme-text-content\">\n<p>Systemet Mission Darkness\u2122 Blocker Locker 7\u2122 l\u00f6ser flera problem f\u00f6r kriminaltekniska utredare och laboratorier. F\u00f6r att effektivt komma \u00e5t och \u00e5terst\u00e4lla data fr\u00e5n mobiltelefoner och surfplattor kr\u00e4ver de senaste kriminaltekniska verktygen att enheterna \u00e4r str\u00f6mf\u00f6rande. Det kan vara sv\u00e5rt att h\u00e5lla enheterna skyddade fr\u00e5n RF-signaler, laddade hela tiden och s\u00e4kert l\u00e5sta. Blocker Locker 7 uppn\u00e5r alla dessa m\u00e5l i ett enda sk\u00e5p som \u00e4r utformat speciellt f\u00f6r avsk\u00e4rmning, laddning och l\u00e5sning. Enheten inneh\u00e5ller sju fulladdade fack utrustade med Window Charge &amp; Shield Faraday Bags f\u00f6r telefoner, medan ytterligare Charge &amp; Shield Faraday Bags kan k\u00f6pas efter behov eller f\u00f6r att \u00f6ka kapaciteten. Laddningsfunktionen \u00e4r utformad f\u00f6r att f\u00f6rhindra lockout-l\u00e4ge och minska den tid som beh\u00f6vs f\u00f6r att kn\u00e4cka en l\u00f6senkod, vilket m\u00f6jligg\u00f6r maximal m\u00e4ngd datautvinning och uppl\u00e5sning med verktyg som GrayKey, Cellebrite, Magnet, XRY, BlackBag, Oxygen etc. F\u00f6r att extrahera data fr\u00e5n en enhet i Blocker Locker 7 l\u00e5ser du helt enkelt upp det enskilda facket, kopplar bort str\u00f6mkabeln, tar bort Charge &amp; Shield Faraday Bag och \u00f6verf\u00f6r den till en kriminalteknisk faradaybox eller ett RF-skyddat rum. V\u00e4skan kan enkelt \u00f6ppnas inuti en faradayl\u00e5da (den patenterade magnetiska NeoLok\u2122-st\u00e4ngningen minskar n\u00f6tningen av faradayhandsken) medan enheten f\u00f6rs in i det sk\u00e4rmade h\u00f6ljet. Sk\u00e4rmning och str\u00f6mf\u00f6rs\u00f6rjning \u00e4ventyras aldrig, vilket ger en s\u00f6ml\u00f6s process f\u00f6r utredarna.    <\/p>\n<\/div>\n<\/div>\n<div class=\"shg-rich-text shg-theme-text-content\">\n<p><strong><em>NY SK\u00c5PDESIGN OCH MATCHANDE SK\u00c5PST\u00c4LL!<\/em><\/strong><\/p>\n<p>Blocker Lockers exteri\u00f6r uppdaterades till en svart yta med en randig design i oktober 2022, som visas p\u00e5 bilden ovan. Anv\u00e4ndningsstegen och de inv\u00e4ndiga facken \u00e4r desamma som i den tidigare modellen med gr\u00e5 finish. Ett matchande <a href=\"https:\/\/mosequipment.com\/products\/mission-darkness-blocker-locker-7-stand\" target=\"_blank\" rel=\"noopener\">sk\u00e5pst\u00e4ll <\/a>i aluminium av industriell kvalitet introducerades i januari 2024. Det extra tillbeh\u00f6rsstativet h\u00f6jer sk\u00e5pet till en mer anv\u00e4ndarv\u00e4nlig h\u00f6jd, optimerar arbetsytan genom att frig\u00f6ra skrivbords- eller b\u00e4nkytor och st\u00f6der sk\u00e5pets vikt. Detta eliminerar behovet av omfattande installation, eftersom det r\u00e4cker med att f\u00f6rankra enheten i en v\u00e4gg. <\/p>\n<\/div>\n<h1><b>Blocker Locker System Anv\u00e4ndningssteg<\/b><\/h1>\n<div id=\"s-e8a85c98-52ff-409e-8ea8-077a89ad28bd\" class=\"shg-c shg-align-left\">\n<div class=\"shogun-heading-component\">\n<h3><b>1) Placera enheten i en Faraday-v\u00e4ska med f\u00f6nsterladdning och sk\u00f6ld<\/b><\/h3>\n<\/div>\n<\/div>\n<div id=\"s-111a2c0d-22ff-41f1-bec5-8ac9a5e3bd41\" class=\"shg-c \">\n<div class=\"shg-rich-text shg-theme-text-content\">\n<p>N\u00e4r en mobiltelefon, surfplatta eller liknande enhet har tagits emot p\u00e5 polisstationen placerar polisen den i en ledig <a href=\"https:\/\/mosequipment.com\/products\/mission-darkness-window-charge-shield-faraday-bag\" target=\"_blank\" rel=\"noopener\">Mission Darkness Window Charge &amp; Shield Faraday Bag<\/a>, som \u00e4r placerad i varje Blocker Locker-fack. Motsvarande kabelspets (som finns i v\u00e4skans blixtl\u00e5sficka) anv\u00e4nds f\u00f6r att ansluta enheten till v\u00e4skans inre USB-port. V\u00e4skan f\u00f6rsluts sedan med NeoLok-magnetf\u00f6rslutningen.  <\/p>\n<\/div>\n<\/div>\n<div id=\"s-76987725-e053-4307-b1a0-8d85adc183f9\" class=\"shg-c shg-align-left\">\n<div class=\"shogun-heading-component\">\n<h3><b>2) Anslut v\u00e4skan till str\u00f6mf\u00f6rs\u00f6rjningen<\/b><\/h3>\n<\/div>\n<\/div>\n<div id=\"s-08fdd406-6f09-426d-9e2c-da2ea157e114\" class=\"shg-c \">\n<div class=\"shg-rich-text shg-theme-text-content\">\n<p>Bef\u00e4let ansluter den sk\u00e4rmade USB A\/M till A\/M-kabeln som \u00e4r ansluten till sk\u00e5pets eluttag till den yttre USB-porten p\u00e5 Window Charge &amp; Shield Faraday Bag. Ett externt kabell\u00e5s s\u00e4kerst\u00e4ller att kabeln inte kopplas bort oavsiktligt. Enhetens status kan bekr\u00e4ftas genom att titta p\u00e5 sk\u00e4rmen genom v\u00e4skans genomskinliga f\u00f6nster.  <\/p>\n<\/div>\n<\/div>\n<div id=\"s-093e1b1a-6733-43b4-a1ff-130ca19df9a1\" class=\"shg-c shg-align-left\">\n<div class=\"shogun-heading-component\">\n<h3><b>3) L\u00e5s in v\u00e4skan i ett fack i ett blockeringssk\u00e5p<\/b><\/h3>\n<\/div>\n<\/div>\n<div id=\"s-c7b78d57-9246-486b-8eee-9217644d4ed5\" class=\"shg-c \">\n<div class=\"shg-rich-text shg-theme-text-content\">\n<p>Polismannen l\u00e5ser facket, l\u00e4gger nyckeln i dropboxen och l\u00e4mnar bevisanteckningar om inneh\u00e5llet i sk\u00e5pet. Enheten kan ligga kvar i facket s\u00e4kert l\u00e5st, laddad och skyddad p\u00e5 obest\u00e4md tid. <\/p>\n<\/div>\n<\/div>\n<div id=\"s-20195965-42dc-49cb-b212-5da476e896b6\" class=\"shg-c shg-align-left\">\n<div class=\"shogun-heading-component\">\n<h3><b>4) Koppla bort v\u00e4skan fr\u00e5n str\u00f6mf\u00f6rs\u00f6rjningen<\/b><\/h3>\n<\/div>\n<\/div>\n<div id=\"s-12a61943-cf7d-41c4-8ece-d224304cba88\" class=\"shg-c \">\n<div class=\"shg-rich-text shg-theme-text-content\">\n<p>Vid den tidpunkt d\u00e5 l\u00f6senkodsbrytning eller datautvinning ska ske anv\u00e4nder den person som hanterar bevismaterialet en nyckel (antingen huvudnyckeln eller motsvarande nyckel) f\u00f6r att \u00f6ppna sk\u00e5pfacket. Anv\u00e4ndaren lossar det externa kabell\u00e5set, kopplar bort USB-kabeln som \u00e4r ansluten till den yttre USB-hubben p\u00e5 v\u00e4skan och tar ut den f\u00f6rseglade v\u00e4skan ur facket. <\/p>\n<\/div>\n<\/div>\n<div id=\"s-a4d9bd84-e3ba-40d2-9647-0a3eda976e20\" class=\"shg-c shg-align-left\">\n<div class=\"shogun-heading-component\">\n<h3><b>5) \u00d6verf\u00f6ring f\u00f6r datautvinning<\/b><\/h3>\n<\/div>\n<\/div>\n<div id=\"s-ad03c3c0-e655-45a5-9075-d8e517403c67\" class=\"shg-c \">\n<div class=\"shg-rich-text shg-theme-text-content\">\n<p>Enheten f\u00f6rblir skyddad i Window Charge &amp; Shield Faraday Bag medan den transporteras till det laboratorium eller den plats d\u00e4r den ska analyseras.<\/p>\n<\/div>\n<\/div>\n<p>&nbsp;<\/p>\n<p><img decoding=\"async\" class=\"aligncenter wp-image-28769 size-full\" src=\"https:\/\/cryptsec.se\/wp-content\/uploads\/2024\/11\/Skarmavbild-2024-11-18-kl.-11.34.58.png\" alt=\"\" width=\"904\" height=\"1536\" srcset=\"https:\/\/cryptsec.se\/wp-content\/uploads\/2024\/11\/Skarmavbild-2024-11-18-kl.-11.34.58.png 904w, https:\/\/cryptsec.se\/wp-content\/uploads\/2024\/11\/Skarmavbild-2024-11-18-kl.-11.34.58-177x300.png 177w, https:\/\/cryptsec.se\/wp-content\/uploads\/2024\/11\/Skarmavbild-2024-11-18-kl.-11.34.58-603x1024.png 603w, https:\/\/cryptsec.se\/wp-content\/uploads\/2024\/11\/Skarmavbild-2024-11-18-kl.-11.34.58-768x1305.png 768w, https:\/\/cryptsec.se\/wp-content\/uploads\/2024\/11\/Skarmavbild-2024-11-18-kl.-11.34.58-680x1155.png 680w\" sizes=\"(max-width: 904px) 100vw, 904px\" \/><\/p>\n<p>&nbsp;<\/p>\n<div id=\"s-70f2033d-06df-4d84-a22a-de137da65c11\" class=\"shg-c shg-align-left\">\n<div class=\"shogun-heading-component\">\n<h1><b>Ytterligare anv\u00e4ndningsscenarier<\/b><\/h1>\n<\/div>\n<\/div>\n<div id=\"s-19d8d2e1-bb93-497a-83d9-e8a24dcbd79e\" class=\"shg-c \">\n<div class=\"shg-row\" data-col-grid-mode-on=\"\">\n<div class=\"shg-c-lg-8 shg-c-md-8 shg-c-sm-8 shg-c-xs-12\">\n<div id=\"s-cf44ca7a-e74c-4279-bde0-155f15408a24\" class=\"shg-c shg-align-left\">\n<div class=\"shogun-heading-component\">\n<div class=\"shg-c-lg-8 shg-c-md-8 shg-c-sm-8 shg-c-xs-12\">\n<div id=\"s-cf44ca7a-e74c-4279-bde0-155f15408a24\" class=\"shg-c shg-align-left\">\n<div class=\"shogun-heading-component\">\n<h3><b>Hur man anv\u00e4nder med GrayKey, Cellebrite eller andra kriminaltekniska verktyg<\/b><\/h3>\n<\/div>\n<\/div>\n<div id=\"s-36bc4d90-1b0b-4615-b1f8-dce62641cb02\" class=\"shg-c \">\n<div class=\"shg-rich-text shg-theme-text-content\">\n<div id=\"s-c9b6ca89-73c0-467f-b01e-fbaac935db51\" class=\"shg-c \">\n<div class=\"shg-rich-text shg-theme-text-content\">\n<ul>\n<li>Window Charge &amp; Shield Faraday Bag kan flyttas till ett RF-avsk\u00e4rmat rum eller en faradaybox f\u00f6r anv\u00e4ndning med uppl\u00e5sningsverktyg som GrayKey.<\/li>\n<li>Om du anv\u00e4nder en kriminalteknisk l\u00e5da som <a href=\"https:\/\/mosequipment.com\/collections\/all-products\/products\/mission-darkness-blockbox-lab-xl\" target=\"_blank\" rel=\"noopener\">Mission Darkness BlockBox Lab XL<\/a>, placera GrayKey-enheten inuti l\u00e5dan och anslut den till den inre RJ45 Ethernet-porten.<\/li>\n<li>S\u00e4tt in Window Charge &amp; Shield Faraday Bag med enheten i l\u00e5dan och st\u00e4ng locket.<\/li>\n<li>Placera h\u00e4nderna i de ledande handskarna f\u00f6r att \u00f6ppna Window Charge &amp; Shield Faraday Bag och ta ut enheten. Den magnetiska NeoLok-f\u00f6rslutningen \u00e4r l\u00e4tt att \u00f6ppna inuti l\u00e5dan och minskar n\u00f6tningen av faradayhandskarna (j\u00e4mf\u00f6rt med p\u00e5sar med kardborref\u00f6rslutning). <\/li>\n<li>Enheten kan sedan anslutas internt till GrayKey, Cellebrite eller n\u00e5got annat kriminaltekniskt verktyg.<\/li>\n<\/ul>\n<\/div>\n<\/div>\n<\/div>\n<\/div>\n<\/div>\n<div class=\"shg-c-lg-4 shg-c-md-4 shg-c-sm-4 shg-c-xs-12\">\n<div id=\"s-4669389e-e785-4eef-8dc4-d603076a48fd\" class=\"shg-c \">\n<div class=\"shogun-video shogun-video-16x9\">\n<div id=\"s-8a10132c-89d5-4fed-a4b1-cf7c61d97816\" class=\"shg-c shg-align-left\">\n<div class=\"shogun-heading-component\">\n<h3><b>S\u00e5 h\u00e4r \u00f6verf\u00f6r du en enhet fr\u00e5n en standard Faraday Bag till en Window Charge &amp; Shield Faraday Bag<\/b><\/h3>\n<\/div>\n<\/div>\n<div id=\"s-dd2086b5-76a7-47d0-9ddd-fa5c8ec5b08a\" class=\"shg-c \">\n<div class=\"shg-rich-text shg-theme-text-content\">\n<ul>\n<li>Om en enhet anl\u00e4nder till polisstationen redan i en vanlig Faraday-p\u00e5se kan den \u00f6verf\u00f6ras till en Window Charge &amp; Shield Faraday-p\u00e5se med hj\u00e4lp av en kriminalteknisk l\u00e5da med praktisk \u00e5tkomst.<\/li>\n<li>Placera bara b\u00e5da p\u00e5sarna i den kriminaltekniska l\u00e5dan, st\u00e4ng locket och \u00f6verf\u00f6r enheten med hj\u00e4lp av de ledande handskarna. Faraday-p\u00e5sar med NeoLok magnetisk f\u00f6rslutning \u00e4r att f\u00f6redra n\u00e4r de hanteras med ledande handskar. <\/li>\n<li>*\u00d6ppna aldrig en faradayp\u00e5se n\u00e4r den anv\u00e4nds, s\u00e5vida inte omgivningen \u00e4r RF-sk\u00e4rmad (t.ex. en faradaybox eller ett t\u00e4lt).<\/li>\n<\/ul>\n<div id=\"s-b8a3d784-b82f-4343-b6f9-3ef5d6979ba7\" class=\"shg-c shg-align-left\">\n<div class=\"shogun-heading-component\">\n<h3><b>Om du anv\u00e4nder en Window Charge &amp; Shield Faraday Bag utan Blocker Locker<\/b><\/h3>\n<\/div>\n<\/div>\n<div id=\"s-6518e992-5c25-4471-9c73-4d21aae4f26c\" class=\"shg-c \">\n<div class=\"shg-rich-text shg-theme-text-content\">\n<ul>\n<li>Window Charge &amp; Shield Faraday Bag kan k\u00f6pas och anv\u00e4ndas oberoende utan Blocker Locker. USB-filtret g\u00f6r det m\u00f6jligt f\u00f6r enheten att ta emot str\u00f6m medan den \u00f6verf\u00f6rs till olika platser, t.ex. ett fordon, skrivbord eller bevissk\u00e5p, tills den kan analyseras p\u00e5 en annan RF-sk\u00e4rmad plats. <\/li>\n<li>Anv\u00e4nd den sk\u00e4rmade USB A\/M till A\/M-kabeln som sitter p\u00e5 utsidan av USB-filtret f\u00f6r att ansluta ett b\u00e4rbart batteri eller ett eluttag f\u00f6r att ladda enheten inuti.<\/li>\n<li>F\u00f6r datautvinning via USB-filtret kopplar anv\u00e4ndaren helt enkelt bort str\u00f6mk\u00e4llan och ansluter till ett utvinningsverktyg.<\/li>\n<\/ul>\n<p>&nbsp;<\/p>\n<\/div>\n<\/div>\n<\/div>\n<\/div>\n<\/div>\n<div id=\"s-795eb0ab-87a4-43d3-b2b9-971a6b7f30b8\" class=\"shg-c shg-align-left\">\n<div class=\"shogun-heading-component\">\n<h2><b>\u00d6ka sk\u00e5pkapaciteten genom att k\u00f6pa in ytterligare Charge &amp; Shield Faraday-v\u00e4skor<\/b><\/h2>\n<\/div>\n<\/div>\n<div id=\"s-6c6dda59-14f3-4161-812c-8e7fb1b1e30e\" class=\"shg-c shg-align-left\">\n<div class=\"shogun-heading-component\">\n<h3>Varje sk\u00e5psfack rymmer upp till tv\u00e5 Charge &amp; Shield Faraday-v\u00e4skor<\/h3>\n<ul>\n<li>Charge &amp; Shield Faraday Bags finns i storlekarna telefon och surfplatta, med och utan f\u00f6nster. Klicka p\u00e5 l\u00e4nkarna nedan f\u00f6r att se produktsidorna. <\/li>\n<li>Varje Blocker Locker-fack kan rymma upp till tv\u00e5 Charge &amp; Shield Faraday Bags, vilket g\u00f6r att du kan \u00f6ka kapaciteten fr\u00e5n sju till fjorton enheter.<\/li>\n<li>Varje Charge &amp; Shield Faraday Bag inneh\u00e5ller tv\u00e5 omfattande laddningskabelsatser (USB A\/M till A\/M, lightning, micro USB, USB-C och USB-f\u00f6rl\u00e4ngning).<\/li>\n<li>Ytterligare tillbeh\u00f6r kan l\u00e4ggas till varje Charge &amp; Shield Faraday Bag; alternativen inkluderar bil- och v\u00e4ggladdare med dubbla USB-portar, b\u00e4rbara powerbanks med kontinuerlig laddning och en extra kabelupps\u00e4ttning. Dessa tillbeh\u00f6r m\u00f6jligg\u00f6r korttidsladdning, vilket kan beh\u00f6vas under transport eller tills v\u00e4skan kan anslutas till en l\u00e5ngsiktig str\u00f6mk\u00e4lla (t.ex. Blocker Locker) i v\u00e4ntan p\u00e5 analys i laboratoriet. Genom att s\u00e4kerst\u00e4lla att enheten f\u00f6rblir str\u00f6mf\u00f6rande under hela intaget av enheten f\u00f6rhindras l\u00e5sningsl\u00e4ge och den tid som kr\u00e4vs f\u00f6r att kn\u00e4cka en l\u00f6senkod minskas.  <\/li>\n<\/ul>\n<p><img decoding=\"async\" class=\"aligncenter wp-image-28767 size-full\" src=\"https:\/\/cryptsec.se\/wp-content\/uploads\/2024\/11\/nedladdning-4.avif\" alt=\"\" width=\"1280\" height=\"853\" srcset=\"https:\/\/cryptsec.se\/wp-content\/uploads\/2024\/11\/nedladdning-4.avif 1280w, https:\/\/cryptsec.se\/wp-content\/uploads\/2024\/11\/nedladdning-4-300x200.jpg 300w, https:\/\/cryptsec.se\/wp-content\/uploads\/2024\/11\/nedladdning-4-1024x682.jpg 1024w, https:\/\/cryptsec.se\/wp-content\/uploads\/2024\/11\/nedladdning-4-768x512.jpg 768w, https:\/\/cryptsec.se\/wp-content\/uploads\/2024\/11\/nedladdning-4-680x453.jpg 680w\" sizes=\"(max-width: 1280px) 100vw, 1280px\" \/><\/p>\n<\/div>\n<\/div>\n<\/div>\n<\/div>\n<\/div>\n<\/div>\n<\/div>\n<\/div>\n<\/div>\n","protected":false},"excerpt":{"rendered":"<p>Systemet Mission Darkness\u2122 Blocker Locker 7\u2122 l\u00f6ser flera problem f\u00f6r kriminaltekniska utredare och laboratorier. F\u00f6r att effektivt komma \u00e5t och \u00e5terst\u00e4lla data fr\u00e5n mobiltelefoner och surfplattor kr\u00e4ver de senaste kriminaltekniska verktygen att enheterna \u00e4r str\u00f6mf\u00f6rande. Det kan vara sv\u00e5rt att h\u00e5lla enheterna skyddade fr\u00e5n RF-signaler, laddade hela tiden och s\u00e4kert l\u00e5sta. Blocker Locker 7 uppn\u00e5r alla dessa m\u00e5l i ett enda sk\u00e5p som \u00e4r utformat speciellt f\u00f6r avsk\u00e4rmning, laddning och l\u00e5sning. Enheten har sju fulladdade fack utrustade med Window Charge &amp; Shield Faraday Bags f\u00f6r telefoner, medan ytterligare Charge &amp; Shield Faraday Bags kan k\u00f6pas efter behov eller f\u00f6r att \u00f6ka kapaciteten.    <\/p>\n","protected":false},"featured_media":28758,"template":"","meta":[],"product_brand":[],"product_cat":[830,1075],"product_tag":[1117,998,831,833,884,885],"berocket_brand":[],"class_list":{"0":"post-29912","1":"product","2":"type-product","3":"status-publish","4":"has-post-thumbnail","6":"product_cat-faraday-mission-darkness","7":"product_cat-forensics-sv","8":"product_tag-faraday-sv","9":"product_tag-faraday-bag-sv","10":"product_tag-faraday-skold","11":"product_tag-faraday-skydd","12":"product_tag-faraday-vaska-sv","13":"product_tag-sakerhetsfodral-sv","15":"first","16":"instock","17":"featured","18":"taxable","19":"shipping-taxable","20":"purchasable","21":"product-type-simple"},"_links":{"self":[{"href":"https:\/\/cryptsec.se\/sv\/wp-json\/wp\/v2\/product\/29912","targetHints":{"allow":["GET"]}}],"collection":[{"href":"https:\/\/cryptsec.se\/sv\/wp-json\/wp\/v2\/product"}],"about":[{"href":"https:\/\/cryptsec.se\/sv\/wp-json\/wp\/v2\/types\/product"}],"wp:featuredmedia":[{"embeddable":true,"href":"https:\/\/cryptsec.se\/sv\/wp-json\/wp\/v2\/media\/28758"}],"wp:attachment":[{"href":"https:\/\/cryptsec.se\/sv\/wp-json\/wp\/v2\/media?parent=29912"}],"wp:term":[{"taxonomy":"product_brand","embeddable":true,"href":"https:\/\/cryptsec.se\/sv\/wp-json\/wp\/v2\/product_brand?post=29912"},{"taxonomy":"product_cat","embeddable":true,"href":"https:\/\/cryptsec.se\/sv\/wp-json\/wp\/v2\/product_cat?post=29912"},{"taxonomy":"product_tag","embeddable":true,"href":"https:\/\/cryptsec.se\/sv\/wp-json\/wp\/v2\/product_tag?post=29912"},{"taxonomy":"berocket_brand","embeddable":true,"href":"https:\/\/cryptsec.se\/sv\/wp-json\/wp\/v2\/berocket_brand?post=29912"}],"curies":[{"name":"wp","href":"https:\/\/api.w.org\/{rel}","templated":true}]}}