{"id":29913,"date":"2024-11-18T11:43:32","date_gmt":"2024-11-18T10:43:32","guid":{"rendered":"https:\/\/cryptsec.se\/product\/mission-darkness-kriminaltekniskt-crackskap\/"},"modified":"2024-11-18T11:43:32","modified_gmt":"2024-11-18T10:43:32","slug":"mission-darkness-kriminaltekniskt-crackskap","status":"publish","type":"product","link":"https:\/\/cryptsec.se\/sv\/product\/mission-darkness-kriminaltekniskt-crackskap\/","title":{"rendered":"Mission Darkness\u2122 kriminaltekniskt cracksk\u00e5p"},"content":{"rendered":"<p><img fetchpriority=\"high\" decoding=\"async\" class=\"aligncenter wp-image-28772 size-full\" src=\"https:\/\/cryptsec.se\/wp-content\/uploads\/2024\/11\/nedladdning-22.jpeg\" alt=\"\" width=\"2348\" height=\"1938\" srcset=\"https:\/\/cryptsec.se\/wp-content\/uploads\/2024\/11\/nedladdning-22.jpeg 2348w, https:\/\/cryptsec.se\/wp-content\/uploads\/2024\/11\/nedladdning-22-300x248.jpeg 300w, https:\/\/cryptsec.se\/wp-content\/uploads\/2024\/11\/nedladdning-22-1024x845.jpeg 1024w, https:\/\/cryptsec.se\/wp-content\/uploads\/2024\/11\/nedladdning-22-768x634.jpeg 768w, https:\/\/cryptsec.se\/wp-content\/uploads\/2024\/11\/nedladdning-22-1536x1268.jpeg 1536w, https:\/\/cryptsec.se\/wp-content\/uploads\/2024\/11\/nedladdning-22-2048x1690.jpeg 2048w, https:\/\/cryptsec.se\/wp-content\/uploads\/2024\/11\/nedladdning-22-680x561.jpeg 680w\" sizes=\"(max-width: 2348px) 100vw, 2348px\" \/><\/p>\n<div id=\"s-1f958fba-9fdd-405a-abdb-c02217689ccb\" class=\"shg-c shg-align-center\">\n<div class=\"shogun-heading-component\">\n<h1><b>KRIMINALTEKNISKT CRACKSK\u00c5P<\/b><\/h1>\n<\/div>\n<\/div>\n<div id=\"s-77de9d9a-6609-4b40-a4c7-7934363141b8\" class=\"shg-c shg-align-center\">\n<div class=\"shogun-heading-component\">\n<h2>Ny Gen 2-version laddar upp till 30 enheter medan du kn\u00e4cker l\u00f6senord eller v\u00e4ntar p\u00e5 analys<\/h2>\n<\/div>\n<\/div>\n<div id=\"s-a8ec4d5f-5b26-4968-aac4-2b11404a298b\" class=\"shg-c \">\n<div class=\"shg-rich-text shg-theme-text-content\">\n<p>Mission Darkness\u2122 Forensic Crack Cabinet-systemet l\u00f6ser flera problem f\u00f6r kriminaltekniska utredare och laboratorier. F\u00f6r att effektivt f\u00e5 tillg\u00e5ng till och \u00e5terskapa data fr\u00e5n mobiltelefoner och surfplattor kr\u00e4ver de senaste kriminaltekniska verktygen att enheterna f\u00f6rblir aktiva fram till dess att l\u00f6senordet\/l\u00f6senkoden l\u00e5ses upp och data extraheras. Det tar ofta m\u00e5nader innan l\u00f6senkoderna &#8220;kn\u00e4cks&#8221; eller innan en enhetsanalys kan genomf\u00f6ras. Det h\u00e4r sk\u00e5pet h\u00e5ller enheterna laddade, kylda, fysiskt organiserade och s\u00e4kert l\u00e5sta under hela v\u00e4ntetiden f\u00f6re analysen och d\u00e4refter. Laddningsfunktionen \u00e4r utformad f\u00f6r att f\u00f6rhindra lockout-l\u00e4ge, minska den tid som beh\u00f6vs f\u00f6r att kn\u00e4cka en l\u00f6senkod och h\u00e5lla enheten laddad medan h\u00f6geffektiv bearbetning sker, vilket m\u00f6jligg\u00f6r maximal m\u00e4ngd datautvinning och uppl\u00e5sning med verktyg som GrayKey, Cellebrite, Magnet, XRY, BlackBag, Oxygen etc. Sk\u00e5pet \u00e4r konstruerat med en h\u00e5llbar ram och genomskinliga akrylv\u00e4ggar och hyllor, vilket g\u00f6r att anv\u00e4ndaren tydligt kan se inneh\u00e5llet inuti och enhetens sk\u00e4rmar. Det inneh\u00e5ller fullt utrustade fack med alla n\u00f6dv\u00e4ndiga laddningskomponenter f\u00f6r att ladda upp till 18 eller 30 enheter samtidigt (laddningskapaciteten beror p\u00e5 vilken produktvariant som valts). Facken \u00e4r tillr\u00e4ckligt rymliga f\u00f6r att f\u00f6rvara flera enheter plus tillh\u00f6rande pappersarbete\/\u00e4rendemappar. Tillbeh\u00f6rssatsen inneh\u00e5ller sju Forensic Crystal Clear Phone Organizers, som var och en rymmer upp till fem enheter i uppr\u00e4tt l\u00e4ge, vilket optimerar organisationen och sk\u00e4rmens synlighet. Varje h\u00f6gkvalitativ kabelsats inneh\u00e5ller en USB A-hane till A-hona f\u00f6rl\u00e4ngningskabel plus en m\u00e4ngd olika popul\u00e4ra kabeltips: lightning, micro USB och USB-C.    <\/p>\n<p>     Byt enkelt kabel i facket f\u00f6r att ansluta till den kompatibla enheten. Varje hyllfack kan rymma flera enheter och kabelupps\u00e4ttningar; anv\u00e4ndaren kan ordna om kablarna efter behov f\u00f6r att passa enheter av olika storlekar. Oanv\u00e4nda kablar kan f\u00f6rvaras i det nedre tillbeh\u00f6rsfacket. Noctuas fl\u00e4ktkylningssystem best\u00e5r av \u00e5tta NF-P12 redux-1700 PWM-fl\u00e4ktar p\u00e5 b\u00e5da sidov\u00e4ggarna samt en NA-FC1-styrenhet f\u00f6r att utj\u00e4mna luftfl\u00f6det och enhetens temperatur (f\u00f6r att f\u00f6rhindra \u00f6verhettning fr\u00e5n h\u00f6geffektiva processorhastigheter). Det kompletta systemet s\u00e4kerst\u00e4ller att enhetens organisation, synlighet och str\u00f6mf\u00f6rs\u00f6rjning aldrig \u00e4ventyras, vilket ger en s\u00f6ml\u00f6s process f\u00f6r kriminaltekniska utredare. L\u00e4s blogginl\u00e4gget f\u00f6r att f\u00e5 veta hur sk\u00e5pet anv\u00e4nds f\u00f6r att f\u00f6rb\u00e4ttra effektiviteten och varf\u00f6r det \u00e4r det f\u00f6redragna laddningssk\u00e5pet f\u00f6r mobila enheter f\u00f6r digital kriminalteknik.  <\/p>\n<\/div>\n<div id=\"s-26a2fe4c-cdbe-4da3-87de-7efd4948842a\" class=\"shg-c shg-align-left\">\n<div class=\"shogun-heading-component\">\n<h1><b>Om RF-sk\u00e4rmningskapacitet kr\u00e4vs<\/b><\/h1>\n<\/div>\n<\/div>\n<div id=\"s-c3df22b1-1002-4300-bc9c-02d4f083391a\" class=\"shg-c \">\n<div class=\"shg-row\" data-col-grid-mode-on=\"\">\n<div class=\"shg-c-lg-7 shg-c-md-7 shg-c-sm-7 shg-c-xs-12\">\n<div id=\"s-bc3b1e0d-cb20-45b7-9619-316373fd0b03\" class=\"shg-c \">\n<div class=\"shg-rich-text shg-theme-text-content\">\n<div id=\"s-bc3b1e0d-cb20-45b7-9619-316373fd0b03\" class=\"shg-c \">\n<div class=\"shg-rich-text shg-theme-text-content\">\n<p>Om enheten kr\u00e4ver RF-sk\u00e4rmning medan den laddas i sk\u00e5pet kan du anv\u00e4nda Charge &amp; Shield Faraday Bags (finns i storlekar f\u00f6r telefoner och surfplattor). Det dubbelsidiga USB-filtret i p\u00e5sen g\u00f6r att du kan ansluta enheten till en str\u00f6mk\u00e4lla samtidigt som den f\u00f6rblir isolerad fr\u00e5n RF-signaler. Det genomskinliga f\u00f6nstret p\u00e5 v\u00e4skans framsida g\u00f6r att du kan se enhetens tillst\u00e5nd och n\u00e4r l\u00f6senkoden \u00e4r kn\u00e4ckt. N\u00e4r du anv\u00e4nder Forensic Crack Cabinet placerar du helt enkelt en enhet i Charge &amp; Shield Faraday Bag, ansluter enheten till insidan av USB-filtret, st\u00e4nger p\u00e5sen och ansluter sedan utsidan av USB-filtret till str\u00f6mkabeln i sk\u00e5pets fack. N\u00e4r dataextraktion eller enhetsanalys ska utf\u00f6ras kopplar du bort str\u00f6mkabeln som \u00e4r ansluten till USB-filtrets yttersida, tar bort Charge &amp; Shield Faraday Bag fr\u00e5n sk\u00e5pet och \u00f6verf\u00f6r den till en kriminalteknisk faradaybox, som <a href=\"https:\/\/mosequipment.com\/products\/mission-darkness-blockbox-lab-xl\" target=\"_blank\" rel=\"noopener\">Mission Darkness BlockBox Lab XL.<\/a> P\u00e5sen kan enkelt \u00f6ppnas inuti boxen (den magnetiska NeoLok-f\u00f6rslutningen minskar n\u00f6tningen av faradayhandsken) medan enheten f\u00f6rs in i det skyddade h\u00f6ljet. Ytterligare anv\u00e4ndningsomr\u00e5den och f\u00f6rdelar med Charge &amp; Shield Bag kan ses p\u00e5 produktsidan.  <\/p>\n<p><img decoding=\"async\" class=\"aligncenter wp-image-28784 size-full\" src=\"https:\/\/cryptsec.se\/wp-content\/uploads\/2024\/11\/Skarmavbild-2024-11-18-kl.-11.38.05.png\" alt=\"\" width=\"1110\" height=\"824\" srcset=\"https:\/\/cryptsec.se\/wp-content\/uploads\/2024\/11\/Skarmavbild-2024-11-18-kl.-11.38.05.png 1110w, https:\/\/cryptsec.se\/wp-content\/uploads\/2024\/11\/Skarmavbild-2024-11-18-kl.-11.38.05-300x223.png 300w, https:\/\/cryptsec.se\/wp-content\/uploads\/2024\/11\/Skarmavbild-2024-11-18-kl.-11.38.05-1024x760.png 1024w, https:\/\/cryptsec.se\/wp-content\/uploads\/2024\/11\/Skarmavbild-2024-11-18-kl.-11.38.05-768x570.png 768w, https:\/\/cryptsec.se\/wp-content\/uploads\/2024\/11\/Skarmavbild-2024-11-18-kl.-11.38.05-680x505.png 680w\" sizes=\"(max-width: 1110px) 100vw, 1110px\" \/><\/p>\n<\/div>\n<p><img decoding=\"async\" class=\"aligncenter wp-image-28786 size-full\" src=\"https:\/\/cryptsec.se\/wp-content\/uploads\/2024\/11\/Skarmavbild-2024-11-18-kl.-11.42.24.png\" alt=\"\" width=\"2674\" height=\"736\" srcset=\"https:\/\/cryptsec.se\/wp-content\/uploads\/2024\/11\/Skarmavbild-2024-11-18-kl.-11.42.24.png 2560w, https:\/\/cryptsec.se\/wp-content\/uploads\/2024\/11\/Skarmavbild-2024-11-18-kl.-11.42.24-300x83.png 300w, https:\/\/cryptsec.se\/wp-content\/uploads\/2024\/11\/Skarmavbild-2024-11-18-kl.-11.42.24-1024x282.png 1024w, https:\/\/cryptsec.se\/wp-content\/uploads\/2024\/11\/Skarmavbild-2024-11-18-kl.-11.42.24-768x211.png 768w, https:\/\/cryptsec.se\/wp-content\/uploads\/2024\/11\/Skarmavbild-2024-11-18-kl.-11.42.24-1536x423.png 1536w, https:\/\/cryptsec.se\/wp-content\/uploads\/2024\/11\/Skarmavbild-2024-11-18-kl.-11.42.24-2048x564.png 2048w, https:\/\/cryptsec.se\/wp-content\/uploads\/2024\/11\/Skarmavbild-2024-11-18-kl.-11.42.24-680x187.png 680w\" sizes=\"(max-width: 2674px) 100vw, 2674px\" \/><\/p>\n<div class=\"shg-rich-text shg-theme-text-content\">\n<div id=\"s-a01db6b1-2a20-4d53-8db9-494d75e4ada3\" class=\"shg-c shg-align-left\">\n<div class=\"shogun-heading-component\">\n<h1><b>Anv\u00e4nd med verktyg f\u00f6r uppl\u00e5sning av l\u00f6senord och dataextrahering<\/b><\/h1>\n<\/div>\n<\/div>\n<div id=\"s-2ff2a99b-a260-487c-9587-9e4302ed6977\" class=\"shg-c shg-align-left\">\n<div class=\"shogun-heading-component\">\n<div id=\"s-056c4521-5956-4e00-bb2b-1adb1df489c6\" class=\"shg-c \">\n<div class=\"shg-rich-text shg-theme-text-content\">\n<p>Kriminaltekniska utredare arbetar ofta med en stor samling enheter i olika stadier av uppl\u00e5sning av l\u00f6senord, vilket g\u00f6r det tr\u00e5kigt och tidskr\u00e4vande att knacka p\u00e5 telefonsk\u00e4rmar en efter en f\u00f6r att avg\u00f6ra enhetens tillst\u00e5nd och om l\u00f6senordet har kn\u00e4ckts. M\u00f6jligheten att vrida p\u00e5 en enda str\u00f6mbrytare f\u00f6r att omedelbart belysa alla telefonsk\u00e4rmar sparar tid och hj\u00e4lper till med den \u00f6vergripande labbhanteringen. De enkla stegen nedan f\u00f6rklarar hur man anv\u00e4nder Forensic Crack Cabinet i enlighet med verktyg f\u00f6r uppl\u00e5sning av l\u00f6senord.  <\/p>\n<\/div>\n<\/div>\n<div id=\"s-c4b14521-51c6-4c15-859e-867ae8e07bdf\" class=\"shg-c \">\n<div class=\"shg-rich-text shg-theme-text-content\">\n<ol>\n<li>N\u00e4r en enhet har kopplats bort fr\u00e5n ett verktyg f\u00f6r uppl\u00e5sning av l\u00f6senord och programmet k\u00f6rs, placera enheten (och alla relevanta dokument\/\u00e4renden) p\u00e5 en tom sk\u00e5pshylla.<\/li>\n<li>Anslut enheten till str\u00f6mf\u00f6rs\u00f6rjningen med hj\u00e4lp av f\u00f6rl\u00e4ngningskabeln USB A-hona till A-hona som matas in genom kabelh\u00e5let, plus den kompatibla kabelspetsen (kabelspetsar f\u00f6r lightning, mikro-USB och USB-C ing\u00e5r i varje kabelsats).<\/li>\n<li>V\u00e4xla huvudstr\u00f6mbrytaren efter behov f\u00f6r att sl\u00e5 p\u00e5 str\u00f6mmen och lysa upp enhetens sk\u00e4rmar. Detta visar omedelbart om en l\u00f6senkod har kn\u00e4ckts. <\/li>\n<\/ol>\n<\/div>\n<div id=\"s-9f9c5ef6-f755-453f-ad17-c2ac7c69201e\" class=\"shg-c shg-align-left\">\n<div class=\"shogun-heading-component\">\n<h1><b>Gen 2-kabinettet erbjuder \u00f6kad laddningskapacitet och uppgraderade funktioner<\/b><\/h1>\n<\/div>\n<\/div>\n<div id=\"s-40c11c82-731a-4a36-ae3a-ac9ecd57e0e4\" class=\"shg-c shg-align-left\">\n<div class=\"shogun-heading-component\">\n<h2>(Alternativen f\u00f6r laddningskapacitet visas i rullgardinsmenyn)<\/h2>\n<\/div>\n<\/div>\n<div id=\"s-2dfcf011-e8cf-441a-b934-cb8e41008e1d\" class=\"shg-c \">\n<div class=\"shg-row\" data-col-grid-mode-on=\"\">\n<div class=\"shg-c-lg-9 shg-c-md-9 shg-c-sm-9 shg-c-xs-12\">\n<div id=\"s-4484831e-fb61-4da2-8e7a-f9d73c2ae8f5\" class=\"shg-c shg-align-left\">\n<div class=\"shogun-heading-component\">\n<h2><b>\u00d6kad kabelkapacitet g\u00f6r att du kan ladda upp till 30 enheter<\/b><\/h2>\n<\/div>\n<\/div>\n<div id=\"s-23b0adce-ae42-43eb-869e-f560d7c7479e\" class=\"shg-c \">\n<div class=\"shg-rich-text shg-theme-text-content\">\n<p>Det ing\u00e5r 18 upps\u00e4ttningar kablar i konfigurationen f\u00f6r SKU-variant: MDFCC-18. SKU-variant MDFCC-30 inneh\u00e5ller 30 upps\u00e4ttningar kablar, vilket \u00f6kar laddningskapaciteten till 30 enheter. Varje laddningskabelupps\u00e4ttning inneh\u00e5ller alla f\u00f6ljande kablar:  <\/p>\n<ul>\n<li>USB A-hona till A-hona f\u00f6rl\u00e4ngningskabel<\/li>\n<li>Tips f\u00f6r blixtkabel<\/li>\n<li>Tips f\u00f6r Micro USB-kabel<\/li>\n<li>Tips f\u00f6r USB-C-kabel<\/li>\n<\/ul>\n<p>*V\u00e4lj den kabelspets som passar till den enhet som ska laddas och s\u00e4tt den i \u00e4nden p\u00e5 USB-f\u00f6rl\u00e4ngningskabeln. Den nedre hyllan kan anv\u00e4ndas f\u00f6r att f\u00f6rvara oanv\u00e4nda kablar. <\/p>\n<\/div>\n<\/div>\n<div id=\"s-7d3cc471-c0d2-4036-bd40-35cb058dc980\" class=\"shg-c shg-align-left\">\n<div class=\"shogun-heading-component\">\n<h2><b>Ytterligare Gen 2-produktuppgraderingar<\/b><\/h2>\n<\/div>\n<\/div>\n<div id=\"s-85e5b893-e4a1-426c-8366-6ae36e5bbf1c\" class=\"shg-c \">\n<div class=\"shg-rich-text shg-theme-text-content\">\n<ul class=\"p-rich_text_list p-rich_text_list__bullet\" data-stringify-type=\"unordered-list\" data-indent=\"0\" data-border=\"0\">\n<li data-stringify-indent=\"0\" data-stringify-border=\"0\">Utrustad med 8 fl\u00e4ktar ist\u00e4llet f\u00f6r 4, vilket ger ett j\u00e4mnt luftfl\u00f6de f\u00f6r att kyla fler enheter<\/li>\n<li data-stringify-indent=\"0\" data-stringify-border=\"0\">St\u00f6rre totalstorlek &#8211; 20% st\u00f6rre storlek f\u00f6r att st\u00f6dja fler enheter, vilket ger en b\u00e4ttre passform f\u00f6r Charge &amp; Shield Faraday Bags<\/li>\n<li data-stringify-indent=\"0\" data-stringify-border=\"0\">6 USB-str\u00f6mhubbar f\u00f6r st\u00f6d f\u00f6r 30 enheter eller 3 hubbar f\u00f6r st\u00f6d f\u00f6r upp till 18 enheter<\/li>\n<li data-stringify-indent=\"0\" data-stringify-border=\"0\">Inkluderar en str\u00f6mavbrottsdetektor som skickar SMS och\/eller e-post om str\u00f6mmen till enheten bryts<\/li>\n<li data-stringify-indent=\"0\" data-stringify-border=\"0\">110v &#8211; 240v support &#8211; tidigare endast 110v<\/li>\n<li data-stringify-indent=\"0\" data-stringify-border=\"0\">Inneh\u00e5ller 7 Forensic Crystal Clear Phone Organizers, som rymmer upp till 5 enheter vardera och kan ordnas i olika konfigurationer f\u00f6r att passa dina behov<\/li>\n<\/ul>\n<p>&nbsp;<\/p>\n<\/div>\n<\/div>\n<\/div>\n<\/div>\n<\/div>\n<\/div>\n<\/div>\n<\/div>\n<\/div>\n<\/div>\n<\/div>\n<\/div>\n<\/div>\n<\/div>\n<\/div>\n<\/div>\n","protected":false},"excerpt":{"rendered":"<p>Mission Darkness\u2122 Forensic Crack Cabinet-systemet l\u00f6ser flera problem f\u00f6r kriminaltekniska utredare och laboratorier. F\u00f6r att effektivt f\u00e5 tillg\u00e5ng till och \u00e5terskapa data fr\u00e5n mobiltelefoner och surfplattor kr\u00e4ver de senaste kriminaltekniska verktygen att enheterna f\u00f6rblir aktiva fram till dess att l\u00f6senordet\/l\u00f6senkoden l\u00e5ses upp och data extraheras. Det tar ofta flera m\u00e5nader innan l\u00f6senkoderna \u00e4r &#8220;kn\u00e4ckta&#8221; eller innan en enhetsanalys kan genomf\u00f6ras. Detta sk\u00e5p h\u00e5ller enheterna laddade, kylda, fysiskt organiserade och s\u00e4kert l\u00e5sta under hela v\u00e4ntetiden f\u00f6re analysen och d\u00e4refter. Laddningsfunktionen \u00e4r utformad f\u00f6r att f\u00f6rhindra lockout-l\u00e4ge, minska den tid som kr\u00e4vs f\u00f6r att kn\u00e4cka en l\u00f6senkod och h\u00e5lla enheten laddad medan h\u00f6geffektiv bearbetning sker, vilket m\u00f6jligg\u00f6r maximal m\u00e4ngd datautvinning och uppl\u00e5sning med verktyg som GrayKey, Cellebrite, Magnet, XRY, BlackBag, Oxygen etc.    <\/p>\n","protected":false},"featured_media":28777,"template":"","meta":[],"product_brand":[63],"product_cat":[830,1075],"product_tag":[1117,998,831,833,884,885],"berocket_brand":[],"class_list":{"0":"post-29913","1":"product","2":"type-product","3":"status-publish","4":"has-post-thumbnail","6":"product_brand-themissiondarkness","7":"product_cat-faraday-mission-darkness","8":"product_cat-forensics-sv","9":"product_tag-faraday-sv","10":"product_tag-faraday-bag-sv","11":"product_tag-faraday-skold","12":"product_tag-faraday-skydd","13":"product_tag-faraday-vaska-sv","14":"product_tag-sakerhetsfodral-sv","16":"first","17":"instock","18":"taxable","19":"shipping-taxable","20":"purchasable","21":"product-type-variable","22":"has-default-attributes"},"_links":{"self":[{"href":"https:\/\/cryptsec.se\/sv\/wp-json\/wp\/v2\/product\/29913","targetHints":{"allow":["GET"]}}],"collection":[{"href":"https:\/\/cryptsec.se\/sv\/wp-json\/wp\/v2\/product"}],"about":[{"href":"https:\/\/cryptsec.se\/sv\/wp-json\/wp\/v2\/types\/product"}],"wp:featuredmedia":[{"embeddable":true,"href":"https:\/\/cryptsec.se\/sv\/wp-json\/wp\/v2\/media\/28777"}],"wp:attachment":[{"href":"https:\/\/cryptsec.se\/sv\/wp-json\/wp\/v2\/media?parent=29913"}],"wp:term":[{"taxonomy":"product_brand","embeddable":true,"href":"https:\/\/cryptsec.se\/sv\/wp-json\/wp\/v2\/product_brand?post=29913"},{"taxonomy":"product_cat","embeddable":true,"href":"https:\/\/cryptsec.se\/sv\/wp-json\/wp\/v2\/product_cat?post=29913"},{"taxonomy":"product_tag","embeddable":true,"href":"https:\/\/cryptsec.se\/sv\/wp-json\/wp\/v2\/product_tag?post=29913"},{"taxonomy":"berocket_brand","embeddable":true,"href":"https:\/\/cryptsec.se\/sv\/wp-json\/wp\/v2\/berocket_brand?post=29913"}],"curies":[{"name":"wp","href":"https:\/\/api.w.org\/{rel}","templated":true}]}}