{"id":29914,"date":"2024-11-18T11:57:21","date_gmt":"2024-11-18T10:57:21","guid":{"rendered":"https:\/\/cryptsec.se\/product\/mission-darkness-blockbox-touch-usb\/"},"modified":"2024-11-18T11:57:21","modified_gmt":"2024-11-18T10:57:21","slug":"mission-darkness-blockbox-touch-usb","status":"publish","type":"product","link":"https:\/\/cryptsec.se\/sv\/product\/mission-darkness-blockbox-touch-usb\/","title":{"rendered":"Mission Darkness\u2122 BlockBox Touch USB"},"content":{"rendered":"<p><img fetchpriority=\"high\" decoding=\"async\" class=\"aligncenter wp-image-28797 size-full\" src=\"https:\/\/cryptsec.se\/wp-content\/uploads\/2024\/11\/nedladdning-23.jpeg\" alt=\"\" width=\"1901\" height=\"1083\" srcset=\"https:\/\/cryptsec.se\/wp-content\/uploads\/2024\/11\/nedladdning-23.jpeg 1901w, https:\/\/cryptsec.se\/wp-content\/uploads\/2024\/11\/nedladdning-23-300x171.jpeg 300w, https:\/\/cryptsec.se\/wp-content\/uploads\/2024\/11\/nedladdning-23-1024x583.jpeg 1024w, https:\/\/cryptsec.se\/wp-content\/uploads\/2024\/11\/nedladdning-23-768x438.jpeg 768w, https:\/\/cryptsec.se\/wp-content\/uploads\/2024\/11\/nedladdning-23-1536x875.jpeg 1536w, https:\/\/cryptsec.se\/wp-content\/uploads\/2024\/11\/nedladdning-23-680x387.jpeg 680w\" sizes=\"(max-width: 1901px) 100vw, 1901px\" \/><\/p>\n<div id=\"s-5ecb48b5-0ef7-42b1-bf33-167bb6a91838\" class=\"shg-c shg-align-center\">\n<div class=\"shogun-heading-component\">\n<h1><b>Anv\u00e4nd enheter och extrahera information via USB samtidigt som du skyddas fr\u00e5n RF-signaler<\/b><\/h1>\n<\/div>\n<\/div>\n<div id=\"s-8c197a1c-7c43-43ab-9334-f082b3d05657\" class=\"shg-c shg-align-center\">\n<div class=\"shogun-heading-component\">\n<div id=\"s-cd228c34-f47a-4c9a-9ad9-7770140acf70\" class=\"shg-c \">\n<div class=\"shg-rich-text shg-theme-text-content\">\n<p>Mission Darkness\u2122 BlockBox Touch USB \u00e4r ett hopf\u00e4llbart faradaysk\u00e5p med en inbyggd ledande handske, f\u00f6rhandsgranskningsf\u00f6nster f\u00f6r enheter, stort inre utrymme och ett dubbelsidigt USB-filtret med externt kabell\u00e5s som g\u00f6r det m\u00f6jligt f\u00f6r operat\u00f6ren att komma \u00e5t och extrahera data p\u00e5 plats samt ansluta till en laddningsk\u00e4lla. BlockBox Touch USB \u00e4r s\u00e4rskilt utformad f\u00f6r brottsbek\u00e4mpande och milit\u00e4ra kriminaltekniska utredare och g\u00f6r det m\u00f6jligt f\u00f6r anv\u00e4ndare att anv\u00e4nda peksk\u00e4rmar f\u00f6r att utf\u00f6ra triage, analys och extrahering av mobiltelefoner och surfplattor samtidigt som enheterna h\u00e5lls skyddade inuti. Med h\u00f6ghastighets-USB-filtret kan tidsk\u00e4nsliga data extraheras p\u00e5 timmar, inte dagar. Att kunna h\u00e5lla enheter laddade p\u00e5 obest\u00e4md tid f\u00f6rhindrar dessutom lockout-l\u00e4ge och minskar den tid som beh\u00f6vs f\u00f6r att kn\u00e4cka en l\u00f6senkod, vilket m\u00f6jligg\u00f6r maximal m\u00e4ngd datautvinning och uppl\u00e5sning med verktyg som GrayKey, Cellebrite, XRY, BlackBag, Oxygen, etc. BlockBox Touch USB \u00e4r byggd med vadderade sidov\u00e4ggar och vattenresistent ballistiskt nylonyttermaterial f\u00f6r att s\u00e4kerst\u00e4lla att enheter och faradayv\u00e4v skyddas. Den inre faradaykammaren har tv\u00e5 lager av h\u00f6gavsk\u00e4rmande <a href=\"https:\/\/mosequipment.com\/collections\/faraday-supplies\/products\/titanrf-faraday-fabric\" target=\"_blank\" rel=\"noopener\">TitanRF\u2122 Faraday-tyg<\/a> p\u00e5 alla sidor med dubbla parade s\u00f6mmar. Faraday-kammaren blockerar alla tr\u00e5dl\u00f6sa signaler, inklusive WiFi (2,4 &amp; 5 GHz), Bluetooth, mobilsignaler inklusive 5G-n\u00e4tverk, GPS, RFID, NFC och radiosignaler fr\u00e5n l\u00e5ga MHz till 40 GHz.   <\/p>\n<\/div>\n<\/div>\n<div id=\"s-f0f68207-400d-49dd-9816-3865f8ba5767\" class=\"shg-c \">\n<div class=\"shg-row\" data-col-grid-mode-on=\"\">\n<div class=\"shg-c-lg-7 shg-c-md-7 shg-c-sm-7 shg-c-xs-12\">\n<div id=\"s-a6deda82-99b7-4a1c-ac83-b98b759c26f0\" class=\"shg-c \">\n<div class=\"shg-rich-text shg-theme-text-content\">\n<p>Faraday-kammaren har ett patenterat NeoLok\u2122-st\u00e4ngningssystem som g\u00f6r det m\u00f6jligt f\u00f6r operat\u00f6ren att enkelt st\u00e4nga faraday-kammaren med hj\u00e4lp av en dubbel rulle och en stark neodymmagnetisk t\u00e4tning som h\u00e5ller rullen p\u00e5 plats. Ett snabbkn\u00e4ppt band \u00f6ver rullen ger extra s\u00e4kerhet, vilket \u00e4r s\u00e4rskilt anv\u00e4ndbart om man transporterar sk\u00e4rmade enheter inuti till olika platser, t.ex. fr\u00e5n insamlingsplatsen till laboratoriet. Den h\u00e4r typen av f\u00f6rslutning \u00e4r att f\u00f6redra f\u00f6r kriminalteknisk anv\u00e4ndning eftersom faradaykammaren l\u00e4tt kan \u00f6ppnas med en handske. Den magnetiska f\u00f6rslutningen \u00f6kar produktens totala livsl\u00e4ngd, j\u00e4mf\u00f6rt med faradaykammare som \u00e4r byggda med kardborreband som kan skada handskar och slitas ut vid frekvent anv\u00e4ndning p\u00e5 grund av &#8220;h\u00e5rda drag&#8221; i f\u00f6rslutningsomr\u00e5det. Kitet inneh\u00e5ller en h\u00f6gkvalitativ <a href=\"https:\/\/mosequipment.com\/products\/cable-set\" target=\"_blank\" rel=\"noopener\">kabelsats<\/a> (inklusive en universalvinkel USB A\/M till A\/M, lightning till USB, mikro-USB, USB-C och USB-f\u00f6rl\u00e4ngning), bruksanvisningar, ett signald\u00e4mpande skumblock (som ger en plattform f\u00f6r att ta bilder av enheter samt ytterligare avsk\u00e4rmning i milj\u00f6er med h\u00f6g signalstyrka), en penna och en tunn b\u00e4rv\u00e4ska f\u00f6r tillbeh\u00f6ren och den hopf\u00e4llda BlockBox Touch USB. Satsen kan transporteras i en ryggs\u00e4ck eller liten v\u00e4ska, vilket g\u00f6r den till det perfekta analyssk\u00e5pet f\u00f6r laboratorie- och f\u00e4ltarbete.   <\/p>\n<p>&nbsp;<\/p>\n<\/div>\n<p><img decoding=\"async\" class=\"aligncenter wp-image-28799 size-full\" src=\"https:\/\/cryptsec.se\/wp-content\/uploads\/2024\/11\/Skarmavbild-2024-11-18-kl.-11.52.50.png\" alt=\"\" width=\"2672\" height=\"1144\" srcset=\"https:\/\/cryptsec.se\/wp-content\/uploads\/2024\/11\/Skarmavbild-2024-11-18-kl.-11.52.50.png 2560w, https:\/\/cryptsec.se\/wp-content\/uploads\/2024\/11\/Skarmavbild-2024-11-18-kl.-11.52.50-300x128.png 300w, https:\/\/cryptsec.se\/wp-content\/uploads\/2024\/11\/Skarmavbild-2024-11-18-kl.-11.52.50-1024x438.png 1024w, https:\/\/cryptsec.se\/wp-content\/uploads\/2024\/11\/Skarmavbild-2024-11-18-kl.-11.52.50-768x329.png 768w, https:\/\/cryptsec.se\/wp-content\/uploads\/2024\/11\/Skarmavbild-2024-11-18-kl.-11.52.50-1536x658.png 1536w, https:\/\/cryptsec.se\/wp-content\/uploads\/2024\/11\/Skarmavbild-2024-11-18-kl.-11.52.50-2048x877.png 2048w, https:\/\/cryptsec.se\/wp-content\/uploads\/2024\/11\/Skarmavbild-2024-11-18-kl.-11.52.50-680x291.png 680w\" sizes=\"(max-width: 2672px) 100vw, 2672px\" \/><\/p>\n<\/div>\n<p><img decoding=\"async\" class=\"aligncenter wp-image-28801 size-full\" src=\"https:\/\/cryptsec.se\/wp-content\/uploads\/2024\/11\/Skarmavbild-2024-11-18-kl.-11.53.39.png\" alt=\"\" width=\"2664\" height=\"1368\" srcset=\"https:\/\/cryptsec.se\/wp-content\/uploads\/2024\/11\/Skarmavbild-2024-11-18-kl.-11.53.39.png 2560w, https:\/\/cryptsec.se\/wp-content\/uploads\/2024\/11\/Skarmavbild-2024-11-18-kl.-11.53.39-300x154.png 300w, https:\/\/cryptsec.se\/wp-content\/uploads\/2024\/11\/Skarmavbild-2024-11-18-kl.-11.53.39-1024x526.png 1024w, https:\/\/cryptsec.se\/wp-content\/uploads\/2024\/11\/Skarmavbild-2024-11-18-kl.-11.53.39-768x394.png 768w, https:\/\/cryptsec.se\/wp-content\/uploads\/2024\/11\/Skarmavbild-2024-11-18-kl.-11.53.39-1536x789.png 1536w, https:\/\/cryptsec.se\/wp-content\/uploads\/2024\/11\/Skarmavbild-2024-11-18-kl.-11.53.39-2048x1052.png 2048w, https:\/\/cryptsec.se\/wp-content\/uploads\/2024\/11\/Skarmavbild-2024-11-18-kl.-11.53.39-680x349.png 680w\" sizes=\"(max-width: 2664px) 100vw, 2664px\" \/><\/p>\n<p>&nbsp;<\/p>\n<div id=\"s-a6deda82-99b7-4a1c-ac83-b98b759c26f0\" class=\"shg-c \">\n<p><img loading=\"lazy\" decoding=\"async\" class=\"aligncenter wp-image-28803 size-full\" src=\"https:\/\/cryptsec.se\/wp-content\/uploads\/2024\/11\/Skarmavbild-2024-11-18-kl.-11.54.11.png\" alt=\"\" width=\"2700\" height=\"642\" srcset=\"https:\/\/cryptsec.se\/wp-content\/uploads\/2024\/11\/Skarmavbild-2024-11-18-kl.-11.54.11.png 2560w, https:\/\/cryptsec.se\/wp-content\/uploads\/2024\/11\/Skarmavbild-2024-11-18-kl.-11.54.11-300x71.png 300w, https:\/\/cryptsec.se\/wp-content\/uploads\/2024\/11\/Skarmavbild-2024-11-18-kl.-11.54.11-1024x243.png 1024w, https:\/\/cryptsec.se\/wp-content\/uploads\/2024\/11\/Skarmavbild-2024-11-18-kl.-11.54.11-768x183.png 768w, https:\/\/cryptsec.se\/wp-content\/uploads\/2024\/11\/Skarmavbild-2024-11-18-kl.-11.54.11-1536x365.png 1536w, https:\/\/cryptsec.se\/wp-content\/uploads\/2024\/11\/Skarmavbild-2024-11-18-kl.-11.54.11-2048x487.png 2048w, https:\/\/cryptsec.se\/wp-content\/uploads\/2024\/11\/Skarmavbild-2024-11-18-kl.-11.54.11-680x162.png 680w\" sizes=\"(max-width: 2700px) 100vw, 2700px\" \/><\/p>\n<div id=\"s-626b0069-a337-437b-833f-f15c79bb4911\" class=\"shg-c shg-align-center\">\n<div class=\"shogun-heading-component\">\n<h1><\/h1>\n<\/div>\n<\/div>\n<\/div>\n<\/div>\n<\/div>\n<\/div>\n<\/div>\n<\/div>\n","protected":false},"excerpt":{"rendered":"<p>Mission Darkness\u2122 BlockBox Touch USB \u00e4r ett hopf\u00e4llbart faradaysk\u00e5p med en inbyggd ledande handske, f\u00f6rhandsgranskningsf\u00f6nster f\u00f6r enheter, stort inre utrymme och ett dubbelsidigt USB-filtret med externt kabell\u00e5s som g\u00f6r det m\u00f6jligt f\u00f6r operat\u00f6ren att komma \u00e5t och extrahera data p\u00e5 plats samt ansluta till en laddningsk\u00e4lla. BlockBox Touch USB \u00e4r s\u00e4rskilt utformad f\u00f6r brottsbek\u00e4mpande och milit\u00e4ra kriminaltekniska utredare och g\u00f6r det m\u00f6jligt f\u00f6r anv\u00e4ndare att anv\u00e4nda peksk\u00e4rmar f\u00f6r att utf\u00f6ra triage, analys och extrahering av mobiltelefoner och surfplattor samtidigt som enheterna h\u00e5lls skyddade inuti. Med h\u00f6ghastighets-USB-filtret kan tidsk\u00e4nsliga data extraheras p\u00e5 timmar, inte dagar. Att kunna h\u00e5lla enheter laddade p\u00e5 obest\u00e4md tid f\u00f6rhindrar dessutom l\u00e5sning och minskar den tid som beh\u00f6vs f\u00f6r att kn\u00e4cka en l\u00f6senkod, vilket m\u00f6jligg\u00f6r maximal datautvinning och uppl\u00e5sning med verktyg som GrayKey, Cellebrite, XRY, BlackBag, Oxygen etc.   <\/p>\n","protected":false},"featured_media":28790,"template":"","meta":[],"product_brand":[],"product_cat":[830,1075],"product_tag":[1117,998,831,833,884,885],"berocket_brand":[],"class_list":{"0":"post-29914","1":"product","2":"type-product","3":"status-publish","4":"has-post-thumbnail","6":"product_cat-faraday-mission-darkness","7":"product_cat-forensics-sv","8":"product_tag-faraday-sv","9":"product_tag-faraday-bag-sv","10":"product_tag-faraday-skold","11":"product_tag-faraday-skydd","12":"product_tag-faraday-vaska-sv","13":"product_tag-sakerhetsfodral-sv","15":"first","16":"instock","17":"taxable","18":"shipping-taxable","19":"purchasable","20":"product-type-simple"},"_links":{"self":[{"href":"https:\/\/cryptsec.se\/sv\/wp-json\/wp\/v2\/product\/29914","targetHints":{"allow":["GET"]}}],"collection":[{"href":"https:\/\/cryptsec.se\/sv\/wp-json\/wp\/v2\/product"}],"about":[{"href":"https:\/\/cryptsec.se\/sv\/wp-json\/wp\/v2\/types\/product"}],"wp:featuredmedia":[{"embeddable":true,"href":"https:\/\/cryptsec.se\/sv\/wp-json\/wp\/v2\/media\/28790"}],"wp:attachment":[{"href":"https:\/\/cryptsec.se\/sv\/wp-json\/wp\/v2\/media?parent=29914"}],"wp:term":[{"taxonomy":"product_brand","embeddable":true,"href":"https:\/\/cryptsec.se\/sv\/wp-json\/wp\/v2\/product_brand?post=29914"},{"taxonomy":"product_cat","embeddable":true,"href":"https:\/\/cryptsec.se\/sv\/wp-json\/wp\/v2\/product_cat?post=29914"},{"taxonomy":"product_tag","embeddable":true,"href":"https:\/\/cryptsec.se\/sv\/wp-json\/wp\/v2\/product_tag?post=29914"},{"taxonomy":"berocket_brand","embeddable":true,"href":"https:\/\/cryptsec.se\/sv\/wp-json\/wp\/v2\/berocket_brand?post=29914"}],"curies":[{"name":"wp","href":"https:\/\/api.w.org\/{rel}","templated":true}]}}