{"id":29915,"date":"2024-11-18T11:58:28","date_gmt":"2024-11-18T10:58:28","guid":{"rendered":"https:\/\/cryptsec.se\/product\/mission-darkness-blockbox-touch\/"},"modified":"2024-11-18T11:58:28","modified_gmt":"2024-11-18T10:58:28","slug":"mission-darkness-blockbox-touch","status":"publish","type":"product","link":"https:\/\/cryptsec.se\/sv\/product\/mission-darkness-blockbox-touch\/","title":{"rendered":"Mission Darkness\u2122 BlockBox Touch"},"content":{"rendered":"<p><img fetchpriority=\"high\" decoding=\"async\" class=\"aligncenter wp-image-28806 size-full\" src=\"https:\/\/cryptsec.se\/wp-content\/uploads\/2024\/11\/nedladdning-24.jpeg\" alt=\"\" width=\"1200\" height=\"1200\" srcset=\"https:\/\/cryptsec.se\/wp-content\/uploads\/2024\/11\/nedladdning-24.jpeg 1200w, https:\/\/cryptsec.se\/wp-content\/uploads\/2024\/11\/nedladdning-24-300x300.jpeg 300w, https:\/\/cryptsec.se\/wp-content\/uploads\/2024\/11\/nedladdning-24-1024x1024.jpeg 1024w, https:\/\/cryptsec.se\/wp-content\/uploads\/2024\/11\/nedladdning-24-150x150.jpeg 150w, https:\/\/cryptsec.se\/wp-content\/uploads\/2024\/11\/nedladdning-24-768x768.jpeg 768w, https:\/\/cryptsec.se\/wp-content\/uploads\/2024\/11\/nedladdning-24-350x350.jpeg 350w, https:\/\/cryptsec.se\/wp-content\/uploads\/2024\/11\/nedladdning-24-680x680.jpeg 680w, https:\/\/cryptsec.se\/wp-content\/uploads\/2024\/11\/nedladdning-24-100x100.jpeg 100w\" sizes=\"(max-width: 1200px) 100vw, 1200px\" \/><\/p>\n<div id=\"s-6a6f3a0e-0987-4222-9789-5a095a963dd0\" class=\"shg-c shg-align-center\">\n<div class=\"shogun-heading-component\">\n<h1><b>Anv\u00e4nd och f\u00f6rh\u00f6r enheter medan de \u00e4r skyddade fr\u00e5n RF-signaler<\/b><\/h1>\n<\/div>\n<\/div>\n<div id=\"s-751167c7-4a7d-4cb6-abd9-44a85599fa01\" class=\"shg-c shg-align-center\">\n<div class=\"shogun-heading-component\">\n<p>Mission Darkness\u2122 BlockBox Touch g\u00f6r det m\u00f6jligt att anv\u00e4nda och visa peksk\u00e4rmsenheter samtidigt som de \u00e4r skyddade fr\u00e5n RF-signaler. Det hopf\u00e4llbara faradaysk\u00e5pet har en inbyggd dubbelskiktsledande handske, ett stort inre utrymme och ett transparent f\u00f6nster f\u00f6r f\u00f6rhandsgranskning av enheter, vilket g\u00f6r att operat\u00f6ren kan f\u00f6rh\u00f6ra enheter och f\u00e5 tillg\u00e5ng till data p\u00e5 plats. BlockBox Touch \u00e4r s\u00e4rskilt utformad f\u00f6r brottsbek\u00e4mpande och milit\u00e4ra kriminaltekniska utredare och g\u00f6r det m\u00f6jligt f\u00f6r anv\u00e4ndare att genomf\u00f6ra analyser av mobiltelefoner och surfplattor samtidigt som enheterna h\u00e5lls skyddade inuti. Sk\u00e5pet \u00e4r l\u00e4tt att anv\u00e4nda, har extremt h\u00f6g avsk\u00e4rmning och \u00e4r tillr\u00e4ckligt stort f\u00f6r att rymma andra tillbeh\u00f6r som batterier eller verktyg f\u00f6r dataextraktion. BlockBox Touch \u00e4r byggd med vadderade sidov\u00e4ggar och vattenresistent ballistiskt nylonyttermaterial f\u00f6r att s\u00e4kerst\u00e4lla att enheter och faradayv\u00e4v f\u00f6rblir skyddade. Den inre faradaykammaren har tv\u00e5 lager av h\u00f6gavsk\u00e4rmande <a href=\"https:\/\/mosequipment.com\/collections\/faraday-supplies\/products\/titanrf-faraday-fabric\" target=\"_blank\" rel=\"noopener\">TitanRF\u2122 Faraday Fabric<\/a> p\u00e5 alla sidor med dubbla parade s\u00f6mmar. Faraday-kammaren blockerar alla tr\u00e5dl\u00f6sa signaler, inklusive WiFi (2,4 och 5 GHz), Bluetooth, mobilsignaler inklusive 5G-n\u00e4tverk, GPS, RFID, NFC och radiosignaler fr\u00e5n l\u00e5ga MHz till 40 GHz. Ytterligare produktegenskaper \u00e4r den patenterade magnetiska NeoLok\u2122-st\u00e4ngningen, det unika serienumret och den transparenta varum\u00e4rkesfickan. NeoLok-st\u00e4ngningssystemet anv\u00e4nder en dubbel rulle och en stark neodymmagnetisk t\u00e4tning som h\u00e5ller rullen p\u00e5 plats. Ett snabbkn\u00e4ppt band \u00f6ver rullen ger extra s\u00e4kerhet, vilket \u00e4r s\u00e4rskilt anv\u00e4ndbart om man transporterar sk\u00e4rmade enheter inuti till olika platser, t.ex. fr\u00e5n insamlingsplatsen till laboratoriet. Den h\u00e4r typen av f\u00f6rslutning \u00e4r att f\u00f6redra f\u00f6r kriminalteknisk anv\u00e4ndning eftersom faradaykammaren l\u00e4tt kan \u00f6ppnas med en handske. Den magnetiska f\u00f6rslutningen \u00f6kar produktens totala livsl\u00e4ngd, j\u00e4mf\u00f6rt med faradaykammare som \u00e4r byggda med h\u00e5rda kardborref\u00f6rslutningar som kan skada handskar och slitas ut vid frekvent anv\u00e4ndning p\u00e5 grund av &#8220;h\u00e5rda drag&#8221; i f\u00f6rslutningsomr\u00e5det. I kitet ing\u00e5r bruksanvisningar, ett signald\u00e4mpande skumblock (som ger en plattform f\u00f6r att ta bilder av enheter, samt ytterligare avsk\u00e4rmning i milj\u00f6er med h\u00f6g signalstyrka), en penna och en tunn b\u00e4rv\u00e4ska som rymmer tillbeh\u00f6ren och den hopf\u00e4llda BlockBox Touch. Satsen kan transporteras i en ryggs\u00e4ck eller liten v\u00e4ska, vilket g\u00f6r den till det perfekta analyssk\u00e5pet f\u00f6r laboratorie- och f\u00e4ltarbete.   <\/p>\n<\/div>\n<p><img decoding=\"async\" class=\"aligncenter wp-image-28816 size-full\" src=\"https:\/\/cryptsec.se\/wp-content\/uploads\/2024\/11\/Skarmavbild-2024-11-18-kl.-12.02.34.png\" alt=\"\" width=\"2644\" height=\"976\" srcset=\"https:\/\/cryptsec.se\/wp-content\/uploads\/2024\/11\/Skarmavbild-2024-11-18-kl.-12.02.34.png 2560w, https:\/\/cryptsec.se\/wp-content\/uploads\/2024\/11\/Skarmavbild-2024-11-18-kl.-12.02.34-300x111.png 300w, https:\/\/cryptsec.se\/wp-content\/uploads\/2024\/11\/Skarmavbild-2024-11-18-kl.-12.02.34-1024x378.png 1024w, https:\/\/cryptsec.se\/wp-content\/uploads\/2024\/11\/Skarmavbild-2024-11-18-kl.-12.02.34-768x283.png 768w, https:\/\/cryptsec.se\/wp-content\/uploads\/2024\/11\/Skarmavbild-2024-11-18-kl.-12.02.34-1536x567.png 1536w, https:\/\/cryptsec.se\/wp-content\/uploads\/2024\/11\/Skarmavbild-2024-11-18-kl.-12.02.34-2048x756.png 2048w, https:\/\/cryptsec.se\/wp-content\/uploads\/2024\/11\/Skarmavbild-2024-11-18-kl.-12.02.34-680x251.png 680w\" sizes=\"(max-width: 2644px) 100vw, 2644px\" \/><\/p>\n<\/div>\n<p><img decoding=\"async\" class=\"aligncenter wp-image-28818 size-full\" src=\"https:\/\/cryptsec.se\/wp-content\/uploads\/2024\/11\/Skarmavbild-2024-11-18-kl.-12.02.56.png\" alt=\"\" width=\"2658\" height=\"986\" srcset=\"https:\/\/cryptsec.se\/wp-content\/uploads\/2024\/11\/Skarmavbild-2024-11-18-kl.-12.02.56.png 2560w, https:\/\/cryptsec.se\/wp-content\/uploads\/2024\/11\/Skarmavbild-2024-11-18-kl.-12.02.56-300x111.png 300w, https:\/\/cryptsec.se\/wp-content\/uploads\/2024\/11\/Skarmavbild-2024-11-18-kl.-12.02.56-1024x380.png 1024w, https:\/\/cryptsec.se\/wp-content\/uploads\/2024\/11\/Skarmavbild-2024-11-18-kl.-12.02.56-768x285.png 768w, https:\/\/cryptsec.se\/wp-content\/uploads\/2024\/11\/Skarmavbild-2024-11-18-kl.-12.02.56-1536x570.png 1536w, https:\/\/cryptsec.se\/wp-content\/uploads\/2024\/11\/Skarmavbild-2024-11-18-kl.-12.02.56-2048x760.png 2048w, https:\/\/cryptsec.se\/wp-content\/uploads\/2024\/11\/Skarmavbild-2024-11-18-kl.-12.02.56-680x252.png 680w\" sizes=\"(max-width: 2658px) 100vw, 2658px\" \/><\/p>\n<p>&nbsp;<\/p>\n","protected":false},"excerpt":{"rendered":"<p>Mission Darkness\u2122 BlockBox Touch g\u00f6r det m\u00f6jligt att anv\u00e4nda och visa peksk\u00e4rmsenheter samtidigt som de \u00e4r skyddade fr\u00e5n RF-signaler. Det hopf\u00e4llbara faradaysk\u00e5pet har en inbyggd dubbelskiktsledande handske, ett stort inre utrymme och ett transparent f\u00f6nster f\u00f6r f\u00f6rhandsgranskning av enheter som g\u00f6r att operat\u00f6ren kan f\u00f6rh\u00f6ra enheter och f\u00e5 tillg\u00e5ng till data p\u00e5 plats. BlockBox Touch \u00e4r s\u00e4rskilt utformad f\u00f6r brottsbek\u00e4mpande och milit\u00e4ra kriminaltekniska utredare och g\u00f6r det m\u00f6jligt f\u00f6r anv\u00e4ndare att genomf\u00f6ra analyser av mobiltelefoner och surfplattor samtidigt som enheterna h\u00e5lls skyddade inuti. Sk\u00e5pet \u00e4r l\u00e4tt att anv\u00e4nda, har extremt h\u00f6g avsk\u00e4rmning och \u00e4r tillr\u00e4ckligt stort f\u00f6r att rymma andra tillbeh\u00f6r som batterier eller verktyg f\u00f6r datautvinning.   <\/p>\n","protected":false},"featured_media":28809,"template":"","meta":[],"product_brand":[],"product_cat":[830,1075],"product_tag":[1117,998,831,833,884,885],"berocket_brand":[],"class_list":{"0":"post-29915","1":"product","2":"type-product","3":"status-publish","4":"has-post-thumbnail","6":"product_cat-faraday-mission-darkness","7":"product_cat-forensics-sv","8":"product_tag-faraday-sv","9":"product_tag-faraday-bag-sv","10":"product_tag-faraday-skold","11":"product_tag-faraday-skydd","12":"product_tag-faraday-vaska-sv","13":"product_tag-sakerhetsfodral-sv","15":"first","16":"instock","17":"taxable","18":"shipping-taxable","19":"purchasable","20":"product-type-simple"},"_links":{"self":[{"href":"https:\/\/cryptsec.se\/sv\/wp-json\/wp\/v2\/product\/29915","targetHints":{"allow":["GET"]}}],"collection":[{"href":"https:\/\/cryptsec.se\/sv\/wp-json\/wp\/v2\/product"}],"about":[{"href":"https:\/\/cryptsec.se\/sv\/wp-json\/wp\/v2\/types\/product"}],"wp:featuredmedia":[{"embeddable":true,"href":"https:\/\/cryptsec.se\/sv\/wp-json\/wp\/v2\/media\/28809"}],"wp:attachment":[{"href":"https:\/\/cryptsec.se\/sv\/wp-json\/wp\/v2\/media?parent=29915"}],"wp:term":[{"taxonomy":"product_brand","embeddable":true,"href":"https:\/\/cryptsec.se\/sv\/wp-json\/wp\/v2\/product_brand?post=29915"},{"taxonomy":"product_cat","embeddable":true,"href":"https:\/\/cryptsec.se\/sv\/wp-json\/wp\/v2\/product_cat?post=29915"},{"taxonomy":"product_tag","embeddable":true,"href":"https:\/\/cryptsec.se\/sv\/wp-json\/wp\/v2\/product_tag?post=29915"},{"taxonomy":"berocket_brand","embeddable":true,"href":"https:\/\/cryptsec.se\/sv\/wp-json\/wp\/v2\/berocket_brand?post=29915"}],"curies":[{"name":"wp","href":"https:\/\/api.w.org\/{rel}","templated":true}]}}