{"id":29918,"date":"2024-11-18T12:35:55","date_gmt":"2024-11-18T11:35:55","guid":{"rendered":"https:\/\/cryptsec.se\/product\/mission-darkness-neolok-window-faraday-vaska-for-surfplattor\/"},"modified":"2024-11-18T12:35:55","modified_gmt":"2024-11-18T11:35:55","slug":"mission-darkness-neolok-window-faraday-vaska-for-surfplattor","status":"publish","type":"product","link":"https:\/\/cryptsec.se\/sv\/product\/mission-darkness-neolok-window-faraday-vaska-for-surfplattor\/","title":{"rendered":"Mission Darkness\u2122 NeoLok Window Faraday-v\u00e4ska f\u00f6r surfplattor"},"content":{"rendered":"<p><img fetchpriority=\"high\" decoding=\"async\" class=\"aligncenter wp-image-28851 size-full\" src=\"https:\/\/cryptsec.se\/wp-content\/uploads\/2024\/11\/nedladdning-28.jpeg\" alt=\"\" width=\"1500\" height=\"928\" srcset=\"https:\/\/cryptsec.se\/wp-content\/uploads\/2024\/11\/nedladdning-28.jpeg 1500w, https:\/\/cryptsec.se\/wp-content\/uploads\/2024\/11\/nedladdning-28-300x186.jpeg 300w, https:\/\/cryptsec.se\/wp-content\/uploads\/2024\/11\/nedladdning-28-1024x634.jpeg 1024w, https:\/\/cryptsec.se\/wp-content\/uploads\/2024\/11\/nedladdning-28-768x475.jpeg 768w, https:\/\/cryptsec.se\/wp-content\/uploads\/2024\/11\/nedladdning-28-680x421.jpeg 680w\" sizes=\"(max-width: 1500px) 100vw, 1500px\" \/><\/p>\n<div id=\"s-21aba01c-5bc9-4bf3-9bfb-e1026b49dab0\" class=\"shg-c shg-align-center\">\n<div class=\"shogun-heading-component\">\n<h1><b>H\u00e5ll surfplattor och medelstora enheter skyddade<\/b><\/h1>\n<\/div>\n<\/div>\n<div id=\"s-a3ff23da-2e81-40c1-a731-294f5bc19a50\" class=\"shg-c shg-align-center\">\n<div class=\"shogun-heading-component\">\n<p>Mission Darkness\u2122 NeoLok\u2122 Window Faraday Bag f\u00f6r surfplattor blockerar helt alla tr\u00e5dl\u00f6sa signaler och h\u00e5ller medelstora elektroniska enheter skyddade f\u00f6r att f\u00f6rhindra hackning, sp\u00e5rning, spionage och korruption i v\u00e5rdkedjan. N\u00e4r en mobiltelefon eller surfplatta \u00e4r ordentligt innesluten i v\u00e4skan kan inga appar eller skadlig kod fj\u00e4rrutl\u00f6sas eller raderas, ingen kommunikation kan tr\u00e4nga igenom och ingen kan komma \u00e5t mikrofonen, kameran, GPS-positionen eller data. <\/p>\n<p>V\u00e4skan \u00e4r tillverkad med ett slitstarkt och vattenavvisande yttermaterial i ballistisk nylon f\u00f6r att s\u00e4kerst\u00e4lla att enheter och faradayv\u00e4v h\u00e5ller sig torra och skyddade. Inredningen best\u00e5r av tv\u00e5 lager h\u00f6gsk\u00e4rmande <a href=\"https:\/\/mosequipment.com\/collections\/faraday-supplies\/products\/titanrf-faraday-fabric\" target=\"_blank\" rel=\"noopener\">TitanRF\u2122 Faraday Fabric<\/a> p\u00e5 alla sidor med dubbla parade s\u00f6mmar. Det stora f\u00f6rhandsgranskningsf\u00f6nstret g\u00f6r att anv\u00e4ndaren kan se inneh\u00e5llet inuti, enhetens batteritid och bekr\u00e4fta signalavst\u00e4ngning. V\u00e4skan blockerar alla tr\u00e5dl\u00f6sa signaler, inklusive WiFi (2,4 &amp; 5 GHz), Bluetooth, mobilsignaler inklusive 5G-n\u00e4tverk, GPS, RFID, NFC och radiosignaler fr\u00e5n l\u00e5ga MHz till 40 GHz spektrum. Ytterligare produktegenskaper \u00e4r den patenterade magnetiska NeoLok-st\u00e4ngningen, det unika serienumret och den transparenta varum\u00e4rkesfickan. NeoLok-st\u00e4ngningssystemet g\u00f6r det m\u00f6jligt f\u00f6r operat\u00f6ren att enkelt st\u00e4nga v\u00e4skan med hj\u00e4lp av en dubbel rulle och en stark magnetisk t\u00e4tning som h\u00e5ller rullen p\u00e5 plats. Ett snabbkn\u00e4ppningsband \u00f6ver rullen ger extra f\u00f6rslutningsskydd. Snabbkn\u00e4ppningsremmen ska anv\u00e4ndas vid transport av p\u00e5sen, men kan lossas n\u00e4r p\u00e5sen f\u00f6rs in i ett analyssk\u00e5p. D\u00e4refter kan anv\u00e4ndaren enkelt \u00f6ppna v\u00e4skan med en handske med en hand om det beh\u00f6vs. Detta \u00e4r en funktion som fr\u00e4mst \u00e4r avsedd f\u00f6r kriminaltekniska utredare och eliminerar risken f\u00f6r att punktera en handske i analyssk\u00e5pet med en sax (som ofta anv\u00e4nds f\u00f6r att klippa upp en faradayp\u00e5se) eller h\u00e5rd kardborre (som anv\u00e4nds i standardf\u00f6rslutningar f\u00f6r faradayp\u00e5sar). NeoLok Faraday Bag erbjuder extremt skydd av enheter, s\u00e4kerhet och anv\u00e4ndarv\u00e4nlighet. Den \u00e4r kompatibel med Mission Darkness-analyssk\u00e5p som <a href=\"https:\/\/mosequipment.com\/collections\/all-products\/products\/mission-darkness-blockbox-lab-xl\" target=\"_blank\" rel=\"noopener\">BlockBox Lab XL<\/a> och <a href=\"https:\/\/mosequipment.com\/collections\/analysis-enclosures\/products\/mission-darkness-br-blockbox-touch\" target=\"_blank\" rel=\"noopener\">BlockBox Touch Series<\/a>.  <\/p>\n<\/div>\n<p><img decoding=\"async\" class=\"aligncenter wp-image-28861 size-full\" src=\"https:\/\/cryptsec.se\/wp-content\/uploads\/2024\/11\/nedladdning-5.avif\" alt=\"\" width=\"1024\" height=\"663\" srcset=\"https:\/\/cryptsec.se\/wp-content\/uploads\/2024\/11\/nedladdning-5.avif 1024w, https:\/\/cryptsec.se\/wp-content\/uploads\/2024\/11\/nedladdning-5-300x194.jpg 300w, https:\/\/cryptsec.se\/wp-content\/uploads\/2024\/11\/nedladdning-5-768x497.jpg 768w, https:\/\/cryptsec.se\/wp-content\/uploads\/2024\/11\/nedladdning-5-680x440.jpg 680w\" sizes=\"(max-width: 1024px) 100vw, 1024px\" \/><\/p>\n<p><img decoding=\"async\" class=\"aligncenter wp-image-28863 size-full\" src=\"https:\/\/cryptsec.se\/wp-content\/uploads\/2024\/11\/nedladdning-29.jpeg\" alt=\"\" width=\"1500\" height=\"1500\" srcset=\"https:\/\/cryptsec.se\/wp-content\/uploads\/2024\/11\/nedladdning-29.jpeg 1500w, https:\/\/cryptsec.se\/wp-content\/uploads\/2024\/11\/nedladdning-29-300x300.jpeg 300w, https:\/\/cryptsec.se\/wp-content\/uploads\/2024\/11\/nedladdning-29-1024x1024.jpeg 1024w, https:\/\/cryptsec.se\/wp-content\/uploads\/2024\/11\/nedladdning-29-150x150.jpeg 150w, https:\/\/cryptsec.se\/wp-content\/uploads\/2024\/11\/nedladdning-29-768x768.jpeg 768w, https:\/\/cryptsec.se\/wp-content\/uploads\/2024\/11\/nedladdning-29-350x350.jpeg 350w, https:\/\/cryptsec.se\/wp-content\/uploads\/2024\/11\/nedladdning-29-680x680.jpeg 680w, https:\/\/cryptsec.se\/wp-content\/uploads\/2024\/11\/nedladdning-29-100x100.jpeg 100w\" sizes=\"(max-width: 1500px) 100vw, 1500px\" \/><\/p>\n<p><img loading=\"lazy\" decoding=\"async\" class=\"aligncenter wp-image-28865 size-full\" src=\"https:\/\/cryptsec.se\/wp-content\/uploads\/2024\/11\/Skarmavbild-2024-11-18-kl.-12.34.53.png\" alt=\"\" width=\"2674\" height=\"772\" srcset=\"https:\/\/cryptsec.se\/wp-content\/uploads\/2024\/11\/Skarmavbild-2024-11-18-kl.-12.34.53.png 2560w, https:\/\/cryptsec.se\/wp-content\/uploads\/2024\/11\/Skarmavbild-2024-11-18-kl.-12.34.53-300x87.png 300w, https:\/\/cryptsec.se\/wp-content\/uploads\/2024\/11\/Skarmavbild-2024-11-18-kl.-12.34.53-1024x296.png 1024w, https:\/\/cryptsec.se\/wp-content\/uploads\/2024\/11\/Skarmavbild-2024-11-18-kl.-12.34.53-768x222.png 768w, https:\/\/cryptsec.se\/wp-content\/uploads\/2024\/11\/Skarmavbild-2024-11-18-kl.-12.34.53-1536x443.png 1536w, https:\/\/cryptsec.se\/wp-content\/uploads\/2024\/11\/Skarmavbild-2024-11-18-kl.-12.34.53-2048x591.png 2048w, https:\/\/cryptsec.se\/wp-content\/uploads\/2024\/11\/Skarmavbild-2024-11-18-kl.-12.34.53-680x196.png 680w\" sizes=\"(max-width: 2674px) 100vw, 2674px\" \/><\/p>\n<p>&nbsp;<\/p>\n<\/div>\n","protected":false},"excerpt":{"rendered":"<p>Mission Darkness\u2122 NeoLok\u2122 Window Faraday Bag f\u00f6r surfplattor blockerar helt alla tr\u00e5dl\u00f6sa signaler och h\u00e5ller medelstora elektroniska enheter skyddade f\u00f6r att f\u00f6rhindra hackning, sp\u00e5rning, spionage och korruption i v\u00e5rdkedjan. N\u00e4r en mobiltelefon eller surfplatta \u00e4r ordentligt innesluten i v\u00e4skan kan inga appar eller skadlig kod fj\u00e4rrutl\u00f6sas eller raderas, ingen kommunikation kan tr\u00e4nga igenom och ingen kan komma \u00e5t mikrofonen, kameran, GPS-positionen eller data. <\/p>\n","protected":false},"featured_media":28854,"template":"","meta":[],"product_brand":[],"product_cat":[830,1076],"product_tag":[1117,998,831,833,884,885],"berocket_brand":[],"class_list":{"0":"post-29918","1":"product","2":"type-product","3":"status-publish","4":"has-post-thumbnail","6":"product_cat-faraday-mission-darkness","7":"product_cat-faraday-nyckelring-telefonvaskor","8":"product_tag-faraday-sv","9":"product_tag-faraday-bag-sv","10":"product_tag-faraday-skold","11":"product_tag-faraday-skydd","12":"product_tag-faraday-vaska-sv","13":"product_tag-sakerhetsfodral-sv","15":"first","16":"instock","17":"taxable","18":"shipping-taxable","19":"purchasable","20":"product-type-simple"},"_links":{"self":[{"href":"https:\/\/cryptsec.se\/sv\/wp-json\/wp\/v2\/product\/29918","targetHints":{"allow":["GET"]}}],"collection":[{"href":"https:\/\/cryptsec.se\/sv\/wp-json\/wp\/v2\/product"}],"about":[{"href":"https:\/\/cryptsec.se\/sv\/wp-json\/wp\/v2\/types\/product"}],"wp:featuredmedia":[{"embeddable":true,"href":"https:\/\/cryptsec.se\/sv\/wp-json\/wp\/v2\/media\/28854"}],"wp:attachment":[{"href":"https:\/\/cryptsec.se\/sv\/wp-json\/wp\/v2\/media?parent=29918"}],"wp:term":[{"taxonomy":"product_brand","embeddable":true,"href":"https:\/\/cryptsec.se\/sv\/wp-json\/wp\/v2\/product_brand?post=29918"},{"taxonomy":"product_cat","embeddable":true,"href":"https:\/\/cryptsec.se\/sv\/wp-json\/wp\/v2\/product_cat?post=29918"},{"taxonomy":"product_tag","embeddable":true,"href":"https:\/\/cryptsec.se\/sv\/wp-json\/wp\/v2\/product_tag?post=29918"},{"taxonomy":"berocket_brand","embeddable":true,"href":"https:\/\/cryptsec.se\/sv\/wp-json\/wp\/v2\/berocket_brand?post=29918"}],"curies":[{"name":"wp","href":"https:\/\/api.w.org\/{rel}","templated":true}]}}