{"id":29919,"date":"2024-11-18T12:39:58","date_gmt":"2024-11-18T11:39:58","guid":{"rendered":"https:\/\/cryptsec.se\/product\/mission-darkness-blocker-locker-7-stall-endast-stall\/"},"modified":"2024-11-18T12:39:58","modified_gmt":"2024-11-18T11:39:58","slug":"mission-darkness-blocker-locker-7-stall-endast-stall","status":"publish","type":"product","link":"https:\/\/cryptsec.se\/sv\/product\/mission-darkness-blocker-locker-7-stall-endast-stall\/","title":{"rendered":"Mission Darkness\u2122 Blocker Locker 7 St\u00e4ll (endast st\u00e4ll)"},"content":{"rendered":"<div id=\"s-25fc3657-a108-4399-ad40-7e794fb8ade7\" class=\"shg-c shg-align-center\">\n<div class=\"shogun-heading-component\">\n<h1><b>Mission Darkness\u2122 Blocker Locker 7 Stativ<\/b><\/h1>\n<\/div>\n<\/div>\n<div id=\"s-ce55e430-a189-449d-8136-111e9c8b401e\" class=\"shg-c shg-align-center\">\n<div class=\"shogun-heading-component\">\n<h2>(Endast stativ, sk\u00e5p s\u00e4ljs separat)<\/h2>\n<p>Mission Darkness\u2122 Blocker Locker 7 Stand kombinerar funktionalitet med bekv\u00e4mlighet f\u00f6r den digitala kriminaltekniska sektorn. Tillverkad av tung aluminium av industriell kvalitet, kompletterar den inte bara <a href=\"https:\/\/mosequipment.com\/products\/mission-darkness-blocker-locker-7\" target=\"_blank\" rel=\"noopener\">Blocker Locker 7<\/a> i estetik utan ocks\u00e5 i anv\u00e4ndbarhet, vilket skapar ett snyggt, enhetligt utseende n\u00e4r de tv\u00e5 komponenterna staplas. Detta stativ lyfter sk\u00e5pet till en mer anv\u00e4ndarv\u00e4nlig h\u00f6jd, optimerar arbetsytan genom att frig\u00f6ra skrivbords- eller b\u00e4nkytor och st\u00f6der sk\u00e5pets vikt p\u00e5 ett robust s\u00e4tt. Detta eliminerar behovet av omfattande installation, eftersom det r\u00e4cker med att f\u00f6rankra enheten i en v\u00e4gg. Stativets l\u00e5sbara d\u00f6rr \u00f6ppnas f\u00f6r att avsl\u00f6ja ett rymligt f\u00f6rvaringsfack, vilket avsev\u00e4rt ut\u00f6kar produktens anv\u00e4ndbarhet. Det \u00e4r tillr\u00e4ckligt stort f\u00f6r att rymma ytterligare <a href=\"https:\/\/mosequipment.com\/products\/mission-darkness-window-charge-shield-faraday-bag\" target=\"_blank\" rel=\"noopener\">Charge &amp; Shield Faraday Bags och<\/a> andra tillbeh\u00f6r, vilket ut\u00f6kar dina f\u00f6rvaringsalternativ. Ett nyckelh\u00e5l som p\u00e5 ett smart s\u00e4tt \u00e4r integrerat i sk\u00e5pd\u00f6rren effektiviserar nyckelhanteringen och eliminerar behovet av det skrymmande l\u00e5sboxf\u00e4stet som ing\u00e5r i sk\u00e5pet, vilket f\u00f6rb\u00e4ttrar den \u00f6vergripande elegansen i designen. Stativets design \u00e4r genomt\u00e4nkt och saknar en bakpanel p\u00e5 den nedre delen, vilket g\u00f6r att det passar perfekt mot v\u00e4gguttag. Den h\u00e4r designen eliminerar behovet av luckor i kabelhanteringen och minskar risken f\u00f6r oavsiktliga str\u00f6mavbrott, vilket ger en s\u00e4krare och effektivare installation. V\u00e4ggf\u00f6rankringen g\u00f6rs enkel och s\u00e4ker med hj\u00e4lp av h\u00e5llbara kanaler p\u00e5 stativets ovansida och undersida (v\u00e4ggankare ing\u00e5r ej). F\u00f6r att s\u00e4kerst\u00e4lla stabilitet p\u00e5 oj\u00e4mna ytor \u00e4r stativet utrustat med justerbara nivelleringsf\u00f6tter i varje nedre h\u00f6rn. Det h\u00e4r innovativa stativet \u00e4r mer \u00e4n ett tillbeh\u00f6r; det \u00e4r en strategisk f\u00f6rb\u00e4ttring av anv\u00e4ndbarheten hos Mission Darkness Blocker Locker 7, skr\u00e4ddarsydd f\u00f6r att m\u00f6ta de komplicerade kraven p\u00e5 digitala kriminaltekniska utredningar med effektivitet och stil.   <\/p>\n<p><img fetchpriority=\"high\" decoding=\"async\" class=\"aligncenter wp-image-28876 size-full\" src=\"https:\/\/cryptsec.se\/wp-content\/uploads\/2024\/11\/Skarmavbild-2024-11-18-kl.-12.37.28.png\" alt=\"\" width=\"2654\" height=\"1414\" srcset=\"https:\/\/cryptsec.se\/wp-content\/uploads\/2024\/11\/Skarmavbild-2024-11-18-kl.-12.37.28.png 2560w, https:\/\/cryptsec.se\/wp-content\/uploads\/2024\/11\/Skarmavbild-2024-11-18-kl.-12.37.28-300x160.png 300w, https:\/\/cryptsec.se\/wp-content\/uploads\/2024\/11\/Skarmavbild-2024-11-18-kl.-12.37.28-1024x546.png 1024w, https:\/\/cryptsec.se\/wp-content\/uploads\/2024\/11\/Skarmavbild-2024-11-18-kl.-12.37.28-768x409.png 768w, https:\/\/cryptsec.se\/wp-content\/uploads\/2024\/11\/Skarmavbild-2024-11-18-kl.-12.37.28-1536x818.png 1536w, https:\/\/cryptsec.se\/wp-content\/uploads\/2024\/11\/Skarmavbild-2024-11-18-kl.-12.37.28-2048x1091.png 2048w, https:\/\/cryptsec.se\/wp-content\/uploads\/2024\/11\/Skarmavbild-2024-11-18-kl.-12.37.28-680x362.png 680w\" sizes=\"(max-width: 2654px) 100vw, 2654px\" \/><\/p>\n<\/div>\n<p><img decoding=\"async\" class=\"aligncenter wp-image-28878 size-full\" src=\"https:\/\/cryptsec.se\/wp-content\/uploads\/2024\/11\/Skarmavbild-2024-11-18-kl.-12.38.39.png\" alt=\"\" width=\"2608\" height=\"1504\" srcset=\"https:\/\/cryptsec.se\/wp-content\/uploads\/2024\/11\/Skarmavbild-2024-11-18-kl.-12.38.39.png 2560w, https:\/\/cryptsec.se\/wp-content\/uploads\/2024\/11\/Skarmavbild-2024-11-18-kl.-12.38.39-300x173.png 300w, https:\/\/cryptsec.se\/wp-content\/uploads\/2024\/11\/Skarmavbild-2024-11-18-kl.-12.38.39-1024x591.png 1024w, https:\/\/cryptsec.se\/wp-content\/uploads\/2024\/11\/Skarmavbild-2024-11-18-kl.-12.38.39-768x443.png 768w, https:\/\/cryptsec.se\/wp-content\/uploads\/2024\/11\/Skarmavbild-2024-11-18-kl.-12.38.39-1536x886.png 1536w, https:\/\/cryptsec.se\/wp-content\/uploads\/2024\/11\/Skarmavbild-2024-11-18-kl.-12.38.39-2048x1181.png 2048w, https:\/\/cryptsec.se\/wp-content\/uploads\/2024\/11\/Skarmavbild-2024-11-18-kl.-12.38.39-680x392.png 680w\" sizes=\"(max-width: 2608px) 100vw, 2608px\" \/><\/p>\n<div id=\"s-135d8df2-3f5a-475c-9fda-c4ad04bede37\" class=\"shg-c shg-align-left\">\n<div class=\"shogun-heading-component\">\n<h2><b>Blocker Locker &amp; Stand Applikationer<\/b><\/h2>\n<\/div>\n<\/div>\n<div id=\"s-cbfc333a-915e-4ba5-8acf-921aad2474e7\" class=\"shg-c \">\n<div class=\"shg-rich-text shg-theme-text-content\">\n<div class=\"shg-c-lg-6 shg-c-md-6 shg-c-sm-6 shg-c-xs-12\">\n<div id=\"s-e80a9307-4407-459f-be2c-b20de8547039\" class=\"shg-c \">\n<div class=\"shg-rich-text shg-theme-text-content\">\n<div class=\"flex-1 overflow-hidden\">\n<div class=\"react-scroll-to-bottom--css-rnuvu-79elbk h-full\">\n<div class=\"react-scroll-to-bottom--css-rnuvu-1n7m0yu\">\n<div class=\"flex flex-col pb-9 text-sm\">\n<div class=\"w-full text-token-text-primary\" data-testid=\"conversation-turn-20\">\n<div class=\"px-4 py-2 justify-center text-base md:gap-6 m-auto\">\n<div class=\"flex flex-1 text-base mx-auto gap-3 md:px-5 lg:px-1 xl:px-5 md:max-w-3xl lg:max-w-[40rem] xl:max-w-[48rem] group final-completion\">\n<div class=\"relative flex w-full flex-col lg:w-[calc(100%-115px)] agent-turn\">\n<div class=\"flex-col gap-1 md:gap-3\">\n<div class=\"flex flex-grow flex-col max-w-full\">\n<div class=\"min-h-[20px] text-message flex flex-col items-start gap-3 whitespace-pre-wrap break-words [.text-message+&amp;]:mt-5 overflow-x-auto\" data-message-author-role=\"assistant\" data-message-id=\"b717064f-d284-44a2-8758-fd596f44b5e6\">\n<div class=\"markdown prose w-full break-words dark:prose-invert light\">\n<p>Inom digital kriminalteknik spelar <a href=\"https:\/\/mosequipment.com\/products\/mission-darkness-blocker-locker-7\" target=\"_blank\" rel=\"noopener\">Mission Darkness Blocker Locker 7<\/a> och dess tillh\u00f6rande stativ en avg\u00f6rande roll f\u00f6r s\u00e4ker bevishantering. De unika <a href=\"https:\/\/mosequipment.com\/products\/mission-darkness-window-charge-shield-faraday-bag\" target=\"_blank\" rel=\"noopener\">Charge &amp; Shield Faraday Bags<\/a> som finns i varje sk\u00e5pfack erbjuder en RF-signalskyddad milj\u00f6 (som kan tas bort och transporteras), vilket bevarar integriteten hos digitala bevis p\u00e5 mobila enheter och f\u00f6rhindrar fj\u00e4rrmanipulation eller dataintr\u00e5ng. Dessutom \u00e4r varje fack i sk\u00e5pet utrustat med USB-uttag, vilket g\u00f6r det m\u00f6jligt att ladda enheter samtidigt som de h\u00e5lls skyddade. Denna laddningsfunktion s\u00e4kerst\u00e4ller att enheterna f\u00f6rblir str\u00f6mf\u00f6rs\u00f6rjda f\u00f6r framg\u00e5ngsrik kn\u00e4ckning av l\u00f6senord och kriminalteknisk analys. Stativet, som h\u00f6jer upp sk\u00e5pet, optimerar inte bara laboratorieutrymmet utan f\u00f6rb\u00e4ttrar ocks\u00e5 arbetsfl\u00f6dets effektivitet. Det l\u00e5sbara facket erbjuder ytterligare s\u00e4ker f\u00f6rvaring f\u00f6r kriminaltekniska verktyg och tillbeh\u00f6r, vilket underl\u00e4ttar en mer str\u00f6mlinjeformad bevishanteringsprocedur. Det integrerade nyckelinkastet f\u00f6renklar hanteringen av sk\u00e5pets nycklar ytterligare. Sammantaget erbjuder Mission Darkness Blocker Locker 7 och dess medf\u00f6ljande stativ en praktisk l\u00f6sning f\u00f6r digital kriminalteknik inom brottsbek\u00e4mpningen, som tillgodoser behovet av s\u00e4ker f\u00f6rvaring av bevis och kontinuerlig enhetsberedskap. Laddningsfunktionen i sk\u00e5pet s\u00e4kerst\u00e4ller att enheterna f\u00f6rblir i optimalt skick i v\u00e4ntan p\u00e5 analys, medan stativet bidrar till en organiserad och effektiv arbetsyta. Denna kombination uppfyller effektivt de v\u00e4sentliga kraven f\u00f6r digitala kriminaltekniska utredningar p\u00e5 ett enkelt och tillf\u00f6rlitligt s\u00e4tt.   <\/p>\n<\/div>\n<\/div>\n<\/div>\n<\/div>\n<\/div>\n<\/div>\n<\/div>\n<\/div>\n<\/div>\n<\/div>\n<\/div>\n<\/div>\n<\/div>\n<\/div>\n<\/div>\n<\/div>\n<\/div>\n<\/div>\n","protected":false},"excerpt":{"rendered":"<p>Mission Darkness\u2122 Blocker Locker 7 Stand kombinerar funktionalitet med bekv\u00e4mlighet f\u00f6r den digitala kriminaltekniska sektorn. Tillverkad av tung aluminium av industriell kvalitet, kompletterar den inte bara <a href=\"https:\/\/mosequipment.com\/products\/mission-darkness-blocker-locker-7\" target=\"_blank\" rel=\"noopener\">Blocker Locker 7<\/a> i estetik utan ocks\u00e5 i anv\u00e4ndbarhet, vilket skapar ett snyggt, enhetligt utseende n\u00e4r de tv\u00e5 komponenterna staplas. Detta stativ lyfter sk\u00e5pet till en mer anv\u00e4ndarv\u00e4nlig h\u00f6jd, optimerar arbetsytan genom att frig\u00f6ra skrivbords- eller b\u00e4nkytor och st\u00f6der sk\u00e5pets vikt p\u00e5 ett robust s\u00e4tt. Detta eliminerar behovet av omfattande installation, eftersom det r\u00e4cker med att f\u00f6rankra enheten i en v\u00e4gg.   <\/p>\n","protected":false},"featured_media":28869,"template":"","meta":[],"product_brand":[],"product_cat":[830,1075],"product_tag":[1117,998,831,833,884,885],"berocket_brand":[],"class_list":{"0":"post-29919","1":"product","2":"type-product","3":"status-publish","4":"has-post-thumbnail","6":"product_cat-faraday-mission-darkness","7":"product_cat-forensics-sv","8":"product_tag-faraday-sv","9":"product_tag-faraday-bag-sv","10":"product_tag-faraday-skold","11":"product_tag-faraday-skydd","12":"product_tag-faraday-vaska-sv","13":"product_tag-sakerhetsfodral-sv","15":"first","16":"instock","17":"taxable","18":"shipping-taxable","19":"purchasable","20":"product-type-simple"},"_links":{"self":[{"href":"https:\/\/cryptsec.se\/sv\/wp-json\/wp\/v2\/product\/29919","targetHints":{"allow":["GET"]}}],"collection":[{"href":"https:\/\/cryptsec.se\/sv\/wp-json\/wp\/v2\/product"}],"about":[{"href":"https:\/\/cryptsec.se\/sv\/wp-json\/wp\/v2\/types\/product"}],"wp:featuredmedia":[{"embeddable":true,"href":"https:\/\/cryptsec.se\/sv\/wp-json\/wp\/v2\/media\/28869"}],"wp:attachment":[{"href":"https:\/\/cryptsec.se\/sv\/wp-json\/wp\/v2\/media?parent=29919"}],"wp:term":[{"taxonomy":"product_brand","embeddable":true,"href":"https:\/\/cryptsec.se\/sv\/wp-json\/wp\/v2\/product_brand?post=29919"},{"taxonomy":"product_cat","embeddable":true,"href":"https:\/\/cryptsec.se\/sv\/wp-json\/wp\/v2\/product_cat?post=29919"},{"taxonomy":"product_tag","embeddable":true,"href":"https:\/\/cryptsec.se\/sv\/wp-json\/wp\/v2\/product_tag?post=29919"},{"taxonomy":"berocket_brand","embeddable":true,"href":"https:\/\/cryptsec.se\/sv\/wp-json\/wp\/v2\/berocket_brand?post=29919"}],"curies":[{"name":"wp","href":"https:\/\/api.w.org\/{rel}","templated":true}]}}