{"id":29920,"date":"2024-11-18T12:47:57","date_gmt":"2024-11-18T11:47:57","guid":{"rendered":"https:\/\/cryptsec.se\/product\/mission-darkness-rf-skarmad-forvaringsbox-for-telefoner-och-surfplattor\/"},"modified":"2024-11-18T12:47:57","modified_gmt":"2024-11-18T11:47:57","slug":"mission-darkness-rf-skarmad-forvaringsbox-for-telefoner-och-surfplattor","status":"publish","type":"product","link":"https:\/\/cryptsec.se\/sv\/product\/mission-darkness-rf-skarmad-forvaringsbox-for-telefoner-och-surfplattor\/","title":{"rendered":"Mission Darkness\u2122 RF-sk\u00e4rmad f\u00f6rvaringsbox f\u00f6r telefoner och surfplattor"},"content":{"rendered":"<div id=\"s-3faa942f-af3b-4fbd-8595-61649f86e74d\" class=\"shg-c shg-align-center\">\n<div class=\"shogun-heading-component\">\n<h1><b>RF-sk\u00e4rmad f\u00f6rvaringsbox f\u00f6r mobiltelefoner och surfplattor<\/b><\/h1>\n<\/div>\n<\/div>\n<div id=\"s-ca814690-5b8b-4ff9-94aa-574ddd875589\" class=\"shg-c shg-align-center\">\n<div class=\"shogun-heading-component\">\n<h2>Finns i f\u00e4rgerna Black och Desert Tan<\/h2>\n<h2><img fetchpriority=\"high\" decoding=\"async\" class=\"aligncenter wp-image-28883 size-full\" src=\"https:\/\/cryptsec.se\/wp-content\/uploads\/2024\/11\/Skarmavbild-2024-11-18-kl.-12.42.49.png\" alt=\"\" width=\"2644\" height=\"336\" srcset=\"https:\/\/cryptsec.se\/wp-content\/uploads\/2024\/11\/Skarmavbild-2024-11-18-kl.-12.42.49.png 2560w, https:\/\/cryptsec.se\/wp-content\/uploads\/2024\/11\/Skarmavbild-2024-11-18-kl.-12.42.49-300x38.png 300w, https:\/\/cryptsec.se\/wp-content\/uploads\/2024\/11\/Skarmavbild-2024-11-18-kl.-12.42.49-1024x130.png 1024w, https:\/\/cryptsec.se\/wp-content\/uploads\/2024\/11\/Skarmavbild-2024-11-18-kl.-12.42.49-768x98.png 768w, https:\/\/cryptsec.se\/wp-content\/uploads\/2024\/11\/Skarmavbild-2024-11-18-kl.-12.42.49-1536x195.png 1536w, https:\/\/cryptsec.se\/wp-content\/uploads\/2024\/11\/Skarmavbild-2024-11-18-kl.-12.42.49-2048x260.png 2048w, https:\/\/cryptsec.se\/wp-content\/uploads\/2024\/11\/Skarmavbild-2024-11-18-kl.-12.42.49-680x86.png 680w\" sizes=\"(max-width: 2644px) 100vw, 2644px\" \/><\/h2>\n<p><img decoding=\"async\" class=\"aligncenter wp-image-28893 size-full\" src=\"https:\/\/cryptsec.se\/wp-content\/uploads\/2024\/11\/nedladdning-30.jpeg\" alt=\"\" width=\"1500\" height=\"970\" srcset=\"https:\/\/cryptsec.se\/wp-content\/uploads\/2024\/11\/nedladdning-30.jpeg 1500w, https:\/\/cryptsec.se\/wp-content\/uploads\/2024\/11\/nedladdning-30-300x194.jpeg 300w, https:\/\/cryptsec.se\/wp-content\/uploads\/2024\/11\/nedladdning-30-1024x662.jpeg 1024w, https:\/\/cryptsec.se\/wp-content\/uploads\/2024\/11\/nedladdning-30-768x497.jpeg 768w, https:\/\/cryptsec.se\/wp-content\/uploads\/2024\/11\/nedladdning-30-680x440.jpeg 680w\" sizes=\"(max-width: 1500px) 100vw, 1500px\" \/><\/p>\n<p>Sk\u00e5pet uppdaterades i februari 2023 med ett ytmonterat omprogrammerbart fyrsiffrigt kombinationsl\u00e5s med ett huvudnyckelh\u00e5l p\u00e5 varje fackd\u00f6rr. Sk\u00e5pen \u00e4r numrerade 1-24 (nummerdekaler finns inte p\u00e5 bilden); ytterligare sk\u00e5p kan numreras i f\u00f6ljd s\u00e5 att nummer 1-24 inte upprepas. Kontakta oss f\u00f6r att diskutera dina sk\u00e5pkrav.  <\/p>\n<div id=\"s-074c4aff-122b-48e1-bab8-8a2c202362d5\" class=\"shg-c shg-align-left\">\n<div class=\"shogun-heading-component\">\n<h2><b>S\u00e4kert f\u00f6rvaringssystem med 24 individuellt skyddade fack<\/b><\/h2>\n<\/div>\n<\/div>\n<div id=\"s-a172f4b4-ea65-4475-abfb-2736a5c5c68a\" class=\"shg-c shg-align-left\">\n<div class=\"shogun-heading-component\">\n<h2>20 fack f\u00f6r mobiltelefoner och 4 fack f\u00f6r surfplattor<\/h2>\n<\/div>\n<\/div>\n<div id=\"s-04d5f256-06eb-49b8-91bb-1efa0ccff058\" class=\"shg-c \">\n<div class=\"shg-rich-text shg-theme-text-content\">\n<p>Mission Darkness\u2122 RF Shielded Phone &amp; Tablet Locker \u00e4r ett kraftigt metallsk\u00e5pssystem med 24 individuellt avsk\u00e4rmade l\u00e5sbara fack. Den \u00e4r s\u00e4rskilt utformad f\u00f6r att skydda b\u00e4rbara elektroniska enheter fr\u00e5n RF-signaler (radiofrekvens), medan de \u00e4r s\u00e4kert l\u00e5sta inuti. Varje fack \u00e4r en frist\u00e5ende, helt sluten metallbox, vilket inneb\u00e4r att n\u00e4r en sk\u00e5psd\u00f6rr \u00f6ppnas kommer signalerna bara in i det facket; resten av facken forts\u00e4tter att isolera och s\u00e4kra enheterna inuti. Separeringen av avdelningarna eliminerar ocks\u00e5 risken f\u00f6r att hela avsk\u00e4rmningssystemet fallerar p\u00e5 grund av en enda svag punkt.<\/p>\n<p>Sk\u00e5pfacken blockerar Wi-Fi (2,4 &amp; 5 GHz), Bluetooth, mobilsignaler inklusive 5G-n\u00e4tverk, GPS, RFID och radiosignaler fr\u00e5n l\u00e5ga MHz till 40 GHz. De \u00e4r fodrade med filt f\u00f6r att d\u00e4mpa k\u00e4nsligt inneh\u00e5ll. Fackd\u00f6rrarna anv\u00e4nder ett system med dubbla packningar och dubbla r\u00e4nnor f\u00f6r avsk\u00e4rmning, vilket ger redundanta avsk\u00e4rmningar f\u00f6r att s\u00e4kerst\u00e4lla en t\u00e4t RF-f\u00f6rsegling. Extra packningar medf\u00f6ljer per fack f\u00f6r utbyte vid slitage. Varje fack \u00e4r tillr\u00e4ckligt stort f\u00f6r att man bekv\u00e4mt ska kunna s\u00e4tta i och ta ur enheter i det, samt f\u00f6r att rymma flera enheter eller medf\u00f6ljande tillbeh\u00f6r om s\u00e5 \u00f6nskas. Varje d\u00f6rr har ett ytmonterat omprogrammerbart 4-siffrigt kombinationsl\u00e5s samt ett huvudnyckell\u00e5s. Det ytmonterade l\u00e5set ger s\u00e4ker \u00e5tkomst utan att \u00e4ventyra avsk\u00e4rmningens effektivitet.<\/p>\n<p>Sk\u00e5pet anv\u00e4nds fr\u00e4mst f\u00f6r enhetss\u00e4kerhet i lobbyer p\u00e5 milit\u00e4rbaser, SCIF, underr\u00e4ttelseanl\u00e4ggningar och \u00f6verallt d\u00e4r personer som g\u00e5r in eller ut m\u00e5ste ha sin mobiltelefon, surfplatta, smartwatch eller annan kommunicerbar elektronik l\u00e5st och avsk\u00e4rmad samtidigt, f\u00f6r att eliminera all data\u00f6verf\u00f6ring. Detta f\u00f6rhindrar fj\u00e4rr\u00e5tkomst eller radering av enheter samt att sekretessbelagd information, GPS-position, muntliga samtal, k\u00e4nsliga data etc. \u00e4ventyras av hackare eller illvilliga enheter.<\/p>\n<\/div>\n<p><img decoding=\"async\" class=\"aligncenter wp-image-28895 size-full\" src=\"https:\/\/cryptsec.se\/wp-content\/uploads\/2024\/11\/Skarmavbild-2024-11-18-kl.-12.44.59.png\" alt=\"\" width=\"2666\" height=\"1436\" srcset=\"https:\/\/cryptsec.se\/wp-content\/uploads\/2024\/11\/Skarmavbild-2024-11-18-kl.-12.44.59.png 2560w, https:\/\/cryptsec.se\/wp-content\/uploads\/2024\/11\/Skarmavbild-2024-11-18-kl.-12.44.59-300x162.png 300w, https:\/\/cryptsec.se\/wp-content\/uploads\/2024\/11\/Skarmavbild-2024-11-18-kl.-12.44.59-1024x552.png 1024w, https:\/\/cryptsec.se\/wp-content\/uploads\/2024\/11\/Skarmavbild-2024-11-18-kl.-12.44.59-768x414.png 768w, https:\/\/cryptsec.se\/wp-content\/uploads\/2024\/11\/Skarmavbild-2024-11-18-kl.-12.44.59-1536x827.png 1536w, https:\/\/cryptsec.se\/wp-content\/uploads\/2024\/11\/Skarmavbild-2024-11-18-kl.-12.44.59-2048x1103.png 2048w, https:\/\/cryptsec.se\/wp-content\/uploads\/2024\/11\/Skarmavbild-2024-11-18-kl.-12.44.59-680x366.png 680w\" sizes=\"(max-width: 2666px) 100vw, 2666px\" \/><\/p>\n<\/div>\n<p><img loading=\"lazy\" decoding=\"async\" class=\"aligncenter wp-image-28897 size-full\" src=\"https:\/\/cryptsec.se\/wp-content\/uploads\/2024\/11\/Skarmavbild-2024-11-18-kl.-12.47.20.png\" alt=\"\" width=\"2692\" height=\"1484\" srcset=\"https:\/\/cryptsec.se\/wp-content\/uploads\/2024\/11\/Skarmavbild-2024-11-18-kl.-12.47.20.png 2560w, https:\/\/cryptsec.se\/wp-content\/uploads\/2024\/11\/Skarmavbild-2024-11-18-kl.-12.47.20-300x165.png 300w, https:\/\/cryptsec.se\/wp-content\/uploads\/2024\/11\/Skarmavbild-2024-11-18-kl.-12.47.20-1024x564.png 1024w, https:\/\/cryptsec.se\/wp-content\/uploads\/2024\/11\/Skarmavbild-2024-11-18-kl.-12.47.20-768x423.png 768w, https:\/\/cryptsec.se\/wp-content\/uploads\/2024\/11\/Skarmavbild-2024-11-18-kl.-12.47.20-1536x847.png 1536w, https:\/\/cryptsec.se\/wp-content\/uploads\/2024\/11\/Skarmavbild-2024-11-18-kl.-12.47.20-2048x1129.png 2048w, https:\/\/cryptsec.se\/wp-content\/uploads\/2024\/11\/Skarmavbild-2024-11-18-kl.-12.47.20-680x375.png 680w\" sizes=\"(max-width: 2692px) 100vw, 2692px\" \/><\/p>\n<\/div>\n<\/div>\n","protected":false},"excerpt":{"rendered":"<p>Mission Darkness\u2122 RF Shielded Phone &amp; Tablet Locker \u00e4r ett kraftigt metallsk\u00e5pssystem med 24 individuellt avsk\u00e4rmade l\u00e5sbara fack. Den \u00e4r s\u00e4rskilt utformad f\u00f6r att skydda b\u00e4rbara elektroniska enheter fr\u00e5n RF-signaler (radiofrekvens), medan de \u00e4r s\u00e4kert l\u00e5sta inuti. Varje fack \u00e4r en frist\u00e5ende, helt sluten metallbox, vilket inneb\u00e4r att n\u00e4r en sk\u00e5psd\u00f6rr \u00f6ppnas kommer signalerna bara in i det facket; resten av facken forts\u00e4tter att isolera och s\u00e4kra enheterna inuti. Separeringen av avdelningarna eliminerar ocks\u00e5 risken f\u00f6r att hela avsk\u00e4rmningssystemet fallerar p\u00e5 grund av en enda svag punkt.<\/p>\n","protected":false},"featured_media":28886,"template":"","meta":[],"product_brand":[],"product_cat":[830,1078,1075],"product_tag":[1117,998,1127,1120,831,833,1121,884,1119,1118,834,1128],"berocket_brand":[],"class_list":{"0":"post-29920","1":"product","2":"type-product","3":"status-publish","4":"has-post-thumbnail","6":"product_cat-faraday-mission-darkness","7":"product_cat-faradayvaskor-ipad-datorer","8":"product_cat-forensics-sv","9":"product_tag-faraday-sv","10":"product_tag-faraday-bag-sv","11":"product_tag-faraday-forvaringsskap","12":"product_tag-faraday-skap-sv","13":"product_tag-faraday-skold","14":"product_tag-faraday-skydd","15":"product_tag-faraday-skydd-sv","16":"product_tag-faraday-vaska-sv","17":"product_tag-forensisk-utrustning","18":"product_tag-forensiskt-system","19":"product_tag-rattsmedicin","20":"product_tag-sakra-motesrum-sv","22":"first","23":"instock","24":"taxable","25":"shipping-taxable","26":"purchasable","27":"product-type-variable","28":"has-default-attributes"},"_links":{"self":[{"href":"https:\/\/cryptsec.se\/sv\/wp-json\/wp\/v2\/product\/29920","targetHints":{"allow":["GET"]}}],"collection":[{"href":"https:\/\/cryptsec.se\/sv\/wp-json\/wp\/v2\/product"}],"about":[{"href":"https:\/\/cryptsec.se\/sv\/wp-json\/wp\/v2\/types\/product"}],"wp:featuredmedia":[{"embeddable":true,"href":"https:\/\/cryptsec.se\/sv\/wp-json\/wp\/v2\/media\/28886"}],"wp:attachment":[{"href":"https:\/\/cryptsec.se\/sv\/wp-json\/wp\/v2\/media?parent=29920"}],"wp:term":[{"taxonomy":"product_brand","embeddable":true,"href":"https:\/\/cryptsec.se\/sv\/wp-json\/wp\/v2\/product_brand?post=29920"},{"taxonomy":"product_cat","embeddable":true,"href":"https:\/\/cryptsec.se\/sv\/wp-json\/wp\/v2\/product_cat?post=29920"},{"taxonomy":"product_tag","embeddable":true,"href":"https:\/\/cryptsec.se\/sv\/wp-json\/wp\/v2\/product_tag?post=29920"},{"taxonomy":"berocket_brand","embeddable":true,"href":"https:\/\/cryptsec.se\/sv\/wp-json\/wp\/v2\/berocket_brand?post=29920"}],"curies":[{"name":"wp","href":"https:\/\/api.w.org\/{rel}","templated":true}]}}