{"id":29923,"date":"2024-11-04T11:44:36","date_gmt":"2024-11-04T10:44:36","guid":{"rendered":"https:\/\/cryptsec.se\/product\/mission-darkness-window-charge-shield-faraday-vaska\/"},"modified":"2024-11-04T11:44:36","modified_gmt":"2024-11-04T10:44:36","slug":"mission-darkness-window-charge-shield-faraday-vaska","status":"publish","type":"product","link":"https:\/\/cryptsec.se\/sv\/product\/mission-darkness-window-charge-shield-faraday-vaska\/","title":{"rendered":"Mission Darkness\u2122 Window Charge &amp; Shield Faraday-v\u00e4ska"},"content":{"rendered":"<p><img fetchpriority=\"high\" decoding=\"async\" class=\"aligncenter wp-image-27999 size-full\" src=\"https:\/\/cryptsec.se\/wp-content\/uploads\/2024\/11\/nedladdning.jpeg\" alt=\"\" width=\"1500\" height=\"928\" srcset=\"https:\/\/cryptsec.se\/wp-content\/uploads\/2024\/11\/nedladdning.jpeg 1500w, https:\/\/cryptsec.se\/wp-content\/uploads\/2024\/11\/nedladdning-300x186.jpeg 300w, https:\/\/cryptsec.se\/wp-content\/uploads\/2024\/11\/nedladdning-1024x634.jpeg 1024w, https:\/\/cryptsec.se\/wp-content\/uploads\/2024\/11\/nedladdning-768x475.jpeg 768w, https:\/\/cryptsec.se\/wp-content\/uploads\/2024\/11\/nedladdning-680x421.jpeg 680w\" sizes=\"(max-width: 1500px) 100vw, 1500px\" \/><\/p>\n<p><img decoding=\"async\" class=\"aligncenter wp-image-28001 size-full\" src=\"https:\/\/cryptsec.se\/wp-content\/uploads\/2024\/11\/Skarmavbild-2024-11-04-kl.-17.45.55.png\" alt=\"\" width=\"2816\" height=\"234\" srcset=\"https:\/\/cryptsec.se\/wp-content\/uploads\/2024\/11\/Skarmavbild-2024-11-04-kl.-17.45.55.png 2560w, https:\/\/cryptsec.se\/wp-content\/uploads\/2024\/11\/Skarmavbild-2024-11-04-kl.-17.45.55-300x25.png 300w, https:\/\/cryptsec.se\/wp-content\/uploads\/2024\/11\/Skarmavbild-2024-11-04-kl.-17.45.55-1024x85.png 1024w, https:\/\/cryptsec.se\/wp-content\/uploads\/2024\/11\/Skarmavbild-2024-11-04-kl.-17.45.55-768x64.png 768w, https:\/\/cryptsec.se\/wp-content\/uploads\/2024\/11\/Skarmavbild-2024-11-04-kl.-17.45.55-1536x128.png 1536w, https:\/\/cryptsec.se\/wp-content\/uploads\/2024\/11\/Skarmavbild-2024-11-04-kl.-17.45.55-2048x170.png 2048w, https:\/\/cryptsec.se\/wp-content\/uploads\/2024\/11\/Skarmavbild-2024-11-04-kl.-17.45.55-680x57.png 680w\" sizes=\"(max-width: 2816px) 100vw, 2816px\" \/><\/p>\n<div id=\"s-c48e214d-5417-4614-bcd8-9dc5a0ab1d02\" class=\"shg-c shg-align-left\">\n<div class=\"shogun-heading-component\">\n<h2><b>Sk\u00f6ld och laddning p\u00e5 f\u00e4ltet eller i laboratoriet<\/b><\/h2>\n<\/div>\n<\/div>\n<div id=\"s-db938835-824d-45b6-9677-dc34ffb9ebda\" class=\"shg-c \">\n<div class=\"shg-rich-text shg-theme-text-content\">\n<p>Window Charge &amp; Shield Faraday Bag kan anv\u00e4ndas separat eller tillsammans med v\u00e5rt Blocker Locker\u2122-system (beskrivs nedan). Det sk\u00e4rmade USB-filtret och kabelsatsen g\u00f6r att enheten kan anslutas till ett uppladdningsbart batteri eller en permanent str\u00f6mk\u00e4lla, vilket garanterar att str\u00f6mf\u00f6rs\u00f6rjningen aldrig \u00e4ventyras. Blixtl\u00e5sfickan p\u00e5 v\u00e4skans baksida inneh\u00e5ller de medf\u00f6ljande kabeltipsen; anslut helt enkelt enheten till USB-filtrets insida med hj\u00e4lp av den kompatibla tippen. En enhet inuti kan ta emot str\u00f6m medan den f\u00f6rflyttas mellan olika platser, t.ex. ett fordon, en laddningsstation, ett bevissk\u00e5p eller ett skrivbord med ett eluttag, tills den kan analyseras p\u00e5 en annan plats. Anv\u00e4ndaren kan se enhetens status genom det transparenta f\u00f6nstret f\u00f6r att bekr\u00e4fta att batteriet \u00e4r laddat och att signalen \u00e4r avst\u00e4ngd. F\u00f6r att extrahera data kopplar anv\u00e4ndaren helt enkelt bort str\u00f6mk\u00e4llan och ansluter till ett extraktionsverktyg. P\u00e5sen kan placeras i en forensisk faradayl\u00e5da och enheten inuti \u00f6verf\u00f6ras f\u00f6r skyddad datautvinning.<\/p>\n<div id=\"s-31ca3160-a854-4c74-aa28-50a203841f3a\" class=\"shg-c \">\n<div class=\"shogun-heading-component\">\n<h2><b>Kan anv\u00e4ndas med Mission Darkness Blocker Locker 7<\/b><\/h2>\n<\/div>\n<\/div>\n<div id=\"s-0177511e-b1e6-4ddd-a2f2-e4abd54b5599\" class=\"shg-c \">\n<div class=\"shg-rich-text shg-theme-text-content\">\n<p>Charge &amp; Shield Faraday Bags \u00e4r perfekt dimensionerade f\u00f6r att passa i varje sk\u00e5pfack i <a href=\"https:\/\/mosequipment.com\/collections\/analysis-enclosures\/products\/mission-darkness-blocker-locker-7\" target=\"_blank\" rel=\"noopener\">Mission Darkness Blocker Locker 7\u2122 &#8211; Charge &amp; Shield Evidence Cabinet.<\/a> Sk\u00e5pet levereras med sju Phone Size Window Charge &amp; Shield Faraday Bags plus alla n\u00f6dv\u00e4ndiga laddningskomponenter. Varje sk\u00e5pfack har tv\u00e5 USB-str\u00f6muttag och ett unikt yttre l\u00e5s. V\u00e4skan kan tas ut ur bevissk\u00e5pet och \u00f6verf\u00f6ras till laboratoriet utan att RF-skyddet f\u00f6rs\u00e4mras. Upp till tv\u00e5 Charge &amp; Shield Faraday-v\u00e4skor f\u00e5r plats i varje sk\u00e5pfack. K\u00f6p ytterligare Charge &amp; Shield Faraday Bags (finns i telefon- eller surfplattestorlek, med eller <a href=\"https:\/\/mosequipment.com\/products\/mission-darkness-non-window-charge-shield-faraday-bag\" target=\"_blank\" rel=\"noopener\">utan<\/a> f\u00f6nster) f\u00f6r att st\u00f6dja fler enheter i sk\u00e5pet, eller f\u00f6r att anv\u00e4nda f\u00f6r ditt eget bevissk\u00e5pssystem eller RF-sk\u00e4rmningsbehov.    <\/p>\n<p>&nbsp;<\/p>\n<\/div>\n<\/div>\n<div id=\"s-7fef18e6-ca09-492e-8058-f78b64b1e28d\" class=\"shg-c shg-align-left\">\n<div class=\"shogun-heading-component\">\n<h2><b>Om du anv\u00e4nder Blocker Locker 7\u2122<\/b><\/h2>\n<\/div>\n<\/div>\n<div id=\"s-c368c5b6-88a4-457b-89d3-454d7a7ac68b\" class=\"shg-c \">\n<div class=\"shg-rich-text shg-theme-text-content\">\n<p>N\u00e4r Window Charge &amp; Shield Faraday Bags anv\u00e4nds tillsammans med <a href=\"https:\/\/mosequipment.com\/collections\/analysis-enclosures\/products\/mission-darkness-blocker-locker-7\" target=\"_blank\" rel=\"noopener\">Mission Darkness Blocker Locker 7\u2122 &#8211; Charge &amp; Shield Evidence Cabinet<\/a>, f\u00f6rblir enheterna s\u00e4kert l\u00e5sta, skyddade fr\u00e5n RF-signaler och laddade hela tiden. Blocker Locker \u00e4r utrustad med en Charge &amp; Shield Faraday Bag med f\u00f6nster i telefonstorlek i varje sk\u00e5pfack. Det skr\u00e4ddarsydda avsk\u00e4rmningssystemet m\u00f6jligg\u00f6r korrekt behandling under varje steg i f\u00f6rvaret, fr\u00e5n enhetsintag till f\u00f6rh\u00f6r. N\u00e4r du anv\u00e4nder Blocker Locker placerar du helt enkelt en enhet i Window Charge &amp; Shield Faraday Bag, ansluter enheten till insidan av USB-filtret, st\u00e4nger p\u00e5sen och ansluter sedan yttersidan av USB-filtret till eluttaget i det enskilda sk\u00e5pfacket. F\u00f6r att f\u00f6rh\u00f6ra eller extrahera data fr\u00e5n en enhet l\u00e5ser du upp facket, kopplar bort USB-str\u00f6mkabeln, tar ut Window Charge &amp; Shield Faraday Bag och \u00f6verf\u00f6r den till en kriminalteknisk faradaybox, som <a href=\"https:\/\/mosequipment.com\/products\/mission-darkness-blockbox-lab-xl\" target=\"_blank\" rel=\"noopener\">Mission Darkness BlockBox Lab XL.<\/a> V\u00e4skan kan enkelt \u00f6ppnas inuti boxen (NeoLok magnetisk f\u00f6rslutning minskar n\u00f6tning av faradayhandskar) medan enheten f\u00f6rs in i det skyddade h\u00f6ljet. Sk\u00e4rmning och str\u00f6mf\u00f6rs\u00f6rjning \u00e4ventyras aldrig, vilket ger en s\u00f6ml\u00f6s process f\u00f6r utredarna.  <\/p>\n<\/div>\n<div id=\"s-6adc67e6-34ba-4f4f-bff8-fd34d438d27d\" class=\"shg-c shg-align-left\">\n<div class=\"shogun-heading-component\">\n<h1><b>F\u00f6nster Charge &amp; Shield Faraday Bag Anv\u00e4ndningssteg<\/b><\/h1>\n<\/div>\n<\/div>\n<div id=\"s-66411b0c-b013-40c6-a20b-1ee72e238b5b\" class=\"shg-c shg-align-left\">\n<div class=\"shogun-heading-component\">\n<h3><b>1) Placera enheten i en Faraday-v\u00e4ska med f\u00f6nsterladdning och sk\u00f6ld<\/b><\/h3>\n<\/div>\n<\/div>\n<div id=\"s-c2a571bd-6cc9-4225-8fb9-0719ee654430\" class=\"shg-c \">\n<div class=\"shg-rich-text shg-theme-text-content\">\n<p>N\u00e4r en enhet tas emot p\u00e5 f\u00e4ltet eller p\u00e5 polisstationen placerar polisen den i Window Charge &amp; Shield Faraday Bag. Den motsvarande kabelspetsen som finns i v\u00e4skans blixtl\u00e5sficka anv\u00e4nds f\u00f6r att ansluta enheten till v\u00e4skans inre USB-port. V\u00e4skan f\u00f6rsluts sedan med NeoLok-magnetf\u00f6rslutningen.  <\/p>\n<\/div>\n<\/div>\n<div id=\"s-28ea6f97-0bd8-4ac5-8701-fbf82e267cdd\" class=\"shg-c shg-align-left\">\n<div class=\"shogun-heading-component\">\n<h3><b>2) Anslut v\u00e4skan till str\u00f6mf\u00f6rs\u00f6rjningen<\/b><\/h3>\n<\/div>\n<\/div>\n<div id=\"s-bbcf58ec-2fb9-4133-9deb-8d83db42a7ad\" class=\"shg-c \">\n<div class=\"shg-rich-text shg-theme-text-content\">\n<p>Polismannen ansluter den sk\u00e4rmade USB A\/M till A\/M-kabeln till v\u00e4skans yttre USB-port och till en str\u00f6mk\u00e4lla. Enhetens status kan bekr\u00e4ftas genom att titta p\u00e5 sk\u00e4rmen genom v\u00e4skans genomskinliga f\u00f6nster. <\/p>\n<\/div>\n<\/div>\n<div id=\"s-69fb4316-ea51-48d3-86bf-c5741578c50b\" class=\"shg-c shg-align-left\">\n<div class=\"shogun-heading-component\">\n<h3><b>3) F\u00f6rvara enheten p\u00e5 en s\u00e4ker plats<\/b><\/h3>\n<\/div>\n<\/div>\n<div id=\"s-0113a10d-3cff-4485-87a1-071cdaf152dd\" class=\"shg-c \">\n<div class=\"shg-rich-text shg-theme-text-content\">\n<p>F\u00f6rvara den f\u00f6rseglade p\u00e5sen p\u00e5 en s\u00e4ker plats medan enheten inuti laddas p\u00e5 obest\u00e4md tid. Om du anv\u00e4nder Blocker Locker ska du l\u00e5sa sk\u00e5pet och placera nyckeln i dropboxen. <\/p>\n<\/div>\n<\/div>\n<div id=\"s-882fd644-ef82-4393-8abb-c6c5d5a9fbcc\" class=\"shg-c shg-align-left\">\n<div class=\"shogun-heading-component\">\n<h3><b>4) \u00d6verf\u00f6ring f\u00f6r datautvinning<\/b><\/h3>\n<\/div>\n<\/div>\n<div id=\"s-a92b72f5-51b8-4de8-8f9f-5b6fc5355985\" class=\"shg-c \">\n<div class=\"shg-rich-text shg-theme-text-content\">\n<p>Vid den tidpunkt d\u00e5 l\u00f6senkodsbrytning eller datautvinning ska ske kopplar den person som hanterar bevismaterialet bort p\u00e5sen fr\u00e5n str\u00f6mk\u00e4llan och \u00f6verf\u00f6r den f\u00f6rseglade p\u00e5sen till det laboratorium eller den plats d\u00e4r den ska analyseras. Anv\u00e4ndaren kan ansluta ett extraktionsverktyg direkt till det yttre USB-filtret, eller enkelt \u00f6ppna v\u00e4skan inuti en kriminalteknisk l\u00e5da. <\/p>\n<\/div>\n<\/div>\n<div id=\"s-8fddfa19-e735-4b70-b22c-862082e94799\" class=\"shg-c \">\n<div class=\"shg-rich-text shg-theme-text-content\">\n<p><strong>*Ytterligare steg varierar beroende p\u00e5 anv\u00e4ndningsscenario (se nedan).<\/strong><\/p>\n<\/div>\n<\/div>\n<div id=\"s-46d981e9-7d8a-4723-a4f6-30a0a9970e87\" class=\"shg-c shg-align-left\">\n<div class=\"shogun-heading-component\">\n<h2><b>Hur man anv\u00e4nder GrayKey<\/b><\/h2>\n<\/div>\n<\/div>\n<div id=\"s-cf775753-c86c-4156-9724-812711031aec\" class=\"shg-c \">\n<div class=\"shg-rich-text shg-theme-text-content\">\n<p>Window Charge &amp; Shield Faraday Bag kan flyttas till ett RF-avsk\u00e4rmat rum eller en faradaybox f\u00f6r anv\u00e4ndning med uppl\u00e5sningsverktyg som GrayKey.<\/p>\n<\/div>\n<\/div>\n<div id=\"s-609cdd17-ea57-4858-81d8-d9c0dbe6a7bb\" class=\"shg-c \">\n<div class=\"shg-rich-text shg-theme-text-content\">\n<div id=\"s-098fef87-41dd-4521-b8bf-fed340d474d2\" class=\"shg-c \">\n<div class=\"shg-rich-text shg-theme-text-content\">\n<div id=\"s-c9b6ca89-73c0-467f-b01e-fbaac935db51\" class=\"shg-c \">\n<ul>\n<li class=\"shg-rich-text shg-theme-text-content\">Om du anv\u00e4nder en kriminalteknisk l\u00e5da som <a href=\"https:\/\/mosequipment.com\/products\/mission-darkness-blockbox-lab-xl\" target=\"_blank\" rel=\"noopener\">Mission Darkness BlockBox Lab XL<\/a>, placera GrayKey-enheten inuti l\u00e5dan och anslut den till den inre RJ45 Ethernet-porten.<\/li>\n<\/ul>\n<\/div>\n<\/div>\n<\/div>\n<div id=\"s-36bc4d90-1b0b-4615-b1f8-dce62641cb02\" class=\"shg-c \">\n<div class=\"shg-rich-text shg-theme-text-content\">\n<div id=\"s-c9b6ca89-73c0-467f-b01e-fbaac935db51\" class=\"shg-c \">\n<div class=\"shg-rich-text shg-theme-text-content\">\n<ul>\n<li>S\u00e4tt in Window Charge &amp; Shield Faraday Bag med enheten i l\u00e5dan och st\u00e4ng locket.<\/li>\n<li>Placera h\u00e4nderna i de konduktiva handskarna och \u00f6ppna Window Charge &amp; Shield Faraday Bag. Den magnetiska NeoLok-f\u00f6rslutningen \u00e4r l\u00e4tt att \u00f6ppna inuti l\u00e5dan och minskar n\u00f6tningen av faradayhandskarna (j\u00e4mf\u00f6rt med p\u00e5sar med kardborref\u00f6rslutning). <\/li>\n<li>N\u00e4r enheten har tagits ur p\u00e5sen ansluter du den till GrayKey och anv\u00e4nder verktyget enligt anvisningarna.<\/li>\n<\/ul>\n<p>&nbsp;<\/p>\n<\/div>\n<\/div>\n<\/div>\n<\/div>\n<\/div>\n<\/div>\n<\/div>\n<\/div>\n<\/div>\n","protected":false},"excerpt":{"rendered":"<p>F\u00f6r att effektivt komma \u00e5t och \u00e5terst\u00e4lla data fr\u00e5n mobiltelefoner, surfplattor och liknande elektronik kr\u00e4ver de senaste kriminaltekniska verktygen att enheterna \u00e4r aktiva. Mission Darkness\u2122 Window Charge &amp; Shield Faraday Bag \u00e4r utformad f\u00f6r att h\u00e5lla en enhet str\u00f6mf\u00f6rs\u00f6rjd samtidigt som den skyddas fr\u00e5n RF-signaler. Den finns i storlekarna telefon och surfplatta och har gott om plats f\u00f6r filterkabelanslutningen. Varje v\u00e4ska inneh\u00e5ller ett dubbelsidigt USB-filter med externt kabell\u00e5s, patenterat NeoLok\u2122 f\u00f6rslutningssystem f\u00f6r s\u00e4ker anv\u00e4ndning med ledande handskar, transparent f\u00f6nster f\u00f6r visning av batteritid och enhetsstatus samt en m\u00e4ngd olika laddningskablar f\u00f6r enheter. Den unika laddningsfunktionen f\u00f6rhindrar sp\u00e4rrl\u00e4ge och minskar den tid som kr\u00e4vs f\u00f6r att kn\u00e4cka ett l\u00f6senord, vilket m\u00f6jligg\u00f6r maximal datautvinning och uppl\u00e5sning med verktyg som GrayKey, Cellebrite, XRY, BlackBag, Oxygen m.fl.<\/p>\n","protected":false},"featured_media":30228,"template":"","meta":[],"product_brand":[],"product_cat":[830,1076,1078,1075],"product_tag":[1117,998,831,833,884,1119,834,885],"berocket_brand":[],"class_list":{"0":"post-29923","1":"product","2":"type-product","3":"status-publish","4":"has-post-thumbnail","6":"product_cat-faraday-mission-darkness","7":"product_cat-faraday-nyckelring-telefonvaskor","8":"product_cat-faradayvaskor-ipad-datorer","9":"product_cat-forensics-sv","10":"product_tag-faraday-sv","11":"product_tag-faraday-bag-sv","12":"product_tag-faraday-skold","13":"product_tag-faraday-skydd","14":"product_tag-faraday-vaska-sv","15":"product_tag-forensisk-utrustning","16":"product_tag-rattsmedicin","17":"product_tag-sakerhetsfodral-sv","19":"first","20":"instock","21":"taxable","22":"shipping-taxable","23":"purchasable","24":"product-type-variable","25":"has-default-attributes"},"_links":{"self":[{"href":"https:\/\/cryptsec.se\/sv\/wp-json\/wp\/v2\/product\/29923","targetHints":{"allow":["GET"]}}],"collection":[{"href":"https:\/\/cryptsec.se\/sv\/wp-json\/wp\/v2\/product"}],"about":[{"href":"https:\/\/cryptsec.se\/sv\/wp-json\/wp\/v2\/types\/product"}],"wp:featuredmedia":[{"embeddable":true,"href":"https:\/\/cryptsec.se\/sv\/wp-json\/wp\/v2\/media\/30228"}],"wp:attachment":[{"href":"https:\/\/cryptsec.se\/sv\/wp-json\/wp\/v2\/media?parent=29923"}],"wp:term":[{"taxonomy":"product_brand","embeddable":true,"href":"https:\/\/cryptsec.se\/sv\/wp-json\/wp\/v2\/product_brand?post=29923"},{"taxonomy":"product_cat","embeddable":true,"href":"https:\/\/cryptsec.se\/sv\/wp-json\/wp\/v2\/product_cat?post=29923"},{"taxonomy":"product_tag","embeddable":true,"href":"https:\/\/cryptsec.se\/sv\/wp-json\/wp\/v2\/product_tag?post=29923"},{"taxonomy":"berocket_brand","embeddable":true,"href":"https:\/\/cryptsec.se\/sv\/wp-json\/wp\/v2\/berocket_brand?post=29923"}],"curies":[{"name":"wp","href":"https:\/\/api.w.org\/{rel}","templated":true}]}}