{"id":29924,"date":"2024-11-04T11:44:37","date_gmt":"2024-11-04T10:44:37","guid":{"rendered":"https:\/\/cryptsec.se\/product\/mission-darkness-freeroam-faraday-baltesvaska\/"},"modified":"2024-11-04T11:44:37","modified_gmt":"2024-11-04T10:44:37","slug":"mission-darkness-freeroam-faraday-baltesvaska","status":"publish","type":"product","link":"https:\/\/cryptsec.se\/sv\/product\/mission-darkness-freeroam-faraday-baltesvaska\/","title":{"rendered":"Mission Darkness\u2122 FreeRoam Faraday B\u00e4ltesv\u00e4ska"},"content":{"rendered":"<p><img fetchpriority=\"high\" decoding=\"async\" class=\"aligncenter wp-image-27963 \" src=\"https:\/\/cryptsec.se\/wp-content\/uploads\/2024\/11\/Skarmavbild-2024-11-04-kl.-14.03.26.png\" alt=\"\" width=\"1001\" height=\"492\" srcset=\"https:\/\/cryptsec.se\/wp-content\/uploads\/2024\/11\/Skarmavbild-2024-11-04-kl.-14.03.26.png 2560w, https:\/\/cryptsec.se\/wp-content\/uploads\/2024\/11\/Skarmavbild-2024-11-04-kl.-14.03.26-300x147.png 300w, https:\/\/cryptsec.se\/wp-content\/uploads\/2024\/11\/Skarmavbild-2024-11-04-kl.-14.03.26-1024x503.png 1024w, https:\/\/cryptsec.se\/wp-content\/uploads\/2024\/11\/Skarmavbild-2024-11-04-kl.-14.03.26-768x377.png 768w, https:\/\/cryptsec.se\/wp-content\/uploads\/2024\/11\/Skarmavbild-2024-11-04-kl.-14.03.26-1536x754.png 1536w, https:\/\/cryptsec.se\/wp-content\/uploads\/2024\/11\/Skarmavbild-2024-11-04-kl.-14.03.26-2048x1006.png 2048w, https:\/\/cryptsec.se\/wp-content\/uploads\/2024\/11\/Skarmavbild-2024-11-04-kl.-14.03.26-680x334.png 680w\" sizes=\"(max-width: 1001px) 100vw, 1001px\" \/><\/p>\n<p>&nbsp;<\/p>\n<p>&nbsp;<\/p>\n<p><img decoding=\"async\" class=\"wp-image-27965 aligncenter\" src=\"https:\/\/cryptsec.se\/wp-content\/uploads\/2024\/11\/Skarmavbild-2024-11-04-kl.-14.04.29.png\" alt=\"\" width=\"1002\" height=\"399\" srcset=\"https:\/\/cryptsec.se\/wp-content\/uploads\/2024\/11\/Skarmavbild-2024-11-04-kl.-14.04.29.png 2560w, https:\/\/cryptsec.se\/wp-content\/uploads\/2024\/11\/Skarmavbild-2024-11-04-kl.-14.04.29-300x119.png 300w, https:\/\/cryptsec.se\/wp-content\/uploads\/2024\/11\/Skarmavbild-2024-11-04-kl.-14.04.29-1024x408.png 1024w, https:\/\/cryptsec.se\/wp-content\/uploads\/2024\/11\/Skarmavbild-2024-11-04-kl.-14.04.29-768x306.png 768w, https:\/\/cryptsec.se\/wp-content\/uploads\/2024\/11\/Skarmavbild-2024-11-04-kl.-14.04.29-1536x612.png 1536w, https:\/\/cryptsec.se\/wp-content\/uploads\/2024\/11\/Skarmavbild-2024-11-04-kl.-14.04.29-2048x816.png 2048w, https:\/\/cryptsec.se\/wp-content\/uploads\/2024\/11\/Skarmavbild-2024-11-04-kl.-14.04.29-680x271.png 680w\" sizes=\"(max-width: 1002px) 100vw, 1002px\" \/><\/p>\n","protected":false},"excerpt":{"rendered":"<div id=\"s-402dac60-da70-4f9b-a627-9d98d684bb75\" class=\"shg-c \">\n<div class=\"shg-rich-text shg-theme-text-content\">\n<p>Mission Darkness\u2122 FreeRoam Faraday Belt Bag \u00e4r en snygg midjev\u00e4ska som \u00e4r perfekt f\u00f6r resor och vardagsbruk. Det stora innerfacket \u00e4r fodrat med tv\u00e5 diskreta lager av <a href=\"https:\/\/mosequipment.com\/collections\/faraday-supplies\/products\/titanrf-faraday-fabric\">TitanRF\u2122 Faraday Fabric<\/a>, ett labbcertifierat material med h\u00f6g avsk\u00e4rmning som blockerar radiofrekvenser (RF) och elektromagnetiska f\u00e4lt (EMF). Det skyddade facket blockerar WiFi (2,4 &amp; 5 GHz), Bluetooth, mobilsignaler inklusive 5G-n\u00e4tverk, GPS, RFID, NFC och radiosignaler fr\u00e5n l\u00e5ga MHz \u00e4nda upp till 40 GHz. N\u00e4r en mobiltelefon \u00e4r innesluten i v\u00e4skan kan inga appar eller skadlig kod fj\u00e4rrutl\u00f6sas eller raderas, ingen kommunikation kan tr\u00e4nga igenom och ingen kan komma \u00e5t mikrofonen, kameran, GPS-positionen eller data. Det skyddade facket utg\u00f6r ocks\u00e5 en barri\u00e4r mellan din kropp och skadlig EMF-str\u00e5lning och f\u00f6roreningar som h\u00e4rr\u00f6r fr\u00e5n mobiltelefoner eller andra elektroniska enheter inuti. Ytterligare f\u00f6rdelar \u00e4r RFID-s\u00e4kerhet f\u00f6r pass, kreditkort och alla f\u00f6rem\u00e5l med RFID-chip\/tagg.  <\/p>\n<p class=\"a-spacing-base\">Det skyddade facket har en magnetisk f\u00f6rslutning som g\u00f6r det l\u00e4tt att komma \u00e5t inneh\u00e5llet inuti. Den magnetiska f\u00f6rslutningen rullas ihop och st\u00e4ngs inne i v\u00e4skan, som har en extra yttre blixtl\u00e5sf\u00f6rsegling. V\u00e4skan har en skyddande utsida och tv\u00e5 oskyddade blixtl\u00e5sfack framtill f\u00f6r f\u00f6rvaring av tillbeh\u00f6r. F\u00f6r att b\u00e4ra v\u00e4skan, f\u00e4st den helt enkelt runt kroppen f\u00f6r handsfree-b\u00e4rande. Det justerbara bandet kan f\u00e4stas runt midjan eller b\u00e4ras som en slinga \u00f6ver axeln.    <\/p>\n<p class=\"a-spacing-base\">Prim\u00e4ra anv\u00e4ndningsomr\u00e5den \u00e4r f\u00f6rsvar mot datast\u00f6ld, personlig s\u00e4kerhet, EMP-skydd, minskning av EMF-str\u00e5lning, insamling av kriminaltekniska bevis inom polis och milit\u00e4r samt f\u00f6r att f\u00f6rb\u00e4ttra den digitala integriteten. V\u00e4skan anv\u00e4nds vanligtvis f\u00f6r att skydda mobiltelefoner, pass, kreditkort, GPS-enheter, transpondrar, s\u00e4ndare, komradioapparater, nyckelbrickor, smarta klockor och elektronik av liknande storlek. <\/p>\n<\/div>\n<\/div>\n","protected":false},"featured_media":27948,"template":"","meta":[],"product_brand":[],"product_cat":[1076],"product_tag":[1117,998,831,833,884,1119,834,885],"berocket_brand":[],"class_list":{"0":"post-29924","1":"product","2":"type-product","3":"status-publish","4":"has-post-thumbnail","6":"product_cat-faraday-nyckelring-telefonvaskor","7":"product_tag-faraday-sv","8":"product_tag-faraday-bag-sv","9":"product_tag-faraday-skold","10":"product_tag-faraday-skydd","11":"product_tag-faraday-vaska-sv","12":"product_tag-forensisk-utrustning","13":"product_tag-rattsmedicin","14":"product_tag-sakerhetsfodral-sv","16":"first","17":"instock","18":"taxable","19":"shipping-taxable","20":"purchasable","21":"product-type-simple"},"_links":{"self":[{"href":"https:\/\/cryptsec.se\/sv\/wp-json\/wp\/v2\/product\/29924","targetHints":{"allow":["GET"]}}],"collection":[{"href":"https:\/\/cryptsec.se\/sv\/wp-json\/wp\/v2\/product"}],"about":[{"href":"https:\/\/cryptsec.se\/sv\/wp-json\/wp\/v2\/types\/product"}],"wp:featuredmedia":[{"embeddable":true,"href":"https:\/\/cryptsec.se\/sv\/wp-json\/wp\/v2\/media\/27948"}],"wp:attachment":[{"href":"https:\/\/cryptsec.se\/sv\/wp-json\/wp\/v2\/media?parent=29924"}],"wp:term":[{"taxonomy":"product_brand","embeddable":true,"href":"https:\/\/cryptsec.se\/sv\/wp-json\/wp\/v2\/product_brand?post=29924"},{"taxonomy":"product_cat","embeddable":true,"href":"https:\/\/cryptsec.se\/sv\/wp-json\/wp\/v2\/product_cat?post=29924"},{"taxonomy":"product_tag","embeddable":true,"href":"https:\/\/cryptsec.se\/sv\/wp-json\/wp\/v2\/product_tag?post=29924"},{"taxonomy":"berocket_brand","embeddable":true,"href":"https:\/\/cryptsec.se\/sv\/wp-json\/wp\/v2\/berocket_brand?post=29924"}],"curies":[{"name":"wp","href":"https:\/\/api.w.org\/{rel}","templated":true}]}}