{"id":29925,"date":"2024-11-04T11:44:37","date_gmt":"2024-11-04T10:44:37","guid":{"rendered":"https:\/\/cryptsec.se\/product\/mission-darkness-fonsterlos-charge-shield-faraday-bag\/"},"modified":"2024-11-04T11:44:37","modified_gmt":"2024-11-04T10:44:37","slug":"mission-darkness-fonsterlos-charge-shield-faraday-bag","status":"publish","type":"product","link":"https:\/\/cryptsec.se\/sv\/product\/mission-darkness-fonsterlos-charge-shield-faraday-bag\/","title":{"rendered":"Mission Darkness\u2122 F\u00f6nsterl\u00f6s Charge &amp; Shield Faraday Bag"},"content":{"rendered":"<p><img fetchpriority=\"high\" decoding=\"async\" class=\"aligncenter wp-image-27981 size-full\" src=\"https:\/\/cryptsec.se\/wp-content\/uploads\/2024\/11\/Skarmavbild-2024-11-04-kl.-14.12.31.png\" alt=\"\" width=\"2820\" height=\"240\" srcset=\"https:\/\/cryptsec.se\/wp-content\/uploads\/2024\/11\/Skarmavbild-2024-11-04-kl.-14.12.31.png 2560w, https:\/\/cryptsec.se\/wp-content\/uploads\/2024\/11\/Skarmavbild-2024-11-04-kl.-14.12.31-300x26.png 300w, https:\/\/cryptsec.se\/wp-content\/uploads\/2024\/11\/Skarmavbild-2024-11-04-kl.-14.12.31-1024x87.png 1024w, https:\/\/cryptsec.se\/wp-content\/uploads\/2024\/11\/Skarmavbild-2024-11-04-kl.-14.12.31-768x65.png 768w, https:\/\/cryptsec.se\/wp-content\/uploads\/2024\/11\/Skarmavbild-2024-11-04-kl.-14.12.31-1536x131.png 1536w, https:\/\/cryptsec.se\/wp-content\/uploads\/2024\/11\/Skarmavbild-2024-11-04-kl.-14.12.31-2048x174.png 2048w, https:\/\/cryptsec.se\/wp-content\/uploads\/2024\/11\/Skarmavbild-2024-11-04-kl.-14.12.31-680x58.png 680w\" sizes=\"(max-width: 2820px) 100vw, 2820px\" \/><\/p>\n<p><img decoding=\"async\" class=\"wp-image-27983 size-full aligncenter\" src=\"https:\/\/cryptsec.se\/wp-content\/uploads\/2024\/11\/charge-shield.jpeg\" alt=\"\" width=\"1500\" height=\"928\" srcset=\"https:\/\/cryptsec.se\/wp-content\/uploads\/2024\/11\/charge-shield.jpeg 1500w, https:\/\/cryptsec.se\/wp-content\/uploads\/2024\/11\/charge-shield-300x186.jpeg 300w, https:\/\/cryptsec.se\/wp-content\/uploads\/2024\/11\/charge-shield-1024x634.jpeg 1024w, https:\/\/cryptsec.se\/wp-content\/uploads\/2024\/11\/charge-shield-768x475.jpeg 768w, https:\/\/cryptsec.se\/wp-content\/uploads\/2024\/11\/charge-shield-680x421.jpeg 680w\" sizes=\"(max-width: 1500px) 100vw, 1500px\" \/><\/p>\n<div id=\"s-74963120-23bc-4198-ad80-877f7b0b1472\" class=\"shg-c \">\n<div class=\"shogun-heading-component\">\n<h2><b>Sk\u00f6ld och laddning p\u00e5 f\u00e4ltet eller i laboratoriet<\/b><\/h2>\n<\/div>\n<\/div>\n<div id=\"s-ef134776-6bd6-49c3-b19e-5fabaa0dc31e\" class=\"shg-c \">\n<div class=\"shg-rich-text shg-theme-text-content\">\n<p>Den f\u00f6nsterl\u00f6sa Charge &amp; Shield Faraday Bag kan anv\u00e4ndas frist\u00e5ende eller med v\u00e5rt Blocker Locker\u2122-system (beskrivs nedan). Det sk\u00e4rmade USB-filtret och kabelsatsen g\u00f6r att enheten kan anslutas till ett uppladdningsbart batteri eller en permanent str\u00f6mk\u00e4lla, vilket garanterar att str\u00f6mf\u00f6rs\u00f6rjningen aldrig \u00e4ventyras. Blixtl\u00e5sfickan p\u00e5 v\u00e4skans baksida inneh\u00e5ller de medf\u00f6ljande kabeltipsen; anslut helt enkelt enheten till USB-filtrets insida med hj\u00e4lp av den kompatibla tippen. En enhet inuti kan ta emot str\u00f6m medan den f\u00f6rflyttas mellan olika platser, t.ex. ett fordon, en laddningsstation, ett bevissk\u00e5p eller ett skrivbord med ett eluttag, tills den kan analyseras p\u00e5 en annan plats. F\u00f6r att extrahera data kopplar anv\u00e4ndaren helt enkelt bort str\u00f6mk\u00e4llan och ansluter till ett extraktionsverktyg. P\u00e5sen kan placeras i en forensisk faradayl\u00e5da och enheten inuti \u00f6verf\u00f6ras f\u00f6r skyddad datautvinning.<\/p>\n<\/div>\n<\/div>\n<p>&nbsp;<\/p>\n<div id=\"s-719660c7-0820-4516-8585-2f66ca8291c3\" class=\"shg-c shg-align-left\">\n<div class=\"shogun-heading-component\">\n<h2><b>Kan anv\u00e4ndas med Mission Darkness Blocker Locker 7<\/b><\/h2>\n<\/div>\n<\/div>\n<div id=\"s-351926d6-6f74-4ddc-b29f-cf4ade4cfd6c\" class=\"shg-c \">\n<div class=\"shg-rich-text shg-theme-text-content\">\n<p>Charge &amp; Shield Faraday Bags \u00e4r perfekt dimensionerade f\u00f6r att passa i varje sk\u00e5pfack i <a href=\"https:\/\/mosequipment.com\/collections\/analysis-enclosures\/products\/mission-darkness-blocker-locker-7\" target=\"_blank\" rel=\"noopener\">Mission Darkness Blocker Locker 7\u2122 &#8211; Charge &amp; Shield Evidence Cabinet.<\/a> Sk\u00e5pet levereras med sju <a href=\"https:\/\/mosequipment.com\/products\/mission-darkness-window-charge-shield-faraday-bag\" target=\"_blank\" rel=\"noopener\">Phone Size Window Charge &amp; Shield Faraday Bags<\/a> plus alla n\u00f6dv\u00e4ndiga laddningskomponenter (detta \u00e4r en annan variant som inneh\u00e5ller ett transparent f\u00f6nster p\u00e5 framsidan, till skillnad fr\u00e5n versionen utan f\u00f6nster). Varje sk\u00e5pfack har tv\u00e5 USB-str\u00f6muttag och ett unikt yttre l\u00e5s. V\u00e4skan kan tas ut ur bevissk\u00e5pet och \u00f6verf\u00f6ras till laboratoriet utan att RF-skyddet f\u00f6rs\u00e4mras. Upp till tv\u00e5 Charge &amp; Shield Faraday-v\u00e4skor f\u00e5r plats i varje sk\u00e5pfack. K\u00f6p ytterligare Charge &amp; Shield Faraday Bags (finns i telefon- eller surfplattestorlek, med eller utan <a href=\"https:\/\/mosequipment.com\/products\/mission-darkness-window-charge-shield-faraday-bag\" target=\"_blank\" rel=\"noopener\">f\u00f6nster<\/a> ) f\u00f6r att st\u00f6dja fler enheter i sk\u00e5pet eller f\u00f6r att anv\u00e4nda f\u00f6r ditt eget bevissk\u00e5pssystem eller RF-sk\u00e4rmningsbehov.    <\/p>\n<p>&nbsp;<\/p>\n<\/div>\n<div id=\"s-d6bbd3ea-cfec-4b45-91ca-f6028a20f5de\" class=\"shg-c \">\n<div class=\"shogun-heading-component\">\n<h2><b>Om du anv\u00e4nder Blocker Locker 7\u2122<\/b><\/h2>\n<\/div>\n<\/div>\n<div id=\"s-3afd09ce-f3cb-45b6-aa94-e5945d588c0f\" class=\"shg-c \">\n<div class=\"shg-rich-text shg-theme-text-content\">\n<p>N\u00e4r Charge &amp; Shield Faraday Bags anv\u00e4nds tillsammans med <a href=\"https:\/\/mosequipment.com\/collections\/analysis-enclosures\/products\/mission-darkness-blocker-locker-7\" target=\"_blank\" rel=\"noopener\">Mission Darkness Blocker Locker 7\u2122 &#8211; Charge &amp; Shield Evidence Cabinet<\/a>, f\u00f6rblir enheterna s\u00e4kert l\u00e5sta, skyddade fr\u00e5n RF-signaler och laddade hela tiden. Blocker Locker \u00e4r utrustad med en Charge &amp; Shield Faraday Bag med f\u00f6nster i telefonstorlek i varje sk\u00e5pfack. Observera att denna produktvariant \u00e4r versionen utan f\u00f6nster och inte ing\u00e5r i Blocker Locker, men den kan anv\u00e4ndas tillsammans med den p\u00e5 samma s\u00e4tt som f\u00f6nsterversionen. Det skr\u00e4ddarsydda avsk\u00e4rmningssystemet m\u00f6jligg\u00f6r korrekt behandling under varje steg i f\u00f6rvaret, fr\u00e5n intag av enhet till f\u00f6rh\u00f6r. N\u00e4r du anv\u00e4nder Blocker Locker placerar du helt enkelt en enhet i Charge &amp; Shield Faraday Bag, ansluter enheten till USB-filtrets insida, st\u00e4nger p\u00e5sen och ansluter sedan USB-filtrets utsida till eluttaget i det individuella sk\u00e5pfacket. F\u00f6r att f\u00f6rh\u00f6ra eller extrahera data fr\u00e5n en enhet l\u00e5ser du upp facket, kopplar bort n\u00e4tsladden, tar bort Charge &amp; Shield Faraday Bag och \u00f6verf\u00f6r den till en kriminalteknisk faradaybox, som <a href=\"https:\/\/mosequipment.com\/products\/mission-darkness-blockbox-lab-xl\" target=\"_blank\" rel=\"noopener\">Mission Darkness BlockBox Lab XL.<\/a> V\u00e4skan kan enkelt \u00f6ppnas inuti boxen (den magnetiska NeoLok-f\u00f6rslutningen minskar n\u00f6tningen av faradayhandsken) medan enheten f\u00f6rs in i det skyddade h\u00f6ljet. Sk\u00e4rmning och str\u00f6mf\u00f6rs\u00f6rjning \u00e4ventyras aldrig, vilket ger en s\u00f6ml\u00f6s process f\u00f6r utredarna.   <\/p>\n<\/div>\n<\/div>\n<\/div>\n","protected":false},"excerpt":{"rendered":"<p>F\u00f6r att effektivt komma \u00e5t och \u00e5terst\u00e4lla data fr\u00e5n mobiltelefoner, surfplattor och liknande elektronik kr\u00e4ver de senaste kriminaltekniska verktygen att enheterna \u00e4r aktiva. Mission Darkness\u2122 Non-window Charge &amp; Shield Faraday Bag \u00e4r utformad f\u00f6r att h\u00e5lla en enhet str\u00f6mf\u00f6rs\u00f6rjd samtidigt som den skyddas fr\u00e5n RF-signaler. Den finns i storlekarna telefon och surfplatta och har gott om plats f\u00f6r filterkabelanslutningen. Varje v\u00e4ska inneh\u00e5ller ett dubbelsidigt USB-filtret med externt kabell\u00e5s, det patenterade magnetiska NeoLok\u2122-st\u00e4ngningssystemet f\u00f6r s\u00e4ker anv\u00e4ndning med ledande handskar och en m\u00e4ngd olika laddningskablar. Den unika laddningsfunktionen f\u00f6rhindrar sp\u00e4rrl\u00e4ge och minskar den tid som kr\u00e4vs f\u00f6r att kn\u00e4cka ett l\u00f6senord, vilket m\u00f6jligg\u00f6r maximal datautvinning och uppl\u00e5sning med verktyg som GrayKey, Cellebrite, XRY, BlackBag, Oxygen m.fl.<\/p>\n<div id=\"s-74963120-23bc-4198-ad80-877f7b0b1472\" class=\"shg-c \">\n<div class=\"shogun-heading-component\"><\/div>\n<\/div>\n","protected":false},"featured_media":30235,"template":"","meta":[],"product_brand":[],"product_cat":[830,1076,1078,1075],"product_tag":[1117,998,831,833,884,1118,1129,834,885],"berocket_brand":[],"class_list":{"0":"post-29925","1":"product","2":"type-product","3":"status-publish","4":"has-post-thumbnail","6":"product_cat-faraday-mission-darkness","7":"product_cat-faraday-nyckelring-telefonvaskor","8":"product_cat-faradayvaskor-ipad-datorer","9":"product_cat-forensics-sv","10":"product_tag-faraday-sv","11":"product_tag-faraday-bag-sv","12":"product_tag-faraday-skold","13":"product_tag-faraday-skydd","14":"product_tag-faraday-vaska-sv","15":"product_tag-forensiskt-system","16":"product_tag-laddning-och-skold","17":"product_tag-rattsmedicin","18":"product_tag-sakerhetsfodral-sv","20":"first","21":"instock","22":"taxable","23":"shipping-taxable","24":"purchasable","25":"product-type-variable","26":"has-default-attributes"},"_links":{"self":[{"href":"https:\/\/cryptsec.se\/sv\/wp-json\/wp\/v2\/product\/29925","targetHints":{"allow":["GET"]}}],"collection":[{"href":"https:\/\/cryptsec.se\/sv\/wp-json\/wp\/v2\/product"}],"about":[{"href":"https:\/\/cryptsec.se\/sv\/wp-json\/wp\/v2\/types\/product"}],"wp:featuredmedia":[{"embeddable":true,"href":"https:\/\/cryptsec.se\/sv\/wp-json\/wp\/v2\/media\/30235"}],"wp:attachment":[{"href":"https:\/\/cryptsec.se\/sv\/wp-json\/wp\/v2\/media?parent=29925"}],"wp:term":[{"taxonomy":"product_brand","embeddable":true,"href":"https:\/\/cryptsec.se\/sv\/wp-json\/wp\/v2\/product_brand?post=29925"},{"taxonomy":"product_cat","embeddable":true,"href":"https:\/\/cryptsec.se\/sv\/wp-json\/wp\/v2\/product_cat?post=29925"},{"taxonomy":"product_tag","embeddable":true,"href":"https:\/\/cryptsec.se\/sv\/wp-json\/wp\/v2\/product_tag?post=29925"},{"taxonomy":"berocket_brand","embeddable":true,"href":"https:\/\/cryptsec.se\/sv\/wp-json\/wp\/v2\/berocket_brand?post=29925"}],"curies":[{"name":"wp","href":"https:\/\/api.w.org\/{rel}","templated":true}]}}