{"id":29926,"date":"2024-11-04T11:44:38","date_gmt":"2024-11-04T10:44:38","guid":{"rendered":"https:\/\/cryptsec.se\/product\/mission-darkness-generation-faraday-maxendast-volymer\/"},"modified":"2024-11-04T11:44:38","modified_gmt":"2024-11-04T10:44:38","slug":"mission-darkness-generation-faraday-maxendast-volymer","status":"publish","type":"product","link":"https:\/\/cryptsec.se\/sv\/product\/mission-darkness-generation-faraday-maxendast-volymer\/","title":{"rendered":"Mission Darkness\u2122 Generation Faraday Max(Endast volymer)"},"content":{"rendered":"<p><iframe title=\"Generation Faraday: Signal Blocking Bags for Schools\" width=\"1220\" height=\"686\" src=\"https:\/\/www.youtube.com\/embed\/3idfq2-YvP0?feature=oembed\" frameborder=\"0\" allow=\"accelerometer; autoplay; clipboard-write; encrypted-media; gyroscope; picture-in-picture; web-share\" referrerpolicy=\"strict-origin-when-cross-origin\" allowfullscreen><\/iframe><\/p>\n<div id=\"s-cea8d8b3-1277-4392-94e3-72af62ca54bd\" class=\"shg-c \">\n<div class=\"shg-rich-text shg-theme-text-content\">\n<p><span data-fontfamily=\"Montserrat\"><strong>\u00c5terta fokus med Mission Darkness\u2122 Generation <\/strong><\/span><span data-fontfamily=\"Montserrat\"><strong>Faraday-v\u00e4skor<\/strong><\/span><\/p>\n<\/div>\n<\/div>\n<div id=\"s-dcc70386-1c62-4173-9902-c793e907064e\" class=\"shg-c shg-align-center\">\n<div class=\"shogun-heading-component\">\n<h1>Den ultimata l\u00f6sningen f\u00f6r att bek\u00e4mpa distraktioner fr\u00e5n mobiltelefoner i skolor<\/h1>\n<p>Mission Darkness Generation Faraday Pro \u00e4r byggd f\u00f6r h\u00e5llbarhet, utformad f\u00f6r att klara de p\u00e5frestningar som daglig anv\u00e4ndning i klassrum inneb\u00e4r. Genom att blockera alla tr\u00e5dl\u00f6sa signaler s\u00e4kerst\u00e4ller den att smartphones f\u00f6rblir fr\u00e5nkopplade under lektionen, s\u00e5 att eleverna kan fokusera p\u00e5 sitt l\u00e4rande. V\u00e4skan \u00e4r tillverkad av vattenavvisande ballistisk nylon och har tv\u00e5 lager av h\u00f6gavsk\u00e4rmande tyg. Den \u00e4r b\u00e5de t\u00e5lig och effektiv, perfekt f\u00f6r skolor som s\u00f6ker en l\u00e5ngsiktig l\u00f6sning. Pro finns med kardborre- eller magnetst\u00e4ngning och \u00e4r utformad f\u00f6r att passa skolans behov. V\u00e4skan \u00e4r utformad f\u00f6r att h\u00e5lla i 1-2 l\u00e4s\u00e5r och \u00e4r perfekt f\u00f6r elever som beh\u00f6ver ett \u00e5teranv\u00e4ndbart och p\u00e5litligt s\u00e4tt att s\u00e4kra sina enheter.    <\/p>\n<\/div>\n<\/div>\n<div id=\"s-ad8e0d4e-bfd4-44a8-bfa2-2179af129c24\" class=\"shg-c \">\n<div class=\"shg-rich-text shg-theme-text-content\">\n<p><span data-fontfamily=\"Montserrat\"><strong>Endast tillg\u00e4nglig i bulk &#8211; s\u00e4rskilt volympris<\/strong><\/span><\/p>\n<div id=\"s-c91271f9-c9db-4495-9cfe-191da2896f21\" class=\"shg-c \">\n<div class=\"shg-rich-text shg-theme-text-content\">\n<p><span data-fontfamily=\"Montserrat\"><strong>J\u00e4mf\u00f6relse av Generation Faradays produktlinjer<\/strong><\/span><\/p>\n<\/div>\n<\/div>\n<div id=\"s-fdc9fb05-4272-4b5b-a891-d549e9d06051\" class=\"shg-c \">\n<div class=\"shogun-table-wrapper\">\n<div class=\"rte__table-wrapper\">\n<table class=\"shogun-table\">\n<thead class=\"shogun-table-column-container\">\n<tr>\n<td class=\"shogun-table-column\">Produktfunktion<\/td>\n<td class=\"shogun-table-column\">Generation Faraday Pro<\/td>\n<td class=\"shogun-table-column\">Generation Faraday Pro-Magnetic<\/td>\n<td class=\"shogun-table-column\">Generation Faraday Max<\/td>\n<td class=\"shogun-table-column\">Generation Faraday Max-Magnetisk<\/td>\n<td class=\"shogun-table-column\">Generation Faraday Max-Lock<\/td>\n<\/tr>\n<\/thead>\n<tbody>\n<tr class=\"shogun-table-row-container\">\n<td class=\"shogun-table-row\">\n<div id=\"s-4398b441-8d27-4ea1-8bae-2cc22a45a7cc\" class=\"shg-c \">\n<div class=\"shg-rich-text shg-theme-text-content\">\n<p><strong>Produktbild<\/strong><\/p>\n<\/div>\n<\/div>\n<\/td>\n<td class=\"shogun-table-row\">\n<div class=\"shg-box-vertical-align-wrapper\">\n<div id=\"s-c425c585-f096-4576-a7ac-47ab2a31158d\" class=\"shg-box shg-c \">\n<div class=\"shg-box-overlay\"><\/div>\n<div class=\"shg-box-content\">\n<div id=\"s-2e7d8045-5a50-480e-ac20-bb5155d8e3eb-root\">\n<div id=\"wrap-s-2e7d8045-5a50-480e-ac20-bb5155d8e3eb\" class=\"shg-image-margin-container-s-2e7d8045-5a50-480e-ac20-bb5155d8e3eb\">\n<div class=\"s-2e7d8045-5a50-480e-ac20-bb5155d8e3eb shg-align-container\">\n<div id=\"s-2e7d8045-5a50-480e-ac20-bb5155d8e3eb\" class=\"shg-c s-2e7d8045-5a50-480e-ac20-bb5155d8e3eb shogun-image-container shogun-image-linked shg-align-center\">\n<div class=\"shg-image-content-wrapper\"><a class=\"shogun-image-link\" href=\"https:\/\/mosequipment.com\/collections\/school-faraday-bags\/products\/mission-darkness-generation-faraday-pro?variant=50290956075324\" target=\"_blank\" rel=\"noopener\"><img decoding=\"async\" class=\"shogun-image \" src=\"https:\/\/i.shgcdn.com\/21a10dc4-13cb-452d-93e4-ce0c9052ea4b\/-\/format\/auto\/-\/preview\/3000x3000\/-\/quality\/lighter\/\" alt=\"\"><\/a><\/div>\n<\/div>\n<\/div>\n<\/div>\n<\/div>\n<\/div>\n<\/div>\n<\/div>\n<\/td>\n<td class=\"shogun-table-row\">\n<div id=\"s-e92a65eb-5e63-42e6-b82d-2447c66ed3f3\" class=\"shg-c shg-product rca-product-view \" data-is-product-box=\"true\">\n<div id=\"s-806b40e3-e7c7-406c-b493-a81ffb7f3842-root\">\n<div id=\"wrap-s-806b40e3-e7c7-406c-b493-a81ffb7f3842\" class=\"shg-image-margin-container-s-806b40e3-e7c7-406c-b493-a81ffb7f3842\">\n<div class=\"s-806b40e3-e7c7-406c-b493-a81ffb7f3842 shg-align-container\">\n<div id=\"s-806b40e3-e7c7-406c-b493-a81ffb7f3842\" class=\"shg-c s-806b40e3-e7c7-406c-b493-a81ffb7f3842 shogun-image-container shogun-image-linked shg-align-center\">\n<div class=\"shg-image-content-wrapper\"><a class=\"shogun-image-link\" href=\"https:\/\/mosequipment.com\/collections\/school-faraday-bags\/products\/mission-darkness-generation-faraday-pro?variant=50181869797692\" target=\"_blank\" rel=\"noopener\"><img decoding=\"async\" class=\"shogun-image \" src=\"https:\/\/i.shgcdn.com\/efa6f2fd-c5d2-4002-9145-e8a71fc8c6c2\/-\/format\/auto\/-\/preview\/3000x3000\/-\/quality\/lighter\/\" sizes=\"100vw\" srcset=\"https:\/\/i.shgcdn.com\/efa6f2fd-c5d2-4002-9145-e8a71fc8c6c2\/-\/format\/auto\/-\/preview\/3000x3000\/-\/quality\/lighter\/-\/resize\/180x\/ 180w,https:\/\/i.shgcdn.com\/efa6f2fd-c5d2-4002-9145-e8a71fc8c6c2\/-\/format\/auto\/-\/preview\/3000x3000\/-\/quality\/lighter\/-\/resize\/360x\/ 360w,https:\/\/i.shgcdn.com\/efa6f2fd-c5d2-4002-9145-e8a71fc8c6c2\/-\/format\/auto\/-\/preview\/3000x3000\/-\/quality\/lighter\/-\/resize\/720x\/ 720w,https:\/\/i.shgcdn.com\/efa6f2fd-c5d2-4002-9145-e8a71fc8c6c2\/-\/format\/auto\/-\/preview\/3000x3000\/-\/quality\/lighter\/-\/resize\/900x\/ 900w\" alt=\"\"><\/a><\/div>\n<\/div>\n<\/div>\n<\/div>\n<\/div>\n<\/div>\n<\/td>\n<td class=\"shogun-table-row\">\n<div id=\"s-54494497-6e86-4b6a-90de-a108de7ea609-root\">\n<div id=\"wrap-s-54494497-6e86-4b6a-90de-a108de7ea609\" class=\"shg-image-margin-container-s-54494497-6e86-4b6a-90de-a108de7ea609\">\n<div class=\"s-54494497-6e86-4b6a-90de-a108de7ea609 shg-align-container\">\n<div id=\"s-54494497-6e86-4b6a-90de-a108de7ea609\" class=\"shg-c s-54494497-6e86-4b6a-90de-a108de7ea609 shogun-image-container shg-align-center\">\n<div class=\"shg-image-content-wrapper\"><img decoding=\"async\" class=\"shogun-image \" src=\"https:\/\/i.shgcdn.com\/4fd74e22-e176-4408-ac28-32d157675b1c\/-\/format\/auto\/-\/preview\/3000x3000\/-\/quality\/lighter\/\" sizes=\"100vw\" srcset=\"https:\/\/i.shgcdn.com\/4fd74e22-e176-4408-ac28-32d157675b1c\/-\/format\/auto\/-\/preview\/3000x3000\/-\/quality\/lighter\/-\/resize\/180x\/ 180w,https:\/\/i.shgcdn.com\/4fd74e22-e176-4408-ac28-32d157675b1c\/-\/format\/auto\/-\/preview\/3000x3000\/-\/quality\/lighter\/-\/resize\/360x\/ 360w,https:\/\/i.shgcdn.com\/4fd74e22-e176-4408-ac28-32d157675b1c\/-\/format\/auto\/-\/preview\/3000x3000\/-\/quality\/lighter\/-\/resize\/720x\/ 720w,https:\/\/i.shgcdn.com\/4fd74e22-e176-4408-ac28-32d157675b1c\/-\/format\/auto\/-\/preview\/3000x3000\/-\/quality\/lighter\/-\/resize\/900x\/ 900w,https:\/\/i.shgcdn.com\/4fd74e22-e176-4408-ac28-32d157675b1c\/-\/format\/auto\/-\/preview\/3000x3000\/-\/quality\/lighter\/-\/resize\/1080x\/ 1080w,https:\/\/i.shgcdn.com\/4fd74e22-e176-4408-ac28-32d157675b1c\/-\/format\/auto\/-\/preview\/3000x3000\/-\/quality\/lighter\/-\/resize\/1200x\/ 1200w,https:\/\/i.shgcdn.com\/4fd74e22-e176-4408-ac28-32d157675b1c\/-\/format\/auto\/-\/preview\/3000x3000\/-\/quality\/lighter\/-\/resize\/1920x\/ 1920w,https:\/\/i.shgcdn.com\/4fd74e22-e176-4408-ac28-32d157675b1c\/-\/format\/auto\/-\/preview\/3000x3000\/-\/quality\/lighter\/-\/resize\/2048x\/ 2048w\" alt=\"\"><\/div>\n<\/div>\n<\/div>\n<\/div>\n<\/div>\n<\/td>\n<td class=\"shogun-table-row\">\n<div id=\"s-7fd28ded-e5ff-46f5-9168-efddcf20f615\" class=\"shg-c shg-product rca-product-view \" data-is-product-box=\"true\">\n<div id=\"s-a0ed48f5-19a9-48ad-8007-7429f06ee8cf\" class=\"shg-c shg-align-center\">\n<div class=\"shg-product-image-wrapper\" data-shg-product-target=\"product-image-wrapper\"><a class=\"shogun-product-image-url\" href=\"https:\/\/mosequipment.com\/products\/mission-darkness-generation-faraday-max?variant=50181803409724\" data-shg-product-target=\"product-url\" target=\"_blank\" rel=\"noopener\"><img decoding=\"async\" class=\"shogun-image\" src=\"https:\/\/mosequipment.com\/cdn\/shop\/files\/Mission_Darkness_Dry_Shield_School_Phone.jpg?v=1728339049\" srcset=\"\/\/mosequipment.com\/cdn\/shop\/files\/Mission_Darkness_Dry_Shield_School_Phone_180x.jpg?v=1728339049 180w, \/\/mosequipment.com\/cdn\/shop\/files\/Mission_Darkness_Dry_Shield_School_Phone_370x.jpg?v=1728339049 370w, \/\/mosequipment.com\/cdn\/shop\/files\/Mission_Darkness_Dry_Shield_School_Phone_540x.jpg?v=1728339049 540w, \/\/mosequipment.com\/cdn\/shop\/files\/Mission_Darkness_Dry_Shield_School_Phone_740x.jpg?v=1728339049 740w, \/\/mosequipment.com\/cdn\/shop\/files\/Mission_Darkness_Dry_Shield_School_Phone_900x.jpg?v=1728339049 900w, \/\/mosequipment.com\/cdn\/shop\/files\/Mission_Darkness_Dry_Shield_School_Phone_1080x.jpg?v=1728339049 1080w, \/\/mosequipment.com\/cdn\/shop\/files\/Mission_Darkness_Dry_Shield_School_Phone_1296x.jpg?v=1728339049 1296w, \/\/mosequipment.com\/cdn\/shop\/files\/Mission_Darkness_Dry_Shield_School_Phone_1512x.jpg?v=1728339049 1512w, \/\/mosequipment.com\/cdn\/shop\/files\/Mission_Darkness_Dry_Shield_School_Phone_1728x.jpg?v=1728339049 1728w, \/\/mosequipment.com\/cdn\/shop\/files\/Mission_Darkness_Dry_Shield_School_Phone_2048x.jpg?v=1728339049 2048w\" alt=\"Mission Darkness Dry Shield Skolans telefon\" data-shg-product-target=\"product-image\" data-id=\"shg-product-img-%2F%2Fmosequipment.com%2Fcdn%2Fshop%2Ffiles%2FMission_Darkness_Dry_Shield_School_Phone.jpg%3Fv%3D1728339049\"><\/a><\/div>\n<\/div>\n<\/div>\n<\/td>\n<td class=\"shogun-table-row\">\n<div id=\"s-528b0d2e-1a6d-4b3f-9620-a7f698901c03\" class=\"shg-c shg-product rca-product-view \" data-is-product-box=\"true\">\n<div id=\"s-75ffbea5-7228-4823-a587-2f4ac8013579\" class=\"shg-c shg-align-center\">\n<div class=\"shg-product-image-wrapper\" data-shg-product-target=\"product-image-wrapper\"><a class=\"shogun-product-image-url\" href=\"https:\/\/mosequipment.com\/products\/mission-darkness-generation-faraday-max-lock?variant=50181848367420\" data-shg-product-target=\"product-url\" target=\"_blank\" rel=\"noopener\"><img decoding=\"async\" class=\"shogun-image\" src=\"https:\/\/mosequipment.com\/cdn\/shop\/files\/DSPS-School-LOCK3.jpg?v=1732641589\" srcset=\"\/\/mosequipment.com\/cdn\/shop\/files\/DSPS-School-LOCK3_180x.jpg?v=1732641589 180w, \/\/mosequipment.com\/cdn\/shop\/files\/DSPS-School-LOCK3_370x.jpg?v=1732641589 370w, \/\/mosequipment.com\/cdn\/shop\/files\/DSPS-School-LOCK3_540x.jpg?v=1732641589 540w, \/\/mosequipment.com\/cdn\/shop\/files\/DSPS-School-LOCK3_740x.jpg?v=1732641589 740w, \/\/mosequipment.com\/cdn\/shop\/files\/DSPS-School-LOCK3_900x.jpg?v=1732641589 900w, \/\/mosequipment.com\/cdn\/shop\/files\/DSPS-School-LOCK3_1080x.jpg?v=1732641589 1080w, \/\/mosequipment.com\/cdn\/shop\/files\/DSPS-School-LOCK3_1296x.jpg?v=1732641589 1296w, \/\/mosequipment.com\/cdn\/shop\/files\/DSPS-School-LOCK3_1512x.jpg?v=1732641589 1512w, \/\/mosequipment.com\/cdn\/shop\/files\/DSPS-School-LOCK3_1728x.jpg?v=1732641589 1728w, \/\/mosequipment.com\/cdn\/shop\/files\/DSPS-School-LOCK3_2048x.jpg?v=1732641589 2048w\" alt=\"\" data-shg-product-target=\"product-image\" data-id=\"shg-product-img-%2F%2Fmosequipment.com%2Fcdn%2Fshop%2Ffiles%2FDSPS-School-LOCK3.jpg%3Fv%3D1732641589\"><\/a><\/div>\n<\/div>\n<\/div>\n<\/td>\n<\/tr>\n<tr class=\"shogun-table-row-container\">\n<td class=\"shogun-table-row\">\n<div id=\"s-27a0b665-4bb5-409f-ba37-d3749f39027c\" class=\"shg-c \">\n<div class=\"shg-rich-text shg-theme-text-content\">\n<p><strong>Bulk Volym Enhetspris<\/strong><\/p>\n<\/div>\n<\/div>\n<\/td>\n<td class=\"shogun-table-row\">\n<div id=\"s-3c4f3f7f-4ff7-4236-b3d5-0fd0af44d9ba\" class=\"shg-c \">\n<div class=\"shg-rich-text shg-theme-text-content\">\n<p>\u2605<\/p>\n<\/div>\n<\/div>\n<\/td>\n<td class=\"shogun-table-row\">\n<div id=\"s-fd6cf9d4-1698-4fa1-b7b5-f2df2f069543\" class=\"shg-c \">\n<div class=\"shg-rich-text shg-theme-text-content\">\n<p>\u2605\u2605<\/p>\n<\/div>\n<\/div>\n<\/td>\n<td class=\"shogun-table-row\">\n<div id=\"s-97f22765-6578-41cc-a344-5acc97bd20b3\" class=\"shg-c \">\n<div class=\"shg-rich-text shg-theme-text-content\">\n<p>\u2605\u2605\u2605<\/p>\n<\/div>\n<\/div>\n<\/td>\n<td class=\"shogun-table-row\">\n<div id=\"s-cc4a5558-e66c-4049-920a-b2ae411a0771\" class=\"shg-c \">\n<div class=\"shg-rich-text shg-theme-text-content\">\n<p>\u2605\u2605\u2605<\/p>\n<\/div>\n<\/div>\n<\/td>\n<td class=\"shogun-table-row\">\n<div id=\"s-ab1d820d-648c-483d-a1c3-a7743f3c2602\" class=\"shg-c shg-product rca-product-view \" data-is-product-box=\"true\">\n<div id=\"s-ab027be9-5451-4edd-b44d-f77b848cc6f4\" class=\"shg-c \">\n<div class=\"shg-rich-text shg-theme-text-content\">\n<p>\u2605\u2605\u2605\u2605<\/p>\n<\/div>\n<\/div>\n<\/div>\n<\/td>\n<\/tr>\n<tr class=\"shogun-table-row-container\">\n<td class=\"shogun-table-row\">\n<div id=\"s-90c3e661-6e38-45a9-b0a1-e3c5a643c65d\" class=\"shg-c \">\n<div class=\"shg-rich-text shg-theme-text-content\">\n<p><strong>Livsl\u00e4ngd<\/strong><\/p>\n<\/div>\n<\/div>\n<\/td>\n<td class=\"shogun-table-row\">\n<div id=\"s-9a1b5adf-71a3-45af-bbed-ca4fd79b3e59\" class=\"shg-c \">\n<div class=\"shg-rich-text shg-theme-text-content\">\n<p>1 \u00e5r<\/p>\n<\/div>\n<\/div>\n<\/td>\n<td class=\"shogun-table-row\">\n<div id=\"s-06b7bbea-0ff9-4d90-b443-21dae709db03\" class=\"shg-c \">\n<div class=\"shg-rich-text shg-theme-text-content\">\n<p>1-2 \u00e5r<\/p>\n<\/div>\n<\/div>\n<\/td>\n<td class=\"shogun-table-row\">\n<div id=\"s-3f69dbb9-793d-4e38-a2e9-98374af91239\" class=\"shg-c \">\n<div class=\"shg-rich-text shg-theme-text-content\">\n<p>2-4 \u00e5r<\/p>\n<\/div>\n<\/div>\n<\/td>\n<td class=\"shogun-table-row\">\n<div id=\"s-cbe22353-f78e-4454-ad48-88240f59d1e0\" class=\"shg-c \">\n<div class=\"shg-rich-text shg-theme-text-content\">\n<p>2-4 \u00e5r<\/p>\n<\/div>\n<\/div>\n<\/td>\n<td class=\"shogun-table-row\">\n<div id=\"s-0c29c676-2769-4db0-a780-ef713b475369\" class=\"shg-c \">\n<div class=\"shg-rich-text shg-theme-text-content\">\n<p>2-4 \u00e5r<\/p>\n<\/div>\n<\/div>\n<\/td>\n<\/tr>\n<tr class=\"shogun-table-row-container\">\n<td class=\"shogun-table-row\">\n<div id=\"s-940ad576-e15f-4e75-a174-5d220ebe259d\" class=\"shg-c \">\n<div class=\"shg-rich-text shg-theme-text-content\">\n<p><strong>Material<\/strong><\/p>\n<\/div>\n<\/div>\n<\/td>\n<td class=\"shogun-table-row\">\n<div id=\"s-c78fd122-9e61-43f9-b46d-6639134c9b67\" class=\"shg-c \">\n<div class=\"shg-rich-text shg-theme-text-content\">\n<p>Ballistisk nylon<\/p>\n<\/div>\n<\/div>\n<\/td>\n<td class=\"shogun-table-row\">\n<div id=\"s-21bca3b7-9167-45a1-b81d-d018b712ad2a\" class=\"shg-c \">\n<div class=\"shg-rich-text shg-theme-text-content\">\n<p>Ballistisk nylon<\/p>\n<\/div>\n<\/div>\n<\/td>\n<td class=\"shogun-table-row\">\n<div id=\"s-0f66a225-10f3-4e3d-8ba9-b169752fea9a\" class=\"shg-c \">\n<div class=\"shg-rich-text shg-theme-text-content\">\n<p>Vattent\u00e4t TPU<\/p>\n<\/div>\n<\/div>\n<\/td>\n<td class=\"shogun-table-row\">\n<div id=\"s-573b5ce7-6709-464b-a281-3f398da4a7e6\" class=\"shg-c \">\n<div class=\"shg-rich-text shg-theme-text-content\">\n<p>Vattent\u00e4t TPU<\/p>\n<\/div>\n<\/div>\n<\/td>\n<td class=\"shogun-table-row\">\n<div id=\"s-fcbb17ae-9309-4927-becd-9102002fe7f5\" class=\"shg-c \">\n<div class=\"shg-rich-text shg-theme-text-content\">\n<p>Vattent\u00e4t TPU<\/p>\n<\/div>\n<\/div>\n<\/td>\n<\/tr>\n<tr class=\"shogun-table-row-container\">\n<td class=\"shogun-table-row\">\n<div id=\"s-1a097aeb-849d-4f75-946c-d8cb5e085804\" class=\"shg-c \">\n<div class=\"shg-rich-text shg-theme-text-content\">\n<p><strong>Anv\u00e4ndarv\u00e4nlighet<\/strong><\/p>\n<\/div>\n<\/div>\n<\/td>\n<td class=\"shogun-table-row\">\n<div id=\"s-b7d551d8-4c3e-4d99-aeaa-2fbb0cfa5239\" class=\"shg-c \">\n<div class=\"shg-rich-text shg-theme-text-content\">\n<p>Vecro f\u00f6rslutning<\/p>\n<\/div>\n<\/div>\n<\/td>\n<td class=\"shogun-table-row\">\n<div id=\"s-1cb6e1ee-f6c3-4d30-a462-09b5b201d998\" class=\"shg-c \">\n<div class=\"shg-rich-text shg-theme-text-content\">\n<p>Anv\u00e4ndarv\u00e4nlig magnetisk f\u00f6rslutning &#8211; l\u00e4mplig f\u00f6r studenter med begr\u00e4nsad handr\u00f6rlighet<\/p>\n<\/div>\n<\/div>\n<\/td>\n<td class=\"shogun-table-row\">\n<div id=\"s-0b4fbbb7-4aa9-48ee-aa62-7315dc3bb3cc\" class=\"shg-c \">\n<div class=\"shg-rich-text shg-theme-text-content\">\n<p>Vecro f\u00f6rslutning<\/p>\n<\/div>\n<\/div>\n<\/td>\n<td class=\"shogun-table-row\">\n<div id=\"s-1d797c3b-d1e9-4903-a5c5-cf5456f460e3\" class=\"shg-c \">\n<div class=\"shg-rich-text shg-theme-text-content\">\n<p>Anv\u00e4ndarv\u00e4nlig magnetisk f\u00f6rslutning &#8211; l\u00e4mplig f\u00f6r studenter med begr\u00e4nsad handr\u00f6rlighet<\/p>\n<\/div>\n<\/div>\n<\/td>\n<td class=\"shogun-table-row\">\n<div id=\"s-7b5d1e0c-2072-4748-bba3-b9f82434d812\" class=\"shg-c \">\n<div class=\"shg-rich-text shg-theme-text-content\">\n<p>Anv\u00e4ndarv\u00e4nlig magnetisk f\u00f6rslutning &#8211; l\u00e4mplig f\u00f6r studenter med begr\u00e4nsad handr\u00f6rlighet<\/p>\n<\/div>\n<\/div>\n<\/td>\n<\/tr>\n<\/tbody>\n<\/table>\n<\/div>\n<\/div>\n<\/div>\n<\/div>\n<\/div>\n<div class=\"shg-c-lg-4 shg-c-md-4 shg-c-sm-4 shg-c-xs-6\">\n<div class=\"shg-box-vertical-align-wrapper\">\n<div id=\"s-df563628-2e10-4873-9834-e38c20855c55\" class=\"shg-box shg-c \">\n<div class=\"shg-box-content\">\n<div id=\"s-bdde83e3-a6c7-4a0e-870b-e7f88faf4788\" class=\"shg-c \">\n<div class=\"shg-rich-text shg-theme-text-content\">\n<p><strong>Blockera telefonst\u00f6rningar i klassrummet<\/strong><\/p>\n<\/div>\n<\/div>\n<div id=\"s-d377fbf5-734d-4c16-972a-e33153e1e5a0\" class=\"shg-c \">\n<div class=\"shg-rich-text shg-theme-text-content\">\n<p>Mobiltelefoner i klassrummen orsakar ofta st\u00f6rningar, med samtal, meddelanden och vibrationer som avbryter lektionerna och minskar elevernas fokus.<\/p>\n<\/div>\n<\/div>\n<\/div>\n<\/div>\n<\/div>\n<\/div>\n<div class=\"shg-c-lg-4 shg-c-md-4 shg-c-sm-4 shg-c-xs-6\">\n<div class=\"shg-box-vertical-align-wrapper\">\n<div id=\"s-e50b4d68-9478-401b-9169-8baa5b56290b\" class=\"shg-box shg-c \">\n<div class=\"shg-box-content\">\n<div id=\"s-7b12e1df-d4d6-42f6-9506-c3d5936e2fa4\" class=\"shg-c \">\n<div class=\"shg-rich-text shg-theme-text-content\">\n<p><strong>V\u00e4skan #1 f\u00f6r distraktionsfria klassrum<\/strong><\/p>\n<\/div>\n<\/div>\n<div id=\"s-fc678122-8ec7-457f-8ab7-74274ad672a6\" class=\"shg-c \">\n<div class=\"shg-rich-text shg-theme-text-content\">\n<p>Mission Darkness Faraday Bags \u00e4r den fr\u00e4msta l\u00f6sningen f\u00f6r att blockera alla signaler och s\u00e4kerst\u00e4lla distraktionsfria klassrum med snabb \u00e5tkomst i n\u00f6dsituationer.<\/p>\n<p>&nbsp;<\/p>\n<\/div>\n<\/div>\n<\/div>\n<\/div>\n<\/div>\n<\/div>\n","protected":false},"excerpt":{"rendered":"<p>Mission Darkness Generation Faraday Max erbjuder ett o\u00f6vertr\u00e4ffat skydd mot tr\u00e5dl\u00f6sa distraktioner och kombinerar vattent\u00e4t h\u00e5llbarhet med avancerad signalblockeringsteknik. Den h\u00e4r v\u00e4skan \u00e4r idealisk f\u00f6r daglig anv\u00e4ndning i klassrum p\u00e5 h\u00f6gskolor och universitet och h\u00e5ller smartphones och mobila enheter helt offline, vilket f\u00f6rhindrar \u00e5tkomst till Wi-Fi, Bluetooth, mobilsignaler (inklusive 5G) och mycket mer. Med sin patenterade dubbla rullst\u00e4ngning och magnetf\u00f6rsegling s\u00e4kerst\u00e4ller denna v\u00e4ska inte bara effektiv avsk\u00e4rmning utan skyddar ocks\u00e5 enheter fr\u00e5n vatten, smuts och dagligt slitage. Detta premiumalternativ \u00e4r utformat f\u00f6r att h\u00e5lla 2-4 l\u00e4s\u00e5r och \u00e4r perfekt f\u00f6r skolor som s\u00f6ker en l\u00e5ngsiktig och p\u00e5litlig l\u00f6sning f\u00f6r att hj\u00e4lpa eleverna att h\u00e5lla fokus p\u00e5 sina studier.   <\/p>\n<p><a href=\"https:\/\/cryptsec.se\/sv\/kontakt\/\">Kontakta oss f\u00f6r pris!<\/a><\/p>\n","protected":false},"featured_media":30369,"template":"","meta":[],"product_brand":[],"product_cat":[1076],"product_tag":[1117,998,831,833,884,885],"berocket_brand":[],"class_list":{"0":"post-29926","1":"product","2":"type-product","3":"status-publish","4":"has-post-thumbnail","6":"product_cat-faraday-nyckelring-telefonvaskor","7":"product_tag-faraday-sv","8":"product_tag-faraday-bag-sv","9":"product_tag-faraday-skold","10":"product_tag-faraday-skydd","11":"product_tag-faraday-vaska-sv","12":"product_tag-sakerhetsfodral-sv","14":"first","15":"instock","16":"taxable","17":"shipping-taxable","18":"product-type-variable","19":"has-default-attributes"},"_links":{"self":[{"href":"https:\/\/cryptsec.se\/sv\/wp-json\/wp\/v2\/product\/29926","targetHints":{"allow":["GET"]}}],"collection":[{"href":"https:\/\/cryptsec.se\/sv\/wp-json\/wp\/v2\/product"}],"about":[{"href":"https:\/\/cryptsec.se\/sv\/wp-json\/wp\/v2\/types\/product"}],"wp:featuredmedia":[{"embeddable":true,"href":"https:\/\/cryptsec.se\/sv\/wp-json\/wp\/v2\/media\/30369"}],"wp:attachment":[{"href":"https:\/\/cryptsec.se\/sv\/wp-json\/wp\/v2\/media?parent=29926"}],"wp:term":[{"taxonomy":"product_brand","embeddable":true,"href":"https:\/\/cryptsec.se\/sv\/wp-json\/wp\/v2\/product_brand?post=29926"},{"taxonomy":"product_cat","embeddable":true,"href":"https:\/\/cryptsec.se\/sv\/wp-json\/wp\/v2\/product_cat?post=29926"},{"taxonomy":"product_tag","embeddable":true,"href":"https:\/\/cryptsec.se\/sv\/wp-json\/wp\/v2\/product_tag?post=29926"},{"taxonomy":"berocket_brand","embeddable":true,"href":"https:\/\/cryptsec.se\/sv\/wp-json\/wp\/v2\/berocket_brand?post=29926"}],"curies":[{"name":"wp","href":"https:\/\/api.w.org\/{rel}","templated":true}]}}