{"id":29927,"date":"2024-11-04T11:44:30","date_gmt":"2024-11-04T10:44:30","guid":{"rendered":"https:\/\/cryptsec.se\/product\/mission-darkness-dry-shield-faraday-telefonfodral\/"},"modified":"2025-03-01T00:00:03","modified_gmt":"2025-02-28T23:00:03","slug":"mission-darkness-dry-shield-faraday-telefonfodral","status":"publish","type":"product","link":"https:\/\/cryptsec.se\/sv\/product\/mission-darkness-dry-shield-faraday-telefonfodral\/","title":{"rendered":"Mission Darkness\u2122 Dry Shield Faraday telefonfodral"},"content":{"rendered":"<p><img fetchpriority=\"high\" decoding=\"async\" class=\"aligncenter wp-image-28115 size-full\" src=\"https:\/\/cryptsec.se\/wp-content\/uploads\/2024\/11\/nedladdning.avif\" alt=\"\" width=\"1000\" height=\"394\" srcset=\"https:\/\/cryptsec.se\/wp-content\/uploads\/2024\/11\/nedladdning.avif 1000w, https:\/\/cryptsec.se\/wp-content\/uploads\/2024\/11\/nedladdning-300x118.avif 300w, https:\/\/cryptsec.se\/wp-content\/uploads\/2024\/11\/nedladdning-768x303.avif 768w, https:\/\/cryptsec.se\/wp-content\/uploads\/2024\/11\/nedladdning-680x268.avif 680w\" sizes=\"(max-width: 1000px) 100vw, 1000px\" \/><\/p>\n<p>V\u00e4skan \u00e4r byggd med extremt slitstarka och vattent\u00e4ta 600D TPU och 420D TPU yttermaterial f\u00f6r att s\u00e4kerst\u00e4lla att enheten\/erna och faradayfodret h\u00e5lls torra och skyddade. Inredningen best\u00e5r av tv\u00e5 lager h\u00f6gsk\u00e4rmande <a href=\"https:\/\/mosequipment.com\/collections\/faraday-supplies\/products\/titanrf-faraday-fabric\" target=\"_blank\" rel=\"noopener\">TitanRF\u2122 Faraday Fabric<\/a> p\u00e5 alla sidor med dubbla parade s\u00f6mmar. V\u00e4skan blockerar alla tr\u00e5dl\u00f6sa signaler, inklusive WiFi (2,4 &amp; 5 GHz), Bluetooth, mobilsignaler inklusive 5G-n\u00e4tverk, GPS, RFID, NFC och radiosignaler fr\u00e5n l\u00e5ga MHz till 40 GHz. V\u00e4skan \u00f6ppnas och st\u00e4ngs enkelt med hj\u00e4lp av den patenterade NeoLok\u2122-f\u00f6rslutningen, som best\u00e5r av en dubbel rulle och en magnetisk neodymiumf\u00f6rsegling. Enheter som \u00e4r inneslutna i v\u00e4skan f\u00f6rblir garanterat torra och offline p\u00e5 alla vattenomgivna platser.  <\/p>\n<p><img decoding=\"async\" class=\"aligncenter wp-image-28117 size-full\" src=\"https:\/\/cryptsec.se\/wp-content\/uploads\/2024\/11\/nedladdning-7.jpeg\" alt=\"\" width=\"1500\" height=\"1500\" srcset=\"https:\/\/cryptsec.se\/wp-content\/uploads\/2024\/11\/nedladdning-7.jpeg 1500w, https:\/\/cryptsec.se\/wp-content\/uploads\/2024\/11\/nedladdning-7-300x300.jpeg 300w, https:\/\/cryptsec.se\/wp-content\/uploads\/2024\/11\/nedladdning-7-1024x1024.jpeg 1024w, https:\/\/cryptsec.se\/wp-content\/uploads\/2024\/11\/nedladdning-7-150x150.jpeg 150w, https:\/\/cryptsec.se\/wp-content\/uploads\/2024\/11\/nedladdning-7-768x768.jpeg 768w, https:\/\/cryptsec.se\/wp-content\/uploads\/2024\/11\/nedladdning-7-350x350.jpeg 350w, https:\/\/cryptsec.se\/wp-content\/uploads\/2024\/11\/nedladdning-7-680x680.jpeg 680w, https:\/\/cryptsec.se\/wp-content\/uploads\/2024\/11\/nedladdning-7-100x100.jpeg 100w\" sizes=\"(max-width: 1500px) 100vw, 1500px\" \/><\/p>\n","protected":false},"excerpt":{"rendered":"<p>Mission Darkness\u2122 Dry Shield Faraday Phone Sleeve blockerar helt alla tr\u00e5dl\u00f6sa signaler och h\u00e5ller sm\u00e5 elektroniska enheter skyddade f\u00f6r att f\u00f6rhindra hackning, sp\u00e5rning, spionage och korruption i v\u00e5rdkedjan. N\u00e4r en mobiltelefon \u00e4r ordentligt inkapslad i v\u00e4skan kan inga appar eller skadlig kod fj\u00e4rrutl\u00f6sas eller raderas, ingen kommunikation kan tr\u00e4nga in och ingen kan komma \u00e5t mikrofonen, kameran, GPS-positionen eller data. De prim\u00e4ra anv\u00e4ndningsomr\u00e5dena \u00e4r insamling av kriminaltekniska bevis inom polis och milit\u00e4r, f\u00f6rsvar mot datast\u00f6ld, personlig s\u00e4kerhet, EMP-skydd, minskning av EMF-str\u00e5lning och f\u00f6rst\u00e4rkning av den digitala integriteten.<\/p>\n","protected":false},"featured_media":29485,"template":"","meta":[],"product_brand":[],"product_cat":[1076],"product_tag":[1117,998,831,833,884,1119,834,885],"berocket_brand":[],"class_list":{"0":"post-29927","1":"product","2":"type-product","3":"status-publish","4":"has-post-thumbnail","6":"product_cat-faraday-nyckelring-telefonvaskor","7":"product_tag-faraday-sv","8":"product_tag-faraday-bag-sv","9":"product_tag-faraday-skold","10":"product_tag-faraday-skydd","11":"product_tag-faraday-vaska-sv","12":"product_tag-forensisk-utrustning","13":"product_tag-rattsmedicin","14":"product_tag-sakerhetsfodral-sv","16":"first","17":"instock","18":"featured","19":"taxable","20":"shipping-taxable","21":"purchasable","22":"product-type-simple"},"_links":{"self":[{"href":"https:\/\/cryptsec.se\/sv\/wp-json\/wp\/v2\/product\/29927","targetHints":{"allow":["GET"]}}],"collection":[{"href":"https:\/\/cryptsec.se\/sv\/wp-json\/wp\/v2\/product"}],"about":[{"href":"https:\/\/cryptsec.se\/sv\/wp-json\/wp\/v2\/types\/product"}],"wp:featuredmedia":[{"embeddable":true,"href":"https:\/\/cryptsec.se\/sv\/wp-json\/wp\/v2\/media\/29485"}],"wp:attachment":[{"href":"https:\/\/cryptsec.se\/sv\/wp-json\/wp\/v2\/media?parent=29927"}],"wp:term":[{"taxonomy":"product_brand","embeddable":true,"href":"https:\/\/cryptsec.se\/sv\/wp-json\/wp\/v2\/product_brand?post=29927"},{"taxonomy":"product_cat","embeddable":true,"href":"https:\/\/cryptsec.se\/sv\/wp-json\/wp\/v2\/product_cat?post=29927"},{"taxonomy":"product_tag","embeddable":true,"href":"https:\/\/cryptsec.se\/sv\/wp-json\/wp\/v2\/product_tag?post=29927"},{"taxonomy":"berocket_brand","embeddable":true,"href":"https:\/\/cryptsec.se\/sv\/wp-json\/wp\/v2\/berocket_brand?post=29927"}],"curies":[{"name":"wp","href":"https:\/\/api.w.org\/{rel}","templated":true}]}}