{"id":29929,"date":"2024-11-04T11:44:31","date_gmt":"2024-11-04T10:44:31","guid":{"rendered":"https:\/\/cryptsec.se\/product\/mission-darkness-mojave-faraday-telefonvaska\/"},"modified":"2024-11-04T11:44:31","modified_gmt":"2024-11-04T10:44:31","slug":"mission-darkness-mojave-faraday-telefonvaska","status":"publish","type":"product","link":"https:\/\/cryptsec.se\/sv\/product\/mission-darkness-mojave-faraday-telefonvaska\/","title":{"rendered":"Mission Darkness\u2122 Mojave Faraday telefonv\u00e4ska"},"content":{"rendered":"<p><img fetchpriority=\"high\" decoding=\"async\" class=\"aligncenter wp-image-28095 size-full\" src=\"https:\/\/cryptsec.se\/wp-content\/uploads\/2024\/11\/MDFB-S-CC-header-web-v1.webp\" alt=\"\" width=\"1500\" height=\"771\" srcset=\"https:\/\/cryptsec.se\/wp-content\/uploads\/2024\/11\/MDFB-S-CC-header-web-v1.webp 1500w, https:\/\/cryptsec.se\/wp-content\/uploads\/2024\/11\/MDFB-S-CC-header-web-v1-300x154.webp 300w, https:\/\/cryptsec.se\/wp-content\/uploads\/2024\/11\/MDFB-S-CC-header-web-v1-1024x526.webp 1024w, https:\/\/cryptsec.se\/wp-content\/uploads\/2024\/11\/MDFB-S-CC-header-web-v1-768x395.webp 768w, https:\/\/cryptsec.se\/wp-content\/uploads\/2024\/11\/MDFB-S-CC-header-web-v1-680x350.webp 680w\" sizes=\"(max-width: 1500px) 100vw, 1500px\" \/><\/p>\n<p>Den kompakta storleken och fingerremmen g\u00f6r att du kan b\u00e4ra med dig fodralet eller enkelt f\u00f6rvara det i en portf\u00f6lj, handv\u00e4ska eller handskfacket, samtidigt som det erbjuder en l\u00f6sning f\u00f6r att h\u00e5lla dina ofta anv\u00e4nda vardagsf\u00f6rem\u00e5l organiserade p\u00e5 ett st\u00e4lle. V\u00e4skan \u00f6ppnas med dragkedja och viks upp och visar en faradayhylsa p\u00e5 ena sidan som ger fullst\u00e4ndig signalisolering och osk\u00e4rmade tillbeh\u00f6rsfack i olika storlekar under hylsan och p\u00e5 motsatt sida. <a href=\"https:\/\/mosequipment.com\/collections\/faraday-supplies\/products\/titanrf-faraday-fabric\" target=\"_blank\" rel=\"noopener\">Faraday-fodralet<\/a> \u00e4r tillverkat av tv\u00e5 lager h\u00f6gavsk\u00e4rmande <a href=\"https:\/\/mosequipment.com\/collections\/faraday-supplies\/products\/titanrf-faraday-fabric\" target=\"_blank\" rel=\"noopener\">TitanRF\u2122 Faraday-tyg<\/a> med dubbla s\u00f6mmar och \u00e4r tillr\u00e4ckligt stort f\u00f6r att rymma en mobiltelefon, pass, transponder och andra enheter i liknande storlek. Den andra sidan har en bred ficka som str\u00e4cker sig \u00f6ver hela v\u00e4skans bredd, ett sp\u00e4nne f\u00f6r nyckelring och tv\u00e5 \u00f6ppna n\u00e4tfickor, allt tillsammans den perfekta l\u00f6sningen f\u00f6r att h\u00e5lla pl\u00e5nbok, sladdar, visitkort, checkh\u00e4fte eller andra fickf\u00f6rem\u00e5l organiserade och l\u00e4ttillg\u00e4ngliga. De dubbla sidofacken g\u00f6r att du kan f\u00f6rvara enheter skyddade fr\u00e5n RF-signaler i faradayhylsan samtidigt som du har tillg\u00e5ng till f\u00f6rem\u00e5l i ytterligare fack. Fodralets yttre stoppning ger fysiskt skydd f\u00f6r de f\u00f6rem\u00e5l som finns inuti. Mojave Faraday Phone Bag s\u00e4kerst\u00e4ller att din telefon inte kan kommuniceras med n\u00e4r den \u00e4r innesluten i faradayfodralets fack, blockerar hackning, sp\u00e5rning, fj\u00e4rr\u00e5tkomst till kameran och mikrofonen, datakopiering eller korruption, och f\u00f6rhindrar \u00e4ven EMF-str\u00e5lning fr\u00e5n att tr\u00e4nga igenom. Det lyxiga patenterade inkapslingssystemet anv\u00e4nds ofta f\u00f6r att skydda digital integritet och personuppgifter under flygresor, pendling och p\u00e5 upptagna eller icke-s\u00e4kra platser.     <\/p>\n<p>&nbsp;<\/p>\n<p><img decoding=\"async\" class=\"aligncenter wp-image-28097 size-full\" src=\"https:\/\/cryptsec.se\/wp-content\/uploads\/2024\/11\/Skarmavbild-2024-11-04-kl.-19.24.14.png\" alt=\"\" width=\"2808\" height=\"1016\" srcset=\"https:\/\/cryptsec.se\/wp-content\/uploads\/2024\/11\/Skarmavbild-2024-11-04-kl.-19.24.14.png 2560w, https:\/\/cryptsec.se\/wp-content\/uploads\/2024\/11\/Skarmavbild-2024-11-04-kl.-19.24.14-300x109.png 300w, https:\/\/cryptsec.se\/wp-content\/uploads\/2024\/11\/Skarmavbild-2024-11-04-kl.-19.24.14-1024x371.png 1024w, https:\/\/cryptsec.se\/wp-content\/uploads\/2024\/11\/Skarmavbild-2024-11-04-kl.-19.24.14-768x278.png 768w, https:\/\/cryptsec.se\/wp-content\/uploads\/2024\/11\/Skarmavbild-2024-11-04-kl.-19.24.14-1536x556.png 1536w, https:\/\/cryptsec.se\/wp-content\/uploads\/2024\/11\/Skarmavbild-2024-11-04-kl.-19.24.14-2048x741.png 2048w, https:\/\/cryptsec.se\/wp-content\/uploads\/2024\/11\/Skarmavbild-2024-11-04-kl.-19.24.14-680x246.png 680w\" sizes=\"(max-width: 2808px) 100vw, 2808px\" \/><\/p>\n","protected":false},"excerpt":{"rendered":"<p>Mission Darkness\u2122 Mojave Faraday Phone Bag \u00e4r en multifunktionell resv\u00e4ska med en inbyggd faradaysleeve som \u00e4r s\u00e4rskilt utformad f\u00f6r att skydda elektroniska enheter fr\u00e5n RF-signaler och f\u00f6rvara ofta anv\u00e4nda tillbeh\u00f6r, allt i ett snyggt fodral. De flesta faradayv\u00e4skor eller burar \u00e4r endast utformade f\u00f6r sin prim\u00e4ra funktion, som \u00e4r att isolera enheter, men Mojave Faraday Phone Bag erbjuder inbyggda funktioner och tillbeh\u00f6rsfickor s\u00e5 att allt du beh\u00f6ver \u00e4r det dolda fodralet f\u00f6r daglig anv\u00e4ndning och resor. <\/p>\n","protected":false},"featured_media":29498,"template":"","meta":[],"product_brand":[],"product_cat":[1076],"product_tag":[998,831,833,884,1125,1131,900,1124,1130],"berocket_brand":[],"class_list":{"0":"post-29929","1":"product","2":"type-product","3":"status-publish","4":"has-post-thumbnail","6":"product_cat-faraday-nyckelring-telefonvaskor","7":"product_tag-faraday-bag-sv","8":"product_tag-faraday-skold","9":"product_tag-faraday-skydd","10":"product_tag-faraday-vaska-sv","11":"product_tag-sakerhet-for-barbara-datorer","12":"product_tag-sakerhet-for-surfplattor","13":"product_tag-skarmning","14":"product_tag-telefonens-sakerhet","15":"product_tag-torr-skold","17":"first","18":"instock","19":"taxable","20":"shipping-taxable","21":"purchasable","22":"product-type-simple"},"_links":{"self":[{"href":"https:\/\/cryptsec.se\/sv\/wp-json\/wp\/v2\/product\/29929","targetHints":{"allow":["GET"]}}],"collection":[{"href":"https:\/\/cryptsec.se\/sv\/wp-json\/wp\/v2\/product"}],"about":[{"href":"https:\/\/cryptsec.se\/sv\/wp-json\/wp\/v2\/types\/product"}],"wp:featuredmedia":[{"embeddable":true,"href":"https:\/\/cryptsec.se\/sv\/wp-json\/wp\/v2\/media\/29498"}],"wp:attachment":[{"href":"https:\/\/cryptsec.se\/sv\/wp-json\/wp\/v2\/media?parent=29929"}],"wp:term":[{"taxonomy":"product_brand","embeddable":true,"href":"https:\/\/cryptsec.se\/sv\/wp-json\/wp\/v2\/product_brand?post=29929"},{"taxonomy":"product_cat","embeddable":true,"href":"https:\/\/cryptsec.se\/sv\/wp-json\/wp\/v2\/product_cat?post=29929"},{"taxonomy":"product_tag","embeddable":true,"href":"https:\/\/cryptsec.se\/sv\/wp-json\/wp\/v2\/product_tag?post=29929"},{"taxonomy":"berocket_brand","embeddable":true,"href":"https:\/\/cryptsec.se\/sv\/wp-json\/wp\/v2\/berocket_brand?post=29929"}],"curies":[{"name":"wp","href":"https:\/\/api.w.org\/{rel}","templated":true}]}}