{"id":29930,"date":"2024-11-04T11:44:31","date_gmt":"2024-11-04T10:44:31","guid":{"rendered":"https:\/\/cryptsec.se\/product\/mission-darkness-faradayvaska-for-nyckelbrickor-2-pack\/"},"modified":"2024-11-04T11:44:31","modified_gmt":"2024-11-04T10:44:31","slug":"mission-darkness-faradayvaska-for-nyckelbrickor-2-pack","status":"publish","type":"product","link":"https:\/\/cryptsec.se\/sv\/product\/mission-darkness-faradayvaska-for-nyckelbrickor-2-pack\/","title":{"rendered":"Mission Darkness\u2122 Faradayv\u00e4ska f\u00f6r nyckelbrickor (2-pack)"},"content":{"rendered":"<p><img fetchpriority=\"high\" decoding=\"async\" class=\"aligncenter wp-image-28105 size-full\" src=\"https:\/\/cryptsec.se\/wp-content\/uploads\/2024\/11\/nedladdning-5-scaled.jpeg\" alt=\"Faradayv\u00e4ska f\u00f6r nyckelbrickor\" width=\"2560\" height=\"1707\" srcset=\"https:\/\/cryptsec.se\/wp-content\/uploads\/2024\/11\/nedladdning-5-scaled.jpeg 2560w, https:\/\/cryptsec.se\/wp-content\/uploads\/2024\/11\/nedladdning-5-300x200.jpeg 300w, https:\/\/cryptsec.se\/wp-content\/uploads\/2024\/11\/nedladdning-5-1024x683.jpeg 1024w, https:\/\/cryptsec.se\/wp-content\/uploads\/2024\/11\/nedladdning-5-768x512.jpeg 768w, https:\/\/cryptsec.se\/wp-content\/uploads\/2024\/11\/nedladdning-5-1536x1024.jpeg 1536w, https:\/\/cryptsec.se\/wp-content\/uploads\/2024\/11\/nedladdning-5-2048x1365.jpeg 2048w, https:\/\/cryptsec.se\/wp-content\/uploads\/2024\/11\/nedladdning-5-680x453.jpeg 680w\" sizes=\"(max-width: 2560px) 100vw, 2560px\" \/><\/p>\n<p>Faraday-p\u00e5sen fungerar genom att avsk\u00e4rma &#8220;alltid-p\u00e5&#8221;-nyckelbrickor och annan sm\u00e5elektronik (som Apple Watch, s\u00e4ndare och kreditkort) fr\u00e5n radiofrekvenssignaler, vilket s\u00e4kerst\u00e4ller att enheten inte kan hackas och att signalen som den st\u00e4ndigt s\u00e4nder ut inte kan f\u00f6rst\u00e4rkas. V\u00e4skan b\u00f6r anv\u00e4ndas som en f\u00f6rebyggande \u00e5tg\u00e4rd f\u00f6r fordons- och datas\u00e4kerhet. V\u00e4skan g\u00f6r det ocks\u00e5 m\u00f6jligt att h\u00e5lla en reservnyckelfob isolerad och l\u00e5st i fordonet. Den avancerade signalblockeringsv\u00e4skan anv\u00e4nds ofta f\u00f6r fordonss\u00e4kerhet, kriminalteknik, milit\u00e4r, aff\u00e4rsresor, datasekretess och personlig s\u00e4kerhet. Kapaciteten \u00e4r tillr\u00e4ckligt stor f\u00f6r att rymma tv\u00e5 nyckelbrickor eller en genomsnittlig nyckelknippa med tillbeh\u00f6r. Nyckelbrickan ska alltid ligga kvar i faradayv\u00e4skan (n\u00e4r den inte anv\u00e4nds) f\u00f6r att garantera fordonets s\u00e4kerhet.     <\/p>\n<p>&nbsp;<\/p>\n<p><img decoding=\"async\" class=\"aligncenter wp-image-28107 size-full\" src=\"https:\/\/cryptsec.se\/wp-content\/uploads\/2024\/11\/nedladdning-6.jpeg\" alt=\"\" width=\"2500\" height=\"1288\" srcset=\"https:\/\/cryptsec.se\/wp-content\/uploads\/2024\/11\/nedladdning-6.jpeg 2500w, https:\/\/cryptsec.se\/wp-content\/uploads\/2024\/11\/nedladdning-6-300x155.jpeg 300w, https:\/\/cryptsec.se\/wp-content\/uploads\/2024\/11\/nedladdning-6-1024x528.jpeg 1024w, https:\/\/cryptsec.se\/wp-content\/uploads\/2024\/11\/nedladdning-6-768x396.jpeg 768w, https:\/\/cryptsec.se\/wp-content\/uploads\/2024\/11\/nedladdning-6-1536x791.jpeg 1536w, https:\/\/cryptsec.se\/wp-content\/uploads\/2024\/11\/nedladdning-6-2048x1055.jpeg 2048w, https:\/\/cryptsec.se\/wp-content\/uploads\/2024\/11\/nedladdning-6-680x350.jpeg 680w\" sizes=\"(max-width: 2500px) 100vw, 2500px\" \/><\/p>\n","protected":false},"excerpt":{"rendered":"<p><span data-lucid-type=\"application\/vnd.lucid.text\" data-lucid-content=\"{\"t\":\"Malicious vehicle entry using keyfob signal boosting methods is the leading threat in the automotive community. The Mission Darkness Keyfob Shield is a high quality faraday bag designed to keep vehicles secure. \",\"m\":[{\"s\":0,\"n\":\"a\",\"v\":\"justified\"},{\"s\":0,\"n\":\"c\",\"v\":\"#e5e5e5ff\",\"e\":211},{\"s\":0,\"n\":\"s\",\"v\":10,\"e\":211},{\"s\":0,\"n\":\"fc\",\"v\":\"Regular\",\"e\":211},{\"s\":0,\"n\":\"fid\",\"v\":2632,\"e\":211}]}\">Skadliga intr\u00e5ng i fordon med hj\u00e4lp av metoder f\u00f6r att f\u00f6rst\u00e4rka signalen fr\u00e5n nyckelbrickor \u00e4r det st\u00f6rsta hotet mot fordonsindustrin. C <\/span>brottslingar anv\u00e4nder signalf\u00f6rst\u00e4rkningsanordningar f\u00f6r att f\u00f6rst\u00e4rka eller efterlikna signalen fr\u00e5n en nyckelbricka f\u00f6r att f\u00e5 tillg\u00e5ng till bilar utan att tvinga sig in. Mission Darkness\u2122 Keyfob Shield \u00e4r en h\u00f6gkvalitativ faradayp\u00e5se som \u00e4r utformad f\u00f6r att h\u00e5lla fordon s\u00e4kra genom att blockera fj\u00e4rrkontrollens signal fr\u00e5n att kommunicera med fordonet. Den \u00e4r tillverkad av ett slitstarkt och vattenavvisande yttermaterial av ballistisk nylon, och p\u00e5 insidan finns tre lager av h\u00f6gavsk\u00e4rmande <a href=\"https:\/\/mosequipment.com\/collections\/faraday-supplies\/products\/titanrf-faraday-fabric\">TitanRF\u2122 Faraday Fabric<\/a> p\u00e5 alla sidor med dubbla parade s\u00f6mmar.  <\/p>\n","protected":false},"featured_media":29500,"template":"","meta":[],"product_brand":[],"product_cat":[1076],"product_tag":[1117,998,831,833,884,1119,834,885],"berocket_brand":[],"class_list":{"0":"post-29930","1":"product","2":"type-product","3":"status-publish","4":"has-post-thumbnail","6":"product_cat-faraday-nyckelring-telefonvaskor","7":"product_tag-faraday-sv","8":"product_tag-faraday-bag-sv","9":"product_tag-faraday-skold","10":"product_tag-faraday-skydd","11":"product_tag-faraday-vaska-sv","12":"product_tag-forensisk-utrustning","13":"product_tag-rattsmedicin","14":"product_tag-sakerhetsfodral-sv","16":"first","17":"instock","18":"taxable","19":"shipping-taxable","20":"purchasable","21":"product-type-simple"},"_links":{"self":[{"href":"https:\/\/cryptsec.se\/sv\/wp-json\/wp\/v2\/product\/29930","targetHints":{"allow":["GET"]}}],"collection":[{"href":"https:\/\/cryptsec.se\/sv\/wp-json\/wp\/v2\/product"}],"about":[{"href":"https:\/\/cryptsec.se\/sv\/wp-json\/wp\/v2\/types\/product"}],"wp:featuredmedia":[{"embeddable":true,"href":"https:\/\/cryptsec.se\/sv\/wp-json\/wp\/v2\/media\/29500"}],"wp:attachment":[{"href":"https:\/\/cryptsec.se\/sv\/wp-json\/wp\/v2\/media?parent=29930"}],"wp:term":[{"taxonomy":"product_brand","embeddable":true,"href":"https:\/\/cryptsec.se\/sv\/wp-json\/wp\/v2\/product_brand?post=29930"},{"taxonomy":"product_cat","embeddable":true,"href":"https:\/\/cryptsec.se\/sv\/wp-json\/wp\/v2\/product_cat?post=29930"},{"taxonomy":"product_tag","embeddable":true,"href":"https:\/\/cryptsec.se\/sv\/wp-json\/wp\/v2\/product_tag?post=29930"},{"taxonomy":"berocket_brand","embeddable":true,"href":"https:\/\/cryptsec.se\/sv\/wp-json\/wp\/v2\/berocket_brand?post=29930"}],"curies":[{"name":"wp","href":"https:\/\/api.w.org\/{rel}","templated":true}]}}