{"id":29931,"date":"2024-11-04T11:44:32","date_gmt":"2024-11-04T10:44:32","guid":{"rendered":"https:\/\/cryptsec.se\/product\/mission-darkness-dry-shield-faraday-tote-7l\/"},"modified":"2024-11-04T11:44:32","modified_gmt":"2024-11-04T10:44:32","slug":"mission-darkness-dry-shield-faraday-tote-7l","status":"publish","type":"product","link":"https:\/\/cryptsec.se\/sv\/product\/mission-darkness-dry-shield-faraday-tote-7l\/","title":{"rendered":"Mission Darkness\u2122 Dry Shield Faraday Tote 7L"},"content":{"rendered":"<p><img fetchpriority=\"high\" decoding=\"async\" class=\"aligncenter wp-image-28056 size-full\" src=\"https:\/\/cryptsec.se\/wp-content\/uploads\/2024\/11\/adad.avif\" alt=\"\" width=\"1464\" height=\"597\" srcset=\"https:\/\/cryptsec.se\/wp-content\/uploads\/2024\/11\/adad.avif 1464w, https:\/\/cryptsec.se\/wp-content\/uploads\/2024\/11\/adad-300x122.avif 300w, https:\/\/cryptsec.se\/wp-content\/uploads\/2024\/11\/adad-1024x418.avif 1024w, https:\/\/cryptsec.se\/wp-content\/uploads\/2024\/11\/adad-768x313.avif 768w, https:\/\/cryptsec.se\/wp-content\/uploads\/2024\/11\/adad-680x277.avif 680w\" sizes=\"(max-width: 1464px) 100vw, 1464px\" \/><\/p>\n<p><img decoding=\"async\" class=\"aligncenter wp-image-28058 size-full\" src=\"https:\/\/cryptsec.se\/wp-content\/uploads\/2024\/11\/Skarmavbild-2024-11-04-kl.-19.10.04.png\" alt=\"\" width=\"2804\" height=\"208\" srcset=\"https:\/\/cryptsec.se\/wp-content\/uploads\/2024\/11\/Skarmavbild-2024-11-04-kl.-19.10.04.png 2560w, https:\/\/cryptsec.se\/wp-content\/uploads\/2024\/11\/Skarmavbild-2024-11-04-kl.-19.10.04-300x22.png 300w, https:\/\/cryptsec.se\/wp-content\/uploads\/2024\/11\/Skarmavbild-2024-11-04-kl.-19.10.04-1024x76.png 1024w, https:\/\/cryptsec.se\/wp-content\/uploads\/2024\/11\/Skarmavbild-2024-11-04-kl.-19.10.04-768x57.png 768w, https:\/\/cryptsec.se\/wp-content\/uploads\/2024\/11\/Skarmavbild-2024-11-04-kl.-19.10.04-1536x114.png 1536w, https:\/\/cryptsec.se\/wp-content\/uploads\/2024\/11\/Skarmavbild-2024-11-04-kl.-19.10.04-2048x152.png 2048w, https:\/\/cryptsec.se\/wp-content\/uploads\/2024\/11\/Skarmavbild-2024-11-04-kl.-19.10.04-680x50.png 680w\" sizes=\"(max-width: 2804px) 100vw, 2804px\" \/><\/p>\n<p>Mission Darkness\u2122 Dry Shield Faraday Tote 7L blockerar alla tr\u00e5dl\u00f6sa signaler och h\u00e5ller sm\u00e5 till medelstora elektroniska enheter skyddade f\u00f6r att f\u00f6rhindra hackning, sp\u00e5rning, spionage och korruption i v\u00e5rdkedjan. N\u00e4r en enhet \u00e4r innesluten i v\u00e4skan kan inga appar eller skadlig kod fj\u00e4rrutl\u00f6sas eller raderas, ingen kommunikation kan tr\u00e4nga igenom och ingen kan komma \u00e5t mikrofonen, kameran, GPS-positionen eller data.  De prim\u00e4ra anv\u00e4ndningsomr\u00e5dena \u00e4r polis och milit\u00e4r f\u00f6r insamling av kriminaltekniska bevis, f\u00f6rsvar mot datast\u00f6ld, personlig s\u00e4kerhet, EMP-skydd, minskning av EMF-str\u00e5lning och f\u00f6r att f\u00f6rb\u00e4ttra den digitala integriteten.<\/p>\n<p>V\u00e4skan \u00e4r tillverkad av ett slitstarkt och vattent\u00e4tt <span class=\"a-list-item\">yttermaterial i 500D PVC <\/span>och tv\u00e5 lager av h\u00f6gskyddande <a href=\"https:\/\/mosequipment.com\/collections\/faraday-supplies\/products\/titanrf-faraday-fabric\" target=\"_blank\" rel=\"noopener\">TitanRF\u2122 Faraday Fabric<\/a> p\u00e5 alla insidor med dubbla s\u00f6mmar. V\u00e4skan har en justerbar och avtagbar vadderad rem som kan b\u00e4ras \u00f6ver axeln eller f\u00e4stas i konstruktioner. Det inv\u00e4ndiga utrymmet rymmer enkelt flera radioapparater, mobiltelefoner, surfplattor och tillbeh\u00f6r. En vattent\u00e4t oskyddad blixtl\u00e5sficka p\u00e5 utsidan g\u00f6r att du kan h\u00e5lla ofta anv\u00e4nda sm\u00e5 f\u00f6rem\u00e5l eller enheter (som mobiltelefoner) tillg\u00e4ngliga och online n\u00e4r det beh\u00f6vs, och fungerar ocks\u00e5 som ett fack f\u00f6r m\u00e4rkesvaror. Elektroniken som finns inuti garanteras att f\u00f6rbli torr och offline p\u00e5 alla vattenomgivna platser.    <\/p>\n<p><img decoding=\"async\" class=\"aligncenter wp-image-28062 size-full\" src=\"https:\/\/cryptsec.se\/wp-content\/uploads\/2024\/11\/Skarmavbild-2024-11-04-kl.-19.12.13.png\" alt=\"\" width=\"2854\" height=\"1508\" srcset=\"https:\/\/cryptsec.se\/wp-content\/uploads\/2024\/11\/Skarmavbild-2024-11-04-kl.-19.12.13.png 2560w, https:\/\/cryptsec.se\/wp-content\/uploads\/2024\/11\/Skarmavbild-2024-11-04-kl.-19.12.13-300x159.png 300w, https:\/\/cryptsec.se\/wp-content\/uploads\/2024\/11\/Skarmavbild-2024-11-04-kl.-19.12.13-1024x541.png 1024w, https:\/\/cryptsec.se\/wp-content\/uploads\/2024\/11\/Skarmavbild-2024-11-04-kl.-19.12.13-768x406.png 768w, https:\/\/cryptsec.se\/wp-content\/uploads\/2024\/11\/Skarmavbild-2024-11-04-kl.-19.12.13-1536x812.png 1536w, https:\/\/cryptsec.se\/wp-content\/uploads\/2024\/11\/Skarmavbild-2024-11-04-kl.-19.12.13-2048x1082.png 2048w, https:\/\/cryptsec.se\/wp-content\/uploads\/2024\/11\/Skarmavbild-2024-11-04-kl.-19.12.13-680x359.png 680w\" sizes=\"(max-width: 2854px) 100vw, 2854px\" \/><img loading=\"lazy\" decoding=\"async\" class=\"aligncenter wp-image-28060 size-full\" src=\"https:\/\/cryptsec.se\/wp-content\/uploads\/2024\/11\/Skarmavbild-2024-11-04-kl.-19.11.36.png\" alt=\"\" width=\"2620\" height=\"1498\" srcset=\"https:\/\/cryptsec.se\/wp-content\/uploads\/2024\/11\/Skarmavbild-2024-11-04-kl.-19.11.36.png 2560w, https:\/\/cryptsec.se\/wp-content\/uploads\/2024\/11\/Skarmavbild-2024-11-04-kl.-19.11.36-300x172.png 300w, https:\/\/cryptsec.se\/wp-content\/uploads\/2024\/11\/Skarmavbild-2024-11-04-kl.-19.11.36-1024x585.png 1024w, https:\/\/cryptsec.se\/wp-content\/uploads\/2024\/11\/Skarmavbild-2024-11-04-kl.-19.11.36-768x439.png 768w, https:\/\/cryptsec.se\/wp-content\/uploads\/2024\/11\/Skarmavbild-2024-11-04-kl.-19.11.36-1536x878.png 1536w, https:\/\/cryptsec.se\/wp-content\/uploads\/2024\/11\/Skarmavbild-2024-11-04-kl.-19.11.36-2048x1171.png 2048w, https:\/\/cryptsec.se\/wp-content\/uploads\/2024\/11\/Skarmavbild-2024-11-04-kl.-19.11.36-680x389.png 680w\" sizes=\"(max-width: 2620px) 100vw, 2620px\" \/><\/p>\n","protected":false},"excerpt":{"rendered":"<p>Mission Darkness\u2122 Dry Shield Faraday Tote 7L blockerar alla tr\u00e5dl\u00f6sa signaler och h\u00e5ller sm\u00e5 till medelstora elektroniska enheter skyddade f\u00f6r att f\u00f6rhindra hackning, sp\u00e5rning, spionage och korruption i v\u00e5rdkedjan. N\u00e4r en enhet \u00e4r innesluten i v\u00e4skan kan inga appar eller skadlig kod fj\u00e4rrutl\u00f6sas eller raderas, ingen kommunikation kan tr\u00e4nga igenom och ingen kan komma \u00e5t mikrofonen, kameran, GPS-positionen eller data.  De prim\u00e4ra anv\u00e4ndningsomr\u00e5dena \u00e4r polis och milit\u00e4r f\u00f6r insamling av kriminaltekniska bevis, f\u00f6rsvar mot datast\u00f6ld, personlig s\u00e4kerhet, EMP-skydd, minskning av EMF-str\u00e5lning och f\u00f6r att f\u00f6rb\u00e4ttra den digitala integriteten.<\/p>\n","protected":false},"featured_media":29581,"template":"","meta":[],"product_brand":[],"product_cat":[830,1076,1078],"product_tag":[998,831,833,884,885,1132],"berocket_brand":[],"class_list":{"0":"post-29931","1":"product","2":"type-product","3":"status-publish","4":"has-post-thumbnail","6":"product_cat-faraday-mission-darkness","7":"product_cat-faraday-nyckelring-telefonvaskor","8":"product_cat-faradayvaskor-ipad-datorer","9":"product_tag-faraday-bag-sv","10":"product_tag-faraday-skold","11":"product_tag-faraday-skydd","12":"product_tag-faraday-vaska-sv","13":"product_tag-sakerhetsfodral-sv","14":"product_tag-signalskydd","16":"first","17":"instock","18":"taxable","19":"shipping-taxable","20":"purchasable","21":"product-type-simple"},"_links":{"self":[{"href":"https:\/\/cryptsec.se\/sv\/wp-json\/wp\/v2\/product\/29931","targetHints":{"allow":["GET"]}}],"collection":[{"href":"https:\/\/cryptsec.se\/sv\/wp-json\/wp\/v2\/product"}],"about":[{"href":"https:\/\/cryptsec.se\/sv\/wp-json\/wp\/v2\/types\/product"}],"wp:featuredmedia":[{"embeddable":true,"href":"https:\/\/cryptsec.se\/sv\/wp-json\/wp\/v2\/media\/29581"}],"wp:attachment":[{"href":"https:\/\/cryptsec.se\/sv\/wp-json\/wp\/v2\/media?parent=29931"}],"wp:term":[{"taxonomy":"product_brand","embeddable":true,"href":"https:\/\/cryptsec.se\/sv\/wp-json\/wp\/v2\/product_brand?post=29931"},{"taxonomy":"product_cat","embeddable":true,"href":"https:\/\/cryptsec.se\/sv\/wp-json\/wp\/v2\/product_cat?post=29931"},{"taxonomy":"product_tag","embeddable":true,"href":"https:\/\/cryptsec.se\/sv\/wp-json\/wp\/v2\/product_tag?post=29931"},{"taxonomy":"berocket_brand","embeddable":true,"href":"https:\/\/cryptsec.se\/sv\/wp-json\/wp\/v2\/berocket_brand?post=29931"}],"curies":[{"name":"wp","href":"https:\/\/api.w.org\/{rel}","templated":true}]}}