{"id":29932,"date":"2024-11-04T11:44:32","date_gmt":"2024-11-04T10:44:32","guid":{"rendered":"https:\/\/cryptsec.se\/product\/mission-darkness-dry-shield-molle-faraday-pase\/"},"modified":"2024-11-04T11:44:32","modified_gmt":"2024-11-04T10:44:32","slug":"mission-darkness-dry-shield-molle-faraday-pase","status":"publish","type":"product","link":"https:\/\/cryptsec.se\/sv\/product\/mission-darkness-dry-shield-molle-faraday-pase\/","title":{"rendered":"Mission Darkness\u2122 Dry Shield MOLLE Faraday-p\u00e5se"},"content":{"rendered":"<p><img fetchpriority=\"high\" decoding=\"async\" class=\"aligncenter wp-image-28084 size-full\" src=\"https:\/\/cryptsec.se\/wp-content\/uploads\/2024\/11\/nedladdning-4.jpeg\" alt=\"\" width=\"1500\" height=\"928\" srcset=\"https:\/\/cryptsec.se\/wp-content\/uploads\/2024\/11\/nedladdning-4.jpeg 1500w, https:\/\/cryptsec.se\/wp-content\/uploads\/2024\/11\/nedladdning-4-300x186.jpeg 300w, https:\/\/cryptsec.se\/wp-content\/uploads\/2024\/11\/nedladdning-4-1024x634.jpeg 1024w, https:\/\/cryptsec.se\/wp-content\/uploads\/2024\/11\/nedladdning-4-768x475.jpeg 768w, https:\/\/cryptsec.se\/wp-content\/uploads\/2024\/11\/nedladdning-4-680x421.jpeg 680w\" sizes=\"(max-width: 1500px) 100vw, 1500px\" \/><\/p>\n<p>Detta \u00e4r den andra generationen av produkten, som nyligen uppgraderats med ett kraftigt vattent\u00e4tt blixtl\u00e5s och ett skyddande 840D TPU ytterskal, vilket g\u00f6r den 100% vattent\u00e4t och neds\u00e4nkbar! Den har MOLLE-band p\u00e5 fram- och baksidan samt tv\u00e5 snabbf\u00e4stremmar som \u00e4r s\u00e4rskilt utformade f\u00f6r att f\u00e4stas p\u00e5 <a href=\"https:\/\/mosequipment.com\/collections\/all-products\/products\/large-drybag\" target=\"_blank\" rel=\"noopener\">Mission Darkness Dry Shield Faraday Backpack 40L<\/a>, <a href=\"https:\/\/mosequipment.com\/collections\/all-products\/products\/mission-darkness-x2-duffel-faraday-bag\" target=\"_blank\" rel=\"noopener\">Mission Darkness X2 Faraday Duffel Bag<\/a> samt alla v\u00e4skor, v\u00e4star eller utrustningsb\u00e4lten med MOLLE-band. Det inv\u00e4ndiga faradayfacket \u00e4r konstruerat med tv\u00e5 lager av h\u00f6gavsk\u00e4rmande <a href=\"https:\/\/mosequipment.com\/collections\/faraday-supplies\/products\/titanrf-faraday-fabric\" target=\"_blank\" rel=\"noopener\">TitanRF\u2122 Faraday Fabric<\/a> p\u00e5 alla sidor med dubbla parade s\u00f6mmar. Systemet ger m\u00e5ngsidig RF-sk\u00e4rmning genom att anv\u00e4ndaren enkelt kan f\u00e4sta flera faradayfickor p\u00e5 en st\u00f6rre packning utan att \u00e4ventyra avsk\u00e4rmningen av separata enheter i varje ficka, en funktion som \u00e4r s\u00e4rskilt utformad f\u00f6r milit\u00e4ra operat\u00f6rer. Den v\u00e4derbest\u00e4ndiga, vattent\u00e4ta och signals\u00e4kra v\u00e4skan \u00e4r tillr\u00e4ckligt stor f\u00f6r att rymma sm\u00e5 surfplattor, flera mobiltelefoner, komradioapparater och elektronik av liknande storlek. Oavsett om det g\u00e4ller aff\u00e4rsresor, digital integritet eller kriminalteknik, kommer den h\u00e5llbara v\u00e4skan att h\u00e5lla dina enheter s\u00e4kra, tysta och torra.   <\/p>\n<p>&nbsp;<\/p>\n<p><img decoding=\"async\" class=\"aligncenter wp-image-28086 size-full\" src=\"https:\/\/cryptsec.se\/wp-content\/uploads\/2024\/11\/Skarmavbild-2024-11-04-kl.-19.20.17.png\" alt=\"\" width=\"2806\" height=\"950\" srcset=\"https:\/\/cryptsec.se\/wp-content\/uploads\/2024\/11\/Skarmavbild-2024-11-04-kl.-19.20.17.png 2560w, https:\/\/cryptsec.se\/wp-content\/uploads\/2024\/11\/Skarmavbild-2024-11-04-kl.-19.20.17-300x102.png 300w, https:\/\/cryptsec.se\/wp-content\/uploads\/2024\/11\/Skarmavbild-2024-11-04-kl.-19.20.17-1024x347.png 1024w, https:\/\/cryptsec.se\/wp-content\/uploads\/2024\/11\/Skarmavbild-2024-11-04-kl.-19.20.17-768x260.png 768w, https:\/\/cryptsec.se\/wp-content\/uploads\/2024\/11\/Skarmavbild-2024-11-04-kl.-19.20.17-1536x520.png 1536w, https:\/\/cryptsec.se\/wp-content\/uploads\/2024\/11\/Skarmavbild-2024-11-04-kl.-19.20.17-2048x693.png 2048w, https:\/\/cryptsec.se\/wp-content\/uploads\/2024\/11\/Skarmavbild-2024-11-04-kl.-19.20.17-680x230.png 680w\" sizes=\"(max-width: 2806px) 100vw, 2806px\" \/><\/p>\n","protected":false},"excerpt":{"rendered":"<p>Mission Darkness\u2122 Dry Shield MOLLE Faraday Pouch har en vattent\u00e4t utsida och ett faradayfack p\u00e5 insidan som helt blockerar alla tr\u00e5dl\u00f6sa signaler och h\u00e5ller sm\u00e5 till medelstora elektroniska enheter skyddade f\u00f6r att f\u00f6rhindra hackning, sp\u00e5rning, spionage och korruption i v\u00e5rdkedjan. N\u00e4r en enhet \u00e4r ordentligt innesluten i v\u00e4skan kan inga appar eller skadlig kod fj\u00e4rrutl\u00f6sas eller raderas, ingen kommunikation kan tr\u00e4nga igenom och ingen kan komma \u00e5t mikrofonen, kameran, GPS-positionen eller data.  De prim\u00e4ra anv\u00e4ndningsomr\u00e5dena \u00e4r polis och milit\u00e4r f\u00f6r insamling av kriminaltekniska bevis, f\u00f6rsvar mot datast\u00f6ld, personlig s\u00e4kerhet, EMP-skydd, minskning av EMF-str\u00e5lning och f\u00f6r att f\u00f6rb\u00e4ttra den digitala integriteten.<\/p>\n","protected":false},"featured_media":27924,"template":"","meta":[],"product_brand":[],"product_cat":[830,1076,1078],"product_tag":[1117,998,831,833,884,1119,834,885],"berocket_brand":[],"class_list":{"0":"post-29932","1":"product","2":"type-product","3":"status-publish","4":"has-post-thumbnail","6":"product_cat-faraday-mission-darkness","7":"product_cat-faraday-nyckelring-telefonvaskor","8":"product_cat-faradayvaskor-ipad-datorer","9":"product_tag-faraday-sv","10":"product_tag-faraday-bag-sv","11":"product_tag-faraday-skold","12":"product_tag-faraday-skydd","13":"product_tag-faraday-vaska-sv","14":"product_tag-forensisk-utrustning","15":"product_tag-rattsmedicin","16":"product_tag-sakerhetsfodral-sv","18":"first","19":"instock","20":"taxable","21":"shipping-taxable","22":"purchasable","23":"product-type-variable"},"_links":{"self":[{"href":"https:\/\/cryptsec.se\/sv\/wp-json\/wp\/v2\/product\/29932","targetHints":{"allow":["GET"]}}],"collection":[{"href":"https:\/\/cryptsec.se\/sv\/wp-json\/wp\/v2\/product"}],"about":[{"href":"https:\/\/cryptsec.se\/sv\/wp-json\/wp\/v2\/types\/product"}],"wp:featuredmedia":[{"embeddable":true,"href":"https:\/\/cryptsec.se\/sv\/wp-json\/wp\/v2\/media\/27924"}],"wp:attachment":[{"href":"https:\/\/cryptsec.se\/sv\/wp-json\/wp\/v2\/media?parent=29932"}],"wp:term":[{"taxonomy":"product_brand","embeddable":true,"href":"https:\/\/cryptsec.se\/sv\/wp-json\/wp\/v2\/product_brand?post=29932"},{"taxonomy":"product_cat","embeddable":true,"href":"https:\/\/cryptsec.se\/sv\/wp-json\/wp\/v2\/product_cat?post=29932"},{"taxonomy":"product_tag","embeddable":true,"href":"https:\/\/cryptsec.se\/sv\/wp-json\/wp\/v2\/product_tag?post=29932"},{"taxonomy":"berocket_brand","embeddable":true,"href":"https:\/\/cryptsec.se\/sv\/wp-json\/wp\/v2\/berocket_brand?post=29932"}],"curies":[{"name":"wp","href":"https:\/\/api.w.org\/{rel}","templated":true}]}}