{"id":29933,"date":"2024-11-04T11:44:32","date_gmt":"2024-11-04T10:44:32","guid":{"rendered":"https:\/\/cryptsec.se\/product\/mission-darkness-molle-faraday-pase\/"},"modified":"2024-11-04T11:44:32","modified_gmt":"2024-11-04T10:44:32","slug":"mission-darkness-molle-faraday-pase","status":"publish","type":"product","link":"https:\/\/cryptsec.se\/sv\/product\/mission-darkness-molle-faraday-pase\/","title":{"rendered":"Mission Darkness\u2122 MOLLE Faraday-p\u00e5se"},"content":{"rendered":"<p><img fetchpriority=\"high\" decoding=\"async\" class=\"aligncenter wp-image-28070 size-full\" src=\"https:\/\/cryptsec.se\/wp-content\/uploads\/2024\/11\/nedladdning-3.jpeg\" alt=\"\" width=\"1920\" height=\"1188\" srcset=\"https:\/\/cryptsec.se\/wp-content\/uploads\/2024\/11\/nedladdning-3.jpeg 1920w, https:\/\/cryptsec.se\/wp-content\/uploads\/2024\/11\/nedladdning-3-300x186.jpeg 300w, https:\/\/cryptsec.se\/wp-content\/uploads\/2024\/11\/nedladdning-3-1024x634.jpeg 1024w, https:\/\/cryptsec.se\/wp-content\/uploads\/2024\/11\/nedladdning-3-768x475.jpeg 768w, https:\/\/cryptsec.se\/wp-content\/uploads\/2024\/11\/nedladdning-3-1536x950.jpeg 1536w, https:\/\/cryptsec.se\/wp-content\/uploads\/2024\/11\/nedladdning-3-680x421.jpeg 680w\" sizes=\"(max-width: 1920px) 100vw, 1920px\" \/><\/p>\n<p>&nbsp;<\/p>\n<p>Den avtagbara faraday-p\u00e5sen har MOLLE-band och tv\u00e5 snabbf\u00e4stremmar som \u00e4r s\u00e4rskilt utformade f\u00f6r att f\u00e4stas p\u00e5 <a href=\"https:\/\/mosequipment.com\/collections\/all-products\/products\/mission-darkness-x2-duffel-faraday-bag\" target=\"_blank\" rel=\"noopener\">Mission Darkness X2 Faraday Duffel Bag<\/a>, <a href=\"https:\/\/mosequipment.com\/collections\/all-products\/products\/large-drybag\" target=\"_blank\" rel=\"noopener\">Mission Darkness Dry Shield Faraday Backpack 40L<\/a> samt p\u00e5 alla v\u00e4skor, v\u00e4star eller utrustningsb\u00e4lten med MOLLE-band. Systemet ger m\u00e5ngsidig RF-sk\u00e4rmning genom att anv\u00e4ndaren enkelt kan f\u00e4sta flera Faraday-p\u00e5sar p\u00e5 en st\u00f6rre packning utan att \u00e4ventyra avsk\u00e4rmningen av separata enheter i varje p\u00e5se, en funktion som \u00e4r s\u00e4rskilt utformad f\u00f6r milit\u00e4ra operat\u00f6rer. P\u00e5sen \u00e4r byggd med tv\u00e5 lager av h\u00f6gavsk\u00e4rmande <a href=\"https:\/\/mosequipment.com\/collections\/faraday-supplies\/products\/titanrf-faraday-fabric\" target=\"_blank\" rel=\"noopener\">TitanRF\u2122 Faraday Fabric<\/a> p\u00e5 alla insidor med dubbla s\u00f6mmar. De slitstarka, vattenavvisande yttermaterialen i ballistisk nylon garanterar en l\u00e5ng livsl\u00e4ngd f\u00f6r b\u00e5de v\u00e4skan och de enheter som finns inuti. Oavsett om det g\u00e4ller resor i tj\u00e4nsten eller kriminalteknik kommer v\u00e4skan att h\u00e5lla dina enheter s\u00e4kra och tysta. Den inv\u00e4ndiga kapaciteten \u00e4r tillr\u00e4ckligt stor f\u00f6r att rymma elektroniska enheter som sm\u00e5 surfplattor, mobiltelefoner, GPS-enheter, komradioapparater och enheter av liknande storlek. P\u00e5sen kan ses i videon nedan som demonstrerar X2 Faraday Duffel Bag.   <\/p>\n<p>&nbsp;<\/p>\n<p><img decoding=\"async\" class=\"aligncenter wp-image-28074 size-full\" src=\"https:\/\/cryptsec.se\/wp-content\/uploads\/2024\/11\/Skarmavbild-2024-11-04-kl.-19.15.51.png\" alt=\"\" width=\"2802\" height=\"1116\" srcset=\"https:\/\/cryptsec.se\/wp-content\/uploads\/2024\/11\/Skarmavbild-2024-11-04-kl.-19.15.51.png 2560w, https:\/\/cryptsec.se\/wp-content\/uploads\/2024\/11\/Skarmavbild-2024-11-04-kl.-19.15.51-300x119.png 300w, https:\/\/cryptsec.se\/wp-content\/uploads\/2024\/11\/Skarmavbild-2024-11-04-kl.-19.15.51-1024x408.png 1024w, https:\/\/cryptsec.se\/wp-content\/uploads\/2024\/11\/Skarmavbild-2024-11-04-kl.-19.15.51-768x306.png 768w, https:\/\/cryptsec.se\/wp-content\/uploads\/2024\/11\/Skarmavbild-2024-11-04-kl.-19.15.51-1536x612.png 1536w, https:\/\/cryptsec.se\/wp-content\/uploads\/2024\/11\/Skarmavbild-2024-11-04-kl.-19.15.51-2048x816.png 2048w, https:\/\/cryptsec.se\/wp-content\/uploads\/2024\/11\/Skarmavbild-2024-11-04-kl.-19.15.51-680x271.png 680w\" sizes=\"(max-width: 2802px) 100vw, 2802px\" \/><\/p>\n<p>&nbsp;<\/p>\n<p><img decoding=\"async\" class=\"aligncenter wp-image-28076 size-full\" src=\"https:\/\/cryptsec.se\/wp-content\/uploads\/2024\/11\/Skarmavbild-2024-11-04-kl.-19.17.14.png\" alt=\"\" width=\"2810\" height=\"1492\" srcset=\"https:\/\/cryptsec.se\/wp-content\/uploads\/2024\/11\/Skarmavbild-2024-11-04-kl.-19.17.14.png 2560w, https:\/\/cryptsec.se\/wp-content\/uploads\/2024\/11\/Skarmavbild-2024-11-04-kl.-19.17.14-300x159.png 300w, https:\/\/cryptsec.se\/wp-content\/uploads\/2024\/11\/Skarmavbild-2024-11-04-kl.-19.17.14-1024x544.png 1024w, https:\/\/cryptsec.se\/wp-content\/uploads\/2024\/11\/Skarmavbild-2024-11-04-kl.-19.17.14-768x408.png 768w, https:\/\/cryptsec.se\/wp-content\/uploads\/2024\/11\/Skarmavbild-2024-11-04-kl.-19.17.14-1536x816.png 1536w, https:\/\/cryptsec.se\/wp-content\/uploads\/2024\/11\/Skarmavbild-2024-11-04-kl.-19.17.14-2048x1087.png 2048w, https:\/\/cryptsec.se\/wp-content\/uploads\/2024\/11\/Skarmavbild-2024-11-04-kl.-19.17.14-680x361.png 680w\" sizes=\"(max-width: 2810px) 100vw, 2810px\" \/><\/p>\n","protected":false},"excerpt":{"rendered":"<p>Mission Darkness\u2122 MOLLE Faraday Pouch blockerar helt alla tr\u00e5dl\u00f6sa signaler och h\u00e5ller sm\u00e5 till medelstora elektroniska enheter skyddade f\u00f6r att f\u00f6rhindra hackning, sp\u00e5rning, spionage och korruption i v\u00e5rdkedjan. N\u00e4r en enhet \u00e4r ordentligt innesluten i v\u00e4skan kan inga appar eller skadlig kod fj\u00e4rrutl\u00f6sas eller raderas, ingen kommunikation kan tr\u00e4nga igenom och ingen kan komma \u00e5t mikrofonen, kameran, GPS-positionen eller data.  Prim\u00e4ra anv\u00e4ndningsomr\u00e5den \u00e4r f\u00f6r brottsbek\u00e4mpning och milit\u00e4r kriminalteknisk bevisinsamling, f\u00f6rsvar mot datast\u00f6ld, personlig s\u00e4kerhet, EMP-skydd och f\u00f6r att f\u00f6rb\u00e4ttra den digitala integriteten.<\/p>\n","protected":false},"featured_media":27921,"template":"","meta":[],"product_brand":[],"product_cat":[830,1076,1078],"product_tag":[1117,998,831,833,884,1119,834,885],"berocket_brand":[],"class_list":{"0":"post-29933","1":"product","2":"type-product","3":"status-publish","4":"has-post-thumbnail","6":"product_cat-faraday-mission-darkness","7":"product_cat-faraday-nyckelring-telefonvaskor","8":"product_cat-faradayvaskor-ipad-datorer","9":"product_tag-faraday-sv","10":"product_tag-faraday-bag-sv","11":"product_tag-faraday-skold","12":"product_tag-faraday-skydd","13":"product_tag-faraday-vaska-sv","14":"product_tag-forensisk-utrustning","15":"product_tag-rattsmedicin","16":"product_tag-sakerhetsfodral-sv","18":"first","19":"instock","20":"taxable","21":"shipping-taxable","22":"purchasable","23":"product-type-simple"},"_links":{"self":[{"href":"https:\/\/cryptsec.se\/sv\/wp-json\/wp\/v2\/product\/29933","targetHints":{"allow":["GET"]}}],"collection":[{"href":"https:\/\/cryptsec.se\/sv\/wp-json\/wp\/v2\/product"}],"about":[{"href":"https:\/\/cryptsec.se\/sv\/wp-json\/wp\/v2\/types\/product"}],"wp:featuredmedia":[{"embeddable":true,"href":"https:\/\/cryptsec.se\/sv\/wp-json\/wp\/v2\/media\/27921"}],"wp:attachment":[{"href":"https:\/\/cryptsec.se\/sv\/wp-json\/wp\/v2\/media?parent=29933"}],"wp:term":[{"taxonomy":"product_brand","embeddable":true,"href":"https:\/\/cryptsec.se\/sv\/wp-json\/wp\/v2\/product_brand?post=29933"},{"taxonomy":"product_cat","embeddable":true,"href":"https:\/\/cryptsec.se\/sv\/wp-json\/wp\/v2\/product_cat?post=29933"},{"taxonomy":"product_tag","embeddable":true,"href":"https:\/\/cryptsec.se\/sv\/wp-json\/wp\/v2\/product_tag?post=29933"},{"taxonomy":"berocket_brand","embeddable":true,"href":"https:\/\/cryptsec.se\/sv\/wp-json\/wp\/v2\/berocket_brand?post=29933"}],"curies":[{"name":"wp","href":"https:\/\/api.w.org\/{rel}","templated":true}]}}