{"id":29941,"date":"2021-10-28T17:18:05","date_gmt":"2021-10-28T15:18:05","guid":{"rendered":"https:\/\/cryptsec.se\/product\/mesa-2-0-mobility-enhanced-spectrum-analyzer\/"},"modified":"2021-10-28T17:18:05","modified_gmt":"2021-10-28T15:18:05","slug":"mesa-2-0-mobility-enhanced-spectrum-analyzer","status":"publish","type":"product","link":"https:\/\/cryptsec.se\/sv\/product\/mesa-2-0-mobility-enhanced-spectrum-analyzer\/","title":{"rendered":"MESA 2.0 Mobility Enhanced Spectrum Analyzer"},"content":{"rendered":"<h2 class=\"vc_custom_heading vc_do_custom_heading\">En portabel spektrumanalysator och mycket mer<\/h2>\n<p><sup>MESA\u00ae<\/sup> 2.0 \u00e4r en b\u00e4rbar, handh\u00e5llen RF-mottagare som detekterar k\u00e4nda, ok\u00e4nda, olagliga, st\u00f6rande eller st\u00f6rande s\u00e4ndningar. <sup>MESA\u00ae<\/sup> 2.0 \u00e4r portabel och har driftsfunktioner som inte finns i andra spektrumanalysatorer. Den tillhandah\u00e5ller verktyg, specifikationer och designfunktioner f\u00f6r att lokalisera ok\u00e4nda signaler inom ett brett frekvensomr\u00e5de upp till 6 GHz (*12 GHz med Down Converter-antennen).  <\/p>\n<p><a href=\"https:\/\/reiusa.net\/news\/newsletter\/\" target=\"_blank\" rel=\"noopener\"><b><i>Klicka h\u00e4r f\u00f6r att se de nya funktionerna f\u00f6r WiFi-detektering i MESA 2.0<\/i><\/b><\/a><\/p>\n<p><strong>Effektivitet<\/strong>: <sup>MESA\u00ae<\/sup> 2.0 \u00e4r enkel att installera och ger dig svepdata till hands med anv\u00e4ndarv\u00e4nlig navigering. Automatisk antennigenk\u00e4nning g\u00f6r det enkelt att byta antenn. <strong>Anv\u00e4ndarv\u00e4nlighet: <\/strong>Fullst\u00e4ndig peksk\u00e4rmskontroll ger snabb \u00e5tkomst till l\u00e4gena Spectrum, WiFi, <sup>Bluetooth\u00ae<\/sup>, Mobile Bands och (patenterade) SmartBars\u2122. <strong>Portabilitet<\/strong>: Den b\u00e4rbara, batteridrivna handenheten kan svepa \u00f6ver m\u00e5lomr\u00e5den med hj\u00e4lp av ett komplett urval av fasta, konsolmonterade och handh\u00e5llna antenner\/prober. <\/p>\n<p><img fetchpriority=\"high\" decoding=\"async\" class=\"alignnone size-medium wp-image-28381\" src=\"https:\/\/cryptsec.se\/wp-content\/uploads\/2021\/10\/MESA-2-with-squares-600x600-1-300x300.png\" alt=\"\" width=\"300\" height=\"300\" srcset=\"https:\/\/cryptsec.se\/wp-content\/uploads\/2021\/10\/MESA-2-with-squares-600x600-1-300x300.png 300w, https:\/\/cryptsec.se\/wp-content\/uploads\/2021\/10\/MESA-2-with-squares-600x600-1-150x150.png 150w, https:\/\/cryptsec.se\/wp-content\/uploads\/2021\/10\/MESA-2-with-squares-600x600-1-350x350.png 350w, https:\/\/cryptsec.se\/wp-content\/uploads\/2021\/10\/MESA-2-with-squares-600x600-1-100x100.png 100w, https:\/\/cryptsec.se\/wp-content\/uploads\/2021\/10\/MESA-2-with-squares-600x600-1.png 600w\" sizes=\"(max-width: 300px) 100vw, 300px\" \/> <img decoding=\"async\" class=\"alignnone size-medium wp-image-28383\" src=\"https:\/\/cryptsec.se\/wp-content\/uploads\/2021\/10\/MESA_spcecan_and_more_graphic-1-300x255.webp\" alt=\"\" width=\"300\" height=\"255\" srcset=\"https:\/\/cryptsec.se\/wp-content\/uploads\/2021\/10\/MESA_spcecan_and_more_graphic-1-300x255.webp 300w, https:\/\/cryptsec.se\/wp-content\/uploads\/2021\/10\/MESA_spcecan_and_more_graphic-1.webp 659w\" sizes=\"(max-width: 300px) 100vw, 300px\" \/> <img decoding=\"async\" class=\"alignnone size-medium wp-image-28371\" src=\"https:\/\/cryptsec.se\/wp-content\/uploads\/2021\/10\/REI_9516-small-1-300x296.png\" alt=\"\" width=\"300\" height=\"296\" srcset=\"https:\/\/cryptsec.se\/wp-content\/uploads\/2021\/10\/REI_9516-small-1-300x296.png 300w, https:\/\/cryptsec.se\/wp-content\/uploads\/2021\/10\/REI_9516-small-1-768x757.png 768w, https:\/\/cryptsec.se\/wp-content\/uploads\/2021\/10\/REI_9516-small-1-680x671.png 680w, https:\/\/cryptsec.se\/wp-content\/uploads\/2021\/10\/REI_9516-small-1-100x100.png 100w, https:\/\/cryptsec.se\/wp-content\/uploads\/2021\/10\/REI_9516-small-1.png 948w\" sizes=\"(max-width: 300px) 100vw, 300px\" \/> <img loading=\"lazy\" decoding=\"async\" class=\"alignnone size-medium wp-image-28373\" src=\"https:\/\/cryptsec.se\/wp-content\/uploads\/2021\/10\/MESA-probe-family-300x288.png\" alt=\"\" width=\"300\" height=\"288\" srcset=\"https:\/\/cryptsec.se\/wp-content\/uploads\/2021\/10\/MESA-probe-family-300x288.png 300w, https:\/\/cryptsec.se\/wp-content\/uploads\/2021\/10\/MESA-probe-family.png 600w\" sizes=\"(max-width: 300px) 100vw, 300px\" \/><\/p>\n<p>&nbsp;<\/p>\n<ul>\n<li><sup>MESA\u00ae<\/sup> 2.0 visar ett komplett utbud av frekvensdata till 6 GHz (*12 GHz med antennen f\u00f6r ned\u00e5triktad omvandlare)<\/li>\n<li>Svepningsl\u00e4gen:\n<ul>\n<li><a><em><strong>Spektrumanalysator: <\/strong><\/em><\/a>zoom, sk\u00e4rml\u00e5s, frekvensspann, start\/stopp-frekvenser, bandbredd f\u00f6r uppl\u00f6sning, centrumfrekvens\n<ul>\n<li><a><em><strong>I\/Q-inspelning: <\/strong><\/em><\/a>registrerar r\u00e5a I\/Q-data f\u00f6r extern analys<\/li>\n<li><a><em><strong>SmartBars\u2122: <\/strong><\/em><\/a> visar ny eller \u00f6kad RF-energi i ett stapeldiagram<\/li>\n<\/ul>\n<\/li>\n<li><a><em><strong>Mobila band: <\/strong><\/em><\/a>visar RF i specifika band (t.ex. Wifi, GSM osv.), inneh\u00e5ller ny <a><em><strong>funktion f\u00f6r detektering av st\u00f6rning\/interferens<\/strong><\/em><\/a> med nuvarande produktionsmodeller<\/li>\n<li><a><em><strong>WiFi: <\/strong><\/em><\/a>visar \u00e5tkomstpunkter i n\u00e4rheten, klienter, RSSI, signaldata, kanal och mycket mer<\/li>\n<li><a><em><strong>Bluetooth<\/strong><strong><sup>\u00ae<\/sup><\/strong><strong>: <\/strong><\/em><\/a>visar parningsaktivitet i n\u00e4rheten<\/li>\n<\/ul>\n<\/li>\n<li>Visningsfunktioner: Persistens, Rastervattenfall, Spektralt effekthistogram (RSSI), Peak Trace, Genomsnittlig Trace, <em>Patentskyddad<\/em> Cached Peak<\/li>\n<li>Sk\u00e4rm och kontroller: 7 tum\/18 cm kapacitiv peksk\u00e4rm med ljusstyrka och zoomreglage<\/li>\n<li>MCP (Multi-Carrier Probe): B\u00e4rarstr\u00f6m, synligt ljus\/IR, ultraljud, ljudtransformator och akustiskt l\u00e4ckage<\/li>\n<li>Antenna Probe Recognition k\u00e4nner automatiskt av REI-antenner\/prober och justerar displayen<\/li>\n<li>Demodulering av ljud: AM\/FM<\/li>\n<li>Varningar: haptiska, akustiska och synliga<\/li>\n<li>Fj\u00e4rr\u00e5tkomst: Ethernet-port f\u00f6r VNC-fj\u00e4rr\u00e5tkomst<\/li>\n<li>Generering av signallista: Manuell eller automatisk beroende p\u00e5 l\u00e4ge<\/li>\n<li>GPS: Flyttbar USB-enhet som samlar in och sparar GPS-data<\/li>\n<li>Ljud: Inbyggd h\u00f6gtalare och externa h\u00f6rlurar med justerbar volymkontroll.<\/li>\n<li>Mikrofonport f\u00f6r akustisk l\u00e4ckagesond och ljudtransformator<\/li>\n<li>Dataportar: 2 USB 2.0 typ A-portar f\u00f6r programvaruuppgraderingar, fillagring och fil\u00f6verf\u00f6ring<\/li>\n<\/ul>\n<p><em>* Tillg\u00e4nglig med MESA 2.0 Deluxe<\/em><\/p>\n<h3>Till\u00e4mpningar<\/h3>\n<ul>\n<li>Detekterar RF WiFi, <sup>Bluetooth\u00ae<\/sup>, mobiltelefoner, olagliga s\u00e4ndningar<\/li>\n<li>St\u00f6rningsdetektering och fels\u00f6kning<\/li>\n<li>RF-forskning och utveckling<\/li>\n<li>Utvecklare inom tr\u00e5dl\u00f6s industri<\/li>\n<li>Skydd av underr\u00e4ttelseinformation<\/li>\n<li>Unders\u00f6kningar av kommunikationsplatser<\/li>\n<li>Detektering av avlyssning<\/li>\n<li>Analys av RF-emissioner<\/li>\n<li>Unders\u00f6kning av spektrummissbruk<\/li>\n<\/ul>\n<p>&nbsp;<\/p>\n","protected":false},"excerpt":{"rendered":"<p>MESA \u00e4r en b\u00e4rbar, handh\u00e5llen RF-mottagare som uppt\u00e4cker k\u00e4nda, ok\u00e4nda, olagliga, st\u00f6rande eller st\u00f6rande s\u00e4ndningar.<\/p>\n","protected":false},"featured_media":28384,"template":"","meta":[],"product_brand":[],"product_cat":[1079,1081,846],"product_tag":[897,928,1134,898,914,969,894,982,926,929,940,879],"berocket_brand":[],"class_list":{"0":"post-29941","1":"product","2":"type-product","3":"status-publish","4":"has-post-thumbnail","6":"product_cat-aktivitetsmatare","7":"product_cat-spektrumanalysator","8":"product_cat-tsu","9":"product_tag-buggdetektor-sv","10":"product_tag-buggscanner-sv","11":"product_tag-datasakerhet-sv-2","12":"product_tag-hitta-buggar-sv","13":"product_tag-informationssakerhet-sv","14":"product_tag-insektsdetektor","15":"product_tag-motovervakning","16":"product_tag-sakra-data","17":"product_tag-spektrumanalysator-sv","18":"product_tag-spektrumanalyserare-sv","19":"product_tag-stoppa-avlyssning-sv","20":"product_tag-tscm-sv","22":"first","23":"instock","24":"featured","25":"taxable","26":"shipping-taxable","27":"purchasable","28":"product-type-variable","29":"has-default-attributes"},"_links":{"self":[{"href":"https:\/\/cryptsec.se\/sv\/wp-json\/wp\/v2\/product\/29941","targetHints":{"allow":["GET"]}}],"collection":[{"href":"https:\/\/cryptsec.se\/sv\/wp-json\/wp\/v2\/product"}],"about":[{"href":"https:\/\/cryptsec.se\/sv\/wp-json\/wp\/v2\/types\/product"}],"wp:featuredmedia":[{"embeddable":true,"href":"https:\/\/cryptsec.se\/sv\/wp-json\/wp\/v2\/media\/28384"}],"wp:attachment":[{"href":"https:\/\/cryptsec.se\/sv\/wp-json\/wp\/v2\/media?parent=29941"}],"wp:term":[{"taxonomy":"product_brand","embeddable":true,"href":"https:\/\/cryptsec.se\/sv\/wp-json\/wp\/v2\/product_brand?post=29941"},{"taxonomy":"product_cat","embeddable":true,"href":"https:\/\/cryptsec.se\/sv\/wp-json\/wp\/v2\/product_cat?post=29941"},{"taxonomy":"product_tag","embeddable":true,"href":"https:\/\/cryptsec.se\/sv\/wp-json\/wp\/v2\/product_tag?post=29941"},{"taxonomy":"berocket_brand","embeddable":true,"href":"https:\/\/cryptsec.se\/sv\/wp-json\/wp\/v2\/berocket_brand?post=29941"}],"curies":[{"name":"wp","href":"https:\/\/api.w.org\/{rel}","templated":true}]}}