{"id":29944,"date":"2021-10-28T17:40:54","date_gmt":"2021-10-28T15:40:54","guid":{"rendered":"https:\/\/cryptsec.se\/product\/oscor-gron-spektrumanalysator\/"},"modified":"2021-10-28T17:40:54","modified_gmt":"2021-10-28T15:40:54","slug":"oscor-gron-spektrumanalysator","status":"publish","type":"product","link":"https:\/\/cryptsec.se\/sv\/product\/oscor-gron-spektrumanalysator\/","title":{"rendered":"OSCOR gr\u00f6n spektrumanalysator"},"content":{"rendered":"<h2 class=\"vc_custom_heading vc_do_custom_heading\">Portabel RF-detektering och analys<\/h2>\n<p>OSCOR Green Spectrum Analyzer \u00e4r utformad f\u00f6r att uppt\u00e4cka olagliga avlyssningssignaler, utf\u00f6ra platsunders\u00f6kningar f\u00f6r kommunikationssystem, genomf\u00f6ra analys av radiofrekvensutsl\u00e4pp (RF) och unders\u00f6ka missbruk av RF-spektrumet. OSCOR Green \u00e4r en b\u00e4rbar spektrumanalysator som sveper 24 GHz p\u00e5 en sekund f\u00f6r att snabbt uppt\u00e4cka s\u00e4ndande elektroniska \u00f6vervakningsenheter och s\u00e4kerst\u00e4lla att spektrumaktivitet f\u00e5ngas upp. <strong>Effektivitet<\/strong>: referens- och m\u00e5lsp\u00e5r uppn\u00e5s, lagras och j\u00e4mf\u00f6rs snabbt f\u00f6r snabb analys och en vattenfallsdisplay genererar ett spektrogram av mottagarens sp\u00e5r \u00f6ver tid <strong>Anv\u00e4ndbarhet<\/strong>: anv\u00e4nder ett peksk\u00e4rmsgr\u00e4nssnitt, fj\u00e4rr\u00e5tkomstfunktioner och inbyggd programvara <strong>Portabilitet <\/strong>: v\u00e4ger mindre \u00e4n tre kilo och kr\u00e4ver inga extra antenner eller kablar; batteritiden \u00e4r 3-4 timmar <\/p>\n<p><img decoding=\"async\" class=\"alignnone wp-image-28359\" src=\"https:\/\/cryptsec.se\/wp-content\/uploads\/2021\/10\/oscor-green-spectrum-analyzer-250x300.jpg\" alt=\"\" width=\"192\" height=\"231\" srcset=\"https:\/\/cryptsec.se\/wp-content\/uploads\/2021\/10\/oscor-green-spectrum-analyzer-250x300.jpg 250w, https:\/\/cryptsec.se\/wp-content\/uploads\/2021\/10\/oscor-green-spectrum-analyzer.jpg 500w\" sizes=\"(max-width: 192px) 100vw, 192px\" \/><img fetchpriority=\"high\" decoding=\"async\" class=\"alignnone wp-image-28361\" src=\"https:\/\/cryptsec.se\/wp-content\/uploads\/2021\/10\/cell1-300x225.png\" alt=\"\" width=\"300\" height=\"225\" srcset=\"https:\/\/cryptsec.se\/wp-content\/uploads\/2021\/10\/cell1-300x225.png 300w, https:\/\/cryptsec.se\/wp-content\/uploads\/2021\/10\/cell1-768x576.png 768w, https:\/\/cryptsec.se\/wp-content\/uploads\/2021\/10\/cell1-680x510.png 680w, https:\/\/cryptsec.se\/wp-content\/uploads\/2021\/10\/cell1.png 800w\" sizes=\"(max-width: 300px) 100vw, 300px\" \/> <img decoding=\"async\" class=\"alignnone size-medium wp-image-28363\" src=\"https:\/\/cryptsec.se\/wp-content\/uploads\/2021\/10\/98.55-persistance-300x225.png\" alt=\"\" width=\"300\" height=\"225\" srcset=\"https:\/\/cryptsec.se\/wp-content\/uploads\/2021\/10\/98.55-persistance-300x225.png 300w, https:\/\/cryptsec.se\/wp-content\/uploads\/2021\/10\/98.55-persistance-768x576.png 768w, https:\/\/cryptsec.se\/wp-content\/uploads\/2021\/10\/98.55-persistance-680x510.png 680w, https:\/\/cryptsec.se\/wp-content\/uploads\/2021\/10\/98.55-persistance.png 800w\" sizes=\"(max-width: 300px) 100vw, 300px\" \/> <img loading=\"lazy\" decoding=\"async\" class=\"alignnone size-medium wp-image-28365\" src=\"https:\/\/cryptsec.se\/wp-content\/uploads\/2021\/10\/OSCOR-Green-Spectrum-Analyzer-RF-Mapping-300x225.png\" alt=\"\" width=\"300\" height=\"225\" srcset=\"https:\/\/cryptsec.se\/wp-content\/uploads\/2021\/10\/OSCOR-Green-Spectrum-Analyzer-RF-Mapping-300x225.png 300w, https:\/\/cryptsec.se\/wp-content\/uploads\/2021\/10\/OSCOR-Green-Spectrum-Analyzer-RF-Mapping-768x576.png 768w, https:\/\/cryptsec.se\/wp-content\/uploads\/2021\/10\/OSCOR-Green-Spectrum-Analyzer-RF-Mapping-680x510.png 680w, https:\/\/cryptsec.se\/wp-content\/uploads\/2021\/10\/OSCOR-Green-Spectrum-Analyzer-RF-Mapping.png 800w\" sizes=\"(max-width: 300px) 100vw, 300px\" \/><\/p>\n<h3>Funktioner<\/h3>\n<ul>\n<li>Skannar 24 GHz p\u00e5 1 sekund och s\u00e4kerst\u00e4ller att spektrumaktivitet f\u00e5ngas upp (2 000 000 datapunkter per sekund)<\/li>\n<li>Inbyggd programvara och antennsystem med automatisk v\u00e4xling till 24 GHz inneb\u00e4r att inga ytterligare antenner, kablar eller b\u00e4rbara datorer kr\u00e4vs<\/li>\n<li>Peksk\u00e4rmen g\u00f6r att du kan panorera, zooma, dra och flytta<\/li>\n<li>Den l\u00e4tta enheten v\u00e4ger endast 9,6 lbs\/4,4 kg och ger en b\u00e4nkmonterad spektrumanalysator i b\u00e4rbar design<\/li>\n<li>Batteriets drifttid \u00e4r 3-4 timmar<\/li>\n<li>RF-sp\u00e5rningar kartl\u00e4ggs enkelt; referens- och m\u00e5lsp\u00e5rningar f\u00e5ngas, lagras och j\u00e4mf\u00f6rs snabbt (inklusive skillnader) f\u00f6r snabb analys<\/li>\n<li>Identifiera snabbt lokaliserade RF-energis\u00e4ndningar och skapa signallistor<\/li>\n<li>Spectrogram (Waterfall) display genererar Spectrogram av mottagarens sp\u00e5r \u00f6ver tid<\/li>\n<li>Inbyggda demodulatorer: AM, FM, SSB, subcarrier och video (visas p\u00e5 sk\u00e4rmen)<\/li>\n<li>Fj\u00e4rranslut till OSCOR Green\u2122 med programvara f\u00f6r virtuell n\u00e4tverksdator fr\u00e5n tredje part<\/li>\n<\/ul>\n<h3>Till\u00e4mpningar<\/h3>\n<ul>\n<li>Motmedel f\u00f6r teknisk \u00f6vervakning (TSCM)<\/li>\n<li>Mot\u00f6vervakning<\/li>\n<li>Detektering av radiofrekvenser (RF)<\/li>\n<li>Analys av radiofrekvenser (RF)<\/li>\n<li>Analys av spektrum<\/li>\n<li>Signalanalys<\/li>\n<li>Skydd av underr\u00e4ttelser<\/li>\n<li>Verkst\u00e4llande skydd<\/li>\n<li>Detektering av avlyssning<\/li>\n<li>\u00d6vervakningsutrustning Detektering<\/li>\n<li>Elektronisk \u00f6vervakning Detektion<\/li>\n<\/ul>\n","protected":false},"excerpt":{"rendered":"<p>OSCOR Green \u00e4r en portabel spektrumanalysator som sveper 24 GHz p\u00e5 en sekund f\u00f6r att snabbt uppt\u00e4cka s\u00e4ndande elektroniska \u00f6vervakningsenheter och s\u00e4kerst\u00e4lla att spektrumaktivitet f\u00e5ngas upp.<\/p>\n<ul>\n<li>Referens- och m\u00e5lsp\u00e5rningar uppn\u00e5s, lagras och j\u00e4mf\u00f6rs snabbt f\u00f6r snabb analys och en vattenfallsdisplay genererar ett spektrogram av mottagarens sp\u00e5rningar \u00f6ver tid<\/li>\n<li>Anv\u00e4nder ett peksk\u00e4rmsgr\u00e4nssnitt, fj\u00e4rr\u00e5tkomstfunktioner och inbyggd programvara<\/li>\n<li>V\u00e4ger mindre \u00e4n tre kilo och kr\u00e4ver inga extra antenner eller kablar; batteritiden \u00e4r 3-4 timmar<\/li>\n<\/ul>\n<p><span style=\"color: #000000;\">Kontakta oss f\u00f6r prisuppgifter f\u00f6r <a href=\"https:\/\/reiusa.net\/rf-detection\/oscor-green-spectrum-analyzer\/#features-and-benefits\">de 2 olika modellerna<\/a>.<\/span><\/p>\n","protected":false},"featured_media":26223,"template":"","meta":[],"product_brand":[],"product_cat":[1079,1081,846],"product_tag":[897,928,1135,969,894,1136,927,926,929,879],"berocket_brand":[],"class_list":{"0":"post-29944","1":"product","2":"type-product","3":"status-publish","4":"has-post-thumbnail","6":"product_cat-aktivitetsmatare","7":"product_cat-spektrumanalysator","8":"product_cat-tsu","9":"product_tag-buggdetektor-sv","10":"product_tag-buggscanner-sv","11":"product_tag-detektor","12":"product_tag-insektsdetektor","13":"product_tag-motovervakning","14":"product_tag-oscor-gron","15":"product_tag-rf-detektor-sv-2","16":"product_tag-spektrumanalysator-sv","17":"product_tag-spektrumanalyserare-sv","18":"product_tag-tscm-sv","20":"first","21":"instock","22":"taxable","23":"shipping-taxable","24":"purchasable","25":"product-type-simple"},"_links":{"self":[{"href":"https:\/\/cryptsec.se\/sv\/wp-json\/wp\/v2\/product\/29944","targetHints":{"allow":["GET"]}}],"collection":[{"href":"https:\/\/cryptsec.se\/sv\/wp-json\/wp\/v2\/product"}],"about":[{"href":"https:\/\/cryptsec.se\/sv\/wp-json\/wp\/v2\/types\/product"}],"wp:featuredmedia":[{"embeddable":true,"href":"https:\/\/cryptsec.se\/sv\/wp-json\/wp\/v2\/media\/26223"}],"wp:attachment":[{"href":"https:\/\/cryptsec.se\/sv\/wp-json\/wp\/v2\/media?parent=29944"}],"wp:term":[{"taxonomy":"product_brand","embeddable":true,"href":"https:\/\/cryptsec.se\/sv\/wp-json\/wp\/v2\/product_brand?post=29944"},{"taxonomy":"product_cat","embeddable":true,"href":"https:\/\/cryptsec.se\/sv\/wp-json\/wp\/v2\/product_cat?post=29944"},{"taxonomy":"product_tag","embeddable":true,"href":"https:\/\/cryptsec.se\/sv\/wp-json\/wp\/v2\/product_tag?post=29944"},{"taxonomy":"berocket_brand","embeddable":true,"href":"https:\/\/cryptsec.se\/sv\/wp-json\/wp\/v2\/berocket_brand?post=29944"}],"curies":[{"name":"wp","href":"https:\/\/api.w.org\/{rel}","templated":true}]}}