{"id":29945,"date":"2021-10-28T19:12:47","date_gmt":"2021-10-28T17:12:47","guid":{"rendered":"https:\/\/cryptsec.se\/product\/orion-hx-deluxe-nljd\/"},"modified":"2021-10-28T19:12:47","modified_gmt":"2021-10-28T17:12:47","slug":"orion-hx-deluxe-nljd","status":"publish","type":"product","link":"https:\/\/cryptsec.se\/sv\/product\/orion-hx-deluxe-nljd\/","title":{"rendered":"ORION HX Deluxe NLJD"},"content":{"rendered":"<h3>Funktioner<\/h3>\n<ul>\n<li>Digitalt modulerad s\u00e4ndningssignal<\/li>\n<li>Korrelerad 2:a och 3:e harmonisk respons<\/li>\n<li>Justerbar DSP-f\u00f6rst\u00e4rkning<\/li>\n<li>Histogram visar kontinuerlig historik \u00f6ver harmonisk respons och effektjustering<\/li>\n<li>Spectrum View (HX-modeller) visar spektrumdiagram f\u00f6r 2:a och 3:e \u00f6vertonen i flera olika visningsalternativ<\/li>\n<li>Peksk\u00e4rmen visar hela RF-spektrumet f\u00f6r s\u00e4ndning, 2:a eller 3:e frekvensomr\u00e5det<\/li>\n<li>S\u00e4ndningssignal med 1,25 MHz bred bandbredd \u00f6kar detekteringsk\u00e4nsligheten<\/li>\n<li>Varningssignaler och haptisk (vibrations-) varning kan v\u00e4ljas f\u00f6r att varna n\u00e4r signalniv\u00e5erna \u00f6verskrider gr\u00e4nsv\u00e4rdena<\/li>\n<li>Siktlinje med antennmonterad display och LED-str\u00e5lkastare g\u00f6r att anv\u00e4ndaren kan fokusera \u00f6gonen p\u00e5 svepande m\u00e5l och display samtidigt, \u00e4ven i m\u00f6rka omr\u00e5den<\/li>\n<li>Ingen montering av st\u00e5ng eller kabel kr\u00e4vs med integrerad teleskopst\u00e5ng<\/li>\n<li>Cirkul\u00e4rt polariserad s\u00e4ndar- och mottagarantenn eliminerar risken att missa ett hot p\u00e5 grund av felaktig antennpolarisering<\/li>\n<\/ul>\n<p><img fetchpriority=\"high\" decoding=\"async\" class=\"alignnone size-medium wp-image-28404\" src=\"https:\/\/cryptsec.se\/wp-content\/uploads\/2021\/10\/ORION-HX-Deluxe-2.4-Antenna-Head-Attached-1-300x300.jpg\" alt=\"\" width=\"300\" height=\"300\" srcset=\"https:\/\/cryptsec.se\/wp-content\/uploads\/2021\/10\/ORION-HX-Deluxe-2.4-Antenna-Head-Attached-1-300x300.jpg 300w, https:\/\/cryptsec.se\/wp-content\/uploads\/2021\/10\/ORION-HX-Deluxe-2.4-Antenna-Head-Attached-1-1024x1024.jpg 1024w, https:\/\/cryptsec.se\/wp-content\/uploads\/2021\/10\/ORION-HX-Deluxe-2.4-Antenna-Head-Attached-1-150x150.jpg 150w, https:\/\/cryptsec.se\/wp-content\/uploads\/2021\/10\/ORION-HX-Deluxe-2.4-Antenna-Head-Attached-1-768x768.jpg 768w, https:\/\/cryptsec.se\/wp-content\/uploads\/2021\/10\/ORION-HX-Deluxe-2.4-Antenna-Head-Attached-1-1536x1536.jpg 1536w, https:\/\/cryptsec.se\/wp-content\/uploads\/2021\/10\/ORION-HX-Deluxe-2.4-Antenna-Head-Attached-1-350x350.jpg 350w, https:\/\/cryptsec.se\/wp-content\/uploads\/2021\/10\/ORION-HX-Deluxe-2.4-Antenna-Head-Attached-1-680x680.jpg 680w, https:\/\/cryptsec.se\/wp-content\/uploads\/2021\/10\/ORION-HX-Deluxe-2.4-Antenna-Head-Attached-1-100x100.jpg 100w, https:\/\/cryptsec.se\/wp-content\/uploads\/2021\/10\/ORION-HX-Deluxe-2.4-Antenna-Head-Attached-1.jpg 1600w\" sizes=\"(max-width: 300px) 100vw, 300px\" \/> <img decoding=\"async\" class=\"alignnone size-medium wp-image-28406\" src=\"https:\/\/cryptsec.se\/wp-content\/uploads\/2021\/10\/ORION-HX-Deluxe-900-Antenna-Head-Removed-1-300x300.jpg\" alt=\"\" width=\"300\" height=\"300\" srcset=\"https:\/\/cryptsec.se\/wp-content\/uploads\/2021\/10\/ORION-HX-Deluxe-900-Antenna-Head-Removed-1-300x300.jpg 300w, https:\/\/cryptsec.se\/wp-content\/uploads\/2021\/10\/ORION-HX-Deluxe-900-Antenna-Head-Removed-1-1024x1024.jpg 1024w, https:\/\/cryptsec.se\/wp-content\/uploads\/2021\/10\/ORION-HX-Deluxe-900-Antenna-Head-Removed-1-150x150.jpg 150w, https:\/\/cryptsec.se\/wp-content\/uploads\/2021\/10\/ORION-HX-Deluxe-900-Antenna-Head-Removed-1-768x768.jpg 768w, https:\/\/cryptsec.se\/wp-content\/uploads\/2021\/10\/ORION-HX-Deluxe-900-Antenna-Head-Removed-1-1536x1536.jpg 1536w, https:\/\/cryptsec.se\/wp-content\/uploads\/2021\/10\/ORION-HX-Deluxe-900-Antenna-Head-Removed-1-350x350.jpg 350w, https:\/\/cryptsec.se\/wp-content\/uploads\/2021\/10\/ORION-HX-Deluxe-900-Antenna-Head-Removed-1-680x680.jpg 680w, https:\/\/cryptsec.se\/wp-content\/uploads\/2021\/10\/ORION-HX-Deluxe-900-Antenna-Head-Removed-1-100x100.jpg 100w, https:\/\/cryptsec.se\/wp-content\/uploads\/2021\/10\/ORION-HX-Deluxe-900-Antenna-Head-Removed-1.jpg 1600w\" sizes=\"(max-width: 300px) 100vw, 300px\" \/> <img decoding=\"async\" class=\"alignnone size-medium wp-image-28408\" src=\"https:\/\/cryptsec.se\/wp-content\/uploads\/2021\/10\/ORION-HX-Deluxe-900-Antenna-Head-Thumb-Screws-1-300x300.jpg\" alt=\"\" width=\"300\" height=\"300\" srcset=\"https:\/\/cryptsec.se\/wp-content\/uploads\/2021\/10\/ORION-HX-Deluxe-900-Antenna-Head-Thumb-Screws-1-300x300.jpg 300w, https:\/\/cryptsec.se\/wp-content\/uploads\/2021\/10\/ORION-HX-Deluxe-900-Antenna-Head-Thumb-Screws-1-1024x1024.jpg 1024w, https:\/\/cryptsec.se\/wp-content\/uploads\/2021\/10\/ORION-HX-Deluxe-900-Antenna-Head-Thumb-Screws-1-150x150.jpg 150w, https:\/\/cryptsec.se\/wp-content\/uploads\/2021\/10\/ORION-HX-Deluxe-900-Antenna-Head-Thumb-Screws-1-768x768.jpg 768w, https:\/\/cryptsec.se\/wp-content\/uploads\/2021\/10\/ORION-HX-Deluxe-900-Antenna-Head-Thumb-Screws-1-1536x1536.jpg 1536w, https:\/\/cryptsec.se\/wp-content\/uploads\/2021\/10\/ORION-HX-Deluxe-900-Antenna-Head-Thumb-Screws-1-350x350.jpg 350w, https:\/\/cryptsec.se\/wp-content\/uploads\/2021\/10\/ORION-HX-Deluxe-900-Antenna-Head-Thumb-Screws-1-680x680.jpg 680w, https:\/\/cryptsec.se\/wp-content\/uploads\/2021\/10\/ORION-HX-Deluxe-900-Antenna-Head-Thumb-Screws-1-100x100.jpg 100w, https:\/\/cryptsec.se\/wp-content\/uploads\/2021\/10\/ORION-HX-Deluxe-900-Antenna-Head-Thumb-Screws-1.jpg 1600w\" sizes=\"(max-width: 300px) 100vw, 300px\" \/><\/p>\n<h3>Till\u00e4mpningar<\/h3>\n<ul>\n<li>Motmedel f\u00f6r teknisk \u00f6vervakning (TSCM)<\/li>\n<li>Mot\u00f6vervakning<\/li>\n<li>Icke-linj\u00e4r detektering av korsningar<\/li>\n<li>Lokalisering av dold elektronik<\/li>\n<li>Lokalisering av elektroniskt smuggelgods<\/li>\n<li>Skydd av underr\u00e4ttelser<\/li>\n<li>Verkst\u00e4llande skydd<\/li>\n<li>Detektering av avlyssning<\/li>\n<li>\u00d6vervakningsutrustning Detektering<\/li>\n<li>Elektronisk \u00f6vervakning Detektion<\/li>\n<\/ul>\n","protected":false},"excerpt":{"rendered":"<h2 class=\"vc_custom_heading\">Utbytbara NLJD-antenner<\/h2>\n<p>  Den handh\u00e5llna ORION HX Deluxe Non-Linear Junction Detector (NLJD) har utbytbara antennhuvuden f\u00f6r <a href=\"https:\/\/reiusa.net\/nljd\/orion-2-4-hx-nljd\/\">2,4 GHz<\/a> och <a href=\"https:\/\/reiusa.net\/nljd\/orion-900-hx-nljd\/\">900 MHz<\/a>. ORION HX Deluxe NLJD anv\u00e4nds f\u00f6r att genoms\u00f6ka omr\u00e5den efter elektroniska halvledarkomponenter. P\u00e5 s\u00e5 s\u00e4tt uppt\u00e4cker och hj\u00e4lper ORION HX Deluxe NLJD till att lokalisera dold elektronik eller avlyssningsenheter oavsett om den elektroniska enheten \u00e4r p\u00e5slagen eller inte. <strong>Effektivitet<\/strong>: anv\u00e4ndarna kan uppt\u00e4cka b\u00e5de sm\u00e5, moderna kretsar i kontorsmilj\u00f6er med 2,4-antennen och \u00e4ldre, mindre raffinerade kretsar i t\u00e4ta material med 900-antennen <strong>Anv\u00e4ndbarhet<\/strong>: antennhuvudena byts enkelt genom att vrida p\u00e5 ett par tumskruvar <strong>Portabilitet<\/strong>: l\u00e4ttviktsdesign med praktisk b\u00e4rv\u00e4ska  <\/p>\n","protected":false},"featured_media":26227,"template":"","meta":[],"product_brand":[],"product_cat":[1080,846],"product_tag":[897,898,896,894,895,899,879],"berocket_brand":[],"class_list":{"0":"post-29945","1":"product","2":"type-product","3":"status-publish","4":"has-post-thumbnail","6":"product_cat-icke-linjara-kopplingsdetektorer","7":"product_cat-tsu","8":"product_tag-buggdetektor-sv","9":"product_tag-hitta-buggar-sv","10":"product_tag-icke-linjar-detektor-sv","11":"product_tag-motovervakning","12":"product_tag-nljd-sv","13":"product_tag-rf-detektor-sv","14":"product_tag-tscm-sv","16":"first","17":"instock","18":"taxable","19":"shipping-taxable","20":"purchasable","21":"product-type-variable","22":"has-default-attributes"},"_links":{"self":[{"href":"https:\/\/cryptsec.se\/sv\/wp-json\/wp\/v2\/product\/29945","targetHints":{"allow":["GET"]}}],"collection":[{"href":"https:\/\/cryptsec.se\/sv\/wp-json\/wp\/v2\/product"}],"about":[{"href":"https:\/\/cryptsec.se\/sv\/wp-json\/wp\/v2\/types\/product"}],"wp:featuredmedia":[{"embeddable":true,"href":"https:\/\/cryptsec.se\/sv\/wp-json\/wp\/v2\/media\/26227"}],"wp:attachment":[{"href":"https:\/\/cryptsec.se\/sv\/wp-json\/wp\/v2\/media?parent=29945"}],"wp:term":[{"taxonomy":"product_brand","embeddable":true,"href":"https:\/\/cryptsec.se\/sv\/wp-json\/wp\/v2\/product_brand?post=29945"},{"taxonomy":"product_cat","embeddable":true,"href":"https:\/\/cryptsec.se\/sv\/wp-json\/wp\/v2\/product_cat?post=29945"},{"taxonomy":"product_tag","embeddable":true,"href":"https:\/\/cryptsec.se\/sv\/wp-json\/wp\/v2\/product_tag?post=29945"},{"taxonomy":"berocket_brand","embeddable":true,"href":"https:\/\/cryptsec.se\/sv\/wp-json\/wp\/v2\/berocket_brand?post=29945"}],"curies":[{"name":"wp","href":"https:\/\/api.w.org\/{rel}","templated":true}]}}