{"id":29948,"date":"2021-10-29T19:48:48","date_gmt":"2021-10-29T17:48:48","guid":{"rendered":"https:\/\/cryptsec.se\/product\/pro-sl8-fickdetektor-for-insekter\/"},"modified":"2021-10-29T19:48:48","modified_gmt":"2021-10-29T17:48:48","slug":"pro-sl8-fickdetektor-for-insekter","status":"publish","type":"product","link":"https:\/\/cryptsec.se\/sv\/product\/pro-sl8-fickdetektor-for-insekter\/","title":{"rendered":"PRO-SL8 Fickdetektor f\u00f6r insekter"},"content":{"rendered":"<p>PRO-SL8 \u00e4r en ultrakompakt bredbandsbuggdetektor i fickformat med ett frekvensomr\u00e5de p\u00e5 0 till 8 GHz och extremt h\u00f6g k\u00e4nslighet, men den \u00e4r mycket enkel att anv\u00e4nda. Det \u00e4r bara att sl\u00e5 p\u00e5 den s\u00e5 visas alla detekterade signaler p\u00e5 den inbyggda OLED-displayen. Den \u00e4r utformad f\u00f6r att uppt\u00e4cka och lokalisera signaler fr\u00e5n de allra senaste hemliga lyssnings-, sp\u00e5rnings-, mobil- och videoenheterna. Med en helt ny h\u00e5rdvarudesign har PRO-SL8 o\u00f6vertr\u00e4ffad k\u00e4nslighet f\u00f6r sin storlek och kan visa detekterade frekvenser upp till 6 GHz. PRO-SL8 har ocks\u00e5 ljuddemodulering s\u00e5 att anv\u00e4ndaren kan lyssna p\u00e5 alla uppt\u00e4ckta signaler med hj\u00e4lp av de medf\u00f6ljande h\u00f6rlurarna. F\u00f6r b\u00e4sta m\u00f6jliga h\u00e5llbarhet \u00e4r PRO-SL8, liksom alla JJN Digital-produkter, inrymd i ett maskinbearbetat aluminiumh\u00f6lje av flygplanskvalitet. En display med 20 segment indikerar signalstyrkan tillsammans med en ljudsignal, vilket g\u00f6r att du kan lokalisera signalk\u00e4llan exakt. Om du vill s\u00f6ka efter enheter utan att varna andra kan PRO-SL8 st\u00e4llas in p\u00e5 tyst vibrationsl\u00e4ge. Om n\u00e5gra signaler detekteras kommer enheten att vibrera tyst, vilket g\u00f6r att du kan ha den dold p\u00e5 dig, t.ex. i en jackficka. Den inbyggda signalstyrkem\u00e4taren (med ljudsignal som tillval) g\u00f6r det enkelt att lokalisera den exakta signalk\u00e4llan. Frekvensen f\u00f6r den detekterade signalen kan ses samtidigt och Burst Detect-funktionen s\u00e4kerst\u00e4ller att korta signaler, t.ex. fr\u00e5n GPS-trackers eller andra burst-enheter, inte g\u00e5r obem\u00e4rkta f\u00f6rbi. <\/p>\n<ul>\n<li>Ultrabred frekvensrespons 0 &#8211; 8 GHz<\/li>\n<li>Inbyggd frekvensr\u00e4knare 0 &#8211; 6 GHz<\/li>\n<li>Ultrak\u00e4nslig &#8211; detekterar signaler p\u00e5 upp till 10 meters avst\u00e5nd<\/li>\n<li>Digital &#8220;Burst&#8221;-signaldetektor f\u00f6r GPS-trackers etc.<\/li>\n<li>OLED-sk\u00e4rm f\u00f6r ultimat sk\u00e4rpa i alla ljusf\u00f6rh\u00e5llanden<\/li>\n<li>Audio Demodulation &#8211; Lyssna p\u00e5 detekterade signaler<\/li>\n<li>Tyst vibrations- och pipl\u00e4ge f\u00f6r signalstyrka<\/li>\n<li>Maskinbearbetat aluminiumh\u00f6lje f\u00f6r ultimat h\u00e5llbarhet<\/li>\n<\/ul>\n<p><span style=\"color: #000000;\"><strong>Installation<\/strong><br \/>\n<\/span><\/p>\n<p>L\u00e4s bruksanvisningen till v\u00e4nster p\u00e5 denna sida.<\/p>\n<p>&nbsp;<\/p>\n","protected":false},"excerpt":{"rendered":"<p>PRO-SL8 \u00e4r en ultrakompakt buggdetektor i fickformat med o\u00f6vertr\u00e4ffad prestanda f\u00f6r sin storlek.<\/p>\n","protected":false},"featured_media":26236,"template":"","meta":[],"product_brand":[64],"product_cat":[1079,846],"product_tag":[897,972,898,937,894,899,927,879],"berocket_brand":[],"class_list":{"0":"post-29948","1":"product","2":"type-product","3":"status-publish","4":"has-post-thumbnail","6":"product_brand-jjndigital","7":"product_cat-aktivitetsmatare","8":"product_cat-tsu","9":"product_tag-buggdetektor-sv","10":"product_tag-forhindra-avlyssning-sv","11":"product_tag-hitta-buggar-sv","12":"product_tag-jjn-digital-sv","13":"product_tag-motovervakning","14":"product_tag-rf-detektor-sv","15":"product_tag-rf-detektor-sv-2","16":"product_tag-tscm-sv","18":"first","19":"instock","20":"taxable","21":"shipping-taxable","22":"purchasable","23":"product-type-simple"},"_links":{"self":[{"href":"https:\/\/cryptsec.se\/sv\/wp-json\/wp\/v2\/product\/29948","targetHints":{"allow":["GET"]}}],"collection":[{"href":"https:\/\/cryptsec.se\/sv\/wp-json\/wp\/v2\/product"}],"about":[{"href":"https:\/\/cryptsec.se\/sv\/wp-json\/wp\/v2\/types\/product"}],"wp:featuredmedia":[{"embeddable":true,"href":"https:\/\/cryptsec.se\/sv\/wp-json\/wp\/v2\/media\/26236"}],"wp:attachment":[{"href":"https:\/\/cryptsec.se\/sv\/wp-json\/wp\/v2\/media?parent=29948"}],"wp:term":[{"taxonomy":"product_brand","embeddable":true,"href":"https:\/\/cryptsec.se\/sv\/wp-json\/wp\/v2\/product_brand?post=29948"},{"taxonomy":"product_cat","embeddable":true,"href":"https:\/\/cryptsec.se\/sv\/wp-json\/wp\/v2\/product_cat?post=29948"},{"taxonomy":"product_tag","embeddable":true,"href":"https:\/\/cryptsec.se\/sv\/wp-json\/wp\/v2\/product_tag?post=29948"},{"taxonomy":"berocket_brand","embeddable":true,"href":"https:\/\/cryptsec.se\/sv\/wp-json\/wp\/v2\/berocket_brand?post=29948"}],"curies":[{"name":"wp","href":"https:\/\/api.w.org\/{rel}","templated":true}]}}