{"id":29949,"date":"2021-10-29T20:04:42","date_gmt":"2021-10-29T18:04:42","guid":{"rendered":"https:\/\/cryptsec.se\/product\/pro-w12dx-bredbands-rf-detektor\/"},"modified":"2021-10-29T20:04:42","modified_gmt":"2021-10-29T18:04:42","slug":"pro-w12dx-bredbands-rf-detektor","status":"publish","type":"product","link":"https:\/\/cryptsec.se\/sv\/product\/pro-w12dx-bredbands-rf-detektor\/","title":{"rendered":"PRO-W12DX bredbands RF-detektor"},"content":{"rendered":"<p><span style=\"color: #000000;\"><strong>Funktionsprincip<\/strong><\/span><\/p>\n<div class=\"left\">\n<p>Med en helt ny h\u00e5rdvarudesign har PRO-W12DX nya funktioner som aldrig tidigare sk\u00e5dats i en handh\u00e5llen RF-detektor i fickformat. Den har ett RF-frekvensomr\u00e5de p\u00e5 0-12 Ghz med o\u00f6vertr\u00e4ffad k\u00e4nslighet, s\u00e4rskilt vid h\u00f6gre frekvenser f\u00f6r det v\u00e4xande hotet fr\u00e5n de senaste superh\u00f6gfrekvensenheterna. En ny intelligent frekvensr\u00e4knare har implementerats som nu kan visa de flesta digitala frekvenser och \u00e4ven analoga signaler upp till 6 GHz, vilket aldrig tidigare sk\u00e5dats. Den detekterade signalstyrkan visas i ett stapeldiagram med 20 element, vilket g\u00f6r det m\u00f6jligt f\u00f6r anv\u00e4ndaren att lokalisera den exakta k\u00e4llan till varje detekterad signal. Frekvensen f\u00f6r den detekterade signalen kan ses samtidigt och den nya programvaran &#8220;Livescan&#8221; visar det detekterade live-signalm\u00f6nstret grafiskt f\u00f6r att hj\u00e4lpa till att identifiera signaltypen.<\/p>\n<p> Detta kan vara s\u00e4rskilt anv\u00e4ndbart vid s\u00f6kning efter pulserande eller burst-enheter som GPS-trackers.<\/p>\n<p><img fetchpriority=\"high\" decoding=\"async\" class=\"alignnone size-medium wp-image-28482\" src=\"https:\/\/cryptsec.se\/wp-content\/uploads\/2021\/10\/pro-w12dx-case1-1-300x300.jpg\" alt=\"\" width=\"300\" height=\"300\" srcset=\"https:\/\/cryptsec.se\/wp-content\/uploads\/2021\/10\/pro-w12dx-case1-1-300x300.jpg 300w, https:\/\/cryptsec.se\/wp-content\/uploads\/2021\/10\/pro-w12dx-case1-1-150x150.jpg 150w, https:\/\/cryptsec.se\/wp-content\/uploads\/2021\/10\/pro-w12dx-case1-1-350x350.jpg 350w, https:\/\/cryptsec.se\/wp-content\/uploads\/2021\/10\/pro-w12dx-case1-1-100x100.jpg 100w, https:\/\/cryptsec.se\/wp-content\/uploads\/2021\/10\/pro-w12dx-case1-1.jpg 509w\" sizes=\"(max-width: 300px) 100vw, 300px\" \/> <img decoding=\"async\" class=\"alignnone size-medium wp-image-28480\" src=\"https:\/\/cryptsec.se\/wp-content\/uploads\/2021\/10\/pro-w12dx-full-%E2%80%93-1-1-300x300.jpg\" alt=\"\" width=\"300\" height=\"300\"><\/p>\n<p><strong>Nytt GRAPH &#8211; LOG-l\u00e4ge:  <\/strong><\/p>\n<p>PRO-W12DX har en minneslogg med 1000 h\u00e4ndelser som lagrar all detekterad signaldata, inklusive korta s\u00e4ndningar (Burst), deras frekvens, h\u00e4ndelsetid, varaktighet och signalstyrka. Dessa h\u00e4ndelser visas i ett l\u00e4ttl\u00e4st listformat som anv\u00e4ndaren kan bl\u00e4ddra igenom. H\u00e4ndelserna kan nu visas samtidigt i Graph-Log Mode d\u00e4r upp till 8 minuters live-data om detekterad signal och frekvens registreras och ritas upp i ett diagram. Dessa minnesfunktioner s\u00e4kerst\u00e4ller att anv\u00e4ndaren inte missar n\u00e5gra detekterade h\u00e4ndelser och \u00e4r ov\u00e4rderliga f\u00f6r att hj\u00e4lpa anv\u00e4ndaren att avg\u00f6ra exakt vilken typ av signal som har detekterats.  <\/p>\n<ul>\n<li>Ultrabred frekvensrespons &#8211; nu upp till 12 GHz med f\u00f6rb\u00e4ttrad topprestanda<\/li>\n<li>Frekvensr\u00e4knare 0-6 GHz f\u00f6r analoga och digitala signaler<\/li>\n<li>&#8220;Livescan&#8221;-funktionen visar sp\u00e5r av detekterad signal i realtid<\/li>\n<li>1000 H\u00e4ndelselogg med tid och datum registrerar alla detekterade Burst-signaler och -frekvenser<\/li>\n<li>Live Graph Mode plottar detekterade signaler\/frekvenser \u00f6ver tid<\/li>\n<li>2,5 tums TFT-sk\u00e4rm i f\u00e4rg<\/li>\n<li>Ultrak\u00e4nslig &#8211; \u00e4ven vid mycket h\u00f6ga frekvenser<\/li>\n<li>Tv\u00e5 antenner &#8211; riktantenn med h\u00f6g f\u00f6rst\u00e4rkning och rundstr\u00e5lande antenn med g\u00e5ngj\u00e4rn<\/li>\n<li>Signalstyrkans &#8220;pip&#8221;- och tysta vibrationsl\u00e4ge<\/li>\n<li>Maskinbearbetat aluminiumh\u00f6lje f\u00f6r maximal h\u00e5llbarhet<\/li>\n<li>Levereras i en kraftig v\u00e4ska av milit\u00e4r standard<\/li>\n<\/ul>\n<p><img decoding=\"async\" class=\"alignnone size-medium wp-image-28486\" src=\"https:\/\/cryptsec.se\/wp-content\/uploads\/2021\/10\/JJN-PRO-W12DX_SCREEN_002-1-300x214.jpg\" alt=\"\" width=\"300\" height=\"214\" srcset=\"https:\/\/cryptsec.se\/wp-content\/uploads\/2021\/10\/JJN-PRO-W12DX_SCREEN_002-1-300x214.jpg 300w, https:\/\/cryptsec.se\/wp-content\/uploads\/2021\/10\/JJN-PRO-W12DX_SCREEN_002-1-1024x730.jpg 1024w, https:\/\/cryptsec.se\/wp-content\/uploads\/2021\/10\/JJN-PRO-W12DX_SCREEN_002-1-768x547.jpg 768w, https:\/\/cryptsec.se\/wp-content\/uploads\/2021\/10\/JJN-PRO-W12DX_SCREEN_002-1-680x485.jpg 680w, https:\/\/cryptsec.se\/wp-content\/uploads\/2021\/10\/JJN-PRO-W12DX_SCREEN_002-1.jpg 1500w\" sizes=\"(max-width: 300px) 100vw, 300px\" \/> <img loading=\"lazy\" decoding=\"async\" class=\"alignnone size-medium wp-image-28488\" src=\"https:\/\/cryptsec.se\/wp-content\/uploads\/2021\/10\/JJN-PRO-W12DX_SCREEN_001-2-300x214.jpg\" alt=\"\" width=\"300\" height=\"214\" srcset=\"https:\/\/cryptsec.se\/wp-content\/uploads\/2021\/10\/JJN-PRO-W12DX_SCREEN_001-2-300x214.jpg 300w, https:\/\/cryptsec.se\/wp-content\/uploads\/2021\/10\/JJN-PRO-W12DX_SCREEN_001-2-1024x730.jpg 1024w, https:\/\/cryptsec.se\/wp-content\/uploads\/2021\/10\/JJN-PRO-W12DX_SCREEN_001-2-768x547.jpg 768w, https:\/\/cryptsec.se\/wp-content\/uploads\/2021\/10\/JJN-PRO-W12DX_SCREEN_001-2-680x485.jpg 680w, https:\/\/cryptsec.se\/wp-content\/uploads\/2021\/10\/JJN-PRO-W12DX_SCREEN_001-2.jpg 1500w\" sizes=\"(max-width: 300px) 100vw, 300px\" \/><\/p>\n<\/div>\n<p><span style=\"color: #000000;\"><strong>Installation<\/strong><br \/>\n<\/span><\/p>\n<p>L\u00e4s bruksanvisningen till v\u00e4nster p\u00e5 denna sida.<\/p>\n<p>&nbsp;<\/p>\n","protected":false},"excerpt":{"rendered":"<p>Den handh\u00e5llna bredbandiga RF-detektorn PRO-W12DX \u00e4r utformad f\u00f6r att uppt\u00e4cka och lokalisera signaler fr\u00e5n de allra senaste hemliga avlyssnings-, sp\u00e5rnings-, mobil- och videoenheterna<\/p>\n","protected":false},"featured_media":26237,"template":"","meta":[],"product_brand":[64],"product_cat":[1079,846],"product_tag":[1138,897,1137,894,899,926,936,879],"berocket_brand":[],"class_list":{"0":"post-29949","1":"product","2":"type-product","3":"status-publish","4":"has-post-thumbnail","6":"product_brand-jjndigital","7":"product_cat-aktivitetsmatare","8":"product_cat-tsu","9":"product_tag-avlyssningsutrustning-sv","10":"product_tag-buggdetektor-sv","11":"product_tag-frekvensdetektor-sv","12":"product_tag-motovervakning","13":"product_tag-rf-detektor-sv","14":"product_tag-spektrumanalysator-sv","15":"product_tag-spektrumanalysator-sv-2","16":"product_tag-tscm-sv","18":"first","19":"instock","20":"featured","21":"taxable","22":"shipping-taxable","23":"purchasable","24":"product-type-simple"},"_links":{"self":[{"href":"https:\/\/cryptsec.se\/sv\/wp-json\/wp\/v2\/product\/29949","targetHints":{"allow":["GET"]}}],"collection":[{"href":"https:\/\/cryptsec.se\/sv\/wp-json\/wp\/v2\/product"}],"about":[{"href":"https:\/\/cryptsec.se\/sv\/wp-json\/wp\/v2\/types\/product"}],"wp:featuredmedia":[{"embeddable":true,"href":"https:\/\/cryptsec.se\/sv\/wp-json\/wp\/v2\/media\/26237"}],"wp:attachment":[{"href":"https:\/\/cryptsec.se\/sv\/wp-json\/wp\/v2\/media?parent=29949"}],"wp:term":[{"taxonomy":"product_brand","embeddable":true,"href":"https:\/\/cryptsec.se\/sv\/wp-json\/wp\/v2\/product_brand?post=29949"},{"taxonomy":"product_cat","embeddable":true,"href":"https:\/\/cryptsec.se\/sv\/wp-json\/wp\/v2\/product_cat?post=29949"},{"taxonomy":"product_tag","embeddable":true,"href":"https:\/\/cryptsec.se\/sv\/wp-json\/wp\/v2\/product_tag?post=29949"},{"taxonomy":"berocket_brand","embeddable":true,"href":"https:\/\/cryptsec.se\/sv\/wp-json\/wp\/v2\/berocket_brand?post=29949"}],"curies":[{"name":"wp","href":"https:\/\/api.w.org\/{rel}","templated":true}]}}