{"id":29950,"date":"2021-10-29T20:23:21","date_gmt":"2021-10-29T18:23:21","guid":{"rendered":"https:\/\/cryptsec.se\/product\/cam-gx5-detektor-for-mobiltelefoner\/"},"modified":"2021-10-29T20:23:21","modified_gmt":"2021-10-29T18:23:21","slug":"cam-gx5-detektor-for-mobiltelefoner","status":"publish","type":"product","link":"https:\/\/cryptsec.se\/sv\/product\/cam-gx5-detektor-for-mobiltelefoner\/","title":{"rendered":"CAM-GX5 Detektor f\u00f6r mobiltelefoner"},"content":{"rendered":"<h5 class=\"tag\"><span class=\"blu\">CAM-GX5 &#8211; <\/span>5G-klar mobiltelefon- och sp\u00e5rningsdetektor med 2,4 &amp; 5 GHz WiFi &amp; Bluetooth-detektering och global t\u00e4ckning<\/h5>\n<div class=\"left\">\n<p>CAM-GX5 \u00e4r utformad f\u00f6r att uppt\u00e4cka och lokalisera s\u00e4ndningar fr\u00e5n mobilbaserade enheter som mobiltelefoner, smartphones, fordonssp\u00e5rare, Wi-Fi-hotspots, GSM-lyssningsenheter (buggar) och hemliga tr\u00e5dl\u00f6sa 3G\/4G\/5G-kameror. En helt ny design inneb\u00e4r att CAM-GX5 nu har v\u00e4rldsomsp\u00e4nnande multibandst\u00e4ckning. Den kan anv\u00e4ndas i alla milj\u00f6er d\u00e4r mobila enheter \u00e4r f\u00f6rbjudna, t.ex. k\u00e4nsliga m\u00f6tesrum f\u00f6r att kontrollera om det finns dolda enheter, obeh\u00f6rig anv\u00e4ndning av mobiltelefoner p\u00e5 kontor, tentamenssalar, sjukhus eller f\u00e4ngelser och i fordon f\u00f6r att lokalisera de senaste dolda sp\u00e5rningsenheterna. CAM-GX5 har ocks\u00e5 en separat detektor f\u00f6r 2,4 GHz-bandet och en ny detektor f\u00f6r 5 GHz-bandet f\u00f6r det snabbt v\u00e4xande hotet fr\u00e5n Wi-Fi\/Bluetooth Store &amp; Forward- och videoenheter.<\/p>\n<h4>Produktfunktioner<\/h4>\n<div class=\"item\"><img decoding=\"async\" src=\"https:\/\/www.jjndigital.com\/assets\/images\/utils\/display-type.png\" alt=\"\">3,5&#8243; TFT<\/div>\n<div class=\"item\"><img decoding=\"async\" src=\"https:\/\/www.jjndigital.com\/assets\/images\/utils\/icon-cellular-worldwide.png\" alt=\"\">2G\/3G\/4G\/5G-detektering \u00f6ver hela v\u00e4rlden<\/div>\n<div class=\"item\"><img decoding=\"async\" src=\"https:\/\/www.jjndigital.com\/assets\/images\/utils\/icon-cellular-worldwide.png\" alt=\"\">V\u00e4rldsomsp\u00e4nnande 2G\/3G\/4G\/5G-detektor<\/div>\n<div class=\"item\"><img decoding=\"async\" src=\"https:\/\/www.jjndigital.com\/assets\/images\/utils\/icon-bluetooth.png\" alt=\"\">2,4 GHz + 5 GHz WiFi\/Bluetooth-detektor<\/div>\n<div class=\"item\"><img decoding=\"async\" src=\"https:\/\/www.jjndigital.com\/assets\/images\/utils\/icon-signal.png\" alt=\"\">Detektering av digital burst-puls<\/div>\n<div class=\"item\"><img decoding=\"async\" src=\"https:\/\/www.jjndigital.com\/assets\/images\/utils\/icon-usb-download.png\" alt=\"\">USB-nedladdning<\/div>\n<div class=\"item\"><img decoding=\"async\" src=\"https:\/\/www.jjndigital.com\/assets\/images\/utils\/icon-memory-function.png\" alt=\"\">Minnesfunktion<\/div>\n<div class=\"item\"><img decoding=\"async\" src=\"https:\/\/www.jjndigital.com\/assets\/images\/utils\/icon-sensitive.png\" alt=\"\">Ultrak\u00e4nslig<\/div>\n<div class=\"item\"><img decoding=\"async\" src=\"https:\/\/www.jjndigital.com\/assets\/images\/utils\/icon-battery.png\" alt=\"\">Internt litiumbatteripaket<\/div>\n<div class=\"item\"><img decoding=\"async\" src=\"https:\/\/www.jjndigital.com\/assets\/images\/utils\/icon-machined.png\" alt=\"\">Maskinbearbetad aluminiumkapsling<\/div>\n<div class=\"item\"><img decoding=\"async\" src=\"https:\/\/www.jjndigital.com\/assets\/images\/utils\/icon-hardcase.png\" alt=\"\">Kraftig b\u00e4rv\u00e4ska i milit\u00e4r standard<\/div>\n<p>&nbsp;<\/p>\n<\/div>\n<div class=\"right\"><img fetchpriority=\"high\" decoding=\"async\" class=\"\" src=\"https:\/\/www.jjndigital.com\/assets\/images\/products\/cam-gx5\/cam-gx51.jpg\" width=\"354\" height=\"368\" alt=\"\"><img decoding=\"async\" class=\"\" src=\"https:\/\/www.jjndigital.com\/assets\/images\/products\/cam-gx5\/cam-gx5-3(1).jpg\" width=\"366\" height=\"371\" alt=\"\"><\/div>\n<div>\n<div id=\"area244\" class=\"boxmodel cknum5 centeredRow boxtheme5\">\n<div class=\"inner\">\n<div class=\"content product-page cam-105w\">\n<div class=\"right big\">\n<p>&nbsp;<\/p>\n<p>Den erbjuder o\u00f6vertr\u00e4ffade detekteringsniv\u00e5er i en handh\u00e5llen enhet och loggar all mobilaktivitet inom r\u00e4ckh\u00e5ll. V\u00e4lj bara den internationella region som enheten ska anv\u00e4ndas i s\u00e5 kommer CAM-GX5 att detektera signaler fr\u00e5n alla relevanta mobilband. Detta inneb\u00e4r att CAM-GX5 \u00e4r redo f\u00f6r utrullningen av de senaste 5G-enheterna \u00f6ver hela v\u00e4rlden.   Naturligtvis kommer alla befintliga 2G-, 3G- och 4G-band ocks\u00e5 att t\u00e4ckas.<\/p>\n<p>En ny kraftfull RF-frontend med h\u00f6g f\u00f6rst\u00e4rkning garanterar detektering p\u00e5 upp till 50 meter beroende p\u00e5 signalstyrka och omgivande f\u00f6rh\u00e5llanden. CAM-GX5 levereras med en ny, justerbar och g\u00e5ngj\u00e4rnsf\u00f6rsedd antenn f\u00f6r optimal prestanda och flexibilitet. <\/p>\n<\/div>\n<\/div>\n<\/div>\n<\/div>\n<div id=\"area248\" class=\"boxmodel cknum6 centeredRow boxtheme6\">\n<div class=\"inner\">\n<div class=\"content product-page cam-105w greyTop\">\n<div class=\"left\">\n<p>&nbsp;<\/p>\n<p>En ny knappsatsdesign inneb\u00e4r enkel och intuitiv anv\u00e4ndning. All information visas p\u00e5 en TFT-f\u00e4rgsk\u00e4rm som g\u00f6r det m\u00f6jligt f\u00f6r anv\u00e4ndaren att utf\u00f6ra realtidsdetektering eller att se h\u00e4ndelser som tidigare har intr\u00e4ffat. Varje band har en individuell signalstyrkem\u00e4tare med 20 element som g\u00f6r det enkelt att lokalisera den exakta k\u00e4llan till en detekterad signal. Ett h\u00f6rbart &#8220;Beep&#8221;-l\u00e4ge g\u00f6r att anv\u00e4ndaren kan \u00f6vervaka utan att titta p\u00e5 displayen och ett tyst vibrationsl\u00e4ge kan ocks\u00e5 anv\u00e4ndas f\u00f6r s\u00e4rskilt k\u00e4nsliga omr\u00e5den.<\/p>\n<\/div>\n<\/div>\n<\/div>\n<\/div>\n<div id=\"area249\" class=\"boxmodel cknum7 centeredRow boxtheme7\">\n<div class=\"inner\">\n<div class=\"content product-page cam-105w greyTop\">\n<div class=\"right big\">\n<p>&nbsp;<\/p>\n<p>Upp till 4000 cellh\u00e4ndelser kan lagras i CAM-GX5 f\u00f6r visning som en lista eller grafiskt. F\u00f6r varje detekterad signal (oavsett hur l\u00e5ng eller kort den \u00e4r) registreras tid\/datum, varaktighet, detekterat band och signalstyrka. Detta kan vara s\u00e4rskilt anv\u00e4ndbart f\u00f6r att identifiera vilken typ av enhet som detekteras. Exempel: en rad regelbundna korta signaler i ett visst band kan vara signaler fr\u00e5n en GSM\/GPS-sp\u00e5rningsenhet.<\/p>\n<p>Dessa kunde tydligt ses i Graph Mode som linjer med regelbundet avst\u00e5nd som representerar \u00f6verf\u00f6ringens pulserande natur. Genom att titta p\u00e5 samtalsaktiviteten under vissa tider p\u00e5 dygnet kan man ocks\u00e5 identifiera obeh\u00f6rig telefonanv\u00e4ndning i k\u00e4nsliga omr\u00e5den som f\u00e4ngelser, styrelserum, tentamenssalar etc. Hela h\u00e4ndelseloggen kan ocks\u00e5 laddas ned till ett USB-minne f\u00f6r lagring eller \u00f6verf\u00f6ring till en dator d\u00e4r den kan visas\/sorteras f\u00f6r analys eller rapportering.<\/p>\n<\/div>\n<\/div>\n<\/div>\n<\/div>\n<div id=\"area250\" class=\"boxmodel cknum8 centeredRow boxtheme8\">\n<div class=\"inner\">\n<div class=\"content product-page cam-105w greyTop\">\n<div class=\"left\">\n<p>&nbsp;<\/p>\n<p>CAM-GX5 har ytterligare ett separat 2,4 GHz och ett nytt 5 GHz tr\u00e5dl\u00f6st realtids-\/loggdetekteringsl\u00e4ge. Detta \u00e4r utformat f\u00f6r att uppt\u00e4cka hot fr\u00e5n den senaste generationen av tr\u00e5dl\u00f6sa enheter som anv\u00e4nder dessa band, t.ex. Bluetooth- och Wi-Fi-enheter.  S\u00e5dana enheter kan t.ex. spela in ljud under l\u00e5nga perioder och sedan \u00f6verf\u00f6ra det i korta regelbundna skurar. Den kan ocks\u00e5 uppt\u00e4cka andra enheter som anv\u00e4nder dessa band, t.ex. tr\u00e5dl\u00f6s video. Komplexa algoritmer analyserar de uppt\u00e4ckta signalerna f\u00f6r att identifiera signaltypen, dvs. Bluetooth, Wi-Fi eller annan 2,4 GHz- eller 5 GHz-signal. Detekteringsl\u00e4get f\u00f6r 2,4 GHz och 5 GHz lagrar de senaste 24 timmarnas aktivitet som kan visas grafiskt f\u00f6r senare analys. CAM-GX5 \u00e4r konstruerad och tillverkad i Storbritannien enligt h\u00f6gsta standard och \u00e4r innesluten i ett specialtillverkat h\u00f6lje av flygplansaluminium. Den anv\u00e4nder ett integrerat litium-polymerbatteripaket<br \/>\noch levereras med en internationell laddare. Det kompletta systemet levereras i en kompakt, kraftig v\u00e4ska av milit\u00e4r standard f\u00f6r ultimat skydd.  <\/p>\n<\/div>\n<div class=\"right\"><img decoding=\"async\" class=\"\" src=\"https:\/\/www.jjndigital.com\/assets\/images\/products\/cam-gx5\/close-up.jpg\" width=\"390\" height=\"396\" alt=\"\"><\/div>\n<\/div>\n<\/div>\n<\/div>\n<div id=\"area245\" class=\"boxmodel cknum9 centeredRow boxtheme9\">\n<div class=\"inner\">\n<div class=\"content product-page cam-105w greyTop\">\n<div class=\"left big\">\n<p>&nbsp;<\/p>\n<ul>\n<li>Detekterar 2G\/3G\/4G och de senaste 5G-enheterna &#8211; plus WiFi\/Bluetooth\/2,4 GHz- och 5 GHz-enheter<\/li>\n<li>Detekterar mobiltelefoner, smartphones, GPS-trackers, SMS (Texts), GSM Bugs, 3G\/4G\/5G Video, Bluetooth &amp; WiFi Devices, Store &amp; Forward-enheter<\/li>\n<li>Mobilt\u00e4ckning \u00f6ver hela v\u00e4rlden &#8211; v\u00e4lj bara den relevanta regionen<\/li>\n<li>Separat 2,4 GHz- och 5 GHz-banddetektor f\u00f6r WiFi\/Bluetooth\/Video och andra enheter av senaste generation<\/li>\n<li>\u00d6kad k\u00e4nslighet f\u00f6r alla band &#8211; detekterar signaler p\u00e5 upp till 50 meters avst\u00e5nd<\/li>\n<li>Cellul\u00e4r h\u00e4ndelselogg registrerar tid\/datum, band, varaktighet och signalstyrka f\u00f6r upp till 4000 h\u00e4ndelser<\/li>\n<li>Loggen kan visas p\u00e5 sk\u00e4rmen och laddas ner till ett USB-minne f\u00f6r lagring\/visning p\u00e5 en dator<\/li>\n<li>Grafl\u00e4ge visar realtids- eller historisk graf f\u00f6r alla uppt\u00e4ckta mobilband<\/li>\n<li>3,5-tums TFT-f\u00e4rgdisplay med l\u00e4ttanv\u00e4nd menystyrning<\/li>\n<li>Justerbar antenn med g\u00e5ngj\u00e4rn<\/li>\n<li>H\u00f6rbart &#8220;pip&#8221; f\u00f6r signalstyrka och tyst vibrationsl\u00e4ge<\/li>\n<li>Maskinbearbetat aluminiumh\u00f6lje f\u00f6r maximal h\u00e5llbarhet<\/li>\n<li>Internt litiumpolymer-batteripaket &#8211; laddare medf\u00f6ljer<\/li>\n<li>Levereras i en kraftig v\u00e4ska av milit\u00e4r standard<\/li>\n<\/ul>\n<\/div>\n<div class=\"right small\"><img loading=\"lazy\" decoding=\"async\" class=\"\" src=\"https:\/\/www.jjndigital.com\/assets\/images\/products\/cam-gx5\/side-profile.jpg\" width=\"424\" height=\"755\" alt=\"\"><\/div>\n<\/div>\n<\/div>\n<\/div>\n<\/div>\n","protected":false},"excerpt":{"rendered":"<p style=\"text-align: left;\"><strong>CAM-GX5 Cellular Activity Monitor<\/strong> \u00e4r en handh\u00e5llen multibandsdetektor f\u00f6r mobilsignaler som \u00e4r redo f\u00f6r den senaste generationens 5G-enheter (samt befintliga 2G, 3G &amp; 4G), plus de senaste WiFi-\/Bluetooth-enheterna.<\/p>\n<p>&nbsp;<\/p>\n","protected":false},"featured_media":29796,"template":"","meta":[],"product_brand":[64],"product_cat":[1079,846],"product_tag":[1139,897,969,879],"berocket_brand":[],"class_list":{"0":"post-29950","1":"product","2":"type-product","3":"status-publish","4":"has-post-thumbnail","6":"product_brand-jjndigital","7":"product_cat-aktivitetsmatare","8":"product_cat-tsu","9":"product_tag-aktivitetsmonitor","10":"product_tag-buggdetektor-sv","11":"product_tag-insektsdetektor","12":"product_tag-tscm-sv","14":"first","15":"instock","16":"taxable","17":"shipping-taxable","18":"purchasable","19":"product-type-simple"},"_links":{"self":[{"href":"https:\/\/cryptsec.se\/sv\/wp-json\/wp\/v2\/product\/29950","targetHints":{"allow":["GET"]}}],"collection":[{"href":"https:\/\/cryptsec.se\/sv\/wp-json\/wp\/v2\/product"}],"about":[{"href":"https:\/\/cryptsec.se\/sv\/wp-json\/wp\/v2\/types\/product"}],"wp:featuredmedia":[{"embeddable":true,"href":"https:\/\/cryptsec.se\/sv\/wp-json\/wp\/v2\/media\/29796"}],"wp:attachment":[{"href":"https:\/\/cryptsec.se\/sv\/wp-json\/wp\/v2\/media?parent=29950"}],"wp:term":[{"taxonomy":"product_brand","embeddable":true,"href":"https:\/\/cryptsec.se\/sv\/wp-json\/wp\/v2\/product_brand?post=29950"},{"taxonomy":"product_cat","embeddable":true,"href":"https:\/\/cryptsec.se\/sv\/wp-json\/wp\/v2\/product_cat?post=29950"},{"taxonomy":"product_tag","embeddable":true,"href":"https:\/\/cryptsec.se\/sv\/wp-json\/wp\/v2\/product_tag?post=29950"},{"taxonomy":"berocket_brand","embeddable":true,"href":"https:\/\/cryptsec.se\/sv\/wp-json\/wp\/v2\/berocket_brand?post=29950"}],"curies":[{"name":"wp","href":"https:\/\/api.w.org\/{rel}","templated":true}]}}