{"id":29951,"date":"2021-10-29T20:31:05","date_gmt":"2021-10-29T18:31:05","guid":{"rendered":"https:\/\/cryptsec.se\/product\/edd-24t-nljd\/"},"modified":"2021-10-29T20:31:05","modified_gmt":"2021-10-29T18:31:05","slug":"edd-24t-nljd","status":"publish","type":"product","link":"https:\/\/cryptsec.se\/sv\/product\/edd-24t-nljd\/","title":{"rendered":"EDD-24T NLJD"},"content":{"rendered":"<h3 style=\"text-align: left;\">Uppt\u00e4ck dolda enheter med EDD-24T NLJD<\/h3>\n<p>EDD-24T NLJD revolutionerar s\u00e4kerhetssvepningar genom att erbjuda o\u00f6vertr\u00e4ffad precision vid detektering av elektroniska enheter, oavsett om de \u00e4r p\u00e5 eller av. Denna Non-Linear Junction Detector \u00e4r ett m\u00e5ste f\u00f6r s\u00e4kerhetspersonal och s\u00e4kerst\u00e4ller att ingen dold \u00f6vervakningsutrustning g\u00e5r ouppt\u00e4ckt. Dess banbrytande teknik \u00e4r utformad f\u00f6r att enkelt lokalisera och identifiera elektroniska komponenter, vilket g\u00f6r den till ett viktigt verktyg f\u00f6r att uppr\u00e4tth\u00e5lla integritet och s\u00e4kerhet.  <\/p>\n<h3>Avancerad teknik f\u00f6r helt\u00e4ckande skanningar<\/h3>\n<p>EDD-24T \u00e4r utrustad med den senaste NLJD-tekniken och ger omfattande skanningar av alla milj\u00f6er. Dess avancerade detekteringsfunktioner g\u00f6r det m\u00f6jligt att snabbt identifiera avlyssningsenheter, SIM-kort och andra elektroniska prylar. Enhetens anv\u00e4ndarv\u00e4nliga gr\u00e4nssnitt och ergonomiska design s\u00e4kerst\u00e4ller att grundliga svepningar inte bara \u00e4r effektiva utan ocks\u00e5 effektiva, vilket sparar tid och \u00f6kar s\u00e4kerheten.  <\/p>\n<h3>H\u00e5llbar, p\u00e5litlig och redo f\u00f6r anv\u00e4ndning<\/h3>\n<p>EDD-24T NLJD \u00e4r byggd f\u00f6r att h\u00e5lla, med en design som klarar kraven vid intensiv anv\u00e4ndning p\u00e5 f\u00e4ltet. Tack vare sin h\u00e5llbarhet kan den anv\u00e4ndas under olika f\u00f6rh\u00e5llanden, vilket g\u00f6r den till ett p\u00e5litligt verktyg f\u00f6r brottsbek\u00e4mpande myndigheter, s\u00e4kerhetsteam p\u00e5 f\u00f6retag och yrkesverksamma inom kontraspionage. Med sin l\u00e5nga batteritid och b\u00e4rbara design \u00e4r EDD-24T alltid redo att anv\u00e4ndas och ger sinnesfrid i alla s\u00e4kerhetsk\u00e4nsliga situationer.  <\/p>\n","protected":false},"excerpt":{"rendered":"<p>Den nya EDD-24T \u00e4r en handh\u00e5llen NLJD (Non Linear Junction Detector). Den detekterar alla typer av elektronik &#8211; aktiv, passiv eller till och med avst\u00e4ngd. <\/p>\n","protected":false},"featured_media":26247,"template":"","meta":[],"product_brand":[64],"product_cat":[1080,846],"product_tag":[969,894,927,926,879],"berocket_brand":[],"class_list":{"0":"post-29951","1":"product","2":"type-product","3":"status-publish","4":"has-post-thumbnail","6":"product_brand-jjndigital","7":"product_cat-icke-linjara-kopplingsdetektorer","8":"product_cat-tsu","9":"product_tag-insektsdetektor","10":"product_tag-motovervakning","11":"product_tag-rf-detektor-sv-2","12":"product_tag-spektrumanalysator-sv","13":"product_tag-tscm-sv","15":"first","16":"instock","17":"taxable","18":"shipping-taxable","19":"purchasable","20":"product-type-simple"},"_links":{"self":[{"href":"https:\/\/cryptsec.se\/sv\/wp-json\/wp\/v2\/product\/29951","targetHints":{"allow":["GET"]}}],"collection":[{"href":"https:\/\/cryptsec.se\/sv\/wp-json\/wp\/v2\/product"}],"about":[{"href":"https:\/\/cryptsec.se\/sv\/wp-json\/wp\/v2\/types\/product"}],"wp:featuredmedia":[{"embeddable":true,"href":"https:\/\/cryptsec.se\/sv\/wp-json\/wp\/v2\/media\/26247"}],"wp:attachment":[{"href":"https:\/\/cryptsec.se\/sv\/wp-json\/wp\/v2\/media?parent=29951"}],"wp:term":[{"taxonomy":"product_brand","embeddable":true,"href":"https:\/\/cryptsec.se\/sv\/wp-json\/wp\/v2\/product_brand?post=29951"},{"taxonomy":"product_cat","embeddable":true,"href":"https:\/\/cryptsec.se\/sv\/wp-json\/wp\/v2\/product_cat?post=29951"},{"taxonomy":"product_tag","embeddable":true,"href":"https:\/\/cryptsec.se\/sv\/wp-json\/wp\/v2\/product_tag?post=29951"},{"taxonomy":"berocket_brand","embeddable":true,"href":"https:\/\/cryptsec.se\/sv\/wp-json\/wp\/v2\/berocket_brand?post=29951"}],"curies":[{"name":"wp","href":"https:\/\/api.w.org\/{rel}","templated":true}]}}