{"id":29952,"date":"2021-10-29T20:37:56","date_gmt":"2021-10-29T18:37:56","guid":{"rendered":"https:\/\/cryptsec.se\/product\/hsa-q1-spektrumanalysator\/"},"modified":"2021-10-29T20:37:56","modified_gmt":"2021-10-29T18:37:56","slug":"hsa-q1-spektrumanalysator","status":"publish","type":"product","link":"https:\/\/cryptsec.se\/sv\/product\/hsa-q1-spektrumanalysator\/","title":{"rendered":"HSA-Q1 spektrumanalysator"},"content":{"rendered":"<h3>Precision m\u00f6ter b\u00e4rbarhet<\/h3>\n<p>HSA-Q1 Spectrum Analyser \u00e4r det ultimata verktyget f\u00f6r detaljerade unders\u00f6kningar av RF-spektrum. Den h\u00e4r enheten \u00e4r konstruerad f\u00f6r b\u00e5de f\u00e4lttekniker och seri\u00f6sa hobbyanv\u00e4ndare och kombinerar precision med b\u00e4rbarhet, vilket g\u00f6r den till en oumb\u00e4rlig tillg\u00e5ng f\u00f6r analys p\u00e5 resande fot. Den kompakta designen kompromissar inte med funktionaliteten och erbjuder omfattande funktioner som s\u00e4kerst\u00e4ller noggrann frekvens\u00f6vervakning och diagnos.  <\/p>\n<h3>Avsl\u00f6ja det osynliga<\/h3>\n<p>Dyk djupt in i radiofrekvensspektrumet med HSA-Q1 Spectrum Analysers avancerade analysfunktioner. Oavsett om du vill sp\u00e5ra st\u00f6rande signaler, s\u00e4kerst\u00e4lla efterlevnad eller helt enkelt utforska luftv\u00e5gorna ger den h\u00e4r spektrumanalysatorn den klarhet och detaljrikedom som kr\u00e4vs f\u00f6r att avsl\u00f6ja det osynliga. Det intuitiva gr\u00e4nssnittet och den kraftfulla skanningstekniken g\u00f6r den tillg\u00e4nglig f\u00f6r b\u00e5de proffs och entusiaster.  <\/p>\n<h3>Robust och p\u00e5litlig<\/h3>\n<p>Den \u00e4r utformad med h\u00e5llbarhet i \u00e5tanke och st\u00e5r emot p\u00e5frestningarna vid f\u00e4ltanv\u00e4ndning samtidigt som den levererar konsekvent och tillf\u00f6rlitlig prestanda. Den robusta konstruktionen g\u00f6r att den \u00e4r redo f\u00f6r alla utmaningar, fr\u00e5n komplexa industriella milj\u00f6er till utforskning utomhus. Batteritiden med h\u00f6g kapacitet garanterar ut\u00f6kad anv\u00e4ndning, s\u00e5 att du kan h\u00e5lla dig i drift n\u00e4r det \u00e4r som viktigast.  <\/p>\n<p><img fetchpriority=\"high\" decoding=\"async\" class=\"alignnone size-medium wp-image-28494\" src=\"https:\/\/cryptsec.se\/wp-content\/uploads\/2021\/10\/9722-300x241.jpg\" alt=\"\" width=\"300\" height=\"241\" srcset=\"https:\/\/cryptsec.se\/wp-content\/uploads\/2021\/10\/9722-300x241.jpg 300w, https:\/\/cryptsec.se\/wp-content\/uploads\/2021\/10\/9722.jpg 645w\" sizes=\"(max-width: 300px) 100vw, 300px\" \/> <img decoding=\"async\" class=\"alignnone size-medium wp-image-28492\" src=\"https:\/\/cryptsec.se\/wp-content\/uploads\/2021\/10\/9718-300x241.jpg\" alt=\"\" width=\"300\" height=\"241\" srcset=\"https:\/\/cryptsec.se\/wp-content\/uploads\/2021\/10\/9718-300x241.jpg 300w, https:\/\/cryptsec.se\/wp-content\/uploads\/2021\/10\/9718.jpg 645w\" sizes=\"(max-width: 300px) 100vw, 300px\" \/> <img decoding=\"async\" class=\"alignnone size-medium wp-image-28490\" src=\"https:\/\/cryptsec.se\/wp-content\/uploads\/2021\/10\/9720-300x241.jpg\" alt=\"\" width=\"300\" height=\"241\" srcset=\"https:\/\/cryptsec.se\/wp-content\/uploads\/2021\/10\/9720-300x241.jpg 300w, https:\/\/cryptsec.se\/wp-content\/uploads\/2021\/10\/9720.jpg 645w\" sizes=\"(max-width: 300px) 100vw, 300px\" \/><\/p>\n<p><span style=\"color: #000000;\"><strong>Funktioner<\/strong><\/span><\/p>\n<div class=\"right big\">\n<p>Frekvensomr\u00e5den kan st\u00e4llas in p\u00e5 allt fr\u00e5n hela 13,44 GHz-omr\u00e5det ned till bara 25 Mhz n\u00e4r detaljerad signalanalys kr\u00e4vs. Flytta helt enkelt mark\u00f6ren till en detekterad signal och tryck p\u00e5 &#8220;Zoom&#8221;-knappen f\u00f6r att visa signalen mer i detalj. Funktionen Waterfall (Spectrogram) visar en grafisk fullf\u00e4rgsdisplay i realtid av varje detekterad signal f\u00f6r att ge anv\u00e4ndaren m\u00f6jlighet till ytterligare analys. Detta \u00e4r s\u00e4rskilt anv\u00e4ndbart vid analys av moderna pulsade digitala signaler (eller frekvenshoppande signaler), t.ex. fr\u00e5n mobil-, Wifi-, Burst- och GPS-baserade enheter. RF-k\u00e4nsligheten kan justeras i 5 niv\u00e5er: Maximum (-80 dBm), t.ex. f\u00f6r att detektera alla signaler, inklusive signaler i andra angr\u00e4nsande rum eller till och med utanf\u00f6r byggnaden, ner till Minimum f\u00f6r att lokalisera en specifik n\u00e4rliggande signalk\u00e4lla. <\/p>\n<ul>\n<li>Frekvensomr\u00e5de 1 MHz till 13,44 GHz<\/li>\n<li>Sveptid p\u00e5 bara 0,5 sekunder (Full Range)<\/li>\n<li>Spektrogram vattenfallsfunktion f\u00f6r analys av detekterad signal<\/li>\n<li>Tune &amp; Listen demoduleringsfunktion &#8211; AM\/WFM\/NFM<\/li>\n<li>Dataloggning till USB-minne med tids- och datumst\u00e4mpel<\/li>\n<li>Bakgrundsminnesfunktion f\u00f6r att j\u00e4mf\u00f6ra tidigare svep<\/li>\n<li>Mycket h\u00f6g RF-k\u00e4nslighet (-80 dBm svep, -100 dBm direktinst\u00e4llning)<\/li>\n<li>6&#8243; TFT-sk\u00e4rm &#8211; l\u00e4sbar utomhus<\/li>\n<li>Ljud via intern h\u00f6gtalare eller h\u00f6rlurar<\/li>\n<li>Anpassad antenn med flera element levereras<\/li>\n<li>Internt litiumpolymerbatteri &#8211; 4 timmars batteritid<\/li>\n<li>Vikt endast 1,3 kg<\/li>\n<li>Maskinbearbetad aluminiumkapsling<\/li>\n<li>Levereras i kompakt b\u00e4rv\u00e4ska av milit\u00e4r standard<\/li>\n<\/ul>\n<\/div>\n<p>&nbsp;<\/p>\n","protected":false},"excerpt":{"rendered":"<p>HSA-Q1 Spectrum Analyser \u00e4r en helt integrerad b\u00e4rbar RF-spektrumanalysator som \u00e4r speciellt utformad f\u00f6r professionell anv\u00e4ndning vid mot\u00e5tg\u00e4rder. Med ett frekvensomr\u00e5de p\u00e5 0 till 13,4 GHz och en sveptid p\u00e5 bara en halv sekund erbjuder den o\u00f6vertr\u00e4ffade prestanda i ett handh\u00e5llet paket. <\/p>\n","protected":false},"featured_media":26250,"template":"","meta":[],"product_brand":[64],"product_cat":[1081,846],"product_tag":[897,1114,969,894,927,926,879],"berocket_brand":[],"class_list":{"0":"post-29952","1":"product","2":"type-product","3":"status-publish","4":"has-post-thumbnail","6":"product_brand-jjndigital","7":"product_cat-spektrumanalysator","8":"product_cat-tsu","9":"product_tag-buggdetektor-sv","10":"product_tag-cybersakerhet-sv","11":"product_tag-insektsdetektor","12":"product_tag-motovervakning","13":"product_tag-rf-detektor-sv-2","14":"product_tag-spektrumanalysator-sv","15":"product_tag-tscm-sv","17":"first","18":"instock","19":"featured","20":"taxable","21":"shipping-taxable","22":"purchasable","23":"product-type-simple"},"_links":{"self":[{"href":"https:\/\/cryptsec.se\/sv\/wp-json\/wp\/v2\/product\/29952","targetHints":{"allow":["GET"]}}],"collection":[{"href":"https:\/\/cryptsec.se\/sv\/wp-json\/wp\/v2\/product"}],"about":[{"href":"https:\/\/cryptsec.se\/sv\/wp-json\/wp\/v2\/types\/product"}],"wp:featuredmedia":[{"embeddable":true,"href":"https:\/\/cryptsec.se\/sv\/wp-json\/wp\/v2\/media\/26250"}],"wp:attachment":[{"href":"https:\/\/cryptsec.se\/sv\/wp-json\/wp\/v2\/media?parent=29952"}],"wp:term":[{"taxonomy":"product_brand","embeddable":true,"href":"https:\/\/cryptsec.se\/sv\/wp-json\/wp\/v2\/product_brand?post=29952"},{"taxonomy":"product_cat","embeddable":true,"href":"https:\/\/cryptsec.se\/sv\/wp-json\/wp\/v2\/product_cat?post=29952"},{"taxonomy":"product_tag","embeddable":true,"href":"https:\/\/cryptsec.se\/sv\/wp-json\/wp\/v2\/product_tag?post=29952"},{"taxonomy":"berocket_brand","embeddable":true,"href":"https:\/\/cryptsec.se\/sv\/wp-json\/wp\/v2\/berocket_brand?post=29952"}],"curies":[{"name":"wp","href":"https:\/\/api.w.org\/{rel}","templated":true}]}}