{"id":29963,"date":"2024-11-06T12:37:25","date_gmt":"2024-11-06T11:37:25","guid":{"rendered":"https:\/\/cryptsec.se\/product\/viper-12mp-nvr-16-x-4k-fasta-e3-ai-turret-kameror\/"},"modified":"2025-01-17T14:15:29","modified_gmt":"2025-01-17T13:15:29","slug":"viper-12mp-nvr-16-x-4k-fasta-e3-ai-turret-kameror","status":"publish","type":"product","link":"https:\/\/cryptsec.se\/sv\/product\/viper-12mp-nvr-16-x-4k-fasta-e3-ai-turret-kameror\/","title":{"rendered":"Viper 12MP NVR + 16 x 4K fasta E3 AI Turret-kameror"},"content":{"rendered":"<h2><strong>Viper 12MP NVR<\/strong><\/h2>\n<p><strong>Specifikationer<\/strong><\/p>\n<ul style=\"color: #3b3b3b;\">\n<li>8CH 12MP\/8MP\/6MP\/5MP\/4MP\/3MP\/1080P\/1280&#215;1024\/960P\/720P\/960H\/D1\/CIFIP input<\/li>\n<li>H.265S\/ H.265+\/ H.265\/ H.264-kodning<\/li>\n<li>Intuitivt och anv\u00e4ndarv\u00e4nligt grafiskt anv\u00e4ndargr\u00e4nssnitt (GUI); Windows-liknande man\u00f6vrering med mus<\/li>\n<li>Inspelning i flera l\u00e4gen: manuell \/ tidsinst\u00e4lld \/ r\u00f6relse \/ sensor \/ POS \/ AI-inspelning<\/li>\n<li>8CH samtidig uppspelning<\/li>\n<li>S\u00f6k: tidsintervall, tid, h\u00e4ndelse, tagg och smart s\u00f6kning<\/li>\n<li>St\u00f6d f\u00f6r ansiktsigenk\u00e4nning och j\u00e4mf\u00f6relse<\/li>\n<li>St\u00f6djer flera VCA-h\u00e4ndelser (Video Content Analytics), t.ex. \u00f6vergivet\/f\u00f6rsvunnet f\u00f6rem\u00e5l, intr\u00e5ng i omr\u00e5de, snubbeltr\u00e5d, videoundantag etc.<\/li>\n<li>St\u00f6djer \u00f6verlagring av POS-information i livevisning och uppspelning<\/li>\n<li>St\u00f6djer RAID0, RAID1, RAID5, RAID6, RAID10<\/li>\n<li>Snabb och flexibel backup via USB, n\u00e4tverk etc.<\/li>\n<li>Pentaplex : f\u00f6rhandsgranskning, inspelning, uppspelning, s\u00e4kerhetskopiering och fj\u00e4rr\u00e5tkomst<\/li>\n<li>DHCP, DDNS, PPPoE n\u00e4tverksprotokoll<\/li>\n<li>Fj\u00e4rrstyrning via webbklient eller CMS :<\/li>\n<li>Dual stream-teknik f\u00f6r lokal lagring med h\u00f6g uppl\u00f6sning<\/li>\n<li>St\u00f6d f\u00f6r PTZ-f\u00f6rinst\u00e4llningar och automatisk kryssning; upp till 255 f\u00f6rinst\u00e4llningar och 8 kryssningar<\/li>\n<\/ul>\n<p>&nbsp;<\/p>\n<h2>4K fasta E3 AI-tornkameror<\/h2>\n<p><strong>Specifikationer<\/strong><\/p>\n<ul style=\"color: #3b3b3b;\">\n<li>4K (3840 x 2160)<\/li>\n<li>2,8 mm fast objektiv @F1,6<\/li>\n<li>St\u00f6djer tre str\u00f6mmar<\/li>\n<li>DC12V\/PoE str\u00f6mf\u00f6rs\u00f6rjning<\/li>\n<li>Viper ip-kamera<\/li>\n<\/ul>\n","protected":false},"excerpt":{"rendered":"<p>Det h\u00e4r paketet erbjuder: en <strong>Viper 12MP NVR<\/strong> tillsammans med <strong>16x<\/strong><strong>4K Fixed E3 AI Turret-kameror<\/strong> f\u00f6r \u00f6verl\u00e4gsen \u00f6vervakning. NVR:n p\u00e5 12 MP ger robusta inspelnings- och hanteringsfunktioner, medan 4K-kamerorna ger ultraklar bild\u00e5tergivning och AI-driven detektering f\u00f6r att f\u00f6rb\u00e4ttra s\u00e4kerheten i alla milj\u00f6er. Perfekt f\u00f6r \u00f6vervakningsl\u00f6sningar av professionell kvalitet.  <\/p>\n","protected":false},"featured_media":28237,"template":"","meta":[],"product_brand":[],"product_cat":[829,848,850],"product_tag":[949,951,1148,957,954,962,1146,961,955,964,1150],"berocket_brand":[],"class_list":{"0":"post-29963","1":"product","2":"type-product","3":"status-publish","4":"has-post-thumbnail","6":"product_cat-kameraovervakning","7":"product_cat-kompletta-cctv-system","8":"product_cat-viper-kompletta-cctv-system","9":"product_tag-cctv-sv","10":"product_tag-ip-kamera-sv","11":"product_tag-ip-kamera-sv-2","12":"product_tag-ip-kameror-sv","13":"product_tag-kameraovervakning-sv","14":"product_tag-komplett-overvakningssystem-sv","15":"product_tag-natverkskamera-sv-2","16":"product_tag-overvakningskamera-sv","17":"product_tag-overvakningssystem-sv-2","18":"product_tag-sakerhetskamera-sv","19":"product_tag-viper-cctv-sv","21":"first","22":"instock","23":"taxable","24":"shipping-taxable","25":"purchasable","26":"product-type-variable","27":"has-default-attributes"},"_links":{"self":[{"href":"https:\/\/cryptsec.se\/sv\/wp-json\/wp\/v2\/product\/29963","targetHints":{"allow":["GET"]}}],"collection":[{"href":"https:\/\/cryptsec.se\/sv\/wp-json\/wp\/v2\/product"}],"about":[{"href":"https:\/\/cryptsec.se\/sv\/wp-json\/wp\/v2\/types\/product"}],"wp:featuredmedia":[{"embeddable":true,"href":"https:\/\/cryptsec.se\/sv\/wp-json\/wp\/v2\/media\/28237"}],"wp:attachment":[{"href":"https:\/\/cryptsec.se\/sv\/wp-json\/wp\/v2\/media?parent=29963"}],"wp:term":[{"taxonomy":"product_brand","embeddable":true,"href":"https:\/\/cryptsec.se\/sv\/wp-json\/wp\/v2\/product_brand?post=29963"},{"taxonomy":"product_cat","embeddable":true,"href":"https:\/\/cryptsec.se\/sv\/wp-json\/wp\/v2\/product_cat?post=29963"},{"taxonomy":"product_tag","embeddable":true,"href":"https:\/\/cryptsec.se\/sv\/wp-json\/wp\/v2\/product_tag?post=29963"},{"taxonomy":"berocket_brand","embeddable":true,"href":"https:\/\/cryptsec.se\/sv\/wp-json\/wp\/v2\/berocket_brand?post=29963"}],"curies":[{"name":"wp","href":"https:\/\/api.w.org\/{rel}","templated":true}]}}