{"id":29986,"date":"2024-11-06T12:40:41","date_gmt":"2024-11-06T11:40:41","guid":{"rendered":"https:\/\/cryptsec.se\/product\/viper-12mp-nvr-4-x-4k-motoriserade-e3-ai-vandal-dome-kameror\/"},"modified":"2025-01-17T14:15:30","modified_gmt":"2025-01-17T13:15:30","slug":"viper-12mp-nvr-4-x-4k-motoriserade-e3-ai-vandal-dome-kameror","status":"publish","type":"product","link":"https:\/\/cryptsec.se\/sv\/product\/viper-12mp-nvr-4-x-4k-motoriserade-e3-ai-vandal-dome-kameror\/","title":{"rendered":"Viper 12MP NVR + 4 x 4K Motoriserade E3 AI Vandal Dome-kameror"},"content":{"rendered":"<h2><strong>Viper 12MP NVR<\/strong><\/h2>\n<p><strong>Specifikationer<\/strong><\/p>\n<ul style=\"color: #3b3b3b;\">\n<li>8CH 12MP\/8MP\/6MP\/5MP\/4MP\/3MP\/1080P\/1280&#215;1024\/960P\/720P\/960H\/D1\/CIFIP input<\/li>\n<li>H.265S\/ H.265+\/ H.265\/ H.264-kodning<\/li>\n<li>Intuitivt och anv\u00e4ndarv\u00e4nligt grafiskt anv\u00e4ndargr\u00e4nssnitt (GUI); Windows-liknande man\u00f6vrering med mus<\/li>\n<li>Inspelning i flera l\u00e4gen: manuell \/ tidsinst\u00e4lld \/ r\u00f6relse \/ sensor \/ POS \/ AI-inspelning<\/li>\n<li>8CH samtidig uppspelning<\/li>\n<li>S\u00f6k: tidsintervall, tid, h\u00e4ndelse, tagg och smart s\u00f6kning<\/li>\n<li>St\u00f6d f\u00f6r ansiktsigenk\u00e4nning och j\u00e4mf\u00f6relse<\/li>\n<li>St\u00f6djer flera VCA-h\u00e4ndelser (Video Content Analytics), t.ex. \u00f6vergivet\/f\u00f6rsvunnet f\u00f6rem\u00e5l, intr\u00e5ng i omr\u00e5de, snubbeltr\u00e5d, videoundantag etc.<\/li>\n<li>St\u00f6djer \u00f6verlagring av POS-information i livevisning och uppspelning<\/li>\n<li>St\u00f6djer RAID0, RAID1, RAID5, RAID6, RAID10<\/li>\n<li>Snabb och flexibel backup via USB, n\u00e4tverk etc.<\/li>\n<li>Pentaplex : f\u00f6rhandsgranskning, inspelning, uppspelning, s\u00e4kerhetskopiering och fj\u00e4rr\u00e5tkomst<\/li>\n<li>DHCP, DDNS, PPPoE n\u00e4tverksprotokoll<\/li>\n<li>Fj\u00e4rrkontroll via webbklient eller CMS :<\/li>\n<li>Dual stream-teknik f\u00f6r lokal lagring med h\u00f6g uppl\u00f6sning<\/li>\n<li>St\u00f6d f\u00f6r PTZ-f\u00f6rinst\u00e4llningar och automatisk kryssning; upp till 255 f\u00f6rinst\u00e4llningar och 8 kryssningar<\/li>\n<\/ul>\n<p>&nbsp;<\/p>\n<h1 class=\"page-title\"><span class=\"base\" data-ui-id=\"page-title-wrapper\">4K-motoriserade AI-vandaldomar i E3-serien<\/span><\/h1>\n<p><strong>Specifikationer<\/strong><\/p>\n<ul style=\"color: #3b3b3b;\">\n<li>4K (3840 x 2160)<\/li>\n<li>2.8-12mm@F1.4<\/li>\n<li>St\u00f6djer tre str\u00f6mmar<\/li>\n<li>DC12V\/PoE str\u00f6mf\u00f6rs\u00f6rjning<\/li>\n<li>Viper ip-kamera<\/li>\n<\/ul>\n","protected":false},"excerpt":{"rendered":"<p>Detta paket erbjuder: en <strong>Viper 12MP NVR<\/strong> med<strong>4x 4K motoriserade E3 Range AI Vandal Dome-kameror<\/strong> f\u00f6r tillf\u00f6rlitlig, h\u00f6guppl\u00f6st s\u00e4kerhet. NVR:n p\u00e5 12 MP hanterar inspelningen s\u00f6ml\u00f6st, medan de motoriserade vandaldomekamerorna ger flexibel, tydlig bild\u00e5tergivning med smart AI-detektering, perfekt f\u00f6r \u00f6vervakning av omr\u00e5den som beh\u00f6ver extra motst\u00e5ndskraft. <\/p>\n","protected":false},"featured_media":28242,"template":"","meta":[],"product_brand":[],"product_cat":[829,848,850],"product_tag":[],"berocket_brand":[],"class_list":{"0":"post-29986","1":"product","2":"type-product","3":"status-publish","4":"has-post-thumbnail","6":"product_cat-kameraovervakning","7":"product_cat-kompletta-cctv-system","8":"product_cat-viper-kompletta-cctv-system","10":"first","11":"instock","12":"featured","13":"taxable","14":"shipping-taxable","15":"purchasable","16":"product-type-variable","17":"has-default-attributes"},"_links":{"self":[{"href":"https:\/\/cryptsec.se\/sv\/wp-json\/wp\/v2\/product\/29986","targetHints":{"allow":["GET"]}}],"collection":[{"href":"https:\/\/cryptsec.se\/sv\/wp-json\/wp\/v2\/product"}],"about":[{"href":"https:\/\/cryptsec.se\/sv\/wp-json\/wp\/v2\/types\/product"}],"wp:featuredmedia":[{"embeddable":true,"href":"https:\/\/cryptsec.se\/sv\/wp-json\/wp\/v2\/media\/28242"}],"wp:attachment":[{"href":"https:\/\/cryptsec.se\/sv\/wp-json\/wp\/v2\/media?parent=29986"}],"wp:term":[{"taxonomy":"product_brand","embeddable":true,"href":"https:\/\/cryptsec.se\/sv\/wp-json\/wp\/v2\/product_brand?post=29986"},{"taxonomy":"product_cat","embeddable":true,"href":"https:\/\/cryptsec.se\/sv\/wp-json\/wp\/v2\/product_cat?post=29986"},{"taxonomy":"product_tag","embeddable":true,"href":"https:\/\/cryptsec.se\/sv\/wp-json\/wp\/v2\/product_tag?post=29986"},{"taxonomy":"berocket_brand","embeddable":true,"href":"https:\/\/cryptsec.se\/sv\/wp-json\/wp\/v2\/berocket_brand?post=29986"}],"curies":[{"name":"wp","href":"https:\/\/api.w.org\/{rel}","templated":true}]}}