{"id":30027,"date":"2025-01-04T12:47:13","date_gmt":"2025-01-04T11:47:13","guid":{"rendered":"https:\/\/cryptsec.se\/product\/dahua-komplett-16-kamerors-5mp-ip-cctv-paket\/"},"modified":"2025-01-17T14:15:37","modified_gmt":"2025-01-17T13:15:37","slug":"dahua-komplett-16-kamerors-5mp-ip-cctv-paket","status":"publish","type":"product","link":"https:\/\/cryptsec.se\/sv\/product\/dahua-komplett-16-kamerors-5mp-ip-cctv-paket\/","title":{"rendered":"Dahua Komplett 16-kamerors 5MP IP CCTV-paket"},"content":{"rendered":"<p>Detta kompletta Dahua 5MP IP CCTV-paket inneh\u00e5ller:<\/p>\n<ul>\n<li><strong>16 x Dahua 5MP IP-kameror (DH-IPC-HDW1530TP-0280B-S6)<\/strong><\/li>\n<\/ul>\n<p>Dahua introducerar en 5MP Entry IR-n\u00e4tverkskamera med fast lins och \u00f6gonglob. Med funktioner f\u00f6r enkel installation, enkel drift och h\u00f6gt f\u00f6rh\u00e5llande mellan prestanda och kostnad \u00e4r Dahua Entry-seriens n\u00e4tverkskamera till\u00e4mplig p\u00e5 sm\u00e5 och medelstora scener, s\u00e5som hem \/ bost\u00e4der, sm\u00e5 butiker och andra sm\u00e5 och medelstora f\u00f6retag. Andra funktioner inkluderar Smart H.265+ &amp; Smart H.264+, r\u00f6relsedetektering och smart belysning.  <\/p>\n<ul>\n<li><strong><strong>1 x Dahua 16ch Full HD NVR (<\/strong>DHI-NVR4116HS-EI<strong>)<\/strong><\/strong><\/li>\n<\/ul>\n<p>Dahua introducerar 8-kanals 1U 2HDDs 8PoE WizSense NVR. NVR4000-I-serien har en inbyggd modul f\u00f6r djupinl\u00e4rning och anv\u00e4nder struktureringsteknik f\u00f6r videobilder baserad p\u00e5 algoritmer f\u00f6r djupinl\u00e4rning, vilket ger h\u00f6gprecisionsigenk\u00e4nning av m\u00e4nskliga ansikten och perimeterskydd. Genom att till\u00e4mpa artificiell intelligens med djupinl\u00e4rning g\u00f6r NVR4000-I det m\u00f6jligt f\u00f6r anv\u00e4ndare att fokusera p\u00e5 det som \u00e4r viktigast, f\u00f6rb\u00e4ttrar svarstiden f\u00f6r h\u00e4ndelser och hj\u00e4lper till att g\u00f6ra video handlingsbar.  <\/p>\n<ul>\n<li><strong>1 x Dahua 28&#8243; bildsk\u00e4rm (LED-4K-28D)<\/strong><\/li>\n<\/ul>\n<p>H\u00f6guppl\u00f6st 28&#8243; LED-sk\u00e4rm med 3840 x 2160 bildsk\u00e4rm.<\/p>\n<p>&nbsp;<\/p>\n<p><strong>Dahua, industriledaren!<\/strong><\/p>\n<p>Dahua Technology \u00e4r en ledande leverant\u00f6r av l\u00f6sningar f\u00f6r video\u00f6vervakning och erbjuder avancerade, tillf\u00f6rlitliga och m\u00e5ngsidiga CCTV-system. Bolagets produktsortiment omfattar h\u00f6guppl\u00f6sta kameror, inspelare, smarta hem-produkter och integrerade s\u00e4kerhetsl\u00f6sningar som \u00e4r skr\u00e4ddarsydda f\u00f6r olika sektorer s\u00e5som bost\u00e4der, handel, industri och myndigheter. <\/p>\n<ol>\n<li><strong>H\u00f6gkvalitativ bildbehandling<\/strong>\n<ul>\n<li>Ger skarpa och tydliga videofl\u00f6den, \u00e4ven i svagt ljus eller under sv\u00e5ra v\u00e4derf\u00f6rh\u00e5llanden.<\/li>\n<\/ul>\n<\/li>\n<li><strong>F\u00f6rb\u00e4ttrad s\u00e4kerhet<\/strong>\n<ul>\n<li>Realtids\u00f6vervakning, r\u00f6relsedetektering och AI-drivna varningar f\u00f6rb\u00e4ttrar uppt\u00e4ckt av hot och svarstider.<\/li>\n<\/ul>\n<\/li>\n<li><strong>Kostnadseffektivitet<\/strong>\n<ul>\n<li>Konkurrenskraftiga priser och l\u00e5ngsiktig h\u00e5llbarhet g\u00f6r Dahuas system till en bra investering.<\/li>\n<\/ul>\n<\/li>\n<li><strong>Anv\u00e4ndarv\u00e4nlighet<\/strong>\n<ul>\n<li>Anv\u00e4ndarv\u00e4nliga gr\u00e4nssnitt och st\u00f6d f\u00f6r mobilappar m\u00f6jligg\u00f6r bekv\u00e4m fj\u00e4rr\u00f6vervakning.<\/li>\n<\/ul>\n<\/li>\n<li><strong>Skalbarhet<\/strong>\n<ul>\n<li>L\u00e4tt utbyggbara system m\u00f6jligg\u00f6r ytterligare kameror eller funktioner n\u00e4r behoven v\u00e4xer.<\/li>\n<\/ul>\n<\/li>\n<li><strong>Smarta analyser<\/strong>\n<ul>\n<li>AI-drivna funktioner minskar antalet falsklarm och ger handlingsbara insikter f\u00f6r f\u00f6rb\u00e4ttrad s\u00e4kerhetshantering.<\/li>\n<\/ul>\n<\/li>\n<li><strong>Global support och tillg\u00e4nglighet<\/strong>\n<ul>\n<li>Den globala n\u00e4rvaron s\u00e4kerst\u00e4ller enkel tillg\u00e5ng till teknisk support och produkttillg\u00e4nglighet.<\/li>\n<\/ul>\n<\/li>\n<\/ol>\n<p>&nbsp;<\/p>\n<p>&nbsp;<\/p>\n<p>&nbsp;<\/p>\n<p>&nbsp;<\/p>\n","protected":false},"excerpt":{"rendered":"<p><strong>Med Dahua Full HD CCTV IP-kamerapaket, en komplett l\u00f6sning som skapats f\u00f6r att erbjuda banbrytande \u00f6vervakningsfunktioner f\u00f6r din egendom, kan du \u00f6ka skyddsniv\u00e5n p\u00e5 din egendom. Detta paket kombinerar toppmodern IP-kamerateknik med enkel installation och en stark garanti f\u00f6r att ge tillf\u00f6rlitligt skydd hela dagen, varje dag. <\/strong><\/p>\n","protected":false},"featured_media":29430,"template":"","meta":[],"product_brand":[],"product_cat":[849],"product_tag":[949,966,951,1147,954,1146,953,1145,950],"berocket_brand":[],"class_list":{"0":"post-30027","1":"product","2":"type-product","3":"status-publish","4":"has-post-thumbnail","6":"product_cat-dahua-kompletta-cctv-system","7":"product_tag-cctv-sv","8":"product_tag-dahua-sv","9":"product_tag-ip-kamera-sv","10":"product_tag-ip-system-sv","11":"product_tag-kameraovervakning-sv","12":"product_tag-natverkskamera-sv-2","13":"product_tag-natverkskamera-sv","14":"product_tag-overvakningskamera-sv-2","15":"product_tag-overvakningssystem-sv","17":"first","18":"instock","19":"taxable","20":"shipping-taxable","21":"purchasable","22":"product-type-variable","23":"has-default-attributes"},"_links":{"self":[{"href":"https:\/\/cryptsec.se\/sv\/wp-json\/wp\/v2\/product\/30027","targetHints":{"allow":["GET"]}}],"collection":[{"href":"https:\/\/cryptsec.se\/sv\/wp-json\/wp\/v2\/product"}],"about":[{"href":"https:\/\/cryptsec.se\/sv\/wp-json\/wp\/v2\/types\/product"}],"wp:featuredmedia":[{"embeddable":true,"href":"https:\/\/cryptsec.se\/sv\/wp-json\/wp\/v2\/media\/29430"}],"wp:attachment":[{"href":"https:\/\/cryptsec.se\/sv\/wp-json\/wp\/v2\/media?parent=30027"}],"wp:term":[{"taxonomy":"product_brand","embeddable":true,"href":"https:\/\/cryptsec.se\/sv\/wp-json\/wp\/v2\/product_brand?post=30027"},{"taxonomy":"product_cat","embeddable":true,"href":"https:\/\/cryptsec.se\/sv\/wp-json\/wp\/v2\/product_cat?post=30027"},{"taxonomy":"product_tag","embeddable":true,"href":"https:\/\/cryptsec.se\/sv\/wp-json\/wp\/v2\/product_tag?post=30027"},{"taxonomy":"berocket_brand","embeddable":true,"href":"https:\/\/cryptsec.se\/sv\/wp-json\/wp\/v2\/berocket_brand?post=30027"}],"curies":[{"name":"wp","href":"https:\/\/api.w.org\/{rel}","templated":true}]}}