{"id":30030,"date":"2025-01-04T13:22:29","date_gmt":"2025-01-04T12:22:29","guid":{"rendered":"https:\/\/cryptsec.se\/product\/viper-4mp-aktivt-avskrackande-4x-mini-ptz\/"},"modified":"2025-01-04T13:22:29","modified_gmt":"2025-01-04T12:22:29","slug":"viper-4mp-aktivt-avskrackande-4x-mini-ptz","status":"publish","type":"product","link":"https:\/\/cryptsec.se\/sv\/product\/viper-4mp-aktivt-avskrackande-4x-mini-ptz\/","title":{"rendered":"Viper 4MP Aktivt avskr\u00e4ckande 4x Mini PTZ"},"content":{"rendered":"","protected":false},"excerpt":{"rendered":"<ul>\n<li>4MP (2560 x 1440) H.265-kodning<\/li>\n<li>Max. Uppl\u00f6sning: 2560 x 1440 <\/li>\n<li>4x optisk zoom<\/li>\n<li>50m IR-avst\u00e5nd; 30m avst\u00e5nd f\u00f6r vitt ljus<\/li>\n<li>PoE+, DC12V<\/li>\n<li>30 m ljudvarningar, 7 m r\u00f6stinspelning<\/li>\n<li>IP66 skydd mot intr\u00e5ng<\/li>\n<li>AI-baserad intelligent detektering och sp\u00e5rning<\/li>\n<li>Aktiv avskr\u00e4ckningsteknik<\/li>\n<li>St\u00f6djer mobil \u00f6vervakning via smarta telefoner med IOS eller Android OS<\/li>\n<li>Viper ip-kamera<\/li>\n<\/ul>\n","protected":false},"featured_media":29469,"template":"","meta":[],"product_brand":[],"product_cat":[854],"product_tag":[949,1148,951,954,1146,961,1149,1150],"berocket_brand":[],"class_list":{"0":"post-30030","1":"product","2":"type-product","3":"status-publish","4":"has-post-thumbnail","6":"product_cat-viper-ip-kameror","7":"product_tag-cctv-sv","8":"product_tag-ip-kamera-sv-2","9":"product_tag-ip-kamera-sv","10":"product_tag-kameraovervakning-sv","11":"product_tag-natverkskamera-sv-2","12":"product_tag-overvakningskamera-sv","13":"product_tag-ptz-sv","14":"product_tag-viper-cctv-sv","16":"first","17":"instock","18":"taxable","19":"shipping-taxable","20":"purchasable","21":"product-type-simple"},"_links":{"self":[{"href":"https:\/\/cryptsec.se\/sv\/wp-json\/wp\/v2\/product\/30030","targetHints":{"allow":["GET"]}}],"collection":[{"href":"https:\/\/cryptsec.se\/sv\/wp-json\/wp\/v2\/product"}],"about":[{"href":"https:\/\/cryptsec.se\/sv\/wp-json\/wp\/v2\/types\/product"}],"wp:featuredmedia":[{"embeddable":true,"href":"https:\/\/cryptsec.se\/sv\/wp-json\/wp\/v2\/media\/29469"}],"wp:attachment":[{"href":"https:\/\/cryptsec.se\/sv\/wp-json\/wp\/v2\/media?parent=30030"}],"wp:term":[{"taxonomy":"product_brand","embeddable":true,"href":"https:\/\/cryptsec.se\/sv\/wp-json\/wp\/v2\/product_brand?post=30030"},{"taxonomy":"product_cat","embeddable":true,"href":"https:\/\/cryptsec.se\/sv\/wp-json\/wp\/v2\/product_cat?post=30030"},{"taxonomy":"product_tag","embeddable":true,"href":"https:\/\/cryptsec.se\/sv\/wp-json\/wp\/v2\/product_tag?post=30030"},{"taxonomy":"berocket_brand","embeddable":true,"href":"https:\/\/cryptsec.se\/sv\/wp-json\/wp\/v2\/berocket_brand?post=30030"}],"curies":[{"name":"wp","href":"https:\/\/api.w.org\/{rel}","templated":true}]}}