{"id":30031,"date":"2025-01-04T19:53:35","date_gmt":"2025-01-04T18:53:35","guid":{"rendered":"https:\/\/cryptsec.se\/product\/dahua-25x-x-spans-ptz-kamera\/"},"modified":"2025-01-04T19:53:35","modified_gmt":"2025-01-04T18:53:35","slug":"dahua-25x-x-spans-ptz-kamera","status":"publish","type":"product","link":"https:\/\/cryptsec.se\/sv\/product\/dahua-25x-x-spans-ptz-kamera\/","title":{"rendered":"Dahua 25x X-Spans PTZ-kamera"},"content":{"rendered":"<p class=\"hidden mt-4 mb-3 text-xl text-gray-700 md:block md:text-3xl title-font\"><strong class=\"font-semibold md:font-bold\">Dahua X-Spans 4MP 25x Dual Light Panoramic PTZ-kamera f\u00f6r n\u00e4tverk<\/strong><\/p>\n<p><iframe title=\"Dahua X-Spans - Square Scenario\" width=\"1220\" height=\"686\" src=\"https:\/\/www.youtube.com\/embed\/cYAo7H7CsFA?feature=oembed\" frameborder=\"0\" allow=\"accelerometer; autoplay; clipboard-write; encrypted-media; gyroscope; picture-in-picture; web-share\" referrerpolicy=\"strict-origin-when-cross-origin\" allowfullscreen><\/iframe><\/p>\n<div class=\"flex my-2\">\n<div class=\"flex rating-summary cursor-pointer\" tabindex=\"0\" title=\"Bli f\u00f6rst med att recensera denna produkt\" role=\"group\" aria-label=\"Dahua X-Spans 4MP 25\u00d7 Dual Light Network Panoramic PTZ Camera rating. 0 out of 5 stars. Click to go to reviews.\">Multisensorserien h\u00f6jer ribban f\u00f6r PTZ-kameror med sina f\u00f6rb\u00e4ttrade \u00f6vervakningsm\u00f6jligheter som f\u00e5ngas upp i den unika linsdesignen. Kameran \u00e4r utrustad med en extra lins som g\u00f6r att den snabbt kan sp\u00e5ra m\u00e5l samtidigt som den h\u00e5ller ett \u00f6ga p\u00e5 det \u00f6vervakade omr\u00e5det. De utnyttjar ocks\u00e5 styrkan i sitt inbyggda AI-chip f\u00f6r att utf\u00f6ra en m\u00e4ngd olika intelligenta funktioner, vilket g\u00f6r dem idealiska f\u00f6r anv\u00e4ndning i m\u00e5nga scenarier.  <\/div>\n<div tabindex=\"0\" title=\"Bli f\u00f6rst med att recensera denna produkt\" role=\"group\" aria-label=\"Dahua X-Spans 4MP 25\u00d7 Dual Light Network Panoramic PTZ Camera rating. 0 out of 5 stars. Click to go to reviews.\">Modell: DH-SDT6C425-4P-GB-APV-0280<\/div>\n<\/div>\n","protected":false},"excerpt":{"rendered":"<p><strong>4MP 25x Dual Light Panoramic PTZ-kamera f\u00f6r n\u00e4tverk<\/strong><\/p>\n<ul>\n<li>1\/2,8&#8243; 4Megapixel STARVIS\u2122 CMOS.<\/li>\n<li>25\u00d7 optisk zoom.<\/li>\n<li>Stj\u00e4rnljusteknik.<\/li>\n<li>Max. 25\/30 bilder per sekund@2560 \u00d7 1440. <\/li>\n<li>IR-avst\u00e5nd upp till 200 m.<\/li>\n<li>Automatisk sp\u00e5rning.<\/li>\n<li>Perimeterskydd.<\/li>\n<li>Ansiktsdetektering.<\/li>\n<li>IP66.<\/li>\n<li>Ljud- och ljuslarm.<\/li>\n<li>180\u00b0 panoramisk skarvning.<\/li>\n<\/ul>\n","protected":false},"featured_media":29642,"template":"","meta":[],"product_brand":[68],"product_cat":[852],"product_tag":[949,966,967,1148,954,1151,1152],"berocket_brand":[],"class_list":{"0":"post-30031","1":"product","2":"type-product","3":"status-publish","4":"has-post-thumbnail","6":"product_brand-dahuatechnology","7":"product_cat-dahua-ip-kameror","8":"product_tag-cctv-sv","9":"product_tag-dahua-sv","10":"product_tag-dahua-teknologi","11":"product_tag-ip-kamera-sv-2","12":"product_tag-kameraovervakning-sv","13":"product_tag-ptz-kamera","14":"product_tag-x-spans-kamera","16":"first","17":"instock","18":"taxable","19":"shipping-taxable","20":"purchasable","21":"product-type-simple"},"_links":{"self":[{"href":"https:\/\/cryptsec.se\/sv\/wp-json\/wp\/v2\/product\/30031","targetHints":{"allow":["GET"]}}],"collection":[{"href":"https:\/\/cryptsec.se\/sv\/wp-json\/wp\/v2\/product"}],"about":[{"href":"https:\/\/cryptsec.se\/sv\/wp-json\/wp\/v2\/types\/product"}],"wp:featuredmedia":[{"embeddable":true,"href":"https:\/\/cryptsec.se\/sv\/wp-json\/wp\/v2\/media\/29642"}],"wp:attachment":[{"href":"https:\/\/cryptsec.se\/sv\/wp-json\/wp\/v2\/media?parent=30031"}],"wp:term":[{"taxonomy":"product_brand","embeddable":true,"href":"https:\/\/cryptsec.se\/sv\/wp-json\/wp\/v2\/product_brand?post=30031"},{"taxonomy":"product_cat","embeddable":true,"href":"https:\/\/cryptsec.se\/sv\/wp-json\/wp\/v2\/product_cat?post=30031"},{"taxonomy":"product_tag","embeddable":true,"href":"https:\/\/cryptsec.se\/sv\/wp-json\/wp\/v2\/product_tag?post=30031"},{"taxonomy":"berocket_brand","embeddable":true,"href":"https:\/\/cryptsec.se\/sv\/wp-json\/wp\/v2\/berocket_brand?post=30031"}],"curies":[{"name":"wp","href":"https:\/\/api.w.org\/{rel}","templated":true}]}}