{"id":30032,"date":"2025-01-04T20:12:31","date_gmt":"2025-01-04T19:12:31","guid":{"rendered":"https:\/\/cryptsec.se\/product\/dahua-2x4mp-tioc-duo-splicing-ip-kamera\/"},"modified":"2025-01-04T20:12:31","modified_gmt":"2025-01-04T19:12:31","slug":"dahua-2x4mp-tioc-duo-splicing-ip-kamera","status":"publish","type":"product","link":"https:\/\/cryptsec.se\/sv\/product\/dahua-2x4mp-tioc-duo-splicing-ip-kamera\/","title":{"rendered":"Dahua 2x4MP TiOC Duo Splicing IP-kamera"},"content":{"rendered":"","protected":false},"excerpt":{"rendered":"<p><strong>2x4MP TiOC Duo Splicing Fast-fokal Eyeball WizSense n\u00e4tverkskamera<\/strong><\/p>\n<ul>\n<li>Utmatning av 180\u00b0 vidvinkelbild f\u00f6r skarvning.<\/li>\n<li>Utg\u00e5ngar max. 8 MP (4096 \u00d7 1860)@20 bilder per sekund. <\/li>\n<li>H.265-codec, h\u00f6g komprimeringshastighet, ultral\u00e5g bithastighet.<\/li>\n<li>Inbyggd IR-LED och varmt ljus, max. IR-belysningsavst\u00e5ndet \u00e4r 25 m och avst\u00e5ndet f\u00f6r varmt ljus \u00e4r 20 m. <\/li>\n<li>ROI, SMART H.264 + \/ H.265 +, AI H.264 \/ H.265, flexibel kodning, till\u00e4mplig p\u00e5 olika bandbredd och lagringsmilj\u00f6er.<\/li>\n<li>WDR, 3D NR, HLC, BLC, digital vattenm\u00e4rkning, till\u00e4mpbar p\u00e5 olika \u00f6vervakningsscener.<\/li>\n<li>Larm: 1 in, 1 ut; ljud: 1 in, 1 ut; st\u00f6djer max. 256 G Micro SD-kort; inbyggd dubbel mikrofon; inbyggd h\u00f6gtalare, st\u00f6d f\u00f6r tv\u00e5v\u00e4gskommunikation. <\/li>\n<li>12 VDC\/PoE-str\u00f6mf\u00f6rs\u00f6rjning, enkel att installera.<\/li>\n<li>IP67-skydd.<\/li>\n<li>Ljud- och ljuslarm (r\u00f6da och bl\u00e5 lampor)<\/li>\n<li>EPTZ: F\u00f6rstora och sp\u00e5ra m\u00e5len f\u00f6r intelligenta larm.<\/li>\n<li>SMD 4.0.<\/li>\n<li>Till- och fr\u00e5nkoppling med en knapptryckning via larminmatning<\/li>\n<\/ul>\n<p>Modell: IPC-PDW3849-A180-AS-PV<\/p>\n","protected":false},"featured_media":29602,"template":"","meta":[],"product_brand":[68],"product_cat":[852],"product_tag":[949,1153,965,967,954,961],"berocket_brand":[],"class_list":{"0":"post-30032","1":"product","2":"type-product","3":"status-publish","4":"has-post-thumbnail","6":"product_brand-dahuatechnology","7":"product_cat-dahua-ip-kameror","8":"product_tag-cctv-sv","9":"product_tag-dahua-cctv-sv","10":"product_tag-dahua-nvr-sv","11":"product_tag-dahua-teknologi","12":"product_tag-kameraovervakning-sv","13":"product_tag-overvakningskamera-sv","15":"first","16":"instock","17":"taxable","18":"shipping-taxable","19":"purchasable","20":"product-type-variable","21":"has-default-attributes"},"_links":{"self":[{"href":"https:\/\/cryptsec.se\/sv\/wp-json\/wp\/v2\/product\/30032","targetHints":{"allow":["GET"]}}],"collection":[{"href":"https:\/\/cryptsec.se\/sv\/wp-json\/wp\/v2\/product"}],"about":[{"href":"https:\/\/cryptsec.se\/sv\/wp-json\/wp\/v2\/types\/product"}],"wp:featuredmedia":[{"embeddable":true,"href":"https:\/\/cryptsec.se\/sv\/wp-json\/wp\/v2\/media\/29602"}],"wp:attachment":[{"href":"https:\/\/cryptsec.se\/sv\/wp-json\/wp\/v2\/media?parent=30032"}],"wp:term":[{"taxonomy":"product_brand","embeddable":true,"href":"https:\/\/cryptsec.se\/sv\/wp-json\/wp\/v2\/product_brand?post=30032"},{"taxonomy":"product_cat","embeddable":true,"href":"https:\/\/cryptsec.se\/sv\/wp-json\/wp\/v2\/product_cat?post=30032"},{"taxonomy":"product_tag","embeddable":true,"href":"https:\/\/cryptsec.se\/sv\/wp-json\/wp\/v2\/product_tag?post=30032"},{"taxonomy":"berocket_brand","embeddable":true,"href":"https:\/\/cryptsec.se\/sv\/wp-json\/wp\/v2\/berocket_brand?post=30032"}],"curies":[{"name":"wp","href":"https:\/\/api.w.org\/{rel}","templated":true}]}}