{"id":30033,"date":"2025-01-05T10:27:41","date_gmt":"2025-01-05T09:27:41","guid":{"rendered":"https:\/\/cryptsec.se\/product\/8mp-ir-vari-focal-bullet-wizsense-natverkskamera\/"},"modified":"2025-01-05T10:27:41","modified_gmt":"2025-01-05T09:27:41","slug":"8mp-ir-vari-focal-bullet-wizsense-natverkskamera","status":"publish","type":"product","link":"https:\/\/cryptsec.se\/sv\/product\/8mp-ir-vari-focal-bullet-wizsense-natverkskamera\/","title":{"rendered":"8MP IR Vari-focal Bullet WizSense n\u00e4tverkskamera"},"content":{"rendered":"<p>Dahua WizSense 3 Series n\u00e4tverkskamera har en avancerad algoritm f\u00f6r djupinl\u00e4rning och st\u00f6der intelligenta funktioner, t.ex. perimeterskydd och smart r\u00f6relsedetektering. Med stj\u00e4rnljusteknik ger den h\u00e4r kameraserien en b\u00e4ttre bildeffekt vid l\u00e5g belysning. <\/p>\n<p>&nbsp;<\/p>\n","protected":false},"excerpt":{"rendered":"<ul>\n<li>8MP, 1\/2,8&#8243; CMOS-bildsensor, l\u00e5g belysningsstyrka, h\u00f6g bilduppl\u00f6sning<\/li>\n<li>Utg\u00e5ngar max. 8MP (3840 \u00d7 2160) @20 bilder per sekund (AI-funktionen \u00e4r aktiverad som standard) och st\u00f6d f\u00f6r 8MP (3840 \u00d7 2160) @25\/30 bilder per sekund (n\u00e4r AI-funktionen \u00e4r inaktiverad) <\/li>\n<li>H.265-codec, h\u00f6g kompressionshastighet, l\u00e5g bithastighet<\/li>\n<li>Inbyggd IR LED, max. IR-avst\u00e5nd: 30 m <\/li>\n<li>ROI, SMART H.264+\/H.265+, flexibel kodning, kan anv\u00e4ndas f\u00f6r olika bandbredd och lagringsmilj\u00f6er.<\/li>\n<li>Rotationsl\u00e4ge, WDR, 3D DNR, HLC, BLC, digital vattenst\u00e4mpel, till\u00e4mpligt p\u00e5 olika \u00f6vervakningsscener<\/li>\n<li>Intelligent detektering: Intr\u00e5ng, snubbeltr\u00e5d (st\u00f6djer klassificering och korrekt uppt\u00e4ckt av fordon och m\u00e4nniskor)<\/li>\n<li>Detektering av avvikelser: R\u00f6relsedetektering, videof\u00f6rst\u00f6ring, scenf\u00f6r\u00e4ndring, ljuddetektering, inget SD-kort, fullt SD-kort, SD-kortfel, n\u00e4tverksfr\u00e5nkoppling, IP-konflikt, olaglig \u00e5tkomst och sp\u00e4nningsdetektering<\/li>\n<li>Larm: 1 in, 1 ut (endast &#8211; AS st\u00f6der); ljud: 1 in, 1 ut (endast &#8211; AS st\u00f6der)<\/li>\n<li>St\u00f6djer max. 256 G Micro SD-kort, inbyggd mikrofon <\/li>\n<li>12V DC\/PoE str\u00f6mf\u00f6rs\u00f6rjning<\/li>\n<li>IP67-skydd<\/li>\n<li>SMD Plus<\/li>\n<li>Modell: DH-IPC-HFW3841EP-AS-0360B<\/li>\n<\/ul>\n<p>&nbsp;<\/p>\n","protected":false},"featured_media":29668,"template":"","meta":[],"product_brand":[],"product_cat":[852],"product_tag":[949,966,1153,967,951,954,953,1146,961],"berocket_brand":[],"class_list":{"0":"post-30033","1":"product","2":"type-product","3":"status-publish","4":"has-post-thumbnail","6":"product_cat-dahua-ip-kameror","7":"product_tag-cctv-sv","8":"product_tag-dahua-sv","9":"product_tag-dahua-cctv-sv","10":"product_tag-dahua-teknologi","11":"product_tag-ip-kamera-sv","12":"product_tag-kameraovervakning-sv","13":"product_tag-natverkskamera-sv","14":"product_tag-natverkskamera-sv-2","15":"product_tag-overvakningskamera-sv","17":"first","18":"instock","19":"taxable","20":"shipping-taxable","21":"purchasable","22":"product-type-simple"},"_links":{"self":[{"href":"https:\/\/cryptsec.se\/sv\/wp-json\/wp\/v2\/product\/30033","targetHints":{"allow":["GET"]}}],"collection":[{"href":"https:\/\/cryptsec.se\/sv\/wp-json\/wp\/v2\/product"}],"about":[{"href":"https:\/\/cryptsec.se\/sv\/wp-json\/wp\/v2\/types\/product"}],"wp:featuredmedia":[{"embeddable":true,"href":"https:\/\/cryptsec.se\/sv\/wp-json\/wp\/v2\/media\/29668"}],"wp:attachment":[{"href":"https:\/\/cryptsec.se\/sv\/wp-json\/wp\/v2\/media?parent=30033"}],"wp:term":[{"taxonomy":"product_brand","embeddable":true,"href":"https:\/\/cryptsec.se\/sv\/wp-json\/wp\/v2\/product_brand?post=30033"},{"taxonomy":"product_cat","embeddable":true,"href":"https:\/\/cryptsec.se\/sv\/wp-json\/wp\/v2\/product_cat?post=30033"},{"taxonomy":"product_tag","embeddable":true,"href":"https:\/\/cryptsec.se\/sv\/wp-json\/wp\/v2\/product_tag?post=30033"},{"taxonomy":"berocket_brand","embeddable":true,"href":"https:\/\/cryptsec.se\/sv\/wp-json\/wp\/v2\/berocket_brand?post=30033"}],"curies":[{"name":"wp","href":"https:\/\/api.w.org\/{rel}","templated":true}]}}