{"id":30034,"date":"2025-01-05T11:07:46","date_gmt":"2025-01-05T10:07:46","guid":{"rendered":"https:\/\/cryptsec.se\/product\/dahua-5mp-wizmind-natverkskamera-med-vidvinkelobjektiv-med-ljud\/"},"modified":"2025-01-05T11:07:46","modified_gmt":"2025-01-05T10:07:46","slug":"dahua-5mp-wizmind-natverkskamera-med-vidvinkelobjektiv-med-ljud","status":"publish","type":"product","link":"https:\/\/cryptsec.se\/sv\/product\/dahua-5mp-wizmind-natverkskamera-med-vidvinkelobjektiv-med-ljud\/","title":{"rendered":"Dahua 5MP WizMind n\u00e4tverkskamera med vidvinkelobjektiv (med ljud)"},"content":{"rendered":"<p>Dahua-kameran har ett vidvinkelobjektiv och kan anv\u00e4ndas f\u00f6r 360\u00b0 \u00f6vervakning, och den anv\u00e4nds ofta i olika milj\u00f6er som flygplatser, k\u00f6pcentrum, banker och hotell.<\/p>\n","protected":false},"excerpt":{"rendered":"<ul>\n<li>5MP uppl\u00f6sning<\/li>\n<li>2592 x 1944<\/li>\n<li>1,4 mm fast lins<\/li>\n<li>Larm: 1 in, 1 ut; ljud: 1 in, 1 ut;<\/li>\n<li>St\u00f6djer max. 256 G Micro SD-kort, inbyggd mikrofon <\/li>\n<li><strong>Modell: DH-IPC-EB5541P-AS<\/strong><\/li>\n<\/ul>\n<p>&nbsp;<\/p>\n<p><img decoding=\"async\" src=\"https:\/\/material.dahuasecurity.com\/uploads\/image\/20200710\/20200710102613_75809.png\" alt=\"\"><\/p>\n","protected":false},"featured_media":29644,"template":"","meta":[],"product_brand":[68],"product_cat":[852],"product_tag":[949,966,1153,967,951,954,953,961],"berocket_brand":[],"class_list":{"0":"post-30034","1":"product","2":"type-product","3":"status-publish","4":"has-post-thumbnail","6":"product_brand-dahuatechnology","7":"product_cat-dahua-ip-kameror","8":"product_tag-cctv-sv","9":"product_tag-dahua-sv","10":"product_tag-dahua-cctv-sv","11":"product_tag-dahua-teknologi","12":"product_tag-ip-kamera-sv","13":"product_tag-kameraovervakning-sv","14":"product_tag-natverkskamera-sv","15":"product_tag-overvakningskamera-sv","17":"first","18":"instock","19":"taxable","20":"shipping-taxable","21":"purchasable","22":"product-type-simple"},"_links":{"self":[{"href":"https:\/\/cryptsec.se\/sv\/wp-json\/wp\/v2\/product\/30034","targetHints":{"allow":["GET"]}}],"collection":[{"href":"https:\/\/cryptsec.se\/sv\/wp-json\/wp\/v2\/product"}],"about":[{"href":"https:\/\/cryptsec.se\/sv\/wp-json\/wp\/v2\/types\/product"}],"wp:featuredmedia":[{"embeddable":true,"href":"https:\/\/cryptsec.se\/sv\/wp-json\/wp\/v2\/media\/29644"}],"wp:attachment":[{"href":"https:\/\/cryptsec.se\/sv\/wp-json\/wp\/v2\/media?parent=30034"}],"wp:term":[{"taxonomy":"product_brand","embeddable":true,"href":"https:\/\/cryptsec.se\/sv\/wp-json\/wp\/v2\/product_brand?post=30034"},{"taxonomy":"product_cat","embeddable":true,"href":"https:\/\/cryptsec.se\/sv\/wp-json\/wp\/v2\/product_cat?post=30034"},{"taxonomy":"product_tag","embeddable":true,"href":"https:\/\/cryptsec.se\/sv\/wp-json\/wp\/v2\/product_tag?post=30034"},{"taxonomy":"berocket_brand","embeddable":true,"href":"https:\/\/cryptsec.se\/sv\/wp-json\/wp\/v2\/berocket_brand?post=30034"}],"curies":[{"name":"wp","href":"https:\/\/api.w.org\/{rel}","templated":true}]}}