{"id":30035,"date":"2025-01-05T11:48:27","date_gmt":"2025-01-05T10:48:27","guid":{"rendered":"https:\/\/cryptsec.se\/product\/dahua-5mp-ir-vari-fokal-eyeball-wizsense-natverkskamera\/"},"modified":"2025-01-05T11:48:27","modified_gmt":"2025-01-05T10:48:27","slug":"dahua-5mp-ir-vari-fokal-eyeball-wizsense-natverkskamera","status":"publish","type":"product","link":"https:\/\/cryptsec.se\/sv\/product\/dahua-5mp-ir-vari-fokal-eyeball-wizsense-natverkskamera\/","title":{"rendered":"Dahua 5MP IR Vari-fokal Eyeball WizSense n\u00e4tverkskamera"},"content":{"rendered":"<p>Dahua WizSense 3 Series Network Camera sparar bandbredd och lagringsutrymme tack vare sin AI-kodningsteknik. Kameran drivs av avancerade algoritmer f\u00f6r djupinl\u00e4rning och st\u00f6der intelligenta funktioner som perimeterskydd, smart r\u00f6relsedetektering (SMD), Quick Pick och AI SSA (AI Scene Self-Adaptation), vilket g\u00f6r den enkel och bekv\u00e4m att anv\u00e4nda. Starlight-tekniken och objektivet med stor bl\u00e4ndar\u00f6ppning g\u00f6r att kameran kan producera klara och levande bilder \u00e4ven i d\u00e5liga ljusf\u00f6rh\u00e5llanden.  <\/p>\n","protected":false},"excerpt":{"rendered":"<ul>\n<li>5-MP 1\/2,7&#8243; CMOS-bildsensor, utm\u00e4rkt prestanda vid l\u00e5g luminans och h\u00f6g uppl\u00f6sning p\u00e5 bilderna.<\/li>\n<li>  Utg\u00e5ngar max. 5 MP (2960 \u00d7 1668) @20 bilder\/sekund och st\u00f6d f\u00f6r 4 MP (2688 \u00d7 1520) @25\/30 bilder\/sekund. <\/li>\n<li>  H.265-codec, h\u00f6g komprimeringshastighet, ultral\u00e5g bithastighet.<\/li>\n<li>  Inbyggd IR LED, max. IR-avst\u00e5nd: 40 m. <\/li>\n<li>  ROI, SMART H.264 + \/ H.265 +, AI H.264 \/ H.265, flexibel kodning, till\u00e4mplig p\u00e5 olika bandbredd och lagring.<\/li>\n<li>  Rotationsl\u00e4ge, WDR, 3D NR, HLC, BLC, digital vattenst\u00e4mpel, till\u00e4mpligt p\u00e5 olika \u00f6vervakningsscener.<\/li>\n<li>  Intelligent detektering: Intr\u00e5ng, snubbeltr\u00e5d (st\u00f6der klassificering och korrekt uppt\u00e4ckt av fordon och m\u00e4nniskor).<\/li>\n<li>  Detektering av onormalitet: R\u00f6relsedetektering, sekretessmaskering, scenf\u00f6r\u00e4ndring, ljuddetektering, inget SD-kort, fullt SD-kort, SD-kortfel, n\u00e4tverksfr\u00e5nkoppling, IP-konflikt, olaglig \u00e5tkomst och sp\u00e4nningsdetektering.<\/li>\n<li>  Max. 256 G Micro SD-kort. inbyggd mikrofon.  <\/li>\n<li>  12 VDC\/PoE-str\u00f6mf\u00f6rs\u00f6rjning, enkel att installera.<\/li>\n<li>  IP67-skydd.<\/li>\n<li>  SMD 4.0, AI SSA.<\/li>\n<li>Modell: DH-IPC-HDW3541T-ZS-S2<\/li>\n<\/ul>\n<p><img decoding=\"async\" src=\"https:\/\/material.dahuasecurity.com\/uploads\/soft\/20220511\/5mp1.png\"><\/p>\n","protected":false},"featured_media":29682,"template":"","meta":[],"product_brand":[],"product_cat":[],"product_tag":[],"berocket_brand":[],"class_list":{"0":"post-30035","1":"product","2":"type-product","3":"status-publish","4":"has-post-thumbnail","7":"first","8":"instock","9":"taxable","10":"shipping-taxable","11":"purchasable","12":"product-type-simple"},"_links":{"self":[{"href":"https:\/\/cryptsec.se\/sv\/wp-json\/wp\/v2\/product\/30035","targetHints":{"allow":["GET"]}}],"collection":[{"href":"https:\/\/cryptsec.se\/sv\/wp-json\/wp\/v2\/product"}],"about":[{"href":"https:\/\/cryptsec.se\/sv\/wp-json\/wp\/v2\/types\/product"}],"wp:featuredmedia":[{"embeddable":true,"href":"https:\/\/cryptsec.se\/sv\/wp-json\/wp\/v2\/media\/29682"}],"wp:attachment":[{"href":"https:\/\/cryptsec.se\/sv\/wp-json\/wp\/v2\/media?parent=30035"}],"wp:term":[{"taxonomy":"product_brand","embeddable":true,"href":"https:\/\/cryptsec.se\/sv\/wp-json\/wp\/v2\/product_brand?post=30035"},{"taxonomy":"product_cat","embeddable":true,"href":"https:\/\/cryptsec.se\/sv\/wp-json\/wp\/v2\/product_cat?post=30035"},{"taxonomy":"product_tag","embeddable":true,"href":"https:\/\/cryptsec.se\/sv\/wp-json\/wp\/v2\/product_tag?post=30035"},{"taxonomy":"berocket_brand","embeddable":true,"href":"https:\/\/cryptsec.se\/sv\/wp-json\/wp\/v2\/berocket_brand?post=30035"}],"curies":[{"name":"wp","href":"https:\/\/api.w.org\/{rel}","templated":true}]}}