{"id":30036,"date":"2025-01-05T11:56:24","date_gmt":"2025-01-05T10:56:24","guid":{"rendered":"https:\/\/cryptsec.se\/product\/dahua-8mp-entry-smart-dual-light-fast-fokal-natverkskamera\/"},"modified":"2025-01-05T11:56:24","modified_gmt":"2025-01-05T10:56:24","slug":"dahua-8mp-entry-smart-dual-light-fast-fokal-natverkskamera","status":"publish","type":"product","link":"https:\/\/cryptsec.se\/sv\/product\/dahua-8mp-entry-smart-dual-light-fast-fokal-natverkskamera\/","title":{"rendered":"Dahua 8MP Entry Smart Dual Light Fast-fokal n\u00e4tverkskamera"},"content":{"rendered":"<p>Med funktioner som enkel installation, enkel drift och h\u00f6gt f\u00f6rh\u00e5llande mellan prestanda och kostnad \u00e4r Dahua Entry-seriens n\u00e4tverkskamera till\u00e4mplig p\u00e5 sm\u00e5 och medelstora scener, s\u00e5som hem \/ bost\u00e4der, sm\u00e5 butiker och andra sm\u00e5 och medelstora f\u00f6retag.<\/p>\n","protected":false},"excerpt":{"rendered":"<ul>\n<li>8-MP 1\/2,7&#8243; CMOS-bildsensor, l\u00e5g luminans och h\u00f6guppl\u00f6st bild.<\/li>\n<li>Utg\u00e5ngar max. 8 MP (3840 \u00d7 2160) @20 fps, och st\u00f6d f\u00f6r 2688 \u00d7 1520 @25\/30 fps. <\/li>\n<li>H.265-codec, h\u00f6g komprimeringshastighet, ultral\u00e5g bithastighet.<\/li>\n<li>Inbyggt flerk\u00e4rnigt ljus, max. IR-avst\u00e5ndet \u00e4r 30 m och det maximala avst\u00e5ndet f\u00f6r varmt ljus \u00e4r 30 m.  <\/li>\n<li>Rotationsl\u00e4ge, DWDR, 3D NR, HLC, BLC, digital vattenst\u00e4mpel, till\u00e4mpbar p\u00e5 olika \u00f6vervakningsscener.<\/li>\n<li>ROI, SMART H.264+\/H.265+, flexibel kodning, kan anv\u00e4ndas f\u00f6r olika bandbredd och lagringsmilj\u00f6er.<\/li>\n<li>Inbyggd mikrofon.<\/li>\n<li>12 VDC\/PoE-str\u00f6mf\u00f6rs\u00f6rjning, enkel att installera.<\/li>\n<li>IP67-skydd.<\/li>\n<li>St\u00f6djer uppt\u00e4ckt av m\u00e4nniskor.<\/li>\n<li>Modell: DH-IPC-HDW1839TP-A-IL-0280B-S6<\/li>\n<\/ul>\n<p><img decoding=\"async\" src=\"https:\/\/material.dahuasecurity.com\/uploads\/image\/20240702\/20240702171444_20550.png\"><\/p>\n","protected":false},"featured_media":29663,"template":"","meta":[],"product_brand":[],"product_cat":[],"product_tag":[],"berocket_brand":[],"class_list":{"0":"post-30036","1":"product","2":"type-product","3":"status-publish","4":"has-post-thumbnail","7":"first","8":"instock","9":"taxable","10":"shipping-taxable","11":"purchasable","12":"product-type-simple"},"_links":{"self":[{"href":"https:\/\/cryptsec.se\/sv\/wp-json\/wp\/v2\/product\/30036","targetHints":{"allow":["GET"]}}],"collection":[{"href":"https:\/\/cryptsec.se\/sv\/wp-json\/wp\/v2\/product"}],"about":[{"href":"https:\/\/cryptsec.se\/sv\/wp-json\/wp\/v2\/types\/product"}],"wp:featuredmedia":[{"embeddable":true,"href":"https:\/\/cryptsec.se\/sv\/wp-json\/wp\/v2\/media\/29663"}],"wp:attachment":[{"href":"https:\/\/cryptsec.se\/sv\/wp-json\/wp\/v2\/media?parent=30036"}],"wp:term":[{"taxonomy":"product_brand","embeddable":true,"href":"https:\/\/cryptsec.se\/sv\/wp-json\/wp\/v2\/product_brand?post=30036"},{"taxonomy":"product_cat","embeddable":true,"href":"https:\/\/cryptsec.se\/sv\/wp-json\/wp\/v2\/product_cat?post=30036"},{"taxonomy":"product_tag","embeddable":true,"href":"https:\/\/cryptsec.se\/sv\/wp-json\/wp\/v2\/product_tag?post=30036"},{"taxonomy":"berocket_brand","embeddable":true,"href":"https:\/\/cryptsec.se\/sv\/wp-json\/wp\/v2\/berocket_brand?post=30036"}],"curies":[{"name":"wp","href":"https:\/\/api.w.org\/{rel}","templated":true}]}}