{"id":30037,"date":"2025-01-05T12:40:30","date_gmt":"2025-01-05T11:40:30","guid":{"rendered":"https:\/\/cryptsec.se\/product\/6mp-smart-natverkskamera-med-dubbla-ljuskallor-och-ogonglob\/"},"modified":"2025-01-05T12:40:30","modified_gmt":"2025-01-05T11:40:30","slug":"6mp-smart-natverkskamera-med-dubbla-ljuskallor-och-ogonglob","status":"publish","type":"product","link":"https:\/\/cryptsec.se\/sv\/product\/6mp-smart-natverkskamera-med-dubbla-ljuskallor-och-ogonglob\/","title":{"rendered":"6MP Smart n\u00e4tverkskamera med dubbla ljusk\u00e4llor och \u00f6gonglob"},"content":{"rendered":"","protected":false},"excerpt":{"rendered":"<ul>\n<li>1\/2,7&#8243; CMOS-bildsensor, l\u00e5g luminans och h\u00f6guppl\u00f6st bild.<\/li>\n<li>Utg\u00e5ngar max. 6 MP (3200 \u00d7 1800) @20 fps, och st\u00f6d f\u00f6r 2688 \u00d7 1520 @25\/30 fps. <\/li>\n<li>H.265-codec, h\u00f6g komprimeringshastighet, ultral\u00e5g bithastighet.<\/li>\n<li>Inbyggt flerk\u00e4rnigt ljus, max. IR-avst\u00e5nd \u00e4r 30 m och det maximala avst\u00e5ndet f\u00f6r varmt ljus \u00e4r 30 m.  <\/li>\n<li>ROI, SMART H.264+\/H.265+, flexibel kodning, kan anv\u00e4ndas f\u00f6r olika bandbredd och lagringsmilj\u00f6er.<\/li>\n<li>Rotationsl\u00e4ge, DWDR, 3D NR, HLC, BLC, digital vattenst\u00e4mpel, till\u00e4mpbar p\u00e5 olika \u00f6vervakningsscener.<\/li>\n<li>Inbyggd mikrofon.<\/li>\n<li>12 VDC\/PoE-str\u00f6mf\u00f6rs\u00f6rjning, enkel att installera.<\/li>\n<li>IP67-skydd.<\/li>\n<li>St\u00f6djer uppt\u00e4ckt av m\u00e4nniskor.<\/li>\n<li>Modell: IPC-HDW1639T-A-IL<\/li>\n<\/ul>\n<p><img decoding=\"async\" src=\"https:\/\/material.dahuasecurity.com\/uploads\/image\/20240702\/20240702170016_74420.png\"><\/p>\n","protected":false},"featured_media":29659,"template":"","meta":[],"product_brand":[],"product_cat":[],"product_tag":[],"berocket_brand":[],"class_list":{"0":"post-30037","1":"product","2":"type-product","3":"status-publish","4":"has-post-thumbnail","7":"first","8":"instock","9":"taxable","10":"shipping-taxable","11":"purchasable","12":"product-type-simple"},"_links":{"self":[{"href":"https:\/\/cryptsec.se\/sv\/wp-json\/wp\/v2\/product\/30037","targetHints":{"allow":["GET"]}}],"collection":[{"href":"https:\/\/cryptsec.se\/sv\/wp-json\/wp\/v2\/product"}],"about":[{"href":"https:\/\/cryptsec.se\/sv\/wp-json\/wp\/v2\/types\/product"}],"wp:featuredmedia":[{"embeddable":true,"href":"https:\/\/cryptsec.se\/sv\/wp-json\/wp\/v2\/media\/29659"}],"wp:attachment":[{"href":"https:\/\/cryptsec.se\/sv\/wp-json\/wp\/v2\/media?parent=30037"}],"wp:term":[{"taxonomy":"product_brand","embeddable":true,"href":"https:\/\/cryptsec.se\/sv\/wp-json\/wp\/v2\/product_brand?post=30037"},{"taxonomy":"product_cat","embeddable":true,"href":"https:\/\/cryptsec.se\/sv\/wp-json\/wp\/v2\/product_cat?post=30037"},{"taxonomy":"product_tag","embeddable":true,"href":"https:\/\/cryptsec.se\/sv\/wp-json\/wp\/v2\/product_tag?post=30037"},{"taxonomy":"berocket_brand","embeddable":true,"href":"https:\/\/cryptsec.se\/sv\/wp-json\/wp\/v2\/berocket_brand?post=30037"}],"curies":[{"name":"wp","href":"https:\/\/api.w.org\/{rel}","templated":true}]}}