{"id":30038,"date":"2025-01-07T18:59:56","date_gmt":"2025-01-07T17:59:56","guid":{"rendered":"https:\/\/cryptsec.se\/product\/dahua-8mp-fullfargad-aktiv-avskrackningskamera-med-fast-fokus-wizsense-natverkskamera\/"},"modified":"2025-01-07T18:59:56","modified_gmt":"2025-01-07T17:59:56","slug":"dahua-8mp-fullfargad-aktiv-avskrackningskamera-med-fast-fokus-wizsense-natverkskamera","status":"publish","type":"product","link":"https:\/\/cryptsec.se\/sv\/product\/dahua-8mp-fullfargad-aktiv-avskrackningskamera-med-fast-fokus-wizsense-natverkskamera\/","title":{"rendered":"Dahua 8MP fullf\u00e4rgad aktiv avskr\u00e4ckningskamera med fast fokus WizSense n\u00e4tverkskamera"},"content":{"rendered":"<p>Dahua IPC-HFW3849T1-AS-PV &#8211; 8MP Smart Network Bullet Camera med TiOC 2.0 Active Deterrence, kombinerar exceptionell bildkvalitet, intelligenta funktioner och proaktiv avskr\u00e4ckning i en v\u00e4derbest\u00e4ndig bullet camera-design. Denna m\u00e5ngsidiga s\u00e4kerhetsl\u00f6sning \u00e4r idealisk f\u00f6r hem, f\u00f6retag och andra applikationer som kr\u00e4ver omfattande \u00f6vervakning och tydlig bevisinh\u00e4mtning, \u00e4ven i utmanande ljusf\u00f6rh\u00e5llanden. <\/p>\n","protected":false},"excerpt":{"rendered":"<ul>\n<li>8MP, 1\/2,8&#8243; CMOS-bildsensor, l\u00e5g belysningsstyrka, h\u00f6g bilduppl\u00f6sning<\/li>\n<li>Utg\u00e5ngar max. 8MP (3840 \u00d7 2160) @20 bilder per sekund (AI-funktionen \u00e4r aktiverad som standard) och st\u00f6d f\u00f6r 8MP (3840 \u00d7 2160) @25\/30 bilder per sekund (med AI-funktionen inaktiverad) <\/li>\n<li>H.265-codec, h\u00f6g kompressionshastighet, l\u00e5g bithastighet<\/li>\n<li>Inbyggd varm belysning, och max. belysningsavst\u00e5nd: 30 m <\/li>\n<li>ROI, SMART H.264+\/H.265+, flexibel kodning, kan anv\u00e4ndas f\u00f6r olika bandbredder och lagringsmilj\u00f6er<\/li>\n<li>Rotationsl\u00e4ge, WDR, 3D NR, HLC, BLC, digital vattenst\u00e4mpel, till\u00e4mpligt p\u00e5 olika \u00f6vervakningsscener<\/li>\n<li>Intelligent detektering: Tripwire, intr\u00e5ng (de tre funktionerna st\u00f6der klassificering och korrekt uppt\u00e4ckt av fordon och m\u00e4nniskor)<\/li>\n<li>Detektering av avvikelser: R\u00f6relsedetektering, videof\u00f6rst\u00f6ring, scenf\u00f6r\u00e4ndring, ljuddetektering, inget SD-kort, fullt SD-kort, SD-kortfel, fr\u00e5nkoppling av n\u00e4tverksarbete, IP-konflikt, olaglig \u00e5tkomst och sp\u00e4nningsdetektering<\/li>\n<li>St\u00f6djer koppling av ljud- och ljuslarm. N\u00e4r ett larm utl\u00f6ses l\u00e4nkar kameran ljudlarm och blinkande ljus <\/li>\n<li>St\u00f6djer avaktivering med en knapptryckning. Du kan avaktivera h\u00e4ndelserna larmutg\u00e5ng, skicka e-post, ljud och ljus under den konfigurerade perioden <\/li>\n<li>Larm: 1 in, 1 ut; ljud: 1 in, 1 ut; st\u00f6djer max. 256 G Micro SD-kort, inbyggd mikrofon och h\u00f6gtalare <\/li>\n<li>12V DC\/PoE str\u00f6mf\u00f6rs\u00f6rjning<\/li>\n<li>IP67-skydd<\/li>\n<li>SMD Plus<\/li>\n<li>Alarm med r\u00f6d och bl\u00e5 ficklampa<\/li>\n<li>Modell: IPC-HFW3849T1-AS-PV<\/li>\n<\/ul>\n<p><img decoding=\"async\" src=\"https:\/\/material.dahuasecurity.com\/uploads\/image\/20200818\/20200818155651_91113.png\" alt=\"\"><\/p>\n","protected":false},"featured_media":29768,"template":"","meta":[],"product_brand":[],"product_cat":[852],"product_tag":[949,966,1153,967,1148,951,954,1145,961,964],"berocket_brand":[],"class_list":{"0":"post-30038","1":"product","2":"type-product","3":"status-publish","4":"has-post-thumbnail","6":"product_cat-dahua-ip-kameror","7":"product_tag-cctv-sv","8":"product_tag-dahua-sv","9":"product_tag-dahua-cctv-sv","10":"product_tag-dahua-teknologi","11":"product_tag-ip-kamera-sv-2","12":"product_tag-ip-kamera-sv","13":"product_tag-kameraovervakning-sv","14":"product_tag-overvakningskamera-sv-2","15":"product_tag-overvakningskamera-sv","16":"product_tag-sakerhetskamera-sv","18":"first","19":"instock","20":"taxable","21":"shipping-taxable","22":"purchasable","23":"product-type-variable"},"_links":{"self":[{"href":"https:\/\/cryptsec.se\/sv\/wp-json\/wp\/v2\/product\/30038","targetHints":{"allow":["GET"]}}],"collection":[{"href":"https:\/\/cryptsec.se\/sv\/wp-json\/wp\/v2\/product"}],"about":[{"href":"https:\/\/cryptsec.se\/sv\/wp-json\/wp\/v2\/types\/product"}],"wp:featuredmedia":[{"embeddable":true,"href":"https:\/\/cryptsec.se\/sv\/wp-json\/wp\/v2\/media\/29768"}],"wp:attachment":[{"href":"https:\/\/cryptsec.se\/sv\/wp-json\/wp\/v2\/media?parent=30038"}],"wp:term":[{"taxonomy":"product_brand","embeddable":true,"href":"https:\/\/cryptsec.se\/sv\/wp-json\/wp\/v2\/product_brand?post=30038"},{"taxonomy":"product_cat","embeddable":true,"href":"https:\/\/cryptsec.se\/sv\/wp-json\/wp\/v2\/product_cat?post=30038"},{"taxonomy":"product_tag","embeddable":true,"href":"https:\/\/cryptsec.se\/sv\/wp-json\/wp\/v2\/product_tag?post=30038"},{"taxonomy":"berocket_brand","embeddable":true,"href":"https:\/\/cryptsec.se\/sv\/wp-json\/wp\/v2\/berocket_brand?post=30038"}],"curies":[{"name":"wp","href":"https:\/\/api.w.org\/{rel}","templated":true}]}}