{"id":30041,"date":"2024-12-02T09:40:15","date_gmt":"2024-12-02T08:40:15","guid":{"rendered":"https:\/\/cryptsec.se\/product\/houdini-wallet-krypterad-qr-kodgenerator\/"},"modified":"2024-12-02T09:40:15","modified_gmt":"2024-12-02T08:40:15","slug":"houdini-wallet-krypterad-qr-kodgenerator","status":"publish","type":"product","link":"https:\/\/cryptsec.se\/sv\/product\/houdini-wallet-krypterad-qr-kodgenerator\/","title":{"rendered":"Houdini Wallet Krypterad QR-kodgenerator"},"content":{"rendered":"<p><strong>Offline krypterat meddelande till QR-kodgenerator.<\/strong><\/p>\n<ol>\n<li>Skriv din hemliga text<\/li>\n<li>Skriv in ditt hemliga l\u00f6senord<\/li>\n<li>Skapa din krypterade QR-kod<\/li>\n<li>Skicka i valfri app<\/li>\n<\/ol>\n<p>Houdini Wallet \u00e4r en kraftfull krypteringsprodukt som \u00e4r inbyggd i en MP3-spelare med peksk\u00e4rm. Houdini Wallet \u00e4r om\u00f6jlig att f\u00e5nga upp eftersom enheten \u00e4r offline och inte har n\u00e5got operativsystem eller minne att lagra n\u00e5gra meddelanden p\u00e5. Houdini Wallet krypterar och konverterar skrivna meddelanden (peksk\u00e4rm med internationellt tangentbord) till en QR-kod som sedan kan skickas via alla tillg\u00e4ngliga appar (Signal\/Telegram\/SMS\/Whatsapp eller till och med live videofl\u00f6de). Denna krypterade QR-kod kan endast l\u00e4sas av en annan Houdini Wallet (via inbyggd kamera) som har parats ihop med den s\u00e4ndande Houdini Wallet eftersom de har utbytt krypteringsnycklar, s\u00e5vida inte den s\u00e4ndande Houdini Wallet best\u00e4mmer sig f\u00f6r att anv\u00e4nda ett l\u00f6senord f\u00f6r att l\u00e4sa meddelandena. Vad detta inneb\u00e4r \u00e4r att Houdini Wallet ger anv\u00e4ndaren en unik m\u00f6jlighet att skicka krypterade, k\u00e4nsliga meddelanden inom krypterade kommunikationsappar. Houdini Wallet har inte n\u00e5gon prenumeration eller avgifter, inga servrar eller n\u00e4tverk. Det \u00e4r en eng\u00e5ngskostnad.   <\/p>\n<p>Viktiga egenskaper:<\/p>\n<ul>\n<li>Offline-kryptering: Fungerar utan GSM, Wi-Fi eller Bluetooth, vilket s\u00e4kerst\u00e4ller att inga dataf\u00f6rbindelser kr\u00e4vs och d\u00e4rmed eliminerar centrala s\u00e5rbarhetspunkter.<\/li>\n<li>Multifunktionella krypteringssystem: Kombinerar tre olika krypteringsl\u00e4gen i en enda enhet:<\/li>\n<\/ul>\n<ol>\n<li>Houdini SMART: Offentligt krypteringssystem.<\/li>\n<li>Houdini PRO: End-to-end krypterat QR-kodsystem.<\/li>\n<li>Houdini WISE: Krypteringssystem f\u00f6r pl\u00e5nb\u00f6cker.<\/li>\n<\/ol>\n<ul>\n<li>Generering av QR-kod: Anv\u00e4nder ett avancerat krypterat QR-kodsystem f\u00f6r s\u00e4ker data\u00f6verf\u00f6ring.<\/li>\n<li>Anv\u00e4ndarstyrd identitetshantering: L\u00e5ter anv\u00e4ndare radera och skapa nya ID:n efter behov, vilket f\u00f6rb\u00e4ttrar integriteten och s\u00e4kerheten.<\/li>\n<li>Inga prenumerationsavgifter: Erbjuds som ett livstidsk\u00f6p utan l\u00f6pande prenumerationskostnader.<\/li>\n<\/ul>\n<p>Enheten \u00e4r utformad f\u00f6r anv\u00e4ndare som kr\u00e4ver h\u00f6ga niv\u00e5er av s\u00e4kerhet och integritet, t.ex. s\u00e4ker kommunikation och krypterade transaktioner, som alla hanteras offline f\u00f6r att f\u00f6rhindra obeh\u00f6rig \u00e5tkomst. F\u00f6r mer information, ladda ner PDF-filen i PDF-sektionen<\/p>\n","protected":false},"excerpt":{"rendered":"<p>Discrete Offline Message Encryption Device som skapar omvandlar meddelanden till krypterade QR-koder<\/p>\n<ul>\n<li>Ingen GPS<\/li>\n<li>Ingen Bluetooth<\/li>\n<li>Inget WiFi<\/li>\n<li>Ingen server<\/li>\n<li>Ingen prenumeration<\/li>\n<\/ul>\n","protected":false},"featured_media":29226,"template":"","meta":[],"product_brand":[],"product_cat":[863,860],"product_tag":[1158,889,1160,1159,902,919],"berocket_brand":[1259],"class_list":{"0":"post-30041","1":"product","2":"type-product","3":"status-publish","4":"has-post-thumbnail","6":"product_cat-krypterad-lagring","7":"product_cat-kryptering","8":"product_tag-houdini-planbok","9":"product_tag-krypterad-kommunikation","10":"product_tag-krypterad-kommunikation-sv","11":"product_tag-krypterad-qr","12":"product_tag-kryptering-sv","13":"product_tag-kryptering-sv-2","14":"berocket_brand-cryptsec-sv","16":"first","17":"instock","18":"taxable","19":"shipping-taxable","20":"purchasable","21":"product-type-simple"},"_links":{"self":[{"href":"https:\/\/cryptsec.se\/sv\/wp-json\/wp\/v2\/product\/30041","targetHints":{"allow":["GET"]}}],"collection":[{"href":"https:\/\/cryptsec.se\/sv\/wp-json\/wp\/v2\/product"}],"about":[{"href":"https:\/\/cryptsec.se\/sv\/wp-json\/wp\/v2\/types\/product"}],"wp:featuredmedia":[{"embeddable":true,"href":"https:\/\/cryptsec.se\/sv\/wp-json\/wp\/v2\/media\/29226"}],"wp:attachment":[{"href":"https:\/\/cryptsec.se\/sv\/wp-json\/wp\/v2\/media?parent=30041"}],"wp:term":[{"taxonomy":"product_brand","embeddable":true,"href":"https:\/\/cryptsec.se\/sv\/wp-json\/wp\/v2\/product_brand?post=30041"},{"taxonomy":"product_cat","embeddable":true,"href":"https:\/\/cryptsec.se\/sv\/wp-json\/wp\/v2\/product_cat?post=30041"},{"taxonomy":"product_tag","embeddable":true,"href":"https:\/\/cryptsec.se\/sv\/wp-json\/wp\/v2\/product_tag?post=30041"},{"taxonomy":"berocket_brand","embeddable":true,"href":"https:\/\/cryptsec.se\/sv\/wp-json\/wp\/v2\/berocket_brand?post=30041"}],"curies":[{"name":"wp","href":"https:\/\/api.w.org\/{rel}","templated":true}]}}