{"id":30042,"date":"2024-12-02T11:39:54","date_gmt":"2024-12-02T10:39:54","guid":{"rendered":"https:\/\/cryptsec.se\/product\/talan-3-0-telefon-och-linjeanalysator\/"},"modified":"2024-12-02T11:39:54","modified_gmt":"2024-12-02T10:39:54","slug":"talan-3-0-telefon-och-linjeanalysator","status":"publish","type":"product","link":"https:\/\/cryptsec.se\/sv\/product\/talan-3-0-telefon-och-linjeanalysator\/","title":{"rendered":"TALAN\u00ae 3.0 Telefon- och linjeanalysator"},"content":{"rendered":"<p><strong>Effektivitet<\/strong>: j\u00e4mf\u00f6r resultaten av flera tester p\u00e5 flera telefonlinjer f\u00f6r att snabbt identifiera hotande avvikelser <strong>Anv\u00e4ndbarhet<\/strong>: kombinerar flera testfunktioner f\u00f6r mot\u00e5tg\u00e4rder i en enda utrustning (sp\u00e4nning, str\u00f6m, motst\u00e5nd, kapacitans, icke-linj\u00e4r junction detection, frekvensdom\u00e4nreflektometri och digital demoduleringsteknik) <strong>Portabilitet<\/strong>: v\u00e4ger endast tv\u00e5 kilo och data kan exporteras f\u00f6r vidare analys och rapportering  <em>TALAN-enheter av \u00e4ldre modell kan konverteras till TALAN 3.0 men kr\u00e4ver \u00e4ndringar i h\u00e5rdvaran. Kontakta oss f\u00f6r en offert. <\/em><\/p>\n","protected":false},"excerpt":{"rendered":"<p>TALAN 3.0 Telephone and Line Analyzer \u00e4r en avancerad analysator f\u00f6r att uppt\u00e4cka och lokalisera olaga intr\u00e5ng och s\u00e4kerhetsbrister i digitala, analoga och VoIP-telefonsystem. Ny h\u00e5rdvara ger m\u00f6jlighet att testa tvinnade par mot moderna telekommunikationshot, inklusive sk\u00e4rm och jord. <\/p>\n","protected":false},"featured_media":29264,"template":"","meta":[],"product_brand":[],"product_cat":[1081,846,1082],"product_tag":[1135,969,1163,926,1161,1162,879],"berocket_brand":[],"class_list":{"0":"post-30042","1":"product","2":"type-product","3":"status-publish","4":"has-post-thumbnail","6":"product_cat-spektrumanalysator","7":"product_cat-tsu","8":"product_cat-tscm-kit-sv","9":"product_tag-detektor","10":"product_tag-insektsdetektor","11":"product_tag-linjeanalysator","12":"product_tag-spektrumanalysator-sv","13":"product_tag-talan-3-0-sv","14":"product_tag-telefonanalysator","15":"product_tag-tscm-sv","17":"first","18":"instock","19":"taxable","20":"shipping-taxable","21":"purchasable","22":"product-type-simple"},"_links":{"self":[{"href":"https:\/\/cryptsec.se\/sv\/wp-json\/wp\/v2\/product\/30042","targetHints":{"allow":["GET"]}}],"collection":[{"href":"https:\/\/cryptsec.se\/sv\/wp-json\/wp\/v2\/product"}],"about":[{"href":"https:\/\/cryptsec.se\/sv\/wp-json\/wp\/v2\/types\/product"}],"wp:featuredmedia":[{"embeddable":true,"href":"https:\/\/cryptsec.se\/sv\/wp-json\/wp\/v2\/media\/29264"}],"wp:attachment":[{"href":"https:\/\/cryptsec.se\/sv\/wp-json\/wp\/v2\/media?parent=30042"}],"wp:term":[{"taxonomy":"product_brand","embeddable":true,"href":"https:\/\/cryptsec.se\/sv\/wp-json\/wp\/v2\/product_brand?post=30042"},{"taxonomy":"product_cat","embeddable":true,"href":"https:\/\/cryptsec.se\/sv\/wp-json\/wp\/v2\/product_cat?post=30042"},{"taxonomy":"product_tag","embeddable":true,"href":"https:\/\/cryptsec.se\/sv\/wp-json\/wp\/v2\/product_tag?post=30042"},{"taxonomy":"berocket_brand","embeddable":true,"href":"https:\/\/cryptsec.se\/sv\/wp-json\/wp\/v2\/berocket_brand?post=30042"}],"curies":[{"name":"wp","href":"https:\/\/api.w.org\/{rel}","templated":true}]}}