{"id":30043,"date":"2024-11-19T11:38:44","date_gmt":"2024-11-19T10:38:44","guid":{"rendered":"https:\/\/cryptsec.se\/product\/aj316d-ultraljudsmikrofonstorare-for-konferensrum\/"},"modified":"2024-11-19T11:38:44","modified_gmt":"2024-11-19T10:38:44","slug":"aj316d-ultraljudsmikrofonstorare-for-konferensrum","status":"publish","type":"product","link":"https:\/\/cryptsec.se\/sv\/product\/aj316d-ultraljudsmikrofonstorare-for-konferensrum\/","title":{"rendered":"AJ316D Ultraljudsmikrofonst\u00f6rare f\u00f6r konferensrum"},"content":{"rendered":"<p class=\"fusion-responsive-typography-calculated\" data-fontsize=\"17\" data-lineheight=\"23.8px\">Genom att anta avancerad ultraljudsblandningsteknik \u00e4r <a href=\"https:\/\/youtu.be\/PmEENslKyPk\" target=\"_blank\" rel=\"noopener\">AJ-316D<\/a> en ultraljudsmikrofonst\u00f6rare p\u00e5 h\u00f6gsta niv\u00e5 f\u00f6r konferensrum f\u00f6r att blockera r\u00f6stinspelning. Den kan placeras p\u00e5 skrivbordet direkt f\u00f6r att b\u00f6rja arbeta med ett klick. Som en tyst mikrofonljudst\u00f6rare \u00e4r det en perfekt tscm-utrustning f\u00f6r att f\u00f6rhindra avlyssning. Den st\u00f6der st\u00f6rningsvinkel vid 360 graders horisontell och 60 graders vertikal, n\u00e5r \u00f6ver 2 meter f\u00f6r de flesta inspelningsenheter och till och med \u00f6ver 6 meter f\u00f6r vissa enheter.   <\/p>\n<p><span class=\"fontstyle0\">Genom att avge ultraljudsbrus som \u00e4r om\u00e4rkligt f\u00f6r det m\u00e4nskliga \u00f6rat kan AJ-316D mikrofonst\u00f6rare effektivt blockera inspelningsfunktionen f\u00f6r vanliga r\u00f6stinspelningsenheter. Kommunikationsljud kan inte spelas in eller \u00e5terst\u00e4llas. Till\u00e4mpningseffekterna kan variera beroende p\u00e5 anv\u00e4ndningsmilj\u00f6, enhetens placering etc.  <\/span><\/p>\n<div class=\"fusion-layout-column fusion_builder_column fusion-builder-column-3 fusion_builder_column_1_1 1_1 fusion-flex-column\">\n<div class=\"fusion-column-wrapper fusion-column-has-shadow fusion-flex-justify-content-flex-start fusion-content-layout-column\">\n<div class=\"fusion-title title fusion-title-1 fusion-title-center fusion-title-text fusion-title-size-two\">\n<p class=\"fusion-title-heading title-heading-center fusion-responsive-typography-calculated\" data-fontsize=\"20\" data-lineheight=\"26px\"><strong>Ultraljudsmikrofonst\u00f6rningsl\u00f6sning f\u00f6r konferensrum<\/strong><\/p>\n<div class=\"title-sep-container title-sep-container-right\">\n<div class=\"title-sep sep-single sep-solid\"><\/div>\n<\/div>\n<\/div>\n<div class=\"fusion-image-element \"><span class=\" fusion-imageframe imageframe-none imageframe-2 hover-type-none\"><img fetchpriority=\"high\" decoding=\"async\" class=\"img-responsive wp-image-8590 entered lazyloaded\" title=\"L\u00f6sning f\u00f6r st\u00f6rning av ljud i konferensrum-P1\" src=\"https:\/\/www.isecus.com\/wp-content\/uploads\/2024\/04\/Audio-Jamming-Solution-for-Conference-Room-P1.webp\" sizes=\"(max-width: 1024px) 100vw, (max-width: 640px) 100vw, 1024px\" srcset=\"https:\/\/www.isecus.com\/wp-content\/uploads\/2024\/04\/Audio-Jamming-Solution-for-Conference-Room-P1-200x90.webp 200w, https:\/\/www.isecus.com\/wp-content\/uploads\/2024\/04\/Audio-Jamming-Solution-for-Conference-Room-P1-300x134.webp 300w, https:\/\/www.isecus.com\/wp-content\/uploads\/2024\/04\/Audio-Jamming-Solution-for-Conference-Room-P1-400x179.webp 400w, https:\/\/www.isecus.com\/wp-content\/uploads\/2024\/04\/Audio-Jamming-Solution-for-Conference-Room-P1-600x269.webp 600w, https:\/\/www.isecus.com\/wp-content\/uploads\/2024\/04\/Audio-Jamming-Solution-for-Conference-Room-P1-768x344.webp 768w, https:\/\/www.isecus.com\/wp-content\/uploads\/2024\/04\/Audio-Jamming-Solution-for-Conference-Room-P1-800x359.webp 800w, https:\/\/www.isecus.com\/wp-content\/uploads\/2024\/04\/Audio-Jamming-Solution-for-Conference-Room-P1.webp 1024w\" alt=\"Ljudst\u00f6rningsl\u00f6sning f\u00f6r konferensrum-P1\" width=\"1024\" height=\"459\" data-lazy-srcset=\"https:\/\/www.isecus.com\/wp-content\/uploads\/2024\/04\/Audio-Jamming-Solution-for-Conference-Room-P1-200x90.webp 200w, https:\/\/www.isecus.com\/wp-content\/uploads\/2024\/04\/Audio-Jamming-Solution-for-Conference-Room-P1-300x134.webp 300w, https:\/\/www.isecus.com\/wp-content\/uploads\/2024\/04\/Audio-Jamming-Solution-for-Conference-Room-P1-400x179.webp 400w, https:\/\/www.isecus.com\/wp-content\/uploads\/2024\/04\/Audio-Jamming-Solution-for-Conference-Room-P1-600x269.webp 600w, https:\/\/www.isecus.com\/wp-content\/uploads\/2024\/04\/Audio-Jamming-Solution-for-Conference-Room-P1-768x344.webp 768w, https:\/\/www.isecus.com\/wp-content\/uploads\/2024\/04\/Audio-Jamming-Solution-for-Conference-Room-P1-800x359.webp 800w, https:\/\/www.isecus.com\/wp-content\/uploads\/2024\/04\/Audio-Jamming-Solution-for-Conference-Room-P1.webp 1024w\" data-lazy-sizes=\"(max-width: 1024px) 100vw, (max-width: 640px) 100vw, 1024px\" data-lazy-src=\"https:\/\/www.isecus.com\/wp-content\/uploads\/2024\/04\/Audio-Jamming-Solution-for-Conference-Room-P1.webp\" data-ll-status=\"loaded\"><\/span><\/div>\n<div class=\"fusion-text fusion-text-6\">\n<h3 class=\"fusion-responsive-typography-calculated\" data-fontsize=\"17\" data-lineheight=\"23.8px\"><\/h3>\n<p class=\"fusion-responsive-typography-calculated\" data-fontsize=\"17\" data-lineheight=\"23.8px\">F\u00f6r b\u00e4sta r\u00f6stst\u00f6rningsprestanda f\u00f6resl\u00e5s nedanst\u00e5ende antal st\u00f6rningss\u00e4ndare som typiska scenarier:<\/p>\n<p class=\"fusion-responsive-typography-calculated\" data-fontsize=\"17\" data-lineheight=\"23.8px\"><span class=\"fontstyle0\">Cirka 20M\u00b2 rum: AJ-315W * 4 + AJ316D * 3 + AJ-301C * 1 (Bordsl\u00e4ngd 4M)<br \/>\nCirka 40M\u00b2 Rum: AJ-315W * 6 + AJ316D * 5 + AJ-301C * 1 (Bordsl\u00e4ngd 6M)<\/span><\/p>\n<\/div>\n<div class=\"fusion-image-element \"><span class=\" fusion-imageframe imageframe-none imageframe-3 hover-type-none\"><picture><source srcset=\"https:\/\/www.isecus.com\/wp-content\/uploads\/2024\/02\/Ultrasonic-Audio-Jammer-Solution-Deploy-Management-200x83.webp 200w,https:\/\/www.isecus.com\/wp-content\/uploads\/2024\/02\/Ultrasonic-Audio-Jammer-Solution-Deploy-Management-400x165.webp 400w,https:\/\/www.isecus.com\/wp-content\/uploads\/2024\/02\/Ultrasonic-Audio-Jammer-Solution-Deploy-Management-600x248.webp 600w,https:\/\/www.isecus.com\/wp-content\/uploads\/2024\/02\/Ultrasonic-Audio-Jammer-Solution-Deploy-Management-800x331.webp 800w,https:\/\/www.isecus.com\/wp-content\/uploads\/2024\/02\/Ultrasonic-Audio-Jammer-Solution-Deploy-Management.webp 1024w\" type=\"image\/webp\" sizes=\"(max-width: 1024px) 100vw, (max-width: 640px) 100vw, 1024px\" data-lazy-srcset=\"https:\/\/www.isecus.com\/wp-content\/uploads\/2024\/02\/Ultrasonic-Audio-Jammer-Solution-Deploy-Management-200x83.webp 200w,https:\/\/www.isecus.com\/wp-content\/uploads\/2024\/02\/Ultrasonic-Audio-Jammer-Solution-Deploy-Management-400x165.webp 400w,https:\/\/www.isecus.com\/wp-content\/uploads\/2024\/02\/Ultrasonic-Audio-Jammer-Solution-Deploy-Management-600x248.webp 600w,https:\/\/www.isecus.com\/wp-content\/uploads\/2024\/02\/Ultrasonic-Audio-Jammer-Solution-Deploy-Management-800x331.webp 800w,https:\/\/www.isecus.com\/wp-content\/uploads\/2024\/02\/Ultrasonic-Audio-Jammer-Solution-Deploy-Management.webp 1024w\"><\/source><img decoding=\"async\" class=\"img-responsive wp-image-8407 sp-no-webp entered lazyloaded\" title=\"L\u00f6sning f\u00f6r st\u00f6rning av ultraljud Deploy Management\" src=\"https:\/\/www.isecus.com\/wp-content\/uploads\/2024\/02\/Ultrasonic-Audio-Jammer-Solution-Deploy-Management-1024x423.png\" sizes=\"(max-width: 1024px) 100vw, (max-width: 640px) 100vw, 1024px\" srcset=\"https:\/\/www.isecus.com\/wp-content\/uploads\/2024\/02\/Ultrasonic-Audio-Jammer-Solution-Deploy-Management-200x83.png 200w, https:\/\/www.isecus.com\/wp-content\/uploads\/2024\/02\/Ultrasonic-Audio-Jammer-Solution-Deploy-Management-400x165.png 400w, https:\/\/www.isecus.com\/wp-content\/uploads\/2024\/02\/Ultrasonic-Audio-Jammer-Solution-Deploy-Management-600x248.png 600w, https:\/\/www.isecus.com\/wp-content\/uploads\/2024\/02\/Ultrasonic-Audio-Jammer-Solution-Deploy-Management-800x331.png 800w, https:\/\/www.isecus.com\/wp-content\/uploads\/2024\/02\/Ultrasonic-Audio-Jammer-Solution-Deploy-Management.png 1024w\" alt=\"L\u00f6sning f\u00f6r st\u00f6rning av ultraljud Deploy Management\" width=\"1024\" height=\"423\" data-lazy-srcset=\"https:\/\/www.isecus.com\/wp-content\/uploads\/2024\/02\/Ultrasonic-Audio-Jammer-Solution-Deploy-Management-200x83.png 200w, https:\/\/www.isecus.com\/wp-content\/uploads\/2024\/02\/Ultrasonic-Audio-Jammer-Solution-Deploy-Management-400x165.png 400w, https:\/\/www.isecus.com\/wp-content\/uploads\/2024\/02\/Ultrasonic-Audio-Jammer-Solution-Deploy-Management-600x248.png 600w, https:\/\/www.isecus.com\/wp-content\/uploads\/2024\/02\/Ultrasonic-Audio-Jammer-Solution-Deploy-Management-800x331.png 800w, https:\/\/www.isecus.com\/wp-content\/uploads\/2024\/02\/Ultrasonic-Audio-Jammer-Solution-Deploy-Management.png 1024w\" data-lazy-sizes=\"(max-width: 1024px) 100vw, (max-width: 640px) 100vw, 1024px\" data-lazy-src=\"https:\/\/www.isecus.com\/wp-content\/uploads\/2024\/02\/Ultrasonic-Audio-Jammer-Solution-Deploy-Management-1024x423.png\" data-ll-status=\"loaded\"><\/picture><\/span><\/div>\n<div class=\"fusion-text fusion-text-7\">\n<p class=\"fusion-responsive-typography-calculated\" data-fontsize=\"20\" data-lineheight=\"26px\"><strong>Introduktion av l\u00f6sningen:<\/strong><\/p>\n<p class=\"fusion-responsive-typography-calculated\" data-fontsize=\"17\" data-lineheight=\"23.8px\">V\u00e5r avancerade l\u00f6sning f\u00f6r ljudst\u00f6rning i konferensrum kan effektivt blockera dessa vanliga inspelningsenheter. Den erbjuder s\u00e4ker, diskret och bred t\u00e4ckning med enkel utplacering. Systemet best\u00e5r av en smart gateway, skrivbords- och v\u00e4ggmonterade mikrofonst\u00f6rare. St\u00f6rs\u00e4ndarna kan anslutas till gatewayen via Bluetooth eller kabel. Det kan fungera med en enda st\u00f6rs\u00e4ndare oberoende eller flera st\u00f6rs\u00e4ndare genom n\u00e4tverksdistribution.    <\/p>\n<p class=\"fusion-responsive-typography-calculated\" data-fontsize=\"17\" data-lineheight=\"23.8px\">Desktop audio jammers placeras p\u00e5 bordet i en rak linje f\u00f6r att blockera omr\u00e5det ovanf\u00f6r bordet fr\u00e5n inspelningsenheter. V\u00e4ggmonterade audio jammers installeras under bordet med en rund design f\u00f6r att blockera inspelningsenheter under bordet. Gatewayen kan centralt hantera max 32 st\u00f6rs\u00e4ndare.  <\/p>\n<p class=\"fusion-responsive-typography-calculated\" data-fontsize=\"17\" data-lineheight=\"23.8px\">Genom att avge ultraljudsv\u00e5gor som \u00e4r sv\u00e5ra f\u00f6r v\u00e5rt \u00f6ra att uppfatta skapar audiojammers en icke-linj\u00e4r effekt p\u00e5 inspelningsenheter. All inspelad r\u00f6st p\u00e5 plats blir brus och om\u00f6jlig att \u00e5terst\u00e4lla. <\/p>\n<\/div>\n<\/div>\n<\/div>\n<div class=\"fusion-layout-column fusion_builder_column fusion-builder-column-4 fusion_builder_column_1_3 1_3 fusion-flex-column\">\n<div class=\"fusion-column-wrapper fusion-column-has-shadow fusion-flex-justify-content-flex-start fusion-content-layout-column\">\n<div class=\"fusion-image-element \"><span class=\" fusion-imageframe imageframe-none imageframe-4 hover-type-none\"><picture><source srcset=\"https:\/\/www.isecus.com\/wp-content\/uploads\/2024\/02\/AJ-315W-Ultrasonic-Audio-Jammer-for-Conference-Room-200x200.webp 200w,https:\/\/www.isecus.com\/wp-content\/uploads\/2024\/02\/AJ-315W-Ultrasonic-Audio-Jammer-for-Conference-Room-400x400.webp 400w,https:\/\/www.isecus.com\/wp-content\/uploads\/2024\/02\/AJ-315W-Ultrasonic-Audio-Jammer-for-Conference-Room.webp 453w\" type=\"image\/webp\" sizes=\"(max-width: 1024px) 100vw, (max-width: 640px) 100vw, 400px\" data-lazy-srcset=\"https:\/\/www.isecus.com\/wp-content\/uploads\/2024\/02\/AJ-315W-Ultrasonic-Audio-Jammer-for-Conference-Room-200x200.webp 200w,https:\/\/www.isecus.com\/wp-content\/uploads\/2024\/02\/AJ-315W-Ultrasonic-Audio-Jammer-for-Conference-Room-400x400.webp 400w,https:\/\/www.isecus.com\/wp-content\/uploads\/2024\/02\/AJ-315W-Ultrasonic-Audio-Jammer-for-Conference-Room.webp 453w\"><\/source><img decoding=\"async\" class=\"img-responsive wp-image-8399 sp-no-webp entered lazyloaded\" title=\"AJ-315W ultraljudst\u00f6rare f\u00f6r konferensrum\" src=\"https:\/\/www.isecus.com\/wp-content\/uploads\/2024\/02\/AJ-315W-Ultrasonic-Audio-Jammer-for-Conference-Room.jpg\" sizes=\"(max-width: 1024px) 100vw, (max-width: 640px) 100vw, 400px\" srcset=\"https:\/\/www.isecus.com\/wp-content\/uploads\/2024\/02\/AJ-315W-Ultrasonic-Audio-Jammer-for-Conference-Room-200x200.jpg 200w, https:\/\/www.isecus.com\/wp-content\/uploads\/2024\/02\/AJ-315W-Ultrasonic-Audio-Jammer-for-Conference-Room-400x400.jpg 400w, https:\/\/www.isecus.com\/wp-content\/uploads\/2024\/02\/AJ-315W-Ultrasonic-Audio-Jammer-for-Conference-Room.jpg 453w\" alt=\"AJ-315W ultraljudst\u00f6rare f\u00f6r konferensrum\" width=\"453\" height=\"453\" data-lazy-srcset=\"https:\/\/www.isecus.com\/wp-content\/uploads\/2024\/02\/AJ-315W-Ultrasonic-Audio-Jammer-for-Conference-Room-200x200.jpg 200w, https:\/\/www.isecus.com\/wp-content\/uploads\/2024\/02\/AJ-315W-Ultrasonic-Audio-Jammer-for-Conference-Room-400x400.jpg 400w, https:\/\/www.isecus.com\/wp-content\/uploads\/2024\/02\/AJ-315W-Ultrasonic-Audio-Jammer-for-Conference-Room.jpg 453w\" data-lazy-sizes=\"(max-width: 1024px) 100vw, (max-width: 640px) 100vw, 400px\" data-lazy-src=\"https:\/\/www.isecus.com\/wp-content\/uploads\/2024\/02\/AJ-315W-Ultrasonic-Audio-Jammer-for-Conference-Room.jpg\" data-ll-status=\"loaded\"><\/picture><\/span><\/div>\n<div class=\"fusion-text fusion-text-8\">\n<p class=\"fusion-responsive-typography-calculated\" data-fontsize=\"17\" data-lineheight=\"23.8px\"><strong>AJ-315W f\u00f6r omr\u00e5det under bordet<\/strong><\/p>\n<\/div>\n<\/div>\n<\/div>\n<div class=\"fusion-layout-column fusion_builder_column fusion-builder-column-5 fusion_builder_column_1_3 1_3 fusion-flex-column\">\n<div class=\"fusion-column-wrapper fusion-column-has-shadow fusion-flex-justify-content-flex-start fusion-content-layout-column\">\n<div class=\"fusion-image-element \"><span class=\" fusion-imageframe imageframe-none imageframe-5 hover-type-none\"><picture><source srcset=\"https:\/\/www.isecus.com\/wp-content\/uploads\/2024\/02\/AJ-316D-Ultrasonic-Microphone-Jammer-for-Conference-Room-200x200.webp 200w,https:\/\/www.isecus.com\/wp-content\/uploads\/2024\/02\/AJ-316D-Ultrasonic-Microphone-Jammer-for-Conference-Room-400x400.webp 400w,https:\/\/www.isecus.com\/wp-content\/uploads\/2024\/02\/AJ-316D-Ultrasonic-Microphone-Jammer-for-Conference-Room.webp 459w\" type=\"image\/webp\" sizes=\"(max-width: 1024px) 100vw, (max-width: 640px) 100vw, 400px\" data-lazy-srcset=\"https:\/\/www.isecus.com\/wp-content\/uploads\/2024\/02\/AJ-316D-Ultrasonic-Microphone-Jammer-for-Conference-Room-200x200.webp 200w,https:\/\/www.isecus.com\/wp-content\/uploads\/2024\/02\/AJ-316D-Ultrasonic-Microphone-Jammer-for-Conference-Room-400x400.webp 400w,https:\/\/www.isecus.com\/wp-content\/uploads\/2024\/02\/AJ-316D-Ultrasonic-Microphone-Jammer-for-Conference-Room.webp 459w\"><\/source><img loading=\"lazy\" decoding=\"async\" class=\"img-responsive wp-image-8429 sp-no-webp entered lazyloaded\" title=\"AJ-316D Ultraljudsmikrofonst\u00f6rare f\u00f6r konferensrum\" src=\"https:\/\/www.isecus.com\/wp-content\/uploads\/2024\/02\/AJ-316D-Ultrasonic-Microphone-Jammer-for-Conference-Room.jpg\" sizes=\"(max-width: 1024px) 100vw, (max-width: 640px) 100vw, 400px\" srcset=\"https:\/\/www.isecus.com\/wp-content\/uploads\/2024\/02\/AJ-316D-Ultrasonic-Microphone-Jammer-for-Conference-Room-200x200.jpg 200w, https:\/\/www.isecus.com\/wp-content\/uploads\/2024\/02\/AJ-316D-Ultrasonic-Microphone-Jammer-for-Conference-Room-400x400.jpg 400w, https:\/\/www.isecus.com\/wp-content\/uploads\/2024\/02\/AJ-316D-Ultrasonic-Microphone-Jammer-for-Conference-Room.jpg 459w\" alt=\"AJ-316D Ultraljudsmikrofonst\u00f6rare f\u00f6r konferensrum\" width=\"459\" height=\"459\" data-lazy-srcset=\"https:\/\/www.isecus.com\/wp-content\/uploads\/2024\/02\/AJ-316D-Ultrasonic-Microphone-Jammer-for-Conference-Room-200x200.jpg 200w, https:\/\/www.isecus.com\/wp-content\/uploads\/2024\/02\/AJ-316D-Ultrasonic-Microphone-Jammer-for-Conference-Room-400x400.jpg 400w, https:\/\/www.isecus.com\/wp-content\/uploads\/2024\/02\/AJ-316D-Ultrasonic-Microphone-Jammer-for-Conference-Room.jpg 459w\" data-lazy-sizes=\"(max-width: 1024px) 100vw, (max-width: 640px) 100vw, 400px\" data-lazy-src=\"https:\/\/www.isecus.com\/wp-content\/uploads\/2024\/02\/AJ-316D-Ultrasonic-Microphone-Jammer-for-Conference-Room.jpg\" data-ll-status=\"loaded\"><\/picture><\/span><\/div>\n<div class=\"fusion-text fusion-text-9\">\n<p class=\"fusion-responsive-typography-calculated\" data-fontsize=\"17\" data-lineheight=\"23.8px\"><strong>AJ-316D f\u00f6r omr\u00e5det ovanf\u00f6r bordet<\/strong><\/p>\n<\/div>\n<\/div>\n<\/div>\n<div class=\"fusion-layout-column fusion_builder_column fusion-builder-column-6 fusion_builder_column_1_3 1_3 fusion-flex-column\">\n<div class=\"fusion-column-wrapper fusion-column-has-shadow fusion-flex-justify-content-flex-start fusion-content-layout-column\">\n<div class=\"fusion-image-element \"><span class=\" fusion-imageframe imageframe-none imageframe-6 hover-type-none\"><img loading=\"lazy\" decoding=\"async\" class=\"img-responsive wp-image-9769 entered lazyloaded\" title=\"AJ-301C Central styrterminal f\u00f6r system f\u00f6r st\u00f6rning av ljud i konferensrum\" src=\"https:\/\/www.isecus.com\/wp-content\/uploads\/2024\/10\/AJ-301C-Central-Controller-Terminal-for-Conference-Room-Audio-Jamming-System.jpg\" sizes=\"(max-width: 1024px) 100vw, (max-width: 640px) 100vw, 400px\" srcset=\"https:\/\/www.isecus.com\/wp-content\/uploads\/2024\/10\/AJ-301C-Central-Controller-Terminal-for-Conference-Room-Audio-Jamming-System-200x200.jpg 200w, https:\/\/www.isecus.com\/wp-content\/uploads\/2024\/10\/AJ-301C-Central-Controller-Terminal-for-Conference-Room-Audio-Jamming-System-400x400.jpg 400w, https:\/\/www.isecus.com\/wp-content\/uploads\/2024\/10\/AJ-301C-Central-Controller-Terminal-for-Conference-Room-Audio-Jamming-System.jpg 500w\" alt=\"AJ-301C Central styrterminal f\u00f6r system f\u00f6r st\u00f6rning av ljud i konferensrum\" width=\"500\" height=\"500\" data-lazy-srcset=\"https:\/\/www.isecus.com\/wp-content\/uploads\/2024\/10\/AJ-301C-Central-Controller-Terminal-for-Conference-Room-Audio-Jamming-System-200x200.jpg 200w, https:\/\/www.isecus.com\/wp-content\/uploads\/2024\/10\/AJ-301C-Central-Controller-Terminal-for-Conference-Room-Audio-Jamming-System-400x400.jpg 400w, https:\/\/www.isecus.com\/wp-content\/uploads\/2024\/10\/AJ-301C-Central-Controller-Terminal-for-Conference-Room-Audio-Jamming-System.jpg 500w\" data-lazy-sizes=\"(max-width: 1024px) 100vw, (max-width: 640px) 100vw, 400px\" data-lazy-src=\"https:\/\/www.isecus.com\/wp-content\/uploads\/2024\/10\/AJ-301C-Central-Controller-Terminal-for-Conference-Room-Audio-Jamming-System.jpg\" data-ll-status=\"loaded\"><\/span><\/div>\n<div>\n<p class=\"fusion-responsive-typography-calculated\" data-fontsize=\"17\" data-lineheight=\"23.8px\"><strong>AJ-301C Terminal f\u00f6r central styrenhet<\/strong><\/p>\n<\/div>\n<\/div>\n<\/div>\n","protected":false},"excerpt":{"rendered":"<ul>\n<li class=\"fusion-responsive-typography-calculated\" data-fontsize=\"17\" data-lineheight=\"23.8px\">Metod f\u00f6r st\u00f6rning: Ultraljudsblandningsteknik<\/li>\n<li class=\"fusion-responsive-typography-calculated\" data-fontsize=\"17\" data-lineheight=\"23.8px\">  St\u00f6rning All Android-telefon, iphone, inspelningspenna<\/li>\n<li class=\"fusion-responsive-typography-calculated\" data-fontsize=\"17\" data-lineheight=\"23.8px\">St\u00f6rande vinkel: Horisontell 360\u00b0, Vertikal 60<\/li>\n<li class=\"fusion-responsive-typography-calculated\" data-fontsize=\"17\" data-lineheight=\"23.8px\">St\u00f6rningsradie: 2m@70dB<\/li>\n<li class=\"fusion-responsive-typography-calculated\" data-fontsize=\"17\" data-lineheight=\"23.8px\">  S\u00e4ker och ok\u00e4nslig: Inget h\u00f6rbart ljud eller elektromagnetisk str\u00e5lning<\/li>\n<li class=\"fusion-responsive-typography-calculated\" data-fontsize=\"17\" data-lineheight=\"23.8px\">  Indikatorer och bakgrundsbelysning: St\u00f6rs\u00e4ndning aktiv<\/li>\n<li class=\"fusion-responsive-typography-calculated\" data-fontsize=\"17\" data-lineheight=\"23.8px\">  N\u00e4tverksport: Bluetooth, RS232<\/li>\n<\/ul>\n","protected":false},"featured_media":29039,"template":"","meta":[],"product_brand":[],"product_cat":[865,846],"product_tag":[1164,917,916,1165,879,932],"berocket_brand":[1259],"class_list":{"0":"post-30043","1":"product","2":"type-product","3":"status-publish","4":"has-post-thumbnail","6":"product_cat-harp-speech-protector-sv","7":"product_cat-tsu","8":"product_tag-ljudstorare","9":"product_tag-rostskydd-av-militar-kvalitet","10":"product_tag-skydd-for-tal","11":"product_tag-super-sonic-sv","12":"product_tag-tscm-sv","13":"product_tag-tscm-utrustning-sv","14":"berocket_brand-cryptsec-sv","16":"first","17":"instock","18":"taxable","19":"shipping-taxable","20":"purchasable","21":"product-type-simple"},"_links":{"self":[{"href":"https:\/\/cryptsec.se\/sv\/wp-json\/wp\/v2\/product\/30043","targetHints":{"allow":["GET"]}}],"collection":[{"href":"https:\/\/cryptsec.se\/sv\/wp-json\/wp\/v2\/product"}],"about":[{"href":"https:\/\/cryptsec.se\/sv\/wp-json\/wp\/v2\/types\/product"}],"wp:featuredmedia":[{"embeddable":true,"href":"https:\/\/cryptsec.se\/sv\/wp-json\/wp\/v2\/media\/29039"}],"wp:attachment":[{"href":"https:\/\/cryptsec.se\/sv\/wp-json\/wp\/v2\/media?parent=30043"}],"wp:term":[{"taxonomy":"product_brand","embeddable":true,"href":"https:\/\/cryptsec.se\/sv\/wp-json\/wp\/v2\/product_brand?post=30043"},{"taxonomy":"product_cat","embeddable":true,"href":"https:\/\/cryptsec.se\/sv\/wp-json\/wp\/v2\/product_cat?post=30043"},{"taxonomy":"product_tag","embeddable":true,"href":"https:\/\/cryptsec.se\/sv\/wp-json\/wp\/v2\/product_tag?post=30043"},{"taxonomy":"berocket_brand","embeddable":true,"href":"https:\/\/cryptsec.se\/sv\/wp-json\/wp\/v2\/berocket_brand?post=30043"}],"curies":[{"name":"wp","href":"https:\/\/api.w.org\/{rel}","templated":true}]}}