{"id":30045,"date":"2024-11-19T12:11:59","date_gmt":"2024-11-19T11:11:59","guid":{"rendered":"https:\/\/cryptsec.se\/product\/ajb336-ultrasonic-jamming-box-for-4-mobiltelefoner\/"},"modified":"2024-11-19T12:11:59","modified_gmt":"2024-11-19T11:11:59","slug":"ajb336-ultrasonic-jamming-box-for-4-mobiltelefoner","status":"publish","type":"product","link":"https:\/\/cryptsec.se\/sv\/product\/ajb336-ultrasonic-jamming-box-for-4-mobiltelefoner\/","title":{"rendered":"AJB336 Ultrasonic Jamming Box f\u00f6r 4 mobiltelefoner"},"content":{"rendered":"<p class=\"fusion-responsive-typography-calculated\" data-fontsize=\"17\" data-lineheight=\"23.8px\">I dagens digitala tids\u00e5lder \u00e4r det viktigare \u00e4n n\u00e5gonsin att skydda v\u00e5r integritet. H\u00e4r kommer Jamming Box AJB-336 fr\u00e5n iSecus, en revolutionerande ljudst\u00f6rare som skyddar din mobiltelefon fr\u00e5n avlyssning och obeh\u00f6riga inspelningar. <\/p>\n<p class=\"fusion-responsive-typography-calculated\" data-fontsize=\"17\" data-lineheight=\"23.8px\">Det \u00e4r en av de b\u00e4sta Phone Safe ultraljud jamming box med professionell strukturell design. Oavsett om du \u00e4r en aff\u00e4rsperson som hanterar k\u00e4nslig information eller en individ som v\u00e4rdes\u00e4tter integritet, \u00e4r Jamming Box din perfekta allierade. <\/p>\n<p>Jamming Box har 4 dedikerade platser f\u00f6r dina mobiltelefoner, var och en utformad f\u00f6r att blockera alla f\u00f6rs\u00f6k till ljud\u00f6vervakning. Genom att placera dina smartphones i denna h\u00f6gteknologiska l\u00e5da s\u00e4kerst\u00e4ller du att ingen app eller externt f\u00f6rs\u00f6k kan komma \u00e5t eller spela in dina konversationer. Denna innovativa ljudst\u00f6rare erbjuder o\u00f6vertr\u00e4ffad integritet genom att effektivt st\u00f6ra ut mikrofonsignalerna fr\u00e5n dina telefoner.  <\/p>\n<p class=\"fusion-responsive-typography-calculated\" data-fontsize=\"17\" data-lineheight=\"23.8px\">AJB-336 jamming box f\u00f6r mobiltelefoner kan helt blockera r\u00f6stinspelning och avlyssningsappar s\u00e4kert och meningsl\u00f6st. Ljudet som spelas in av mobiltelefonen t\u00e4cks helt av ultraljudsbruset och kan inte spelas in normalt. <\/p>\n<div class=\"fusion-title title fusion-title-1 fusion-title-center fusion-title-text fusion-title-size-two\">\n<p class=\"fusion-title-heading title-heading-center fusion-responsive-typography-calculated\" data-fontsize=\"20\" data-lineheight=\"26px\"><strong>Till\u00e4mpningsscenario f\u00f6r ljudst\u00f6rningsbox f\u00f6r 4 mobiltelefoner<\/strong><\/p>\n<div class=\"title-sep-container title-sep-container-right\">\n<div class=\"title-sep sep-single sep-solid\"><\/div>\n<\/div>\n<\/div>\n<div class=\"fusion-image-element \"><span class=\" fusion-imageframe imageframe-none imageframe-1 hover-type-none\"><img fetchpriority=\"high\" decoding=\"async\" class=\"img-responsive wp-image-8929 entered lazyloaded\" title=\"AJB-336 Audio Jamming Box f\u00f6r att blockera r\u00f6stinspelning-S\" src=\"https:\/\/www.isecus.com\/wp-content\/uploads\/2024\/05\/AJB-336-Audio-Jamming-Box-to-Block-Voice-Recording-S.jpg\" sizes=\"(max-width: 1024px) 100vw, (max-width: 640px) 100vw, 1024px\" srcset=\"https:\/\/www.isecus.com\/wp-content\/uploads\/2024\/05\/AJB-336-Audio-Jamming-Box-to-Block-Voice-Recording-S-200x99.jpg 200w, https:\/\/www.isecus.com\/wp-content\/uploads\/2024\/05\/AJB-336-Audio-Jamming-Box-to-Block-Voice-Recording-S-400x198.jpg 400w, https:\/\/www.isecus.com\/wp-content\/uploads\/2024\/05\/AJB-336-Audio-Jamming-Box-to-Block-Voice-Recording-S-600x298.jpg 600w, https:\/\/www.isecus.com\/wp-content\/uploads\/2024\/05\/AJB-336-Audio-Jamming-Box-to-Block-Voice-Recording-S-800x397.jpg 800w, https:\/\/www.isecus.com\/wp-content\/uploads\/2024\/05\/AJB-336-Audio-Jamming-Box-to-Block-Voice-Recording-S.jpg 1024w\" alt=\"AJB-336 Audio Jamming Box f\u00f6r att blockera r\u00f6stinspelning-S\" width=\"1024\" height=\"508\" data-lazy-srcset=\"https:\/\/www.isecus.com\/wp-content\/uploads\/2024\/05\/AJB-336-Audio-Jamming-Box-to-Block-Voice-Recording-S-200x99.jpg 200w, https:\/\/www.isecus.com\/wp-content\/uploads\/2024\/05\/AJB-336-Audio-Jamming-Box-to-Block-Voice-Recording-S-400x198.jpg 400w, https:\/\/www.isecus.com\/wp-content\/uploads\/2024\/05\/AJB-336-Audio-Jamming-Box-to-Block-Voice-Recording-S-600x298.jpg 600w, https:\/\/www.isecus.com\/wp-content\/uploads\/2024\/05\/AJB-336-Audio-Jamming-Box-to-Block-Voice-Recording-S-800x397.jpg 800w, https:\/\/www.isecus.com\/wp-content\/uploads\/2024\/05\/AJB-336-Audio-Jamming-Box-to-Block-Voice-Recording-S.jpg 1024w\" data-lazy-sizes=\"(max-width: 1024px) 100vw, (max-width: 640px) 100vw, 1024px\" data-lazy-src=\"https:\/\/www.isecus.com\/wp-content\/uploads\/2024\/05\/AJB-336-Audio-Jamming-Box-to-Block-Voice-Recording-S.jpg\" data-ll-status=\"loaded\"><\/span><\/div>\n<div class=\"fusion-image-element \"><span class=\" fusion-imageframe imageframe-none imageframe-2 hover-type-none\"><picture><source srcset=\"https:\/\/www.isecus.com\/wp-content\/uploads\/2023\/11\/AJB-331-Audio-Jammer-Performance-200x92.webp 200w,https:\/\/www.isecus.com\/wp-content\/uploads\/2023\/11\/AJB-331-Audio-Jammer-Performance-400x185.webp 400w,https:\/\/www.isecus.com\/wp-content\/uploads\/2023\/11\/AJB-331-Audio-Jammer-Performance-600x277.webp 600w,https:\/\/www.isecus.com\/wp-content\/uploads\/2023\/11\/AJB-331-Audio-Jammer-Performance-800x370.webp 800w,https:\/\/www.isecus.com\/wp-content\/uploads\/2023\/11\/AJB-331-Audio-Jammer-Performance.webp 1024w\" type=\"image\/webp\" sizes=\"(max-width: 1024px) 100vw, (max-width: 640px) 100vw, 1024px\" data-lazy-srcset=\"https:\/\/www.isecus.com\/wp-content\/uploads\/2023\/11\/AJB-331-Audio-Jammer-Performance-200x92.webp 200w,https:\/\/www.isecus.com\/wp-content\/uploads\/2023\/11\/AJB-331-Audio-Jammer-Performance-400x185.webp 400w,https:\/\/www.isecus.com\/wp-content\/uploads\/2023\/11\/AJB-331-Audio-Jammer-Performance-600x277.webp 600w,https:\/\/www.isecus.com\/wp-content\/uploads\/2023\/11\/AJB-331-Audio-Jammer-Performance-800x370.webp 800w,https:\/\/www.isecus.com\/wp-content\/uploads\/2023\/11\/AJB-331-Audio-Jammer-Performance.webp 1024w\"><\/source><img decoding=\"async\" class=\"img-responsive wp-image-8253 sp-no-webp entered lazyloaded\" title=\"AJB-331 Ljudst\u00f6rare Prestanda\" src=\"https:\/\/www.isecus.com\/wp-content\/uploads\/2023\/11\/AJB-331-Audio-Jammer-Performance.jpg\" sizes=\"(max-width: 1024px) 100vw, (max-width: 640px) 100vw, 1024px\" srcset=\"https:\/\/www.isecus.com\/wp-content\/uploads\/2023\/11\/AJB-331-Audio-Jammer-Performance-200x92.jpg 200w, https:\/\/www.isecus.com\/wp-content\/uploads\/2023\/11\/AJB-331-Audio-Jammer-Performance-400x185.jpg 400w, https:\/\/www.isecus.com\/wp-content\/uploads\/2023\/11\/AJB-331-Audio-Jammer-Performance-600x277.jpg 600w, https:\/\/www.isecus.com\/wp-content\/uploads\/2023\/11\/AJB-331-Audio-Jammer-Performance-800x370.jpg 800w, https:\/\/www.isecus.com\/wp-content\/uploads\/2023\/11\/AJB-331-Audio-Jammer-Performance.jpg 1024w\" alt=\"AJB-331 Ljudst\u00f6rare Prestanda\" width=\"1024\" height=\"473\" data-lazy-srcset=\"https:\/\/www.isecus.com\/wp-content\/uploads\/2023\/11\/AJB-331-Audio-Jammer-Performance-200x92.jpg 200w, https:\/\/www.isecus.com\/wp-content\/uploads\/2023\/11\/AJB-331-Audio-Jammer-Performance-400x185.jpg 400w, https:\/\/www.isecus.com\/wp-content\/uploads\/2023\/11\/AJB-331-Audio-Jammer-Performance-600x277.jpg 600w, https:\/\/www.isecus.com\/wp-content\/uploads\/2023\/11\/AJB-331-Audio-Jammer-Performance-800x370.jpg 800w, https:\/\/www.isecus.com\/wp-content\/uploads\/2023\/11\/AJB-331-Audio-Jammer-Performance.jpg 1024w\" data-lazy-sizes=\"(max-width: 1024px) 100vw, (max-width: 640px) 100vw, 1024px\" data-lazy-src=\"https:\/\/www.isecus.com\/wp-content\/uploads\/2023\/11\/AJB-331-Audio-Jammer-Performance.jpg\" data-ll-status=\"loaded\"><\/picture><\/span><\/div>\n<div class=\"fusion-builder-row fusion-builder-row-inner fusion-row fusion-flex-align-items-flex-start fusion-flex-content-wrap\">\n<div class=\"fusion-layout-column fusion_builder_column_inner fusion-builder-nested-column-0 fusion_builder_column_inner_1_1 1_1 fusion-flex-column\">\n<div class=\"fusion-column-wrapper fusion-column-has-shadow fusion-flex-justify-content-flex-start fusion-content-layout-column\">\n<div class=\"fusion-text fusion-text-5\">\n<p class=\"fusion-responsive-typography-calculated\" data-fontsize=\"17\" data-lineheight=\"23.8px\"><strong>Aktivt f\u00f6rsvar mot hemliga inspelningar med mobiltelefon p\u00e5 kontoret<\/strong><\/p>\n<p class=\"fusion-responsive-typography-calculated\" data-fontsize=\"17\" data-lineheight=\"23.8px\"><strong>AJB-336 * 1 (F\u00f6r 4 medlemmar i ett privat m\u00f6te\uff09 | AJB-336 *2 (F\u00f6r 8 medlemmar i ett privat m\u00f6te)<\/strong><\/p>\n<\/div>\n<div class=\"fusion-image-element \"><span class=\" fusion-imageframe imageframe-none imageframe-3 hover-type-none\"><picture><source srcset=\"https:\/\/www.isecus.com\/wp-content\/uploads\/2024\/02\/AJB-336-Audio-Jammer-Applied-for-8-Members-Conference-S-200x140.webp 200w,https:\/\/www.isecus.com\/wp-content\/uploads\/2024\/02\/AJB-336-Audio-Jammer-Applied-for-8-Members-Conference-S-400x280.webp 400w,https:\/\/www.isecus.com\/wp-content\/uploads\/2024\/02\/AJB-336-Audio-Jammer-Applied-for-8-Members-Conference-S-600x420.webp 600w,https:\/\/www.isecus.com\/wp-content\/uploads\/2024\/02\/AJB-336-Audio-Jammer-Applied-for-8-Members-Conference-S-800x560.webp 800w,https:\/\/www.isecus.com\/wp-content\/uploads\/2024\/02\/AJB-336-Audio-Jammer-Applied-for-8-Members-Conference-S.webp 995w\" type=\"image\/webp\" sizes=\"(max-width: 1024px) 100vw, (max-width: 640px) 100vw, 800px\" data-lazy-srcset=\"https:\/\/www.isecus.com\/wp-content\/uploads\/2024\/02\/AJB-336-Audio-Jammer-Applied-for-8-Members-Conference-S-200x140.webp 200w,https:\/\/www.isecus.com\/wp-content\/uploads\/2024\/02\/AJB-336-Audio-Jammer-Applied-for-8-Members-Conference-S-400x280.webp 400w,https:\/\/www.isecus.com\/wp-content\/uploads\/2024\/02\/AJB-336-Audio-Jammer-Applied-for-8-Members-Conference-S-600x420.webp 600w,https:\/\/www.isecus.com\/wp-content\/uploads\/2024\/02\/AJB-336-Audio-Jammer-Applied-for-8-Members-Conference-S-800x560.webp 800w,https:\/\/www.isecus.com\/wp-content\/uploads\/2024\/02\/AJB-336-Audio-Jammer-Applied-for-8-Members-Conference-S.webp 995w\"><\/source><img decoding=\"async\" class=\"img-responsive wp-image-8343 sp-no-webp entered lazyloaded\" title=\"AJB-336 Ljudst\u00f6rare ans\u00f6kt f\u00f6r konferens med 8 medlemmar-S\" src=\"https:\/\/www.isecus.com\/wp-content\/uploads\/2024\/02\/AJB-336-Audio-Jammer-Applied-for-8-Members-Conference-S-800x560.jpg\" sizes=\"(max-width: 1024px) 100vw, (max-width: 640px) 100vw, 800px\" srcset=\"https:\/\/www.isecus.com\/wp-content\/uploads\/2024\/02\/AJB-336-Audio-Jammer-Applied-for-8-Members-Conference-S-200x140.jpg 200w, https:\/\/www.isecus.com\/wp-content\/uploads\/2024\/02\/AJB-336-Audio-Jammer-Applied-for-8-Members-Conference-S-400x280.jpg 400w, https:\/\/www.isecus.com\/wp-content\/uploads\/2024\/02\/AJB-336-Audio-Jammer-Applied-for-8-Members-Conference-S-600x420.jpg 600w, https:\/\/www.isecus.com\/wp-content\/uploads\/2024\/02\/AJB-336-Audio-Jammer-Applied-for-8-Members-Conference-S-800x560.jpg 800w, https:\/\/www.isecus.com\/wp-content\/uploads\/2024\/02\/AJB-336-Audio-Jammer-Applied-for-8-Members-Conference-S.jpg 995w\" alt=\"AJB-336 Ljudst\u00f6rare ans\u00f6kt f\u00f6r konferens med 8 medlemmar-S\" width=\"800\" height=\"560\" data-lazy-srcset=\"https:\/\/www.isecus.com\/wp-content\/uploads\/2024\/02\/AJB-336-Audio-Jammer-Applied-for-8-Members-Conference-S-200x140.jpg 200w, https:\/\/www.isecus.com\/wp-content\/uploads\/2024\/02\/AJB-336-Audio-Jammer-Applied-for-8-Members-Conference-S-400x280.jpg 400w, https:\/\/www.isecus.com\/wp-content\/uploads\/2024\/02\/AJB-336-Audio-Jammer-Applied-for-8-Members-Conference-S-600x420.jpg 600w, https:\/\/www.isecus.com\/wp-content\/uploads\/2024\/02\/AJB-336-Audio-Jammer-Applied-for-8-Members-Conference-S-800x560.jpg 800w, https:\/\/www.isecus.com\/wp-content\/uploads\/2024\/02\/AJB-336-Audio-Jammer-Applied-for-8-Members-Conference-S.jpg 995w\" data-lazy-sizes=\"(max-width: 1024px) 100vw, (max-width: 640px) 100vw, 800px\" data-lazy-src=\"https:\/\/www.isecus.com\/wp-content\/uploads\/2024\/02\/AJB-336-Audio-Jammer-Applied-for-8-Members-Conference-S-800x560.jpg\" data-ll-status=\"loaded\"><\/picture><\/span><\/div>\n<\/div>\n<\/div>\n<\/div>\n<div class=\"fusion-text fusion-text-6\">\n<p class=\"fusion-responsive-typography-calculated\" data-fontsize=\"17\" data-lineheight=\"23.8px\">1. <strong>F\u00f6retagets styrelserum<\/strong>: AJB-336 Ultrasonic Jamming Box s\u00e4kerst\u00e4ller att konfidentiella diskussioner f\u00f6rblir privata genom att blockera r\u00f6stinspelning fr\u00e5n mobiltelefoner. Dess 100% st\u00f6rningsprestanda garanterar att k\u00e4nslig information som delas under m\u00f6ten skyddas fr\u00e5n avlyssning. <\/p>\n<p class=\"fusion-responsive-typography-calculated\" data-fontsize=\"17\" data-lineheight=\"23.8px\">2. <strong>Regeringskansliet<\/strong>: I milj\u00f6er d\u00e4r den nationella s\u00e4kerheten \u00e4r av st\u00f6rsta vikt erbjuder AJB-336 en robust l\u00f6sning f\u00f6r att f\u00f6rhindra att r\u00f6stinspelningar avlyssnas av en app. Den fungerar som en s\u00e4ker \u00f6 f\u00f6r tj\u00e4nstem\u00e4nnens mobiltelefoner, utan n\u00e5got h\u00f6rbart ljud, och st\u00f6r effektivt alla f\u00f6rs\u00f6k att f\u00e5nga konversationer, vilket garanterar s\u00e4kerhet p\u00e5 h\u00f6gsta niv\u00e5. <\/p>\n<p class=\"fusion-responsive-typography-calculated\" data-fontsize=\"17\" data-lineheight=\"23.8px\">3. <strong>Juridiska konsultationer<\/strong>: Advokater och klienter kan diskutera k\u00e4nsliga fr\u00e5gor utan att beh\u00f6va vara r\u00e4dda f\u00f6r att bli inspelade. AJB-336:s fyra platser m\u00f6jligg\u00f6r en helt\u00e4ckande t\u00e4ckning av konsultationsomr\u00e5det, vilket garanterar fullst\u00e4ndig integritet och sekretess. <\/p>\n<p class=\"fusion-responsive-typography-calculated\" data-fontsize=\"17\" data-lineheight=\"23.8px\">4. <strong>Finansiella institutioner<\/strong>: Banker och finansiella r\u00e5dgivare kan anv\u00e4nda AJB-336 f\u00f6r att skydda k\u00e4nsliga ekonomiska diskussioner. Den h\u00e4r enheten blockerar alla f\u00f6rs\u00f6k till r\u00f6stinspelning och ser till att privat finansiell information f\u00f6rblir s\u00e4ker och konfidentiell. <\/p>\n<p class=\"fusion-responsive-typography-calculated\" data-fontsize=\"17\" data-lineheight=\"23.8px\">AJB-336 Ultrasonic Jamming Box \u00e4r ett viktigt verktyg f\u00f6r alla milj\u00f6er d\u00e4r integritet och s\u00e4kerhet \u00e4r kritiska. Dess 100% st\u00f6rningsprestanda g\u00f6r den till ett p\u00e5litligt val f\u00f6r att blockera r\u00f6stinspelningar fr\u00e5n avlyssning. <\/p>\n<\/div>\n","protected":false},"excerpt":{"rendered":"<ul>\n<li class=\"fusion-responsive-typography-calculated\" data-fontsize=\"17\" data-lineheight=\"23.8px\">Metod f\u00f6r st\u00f6rning: Ultraljudsblandningsteknik<\/li>\n<li class=\"fusion-responsive-typography-calculated\" data-fontsize=\"17\" data-lineheight=\"23.8px\">  St\u00f6rning All Android-telefon, iphone, inspelningspenna<\/li>\n<li class=\"fusion-responsive-typography-calculated\" data-fontsize=\"17\" data-lineheight=\"23.8px\">  Kapacitet: 4 platser (170mm*70mm*20mm vardera)<\/li>\n<li class=\"fusion-responsive-typography-calculated\" data-fontsize=\"17\" data-lineheight=\"23.8px\">  S\u00e4ker och ok\u00e4nslig: Inget h\u00f6rbart ljud eller elektromagnetisk str\u00e5lning<\/li>\n<li class=\"fusion-responsive-typography-calculated\" data-fontsize=\"17\" data-lineheight=\"23.8px\">  Indikatorer och bakgrundsbelysning: St\u00f6rs\u00e4ndning aktiv<\/li>\n<li class=\"fusion-responsive-typography-calculated\" data-fontsize=\"17\" data-lineheight=\"23.8px\">  Batteriets drifttid: \u2265 4 timmar<\/li>\n<li class=\"fusion-responsive-typography-calculated\" data-fontsize=\"17\" data-lineheight=\"23.8px\">  Inbyggt Li-batteri: 6800mAh (3,7V)<\/li>\n<\/ul>\n","protected":false},"featured_media":29057,"template":"","meta":[],"product_brand":[],"product_cat":[865,846],"product_tag":[913,914,916,879,932],"berocket_brand":[1259],"class_list":{"0":"post-30045","1":"product","2":"type-product","3":"status-publish","4":"has-post-thumbnail","6":"product_cat-harp-speech-protector-sv","7":"product_cat-tsu","8":"product_tag-informationssakerhet","9":"product_tag-informationssakerhet-sv","10":"product_tag-skydd-for-tal","11":"product_tag-tscm-sv","12":"product_tag-tscm-utrustning-sv","13":"berocket_brand-cryptsec-sv","15":"first","16":"instock","17":"taxable","18":"shipping-taxable","19":"purchasable","20":"product-type-simple"},"_links":{"self":[{"href":"https:\/\/cryptsec.se\/sv\/wp-json\/wp\/v2\/product\/30045","targetHints":{"allow":["GET"]}}],"collection":[{"href":"https:\/\/cryptsec.se\/sv\/wp-json\/wp\/v2\/product"}],"about":[{"href":"https:\/\/cryptsec.se\/sv\/wp-json\/wp\/v2\/types\/product"}],"wp:featuredmedia":[{"embeddable":true,"href":"https:\/\/cryptsec.se\/sv\/wp-json\/wp\/v2\/media\/29057"}],"wp:attachment":[{"href":"https:\/\/cryptsec.se\/sv\/wp-json\/wp\/v2\/media?parent=30045"}],"wp:term":[{"taxonomy":"product_brand","embeddable":true,"href":"https:\/\/cryptsec.se\/sv\/wp-json\/wp\/v2\/product_brand?post=30045"},{"taxonomy":"product_cat","embeddable":true,"href":"https:\/\/cryptsec.se\/sv\/wp-json\/wp\/v2\/product_cat?post=30045"},{"taxonomy":"product_tag","embeddable":true,"href":"https:\/\/cryptsec.se\/sv\/wp-json\/wp\/v2\/product_tag?post=30045"},{"taxonomy":"berocket_brand","embeddable":true,"href":"https:\/\/cryptsec.se\/sv\/wp-json\/wp\/v2\/berocket_brand?post=30045"}],"curies":[{"name":"wp","href":"https:\/\/api.w.org\/{rel}","templated":true}]}}