{"id":30046,"date":"2024-11-19T12:26:06","date_gmt":"2024-11-19T11:26:06","guid":{"rendered":"https:\/\/cryptsec.se\/product\/ajs333-basta-ljudstorare-for-att-blockera-rostinspelning\/"},"modified":"2024-11-19T12:26:06","modified_gmt":"2024-11-19T11:26:06","slug":"ajs333-basta-ljudstorare-for-att-blockera-rostinspelning","status":"publish","type":"product","link":"https:\/\/cryptsec.se\/sv\/product\/ajs333-basta-ljudstorare-for-att-blockera-rostinspelning\/","title":{"rendered":"AJS333 B\u00e4sta ljudst\u00f6rare f\u00f6r att blockera r\u00f6stinspelning"},"content":{"rendered":"<p>AJS-333, som antar egenutvecklad ultraljudsblandare, \u00e4r en ljudst\u00f6rare p\u00e5 h\u00f6gsta niv\u00e5 integrerad med Bluetooth-h\u00f6gtalarfunktion. Genom att st\u00f6ra mikrofonen kan den blockera all r\u00f6stinspelning fr\u00e5n mobiltelefon och andra inspelningsenheter, s\u00e4ker och meningsl\u00f6s. Genom att avge ultraljudsbrus som \u00e4r om\u00e4rkbart f\u00f6r det m\u00e4nskliga \u00f6rat kan ljudst\u00f6raren AJS-333 effektivt blockera r\u00f6stinspelningsfunktionen f\u00f6r vanliga inspelningsenheter. Kommunikationsljud kan inte spelas in eller \u00e5terst\u00e4llas. Till\u00e4mpningseffekterna kan variera beroende p\u00e5 anv\u00e4ndningsmilj\u00f6, enhetens placering etc. AJS-333 rekommenderas f\u00f6r privata m\u00f6ten som 2 till 4 personer som sitter runt ett bord. Den blockerar r\u00f6stinspelning och fungerar som en kamouflerad ljudst\u00f6rare. <\/p>\n<div class=\"fusion-title title fusion-title-1 fusion-title-center fusion-title-text fusion-title-size-two\">\n<p class=\"fusion-title-heading title-heading-center fusion-responsive-typography-calculated\" data-fontsize=\"20\" data-lineheight=\"26px\"><strong>Till\u00e4mpning av st\u00f6rs\u00e4ndarens scenarier f\u00f6r att blockera r\u00f6stinspelning<\/strong><\/p>\n<\/div>\n<div class=\"fusion-builder-row fusion-builder-row-inner fusion-row fusion-flex-align-items-flex-start fusion-flex-content-wrap\">\n<div class=\"fusion-layout-column fusion_builder_column_inner fusion-builder-nested-column-0 fusion_builder_column_inner_1_2 1_2 fusion-flex-column\">\n<div class=\"fusion-column-wrapper fusion-column-has-shadow fusion-flex-justify-content-flex-start fusion-content-layout-column\">\n<div class=\"fusion-text fusion-text-6\">Drifts\u00e4ttningsscenario 1: Aktivt f\u00f6rsvar mot hemliga inspelningar med mobiltelefon p\u00e5 kontoret<\/div>\n<div class=\"fusion-text fusion-text-6\">&#8211; AJS-333 * 1 eller AJS-333 * 2 (med 2 enheter placerade p\u00e5 b\u00e5da sidor f\u00f6r att f\u00f6rb\u00e4ttra blockeringseffekten)<\/div>\n<\/div>\n<\/div>\n<div class=\"fusion-column-wrapper fusion-column-has-shadow fusion-flex-justify-content-flex-start fusion-content-layout-column\">\n<div class=\"fusion-text fusion-text-7\">\n<p class=\"fusion-responsive-typography-calculated\" data-fontsize=\"17\" data-lineheight=\"23.8px\">Utbyggnadsscenario 2: F\u00f6rhindra att mobiltelefoner \u00f6vervakas olagligt med hj\u00e4lp av en app<\/p>\n<p class=\"fusion-responsive-typography-calculated\" data-fontsize=\"17\" data-lineheight=\"23.8px\">&#8211; AJB-331 * 1 + AJS-333 * 1<\/p>\n<\/div>\n<\/div>\n<\/div>\n<div class=\"awb-gallery-wrapper awb-gallery-wrapper-1 button-span-no\">\n<div class=\"fusion-gallery fusion-gallery-container fusion-grid-2 fusion-columns-total-2 fusion-gallery-layout-grid fusion-gallery-1\">\n<div class=\"fusion-grid-column fusion-gallery-column fusion-gallery-column-2 hover-type-none\">\n<p class=\"fusion-gallery-image\"><img fetchpriority=\"high\" decoding=\"async\" class=\"img-responsive wp-image-8284 entered lazyloaded\" title=\"AJB-333 Drifts\u00e4ttning av applikation f\u00f6r blockinspelning av r\u00f6ster-P1\" src=\"https:\/\/www.isecus.com\/wp-content\/uploads\/2023\/11\/AJB-333-Block-Voice-Recording-Application-Deployment-P1-e1700895983789.jpg\" sizes=\"(min-width: 2200px) 100vw, (min-width: 712px) 548px, (min-width: 640px) 712px,  \" srcset=\"https:\/\/www.isecus.com\/wp-content\/uploads\/2023\/11\/AJB-333-Block-Voice-Recording-Application-Deployment-P1-e1700895983789-200x78.jpg 200w, https:\/\/www.isecus.com\/wp-content\/uploads\/2023\/11\/AJB-333-Block-Voice-Recording-Application-Deployment-P1-e1700895983789-400x157.jpg 400w, https:\/\/www.isecus.com\/wp-content\/uploads\/2023\/11\/AJB-333-Block-Voice-Recording-Application-Deployment-P1-e1700895983789-600x235.jpg 600w, https:\/\/www.isecus.com\/wp-content\/uploads\/2023\/11\/AJB-333-Block-Voice-Recording-Application-Deployment-P1-e1700895983789-800x313.jpg 800w, https:\/\/www.isecus.com\/wp-content\/uploads\/2023\/11\/AJB-333-Block-Voice-Recording-Application-Deployment-P1-e1700895983789.jpg 1024w\" alt=\"AJB-333 Drifts\u00e4ttning av applikation f\u00f6r blockinspelning av r\u00f6ster-P1\" width=\"1024\" height=\"401\" aria-label=\"AJB-333 Block Voice Recording Application Deployment-P1\" data-lazy-srcset=\"https:\/\/www.isecus.com\/wp-content\/uploads\/2023\/11\/AJB-333-Block-Voice-Recording-Application-Deployment-P1-e1700895983789-200x78.jpg 200w, https:\/\/www.isecus.com\/wp-content\/uploads\/2023\/11\/AJB-333-Block-Voice-Recording-Application-Deployment-P1-e1700895983789-400x157.jpg 400w, https:\/\/www.isecus.com\/wp-content\/uploads\/2023\/11\/AJB-333-Block-Voice-Recording-Application-Deployment-P1-e1700895983789-600x235.jpg 600w, https:\/\/www.isecus.com\/wp-content\/uploads\/2023\/11\/AJB-333-Block-Voice-Recording-Application-Deployment-P1-e1700895983789-800x313.jpg 800w, https:\/\/www.isecus.com\/wp-content\/uploads\/2023\/11\/AJB-333-Block-Voice-Recording-Application-Deployment-P1-e1700895983789.jpg 1024w\" data-lazy-sizes=\"(min-width: 2200px) 100vw, (min-width: 712px) 548px, (min-width: 640px) 712px,  \" data-lazy-src=\"https:\/\/www.isecus.com\/wp-content\/uploads\/2023\/11\/AJB-333-Block-Voice-Recording-Application-Deployment-P1-e1700895983789.jpg\" data-ll-status=\"loaded\"><\/p>\n<\/div>\n<div class=\"fusion-grid-column fusion-gallery-column fusion-gallery-column-2 hover-type-none\">\n<div class=\"fusion-gallery-image\"><img decoding=\"async\" class=\"img-responsive wp-image-8285 entered lazyloaded\" title=\"AJB-333 Drifts\u00e4ttning av applikation f\u00f6r blockinspelning av r\u00f6ster-P2\" src=\"https:\/\/www.isecus.com\/wp-content\/uploads\/2023\/11\/AJB-333-Block-Voice-Recording-Application-Deployment-P2-e1700895837642.jpg\" sizes=\"(min-width: 2200px) 100vw, (min-width: 712px) 548px, (min-width: 640px) 712px,  \" srcset=\"https:\/\/www.isecus.com\/wp-content\/uploads\/2023\/11\/AJB-333-Block-Voice-Recording-Application-Deployment-P2-e1700895837642-200x88.jpg 200w, https:\/\/www.isecus.com\/wp-content\/uploads\/2023\/11\/AJB-333-Block-Voice-Recording-Application-Deployment-P2-e1700895837642-400x176.jpg 400w, https:\/\/www.isecus.com\/wp-content\/uploads\/2023\/11\/AJB-333-Block-Voice-Recording-Application-Deployment-P2-e1700895837642-600x264.jpg 600w, https:\/\/www.isecus.com\/wp-content\/uploads\/2023\/11\/AJB-333-Block-Voice-Recording-Application-Deployment-P2-e1700895837642-800x352.jpg 800w, https:\/\/www.isecus.com\/wp-content\/uploads\/2023\/11\/AJB-333-Block-Voice-Recording-Application-Deployment-P2-e1700895837642-1200x528.jpg 1200w, https:\/\/www.isecus.com\/wp-content\/uploads\/2023\/11\/AJB-333-Block-Voice-Recording-Application-Deployment-P2-e1700895837642.jpg 1600w\" alt=\"AJB-333 Drifts\u00e4ttning av applikation f\u00f6r blockinspelning av r\u00f6ster-P2\" width=\"1600\" height=\"704\" aria-label=\"AJB-333 Block Voice Recording Application Deployment-P2\" data-lazy-srcset=\"https:\/\/www.isecus.com\/wp-content\/uploads\/2023\/11\/AJB-333-Block-Voice-Recording-Application-Deployment-P2-e1700895837642-200x88.jpg 200w, https:\/\/www.isecus.com\/wp-content\/uploads\/2023\/11\/AJB-333-Block-Voice-Recording-Application-Deployment-P2-e1700895837642-400x176.jpg 400w, https:\/\/www.isecus.com\/wp-content\/uploads\/2023\/11\/AJB-333-Block-Voice-Recording-Application-Deployment-P2-e1700895837642-600x264.jpg 600w, https:\/\/www.isecus.com\/wp-content\/uploads\/2023\/11\/AJB-333-Block-Voice-Recording-Application-Deployment-P2-e1700895837642-800x352.jpg 800w, https:\/\/www.isecus.com\/wp-content\/uploads\/2023\/11\/AJB-333-Block-Voice-Recording-Application-Deployment-P2-e1700895837642-1200x528.jpg 1200w, https:\/\/www.isecus.com\/wp-content\/uploads\/2023\/11\/AJB-333-Block-Voice-Recording-Application-Deployment-P2-e1700895837642.jpg 1600w\" data-lazy-sizes=\"(min-width: 2200px) 100vw, (min-width: 712px) 548px, (min-width: 640px) 712px,  \" data-lazy-src=\"https:\/\/www.isecus.com\/wp-content\/uploads\/2023\/11\/AJB-333-Block-Voice-Recording-Application-Deployment-P2-e1700895837642.jpg\" data-ll-status=\"loaded\"><\/div>\n<\/div>\n<div class=\"clearfix\"><\/div>\n<\/div>\n<\/div>\n<div class=\"awb-gallery-wrapper awb-gallery-wrapper-2 button-span-no\">\n<div class=\"fusion-gallery fusion-gallery-container fusion-grid-2 fusion-columns-total-2 fusion-gallery-layout-grid fusion-gallery-2\">\n<div class=\"fusion-grid-column fusion-gallery-column fusion-gallery-column-2 hover-type-none\">\n<div class=\"fusion-gallery-image\"><picture><source srcset=\"https:\/\/www.isecus.com\/wp-content\/uploads\/2023\/11\/AJS-333-Audio-Jammer-to-Block-Voice-Recording-for-private-meetings-isecus-200x169.webp 200w,https:\/\/www.isecus.com\/wp-content\/uploads\/2023\/11\/AJS-333-Audio-Jammer-to-Block-Voice-Recording-for-private-meetings-isecus-400x337.webp 400w,https:\/\/www.isecus.com\/wp-content\/uploads\/2023\/11\/AJS-333-Audio-Jammer-to-Block-Voice-Recording-for-private-meetings-isecus-600x506.webp 600w,https:\/\/www.isecus.com\/wp-content\/uploads\/2023\/11\/AJS-333-Audio-Jammer-to-Block-Voice-Recording-for-private-meetings-isecus-800x674.webp 800w,https:\/\/www.isecus.com\/wp-content\/uploads\/2023\/11\/AJS-333-Audio-Jammer-to-Block-Voice-Recording-for-private-meetings-isecus.webp 1024w\" type=\"image\/webp\" sizes=\"(min-width: 2200px) 100vw, (min-width: 712px) 548px, (min-width: 640px) 712px,  \"><\/source><img decoding=\"async\" class=\"img-responsive wp-image-8287 sp-no-webp\" title=\"AJS-333 Ljudst\u00f6rare f\u00f6r att blockera r\u00f6stinspelning f\u00f6r privata m\u00f6ten isecus\" src=\"https:\/\/www.isecus.com\/wp-content\/uploads\/2023\/11\/AJS-333-Audio-Jammer-to-Block-Voice-Recording-for-private-meetings-isecus.jpg\" sizes=\"(min-width: 2200px) 100vw, (min-width: 712px) 548px, (min-width: 640px) 712px,  \" srcset=\"https:\/\/www.isecus.com\/wp-content\/uploads\/2023\/11\/AJS-333-Audio-Jammer-to-Block-Voice-Recording-for-private-meetings-isecus-200x169.jpg 200w, https:\/\/www.isecus.com\/wp-content\/uploads\/2023\/11\/AJS-333-Audio-Jammer-to-Block-Voice-Recording-for-private-meetings-isecus-400x337.jpg 400w, https:\/\/www.isecus.com\/wp-content\/uploads\/2023\/11\/AJS-333-Audio-Jammer-to-Block-Voice-Recording-for-private-meetings-isecus-600x506.jpg 600w, https:\/\/www.isecus.com\/wp-content\/uploads\/2023\/11\/AJS-333-Audio-Jammer-to-Block-Voice-Recording-for-private-meetings-isecus-800x674.jpg 800w, https:\/\/www.isecus.com\/wp-content\/uploads\/2023\/11\/AJS-333-Audio-Jammer-to-Block-Voice-Recording-for-private-meetings-isecus.jpg 1024w\" alt=\"AJS-333 Ljudst\u00f6rare f\u00f6r att blockera r\u00f6stinspelning f\u00f6r privata m\u00f6ten isecus\" width=\"1024\" height=\"863\" aria-label=\"AJS-333 Audio Jammer to Block Voice Recording for private meetings isecus\"><\/picture><\/div>\n<\/div>\n<div class=\"fusion-grid-column fusion-gallery-column fusion-gallery-column-2 hover-type-none\">\n<div class=\"fusion-gallery-image\"><picture><source srcset=\"https:\/\/www.isecus.com\/wp-content\/uploads\/2024\/07\/AJS-333-Portable-Audio-Jammer-to-Block-Voice-Recording-iSecus-200x169.webp 200w,https:\/\/www.isecus.com\/wp-content\/uploads\/2024\/07\/AJS-333-Portable-Audio-Jammer-to-Block-Voice-Recording-iSecus-400x337.webp 400w,https:\/\/www.isecus.com\/wp-content\/uploads\/2024\/07\/AJS-333-Portable-Audio-Jammer-to-Block-Voice-Recording-iSecus-600x506.webp 600w,https:\/\/www.isecus.com\/wp-content\/uploads\/2024\/07\/AJS-333-Portable-Audio-Jammer-to-Block-Voice-Recording-iSecus-800x674.webp 800w,https:\/\/www.isecus.com\/wp-content\/uploads\/2024\/07\/AJS-333-Portable-Audio-Jammer-to-Block-Voice-Recording-iSecus.webp 1024w\" type=\"image\/webp\" sizes=\"(min-width: 2200px) 100vw, (min-width: 712px) 548px, (min-width: 640px) 712px,  \" data-lazy-srcset=\"https:\/\/www.isecus.com\/wp-content\/uploads\/2024\/07\/AJS-333-Portable-Audio-Jammer-to-Block-Voice-Recording-iSecus-200x169.webp 200w,https:\/\/www.isecus.com\/wp-content\/uploads\/2024\/07\/AJS-333-Portable-Audio-Jammer-to-Block-Voice-Recording-iSecus-400x337.webp 400w,https:\/\/www.isecus.com\/wp-content\/uploads\/2024\/07\/AJS-333-Portable-Audio-Jammer-to-Block-Voice-Recording-iSecus-600x506.webp 600w,https:\/\/www.isecus.com\/wp-content\/uploads\/2024\/07\/AJS-333-Portable-Audio-Jammer-to-Block-Voice-Recording-iSecus-800x674.webp 800w,https:\/\/www.isecus.com\/wp-content\/uploads\/2024\/07\/AJS-333-Portable-Audio-Jammer-to-Block-Voice-Recording-iSecus.webp 1024w\"><\/source><\/picture><\/div>\n<div class=\"fusion-gallery-image\"><picture><img loading=\"lazy\" decoding=\"async\" class=\"img-responsive wp-image-9193 sp-no-webp entered lazyloaded\" title=\"AJS-333 B\u00e4rbar ljudst\u00f6rare f\u00f6r att blockera r\u00f6stinspelning-iSecus\" src=\"https:\/\/www.isecus.com\/wp-content\/uploads\/2024\/07\/AJS-333-Portable-Audio-Jammer-to-Block-Voice-Recording-iSecus.jpg\" sizes=\"(min-width: 2200px) 100vw, (min-width: 712px) 548px, (min-width: 640px) 712px,  \" srcset=\"https:\/\/www.isecus.com\/wp-content\/uploads\/2024\/07\/AJS-333-Portable-Audio-Jammer-to-Block-Voice-Recording-iSecus-200x169.jpg 200w, https:\/\/www.isecus.com\/wp-content\/uploads\/2024\/07\/AJS-333-Portable-Audio-Jammer-to-Block-Voice-Recording-iSecus-400x337.jpg 400w, https:\/\/www.isecus.com\/wp-content\/uploads\/2024\/07\/AJS-333-Portable-Audio-Jammer-to-Block-Voice-Recording-iSecus-600x506.jpg 600w, https:\/\/www.isecus.com\/wp-content\/uploads\/2024\/07\/AJS-333-Portable-Audio-Jammer-to-Block-Voice-Recording-iSecus-800x674.jpg 800w, https:\/\/www.isecus.com\/wp-content\/uploads\/2024\/07\/AJS-333-Portable-Audio-Jammer-to-Block-Voice-Recording-iSecus.jpg 1024w\" alt=\"AJS-333 B\u00e4rbar ljudst\u00f6rare f\u00f6r att blockera r\u00f6stinspelning-iSecus\" width=\"1024\" height=\"863\" data-lazy-srcset=\"https:\/\/www.isecus.com\/wp-content\/uploads\/2024\/07\/AJS-333-Portable-Audio-Jammer-to-Block-Voice-Recording-iSecus-200x169.jpg 200w, https:\/\/www.isecus.com\/wp-content\/uploads\/2024\/07\/AJS-333-Portable-Audio-Jammer-to-Block-Voice-Recording-iSecus-400x337.jpg 400w, https:\/\/www.isecus.com\/wp-content\/uploads\/2024\/07\/AJS-333-Portable-Audio-Jammer-to-Block-Voice-Recording-iSecus-600x506.jpg 600w, https:\/\/www.isecus.com\/wp-content\/uploads\/2024\/07\/AJS-333-Portable-Audio-Jammer-to-Block-Voice-Recording-iSecus-800x674.jpg 800w, https:\/\/www.isecus.com\/wp-content\/uploads\/2024\/07\/AJS-333-Portable-Audio-Jammer-to-Block-Voice-Recording-iSecus.jpg 1024w\" data-lazy-sizes=\"(min-width: 2200px) 100vw, (min-width: 712px) 548px, (min-width: 640px) 712px,  \" aria-label=\"AJS-333 Portable Audio Jammer to Block Voice Recording-iSecus\" data-lazy-src=\"https:\/\/www.isecus.com\/wp-content\/uploads\/2024\/07\/AJS-333-Portable-Audio-Jammer-to-Block-Voice-Recording-iSecus.jpg\" data-ll-status=\"loaded\"><\/picture><\/div>\n<\/div>\n<\/div>\n<\/div>\n","protected":false},"excerpt":{"rendered":"<ul>\n<li class=\"fusion-responsive-typography-calculated\" data-fontsize=\"17\" data-lineheight=\"23.8px\">Metod f\u00f6r st\u00f6rning: Ultraljudsblandningsteknik<\/li>\n<li class=\"fusion-responsive-typography-calculated\" data-fontsize=\"17\" data-lineheight=\"23.8px\">  St\u00f6rning All Android-telefon, iphone, inspelningspenna<\/li>\n<li class=\"fusion-responsive-typography-calculated\" data-fontsize=\"17\" data-lineheight=\"23.8px\">  St\u00f6rningsavst\u00e5nd: 1,5-5 m (varierande beroende p\u00e5 telefontyp)<\/li>\n<li class=\"fusion-responsive-typography-calculated\" data-fontsize=\"17\" data-lineheight=\"23.8px\">  S\u00e4ker och ok\u00e4nslig: Inget h\u00f6rbart ljud eller elektromagnetisk str\u00e5lning<\/li>\n<li class=\"fusion-responsive-typography-calculated\" data-fontsize=\"17\" data-lineheight=\"23.8px\">  Indikatorer: St\u00f6rs\u00e4ndning aktiv (H\/M\/L-niv\u00e5)<\/li>\n<li class=\"fusion-responsive-typography-calculated\" data-fontsize=\"17\" data-lineheight=\"23.8px\">  Bluetooth: Bluetooth 5.0<\/li>\n<li class=\"fusion-responsive-typography-calculated\" data-fontsize=\"17\" data-lineheight=\"23.8px\">  Inbyggt Li-batteri: 6600mAh<\/li>\n<\/ul>\n","protected":false},"featured_media":29072,"template":"","meta":[],"product_brand":[],"product_cat":[865,846],"product_tag":[913,914,917,916],"berocket_brand":[1259],"class_list":{"0":"post-30046","1":"product","2":"type-product","3":"status-publish","4":"has-post-thumbnail","6":"product_cat-harp-speech-protector-sv","7":"product_cat-tsu","8":"product_tag-informationssakerhet","9":"product_tag-informationssakerhet-sv","10":"product_tag-rostskydd-av-militar-kvalitet","11":"product_tag-skydd-for-tal","12":"berocket_brand-cryptsec-sv","14":"first","15":"instock","16":"featured","17":"taxable","18":"shipping-taxable","19":"purchasable","20":"product-type-simple"},"_links":{"self":[{"href":"https:\/\/cryptsec.se\/sv\/wp-json\/wp\/v2\/product\/30046","targetHints":{"allow":["GET"]}}],"collection":[{"href":"https:\/\/cryptsec.se\/sv\/wp-json\/wp\/v2\/product"}],"about":[{"href":"https:\/\/cryptsec.se\/sv\/wp-json\/wp\/v2\/types\/product"}],"wp:featuredmedia":[{"embeddable":true,"href":"https:\/\/cryptsec.se\/sv\/wp-json\/wp\/v2\/media\/29072"}],"wp:attachment":[{"href":"https:\/\/cryptsec.se\/sv\/wp-json\/wp\/v2\/media?parent=30046"}],"wp:term":[{"taxonomy":"product_brand","embeddable":true,"href":"https:\/\/cryptsec.se\/sv\/wp-json\/wp\/v2\/product_brand?post=30046"},{"taxonomy":"product_cat","embeddable":true,"href":"https:\/\/cryptsec.se\/sv\/wp-json\/wp\/v2\/product_cat?post=30046"},{"taxonomy":"product_tag","embeddable":true,"href":"https:\/\/cryptsec.se\/sv\/wp-json\/wp\/v2\/product_tag?post=30046"},{"taxonomy":"berocket_brand","embeddable":true,"href":"https:\/\/cryptsec.se\/sv\/wp-json\/wp\/v2\/berocket_brand?post=30046"}],"curies":[{"name":"wp","href":"https:\/\/api.w.org\/{rel}","templated":true}]}}