{"id":30047,"date":"2024-11-19T15:38:19","date_gmt":"2024-11-19T14:38:19","guid":{"rendered":"https:\/\/cryptsec.se\/product\/csbhx-entel-six-radio-intelligent-snabbladdare\/"},"modified":"2024-11-19T15:38:19","modified_gmt":"2024-11-19T14:38:19","slug":"csbhx-entel-six-radio-intelligent-snabbladdare","status":"publish","type":"product","link":"https:\/\/cryptsec.se\/sv\/product\/csbhx-entel-six-radio-intelligent-snabbladdare\/","title":{"rendered":"CSBHX Entel Six Radio Intelligent snabbladdare"},"content":{"rendered":"<p>Denna intelligenta snabbladdare med sex kapslar s\u00e4kerst\u00e4ller att batterierna endast f\u00e5r r\u00e4tt m\u00e4ngd laddning. Laddningsstatus indikeras p\u00e5 varje kapsel med en flerf\u00e4rgad LED-lampa s\u00e5 att du vet om batteriet \u00e4r fulladdat f\u00f6re anv\u00e4ndning. Laddaren fungerar mellan 110-230V. P\u00e5 grund av Li-Ion-batteripaketets h\u00f6ga kapacitet \u00e4r laddningstiden ca 3 timmar.   <\/p>\n","protected":false},"excerpt":{"rendered":"<p>&#8211; CSBHX-laddaren kan anv\u00e4ndas f\u00f6r att ladda<br \/>\nEntels litiumjonbatterier.<br \/>\n&#8211; Str\u00f6mf\u00f6rs\u00f6rjning med fritt intervall m\u00f6jligg\u00f6r<br \/>\nAC-sp\u00e4nningar i intervallet 100 V till 240 V.<br \/>\n&#8211; Den tid som kr\u00e4vs f\u00f6r att ladda ett helt urladdat<br \/>\nCNB Series-batteripaket \u00e4r cirka 3<br \/>\ntimmar.<br \/>\n&#8211; N\u00e4r laddningen \u00e4r klar v\u00e4xlar varje CSBHX-pod<br \/>\nautomatiskt till standby.<br \/>\n&#8211; Den h\u00e4r laddaren har utformats f\u00f6r att sitta p\u00e5 en plan<br \/>\nyta eller f\u00f6r att monteras p\u00e5 v\u00e4gg\/skott f\u00f6r din bekv\u00e4mlighet<br \/>\n.<\/p>\n","protected":false},"featured_media":29079,"template":"","meta":[],"product_brand":[],"product_cat":[859,1073],"product_tag":[1167,1166],"berocket_brand":[],"class_list":{"0":"post-30047","1":"product","2":"type-product","3":"status-publish","4":"has-post-thumbnail","6":"product_cat-kommunikation","7":"product_cat-radiotillbehor","8":"product_tag-entel-laddare","9":"product_tag-laddare-for-radio","11":"first","12":"instock","13":"taxable","14":"shipping-taxable","15":"purchasable","16":"product-type-simple"},"_links":{"self":[{"href":"https:\/\/cryptsec.se\/sv\/wp-json\/wp\/v2\/product\/30047","targetHints":{"allow":["GET"]}}],"collection":[{"href":"https:\/\/cryptsec.se\/sv\/wp-json\/wp\/v2\/product"}],"about":[{"href":"https:\/\/cryptsec.se\/sv\/wp-json\/wp\/v2\/types\/product"}],"wp:featuredmedia":[{"embeddable":true,"href":"https:\/\/cryptsec.se\/sv\/wp-json\/wp\/v2\/media\/29079"}],"wp:attachment":[{"href":"https:\/\/cryptsec.se\/sv\/wp-json\/wp\/v2\/media?parent=30047"}],"wp:term":[{"taxonomy":"product_brand","embeddable":true,"href":"https:\/\/cryptsec.se\/sv\/wp-json\/wp\/v2\/product_brand?post=30047"},{"taxonomy":"product_cat","embeddable":true,"href":"https:\/\/cryptsec.se\/sv\/wp-json\/wp\/v2\/product_cat?post=30047"},{"taxonomy":"product_tag","embeddable":true,"href":"https:\/\/cryptsec.se\/sv\/wp-json\/wp\/v2\/product_tag?post=30047"},{"taxonomy":"berocket_brand","embeddable":true,"href":"https:\/\/cryptsec.se\/sv\/wp-json\/wp\/v2\/berocket_brand?post=30047"}],"curies":[{"name":"wp","href":"https:\/\/api.w.org\/{rel}","templated":true}]}}