{"id":30048,"date":"2024-11-19T15:47:39","date_gmt":"2024-11-19T14:47:39","guid":{"rendered":"https:\/\/cryptsec.se\/product\/ea15-entel-oronsnacka-med-akustiskt-ror\/"},"modified":"2024-11-19T15:47:39","modified_gmt":"2024-11-19T14:47:39","slug":"ea15-entel-oronsnacka-med-akustiskt-ror","status":"publish","type":"product","link":"https:\/\/cryptsec.se\/sv\/product\/ea15-entel-oronsnacka-med-akustiskt-ror\/","title":{"rendered":"EA15 Entel \u00f6ronsn\u00e4cka med akustiskt r\u00f6r"},"content":{"rendered":"<p>En klar akustisk r\u00f6r\u00f6ronsn\u00e4cka som passar i \u00f6rat med hj\u00e4lp av de medf\u00f6ljande sm\u00e5 eller stora mjuka \u00f6ronpropparna. Den \u00e4r ansluten till en kombinerad mikrofon med f\u00e4stkl\u00e4mma och en PTT-knapp (press to talk). Det g\u00f6r att anv\u00e4ndaren kan b\u00e4ra radion i b\u00e4ltet och b\u00e5de ringa och ta emot samtal utan att beh\u00f6va ta av sig radion. Detta h\u00e5ller radion s\u00e4ker och s\u00e4kerst\u00e4ller att samtal inte missas, s\u00e4rskilt i bullriga milj\u00f6er. Det h\u00e4r tillbeh\u00f6ret \u00e4r s\u00e4rskilt l\u00e4mpligt f\u00f6r dolda s\u00e4kerhetsapplikationer. Detta tillbeh\u00f6r \u00e4r utformat f\u00f6r l\u00e4tta till medeltunga till\u00e4mpningar, s\u00e5 f\u00f6r att s\u00e4kerst\u00e4lla maximal livsl\u00e4ngd b\u00f6r det tilldelas anv\u00e4ndarna personligen.     <\/p>\n","protected":false},"excerpt":{"rendered":"<p><span class=\"product_description_red\">Entel EA15 in-ear-\u00f6ronsn\u00e4cka<\/span> <span class=\"product_description_red\">med mikrofon med f\u00e4stkl\u00e4mma<\/span> \u00e4r ett perfekt tillbeh\u00f6r f\u00f6r personer som beh\u00f6ver ett diskret tillbeh\u00f6r f\u00f6r att anv\u00e4nda sin b\u00e4rbara radio i<strong> Entel DN\/DX-serien<\/strong> handsfree utan att ta bort den fr\u00e5n b\u00e4lteskl\u00e4mman.<\/p>\n","protected":false},"featured_media":29082,"template":"","meta":[],"product_brand":[],"product_cat":[859,1073],"product_tag":[1169,1167,1168],"berocket_brand":[],"class_list":{"0":"post-30048","1":"product","2":"type-product","3":"status-publish","4":"has-post-thumbnail","6":"product_cat-kommunikation","7":"product_cat-radiotillbehor","8":"product_tag-ea15-sv","9":"product_tag-entel-laddare","10":"product_tag-radio-oronstycke","12":"first","13":"instock","14":"taxable","15":"shipping-taxable","16":"purchasable","17":"product-type-simple"},"_links":{"self":[{"href":"https:\/\/cryptsec.se\/sv\/wp-json\/wp\/v2\/product\/30048","targetHints":{"allow":["GET"]}}],"collection":[{"href":"https:\/\/cryptsec.se\/sv\/wp-json\/wp\/v2\/product"}],"about":[{"href":"https:\/\/cryptsec.se\/sv\/wp-json\/wp\/v2\/types\/product"}],"wp:featuredmedia":[{"embeddable":true,"href":"https:\/\/cryptsec.se\/sv\/wp-json\/wp\/v2\/media\/29082"}],"wp:attachment":[{"href":"https:\/\/cryptsec.se\/sv\/wp-json\/wp\/v2\/media?parent=30048"}],"wp:term":[{"taxonomy":"product_brand","embeddable":true,"href":"https:\/\/cryptsec.se\/sv\/wp-json\/wp\/v2\/product_brand?post=30048"},{"taxonomy":"product_cat","embeddable":true,"href":"https:\/\/cryptsec.se\/sv\/wp-json\/wp\/v2\/product_cat?post=30048"},{"taxonomy":"product_tag","embeddable":true,"href":"https:\/\/cryptsec.se\/sv\/wp-json\/wp\/v2\/product_tag?post=30048"},{"taxonomy":"berocket_brand","embeddable":true,"href":"https:\/\/cryptsec.se\/sv\/wp-json\/wp\/v2\/berocket_brand?post=30048"}],"curies":[{"name":"wp","href":"https:\/\/api.w.org\/{rel}","templated":true}]}}