{"id":30049,"date":"2024-11-19T17:28:16","date_gmt":"2024-11-19T16:28:16","guid":{"rendered":"https:\/\/cryptsec.se\/product\/chp450d-dx-defender-med-dubbel-oronkapa-och-ptt\/"},"modified":"2024-11-19T17:28:16","modified_gmt":"2024-11-19T16:28:16","slug":"chp450d-dx-defender-med-dubbel-oronkapa-och-ptt","status":"publish","type":"product","link":"https:\/\/cryptsec.se\/sv\/product\/chp450d-dx-defender-med-dubbel-oronkapa-och-ptt\/","title":{"rendered":"CHP450D\/DX Defender med dubbel \u00f6ronk\u00e5pa och PTT"},"content":{"rendered":"<p>Ett kraftigt headset med \u00f6ronskydd och h\u00f6gkvalitativ brusreducerande mikrofon. Headsetet har en stor, l\u00e4ttanv\u00e4nd PTT-knapp (Press to Talk) med fj\u00e4derbelastad kl\u00e4mma, vilket g\u00f6r att radion kan anv\u00e4ndas med en handske eller under kl\u00e4derna. <\/p>\n","protected":false},"excerpt":{"rendered":"<p><strong>H\u00f6rselskydd med dubbla \u00f6ronk\u00e5por och komforthuvudband f\u00f6r DX-seriens handh\u00e5llna radio.<\/strong><\/p>\n","protected":false},"featured_media":29087,"template":"","meta":[],"product_brand":[],"product_cat":[859,1073],"product_tag":[],"berocket_brand":[],"class_list":{"0":"post-30049","1":"product","2":"type-product","3":"status-publish","4":"has-post-thumbnail","6":"product_cat-kommunikation","7":"product_cat-radiotillbehor","9":"first","10":"instock","11":"taxable","12":"shipping-taxable","13":"purchasable","14":"product-type-simple"},"_links":{"self":[{"href":"https:\/\/cryptsec.se\/sv\/wp-json\/wp\/v2\/product\/30049","targetHints":{"allow":["GET"]}}],"collection":[{"href":"https:\/\/cryptsec.se\/sv\/wp-json\/wp\/v2\/product"}],"about":[{"href":"https:\/\/cryptsec.se\/sv\/wp-json\/wp\/v2\/types\/product"}],"wp:featuredmedia":[{"embeddable":true,"href":"https:\/\/cryptsec.se\/sv\/wp-json\/wp\/v2\/media\/29087"}],"wp:attachment":[{"href":"https:\/\/cryptsec.se\/sv\/wp-json\/wp\/v2\/media?parent=30049"}],"wp:term":[{"taxonomy":"product_brand","embeddable":true,"href":"https:\/\/cryptsec.se\/sv\/wp-json\/wp\/v2\/product_brand?post=30049"},{"taxonomy":"product_cat","embeddable":true,"href":"https:\/\/cryptsec.se\/sv\/wp-json\/wp\/v2\/product_cat?post=30049"},{"taxonomy":"product_tag","embeddable":true,"href":"https:\/\/cryptsec.se\/sv\/wp-json\/wp\/v2\/product_tag?post=30049"},{"taxonomy":"berocket_brand","embeddable":true,"href":"https:\/\/cryptsec.se\/sv\/wp-json\/wp\/v2\/berocket_brand?post=30049"}],"curies":[{"name":"wp","href":"https:\/\/api.w.org\/{rel}","templated":true}]}}