{"id":30050,"date":"2024-11-28T14:21:24","date_gmt":"2024-11-28T13:21:24","guid":{"rendered":"https:\/\/cryptsec.se\/product\/hardvarukrypterad-usb-med-tailsos\/"},"modified":"2024-11-28T14:21:24","modified_gmt":"2024-11-28T13:21:24","slug":"hardvarukrypterad-usb-med-tailsos","status":"publish","type":"product","link":"https:\/\/cryptsec.se\/sv\/product\/hardvarukrypterad-usb-med-tailsos\/","title":{"rendered":"H\u00e5rdvarukrypterad USB med TailsOS"},"content":{"rendered":"<p><strong>H\u00e5rdvarukrypterat (PIN-kod) USB-minne med Tails OS (The Amnesic Incognito Live System)<\/strong><\/p>\n<p>Om du letar efter ett operativsystem som ger dig anonymitet och s\u00e4kerhet p\u00e5 n\u00e4tet samtidigt som det respekterar din integritet, b\u00f6r du \u00f6verv\u00e4ga <a href=\"https:\/\/tails.boum.org\/index.en.html\" target=\"_blank\" rel=\"noopener\">Tails <\/a>(The Amnesic Incognito Live System) Live OS. Tails \u00e4r en <a href=\"https:\/\/en.wikipedia.org\/wiki\/Debian\" target=\"_blank\" rel=\"noopener\">Debian-baserad<\/a> <a href=\"https:\/\/en.wikipedia.org\/wiki\/Live_CD\" target=\"_blank\" rel=\"noopener\">Live Linux-distribution<\/a> som erbjuder anonymitet, integritet och s\u00e4kerhet p\u00e5 n\u00e4tet. Den uppn\u00e5r dessa tre k\u00e4rnfunktioner genom att inkludera en kurerad lista \u00f6ver avancerade verktyg och tekniker som <a href=\"https:\/\/en.wikipedia.org\/wiki\/Tor_%28anonymity_network%29\" target=\"_blank\" rel=\"noopener\">Tor-n\u00e4tverket<\/a>, <a href=\"https:\/\/en.wikipedia.org\/wiki\/Tor_%28anonymity_network%29#Tor_Browser\" target=\"_blank\" rel=\"noopener\">Tor Browser<\/a>, <a href=\"https:\/\/en.wikipedia.org\/wiki\/Cryptography\" target=\"_blank\" rel=\"noopener\">Cryptography<\/a>, <a href=\"https:\/\/en.wikipedia.org\/wiki\/Encryption\" target=\"_blank\" rel=\"noopener\">Encryption<\/a>, <a href=\"https:\/\/tails.boum.org\/doc\/anonymous_internet\/tor\/circuits\/index.en.html\" target=\"_blank\" rel=\"noopener\">OnionCircuits<\/a>, <a href=\"https:\/\/onionshare.org\/\" target=\"_blank\" rel=\"noopener\">OnionShare<\/a> och webbl\u00e4sartill\u00e4gg som <a href=\"https:\/\/en.wikipedia.org\/wiki\/UBlock_Origin\" target=\"_blank\" rel=\"noopener\">uBlock Origin<\/a>, <a href=\"https:\/\/en.wikipedia.org\/wiki\/HTTPS_Everywhere\" target=\"_blank\" rel=\"noopener\">HTTPS Everywhere<\/a> och <a href=\"https:\/\/en.wikipedia.org\/wiki\/NoScript\" target=\"_blank\" rel=\"noopener\">NoScript<\/a> i ett live-system. Alla verktyg \u00e4r paketerade i en enda image som du kan ladda ner och skriva \u00f6ver till ett USB-minne eller en DVD. Tails anv\u00e4nder anonymitetsn\u00e4tverket <a href=\"https:\/\/www.torproject.org\/\" target=\"_blank\" rel=\"noopener\">Tor<\/a> (The Onion Router) f\u00f6r att skydda anv\u00e4ndarnas integritet. Alla inkommande och utg\u00e5ende n\u00e4tverksanslutningar fr\u00e5n datorn dirigeras genom Tor, som ger anonymitet genom att kryptera data och dirigera anslutningar genom tre Tor-noder. Den aktiverar ocks\u00e5 MAC-adressf\u00f6rfalskning som standard s\u00e5 att anv\u00e4ndarens enhet inte kan identifieras eller sp\u00e5ras inom det lokala n\u00e4tverket. Alla programvaror som installeras \u00e4r konfigurerade s\u00e5 att n\u00e4tverkstrafiken dirigeras via Tor-n\u00e4tverket. Alla icke-Tor-anslutningar blockeras som standard och f\u00f6rb\u00e4ttrar d\u00e4rmed anv\u00e4ndars\u00e4kerheten.    <\/p>\n<div class=\"benefits benefits-2\">\n<section>\n<h4>Din s\u00e4kra dator var som helst<\/h4>\n<p><span style=\"font-size: 16px;\">F\u00f6r att anv\u00e4nda Tails st\u00e4nger du av datorn och startar p\u00e5 ditt Tails USB-minne ist\u00e4llet f\u00f6r att starta p\u00e5 Windows, macOS eller Linux.Du kan tillf\u00e4lligt f\u00f6rvandla din egen dator till en s\u00e4ker maskin. Du kan ocks\u00e5 h\u00e5lla dig s\u00e4ker n\u00e4r du anv\u00e4nder n\u00e5gon annans dator. <\/span><\/p>\n<p>Du beh\u00f6ver inte oroa dig f\u00f6r att datorn ska drabbas av virus eftersom Tails k\u00f6rs oberoende av det \u00f6vriga operativsystemet och aldrig anv\u00e4nder h\u00e5rddisken. Men Tails kan inte alltid skydda dig om du installerar det fr\u00e5n en dator med virus eller om du anv\u00e4nder det p\u00e5 en dator med skadlig maskinvara, t.ex. keyloggers. <\/p>\n<h4>Minnesf\u00f6rlust<\/h4>\n<p class=\"big\">Tails startar alltid fr\u00e5n samma rena tillst\u00e5nd och <strong>allt du g\u00f6r f\u00f6rsvinner<\/strong> automatiskt n\u00e4r du st\u00e4nger av Tails.<\/p>\n<p class=\"medium\">Utan Tails kan n\u00e4stan allt du g\u00f6r l\u00e4mna sp\u00e5r p\u00e5 datorn:<\/p>\n<ul class=\"medium\">\n<li>Webbplatser som du bes\u00f6kt, \u00e4ven i privat l\u00e4ge<\/li>\n<li>Filer som du har \u00f6ppnat, \u00e4ven om du har raderat dem<\/li>\n<li>L\u00f6senord, \u00e4ven om du anv\u00e4nder en l\u00f6senordshanterare<\/li>\n<li>Alla enheter och Wi-Fi-n\u00e4tverk som du har anv\u00e4nt<\/li>\n<\/ul>\n<p class=\"medium\">Tv\u00e4rtom, Tails skriver aldrig n\u00e5got p\u00e5 h\u00e5rddisken utan k\u00f6rs bara fr\u00e5n datorns minne. Minnet raderas helt och h\u00e5llet n\u00e4r du st\u00e4nger av Tails, vilket raderar alla m\u00f6jliga sp\u00e5r. <\/p>\n<h4>Persistent lagring<\/h4>\n<p class=\"big\">Du kan <strong>spara n\u00e5gra av dina filer och konfigurationer<\/strong> i en krypterad Persistent Storage p\u00e5 USB-minnet: dina dokument, dina webbl\u00e4sarbokm\u00e4rken, dina e-postmeddelanden och till och med ytterligare programvara.<\/p>\n<p class=\"medium\">Persistent Storage \u00e4r valfritt och det \u00e4r alltid du som best\u00e4mmer vad som ska vara <i>persistent<\/i>. Allt annat \u00e4r <i>minnesf\u00f6rlust<\/i>. <\/p>\n<\/section>\n<h4>Verktygsl\u00e5da f\u00f6r digital s\u00e4kerhet<\/h4>\n<p class=\"big\">Tails inneh\u00e5ller ett urval av applikationer f\u00f6r att <strong>arbeta med k\u00e4nsliga dokument<\/strong> och <strong>kommunicera p\u00e5 ett s\u00e4kert<\/strong> s\u00e4tt.<\/p>\n<p class=\"big\">Alla applikationer \u00e4r f\u00e4rdiga att anv\u00e4nda och har konfigurerats med s\u00e4kra standardv\u00e4rden f\u00f6r att <strong>f\u00f6rhindra misstag<\/strong>.<\/p>\n<p class=\"medium\">Svansar ing\u00e5r:<\/p>\n<ul class=\"medium\">\n<li><i>Tor Browser<\/i> med <i>uBlock<\/i>, en s\u00e4ker webbl\u00e4sare och en annonsblockerare<\/li>\n<li><i>Thunderbird<\/i>, f\u00f6r krypterad e-post<\/li>\n<li><i>KeePassXC<\/i>, f\u00f6r att skapa och lagra starka l\u00f6senord<\/li>\n<li><i>LibreOffice<\/i>, en kontorssvit<\/li>\n<li><i>OnionShare<\/i>, f\u00f6r att dela filer, webbplatser och chattrum \u00f6ver Tor<\/li>\n<li><i>Metadata Cleaner<\/i>, f\u00f6r att ta bort metadata fr\u00e5n filer<\/li>\n<li>och m\u00e5nga fler!<\/li>\n<\/ul>\n<p class=\"medium\">F\u00f6r att f\u00f6rhindra misstag:<\/p>\n<ul class=\"medium\">\n<li>Program blockeras automatiskt om de f\u00f6rs\u00f6ker ansluta till Internet utan Tor.<\/li>\n<li>Allt som finns i Persistent Storage krypteras automatiskt.<\/li>\n<li>Tails skriver inte n\u00e5got till h\u00e5rddisken. Allt minne raderas vid avst\u00e4ngning. <\/li>\n<\/ul>\n<h4>Tor f\u00f6r allt<\/h4>\n<p class=\"big\">Allt du g\u00f6r p\u00e5 Internet fr\u00e5n Tails g\u00e5r genom Tor-n\u00e4tverket. Tor krypterar och anonymiserar din anslutning genom att <strong>skicka den genom 3 rel\u00e4er<\/strong>. <i>Rel\u00e4er<\/i> \u00e4r servrar som drivs av olika personer och organisationer runt om i v\u00e4rlden. <\/p>\n<p class=\"medium\">Ett enda rel\u00e4 vet aldrig b\u00e5de varifr\u00e5n den krypterade anslutningen kommer och vart den \u00e4r p\u00e5 v\u00e4g:<\/p>\n<ul class=\"medium\">\n<li>Det f\u00f6rsta rel\u00e4et vet bara var du kommer ifr\u00e5n, men inte vart du \u00e4r p\u00e5 v\u00e4g.<\/li>\n<li>Detta 3:e rel\u00e4 vet bara vart du \u00e4r p\u00e5 v\u00e4g men inte var du kommer ifr\u00e5n.<\/li>\n<li>Anslutningen till slutdestinationen \u00e4r krypterad n\u00e4r s\u00e5 \u00e4r m\u00f6jligt f\u00f6r att f\u00f6rhindra att den tredje f\u00f6rmedlaren l\u00e4ser inneh\u00e5llet.<\/li>\n<\/ul>\n<p class=\"medium\">P\u00e5 s\u00e5 s\u00e4tt \u00e4r Tor <strong>s\u00e4kert<\/strong> \u00e4ven om ett f\u00e5tal rel\u00e4er \u00e4r illvilliga.<\/p>\n<p class=\"medium\">Tor-n\u00e4tverket har mer \u00e4n 6 000 rel\u00e4er. Organisationer som driver Tor-rel\u00e4er inkluderar universitet som MIT, aktivistgrupper som Riseup, ideella organisationer som Derechos Digitales, internethotell som Private Internet Access, och s\u00e5 vidare. Den stora m\u00e5ngfalden av m\u00e4nniskor och organisationer som driver Tor-rel\u00e4er g\u00f6r Tor s\u00e4krare och mer h\u00e5llbart.  <\/p>\n<h4>Undvik \u00f6vervakning och censur p\u00e5 n\u00e4tet<\/h4>\n<p class=\"big\">Tor f\u00f6rhindrar att n\u00e5gon som \u00f6vervakar din Internetanslutning f\u00e5r reda p\u00e5 <strong><i>vad<\/i> du g\u00f6r p\u00e5 Internet<\/strong>.<\/p>\n<p class=\"big\">Du kan undvika censur eftersom det \u00e4r <strong>om\u00f6jligt f\u00f6r en censurinstans att veta<\/strong> vilka webbplatser du bes\u00f6ker.<\/p>\n<p class=\"medium\">Om anslutningen till Tor \u00e4r blockerad eller farlig att anv\u00e4nda d\u00e4r du befinner dig, t.ex. i vissa l\u00e4nder med stark censur, kan du anv\u00e4nda <i>broar<\/i> f\u00f6r att d\u00f6lja att du \u00e4r ansluten till Tor-n\u00e4tverket.<\/p>\n<h4>Undvik sp\u00e5rning och byt identitet<\/h4>\n<p class=\"big\">Tor f\u00f6rhindrar ocks\u00e5 att de webbplatser som du bes\u00f6ker f\u00e5r reda p\u00e5 <strong><i>var<\/i> och <i>vem<\/i> du \u00e4r<\/strong>, om du inte ber\u00e4ttar det f\u00f6r dem. Du kan bes\u00f6ka webbplatser <strong>anonymt eller \u00e4ndra din identitet.<\/strong> <\/p>\n<p class=\"big\">Sp\u00e5rare och annons\u00f6rer p\u00e5 n\u00e4tet kommer inte l\u00e4ngre att kunna f\u00f6lja dig fr\u00e5n en webbplats till en annan.<\/p>\n<p class=\"medium\">Du kan publicera en blogg eller hantera ett konto p\u00e5 sociala medier helt fr\u00e5n Tails. Om du bara kommer \u00e5t det fr\u00e5n Tails kan det inte vara relaterat till dig. Du kan lagra dokument och bilder som \u00e4r relaterade till denna annorlunda identitet i din Persistent Storage, beh\u00e5lla dina l\u00f6senord i <i>KeePassXC<\/i>, ha ett dedikerat e-postkonto i <i>Thunderbird<\/i>, etc.  <\/p>\n<section><\/section>\n<\/div>\n","protected":false},"excerpt":{"rendered":"<p class=\"sentence\">TAILS OS \u00e4r ett portabelt operativsystem som skyddar mot \u00f6vervakning och censur<\/p>\n","protected":false},"featured_media":31297,"template":"","meta":[],"product_brand":[],"product_cat":[862,863,861,860],"product_tag":[1172,1173,1174,902,1170,1171],"berocket_brand":[1259],"class_list":{"0":"post-30050","1":"product","2":"type-product","3":"status-publish","4":"has-post-thumbnail","6":"product_cat-krypterad-internet","7":"product_cat-krypterad-lagring","8":"product_cat-krypterade-laptops","9":"product_cat-kryptering","10":"product_tag-det-amnesiska-inkognito-live-systemet","11":"product_tag-krypterad-os-sv","12":"product_tag-krypterad-usb-sv","13":"product_tag-kryptering-sv","14":"product_tag-tails-os-sv","15":"product_tag-tor-sv","16":"berocket_brand-cryptsec-sv","18":"first","19":"instock","20":"taxable","21":"shipping-taxable","22":"purchasable","23":"product-type-simple"},"_links":{"self":[{"href":"https:\/\/cryptsec.se\/sv\/wp-json\/wp\/v2\/product\/30050","targetHints":{"allow":["GET"]}}],"collection":[{"href":"https:\/\/cryptsec.se\/sv\/wp-json\/wp\/v2\/product"}],"about":[{"href":"https:\/\/cryptsec.se\/sv\/wp-json\/wp\/v2\/types\/product"}],"wp:featuredmedia":[{"embeddable":true,"href":"https:\/\/cryptsec.se\/sv\/wp-json\/wp\/v2\/media\/31297"}],"wp:attachment":[{"href":"https:\/\/cryptsec.se\/sv\/wp-json\/wp\/v2\/media?parent=30050"}],"wp:term":[{"taxonomy":"product_brand","embeddable":true,"href":"https:\/\/cryptsec.se\/sv\/wp-json\/wp\/v2\/product_brand?post=30050"},{"taxonomy":"product_cat","embeddable":true,"href":"https:\/\/cryptsec.se\/sv\/wp-json\/wp\/v2\/product_cat?post=30050"},{"taxonomy":"product_tag","embeddable":true,"href":"https:\/\/cryptsec.se\/sv\/wp-json\/wp\/v2\/product_tag?post=30050"},{"taxonomy":"berocket_brand","embeddable":true,"href":"https:\/\/cryptsec.se\/sv\/wp-json\/wp\/v2\/berocket_brand?post=30050"}],"curies":[{"name":"wp","href":"https:\/\/api.w.org\/{rel}","templated":true}]}}